{"id":126,"date":"2023-03-27T14:03:08","date_gmt":"2023-03-27T11:03:08","guid":{"rendered":"https:\/\/forms.ibb.gov.tr\/cevre\/?page_id=126"},"modified":"2023-05-09T08:50:22","modified_gmt":"2023-05-09T05:50:22","slug":"atik-bertarafi-on-basvuru-formu","status":"publish","type":"page","link":"https:\/\/forms.ibb.gov.tr\/cevre\/ana-sayfa\/atik-bertarafi-on-basvuru-formu\/","title":{"rendered":"At\u0131k Bertaraf\u0131 \u00d6n Ba\u015fvuru Formu"},"content":{"rendered":"\n<style type=\"text\/css\" data-created_by=\"avia_inline_auto\" id=\"style-css-av-lfqq0alr-7955a3db0c021d085975e811dd06d883\">\n#top .av-special-heading.av-lfqq0alr-7955a3db0c021d085975e811dd06d883{\npadding-bottom:10px;\n}\nbody .av-special-heading.av-lfqq0alr-7955a3db0c021d085975e811dd06d883 .av-special-heading-tag .heading-char{\nfont-size:25px;\n}\n.av-special-heading.av-lfqq0alr-7955a3db0c021d085975e811dd06d883 .av-subheading{\nfont-size:15px;\n}\n<\/style>\n<div  class='av-special-heading av-lfqq0alr-7955a3db0c021d085975e811dd06d883 av-special-heading-h2 blockquote modern-quote  avia-builder-el-0  el_before_av_textblock  avia-builder-el-first '><h2 class='av-special-heading-tag '  itemprop=\"headline\"  >At\u0131k Bertaraf\u0131 \u00d6n Ba\u015fvuru Formu<\/h2><div class=\"special-heading-border\"><div class=\"special-heading-inner-border\"><\/div><\/div><\/div>\r\n<section  class='av_textblock_section av-lfqq128m-ee084b07c6801546aa988acd013e1e71 '   itemscope=\"itemscope\" itemtype=\"https:\/\/schema.org\/CreativeWork\" ><div class='avia_textblock'  itemprop=\"text\" ><p>\u0130stanbul B\u00fcy\u00fck\u015fehir Belediyesine ait Kat\u0131 At\u0131k Bertaraf, Geri kazan\u0131m ve D\u00fczenli Depolama Tesislerimize <a href=\"https:\/\/forms.ibb.gov.tr\/cevre\/wp-content\/uploads\/sites\/35\/2023\/05\/Atik-Yonetimi-Yonetmeligi.pdf\"><strong>\u201cAt\u0131k Y\u00f6netimi Y\u00f6netmeli\u011fi\u201d<\/strong><\/a> ile<a href=\"https:\/\/forms.ibb.gov.tr\/cevre\/wp-content\/uploads\/sites\/35\/2023\/05\/Atiklarin-Duzenli-Depolanmasina-Dair-Yonetmelik.pdf\"><strong> \u201c<\/strong><strong>At\u0131klar\u0131n D\u00fczenli Depolanmas\u0131na Dair Y\u00f6netmelik\u201d<\/strong><\/a> do\u011frultusunda ve \u0130stanbul ili s\u0131n\u0131rlar\u0131 i\u00e7erisinde olu\u015fan Evsel At\u0131klar ve Benzeri Ticari, End\u00fcstriyel ve Kurumsal Tehlikesiz at\u0131klar kabul edilmektedir.<\/p>\n<p>Bertaraf edilmesi istenen at\u0131klar i\u00e7in a\u015fa\u011f\u0131daki \u00f6n ba\u015fvuru formu<strong>\u00a0eksiksiz doldurularak at\u0131klara ait foto\u011fraflar<\/strong>\u00a0eklenmelidir.<\/p>\n<\/div><\/section>\r\n","protected":false},"excerpt":{"rendered":"","protected":false},"author":1,"featured_media":0,"parent":18,"menu_order":0,"comment_status":"closed","ping_status":"closed","template":"","meta":{"footnotes":""},"categories":[],"tags":[],"class_list":["post-126","page","type-page","status-publish","format-standard","hentry"],"_links":{"self":[{"href":"https:\/\/forms.ibb.gov.tr\/cevre\/wp-json\/wp\/v2\/pages\/126","targetHints":{"allow":["GET"]}}],"collection":[{"href":"https:\/\/forms.ibb.gov.tr\/cevre\/wp-json\/wp\/v2\/pages"}],"about":[{"href":"https:\/\/forms.ibb.gov.tr\/cevre\/wp-json\/wp\/v2\/types\/page"}],"author":[{"embeddable":true,"href":"https:\/\/forms.ibb.gov.tr\/cevre\/wp-json\/wp\/v2\/users\/1"}],"replies":[{"embeddable":true,"href":"https:\/\/forms.ibb.gov.tr\/cevre\/wp-json\/wp\/v2\/comments?post=126"}],"version-history":[{"count":8,"href":"https:\/\/forms.ibb.gov.tr\/cevre\/wp-json\/wp\/v2\/pages\/126\/revisions"}],"predecessor-version":[{"id":317,"href":"https:\/\/forms.ibb.gov.tr\/cevre\/wp-json\/wp\/v2\/pages\/126\/revisions\/317"}],"up":[{"embeddable":true,"href":"https:\/\/forms.ibb.gov.tr\/cevre\/wp-json\/wp\/v2\/pages\/18"}],"wp:attachment":[{"href":"https:\/\/forms.ibb.gov.tr\/cevre\/wp-json\/wp\/v2\/media?parent=126"}],"wp:term":[{"taxonomy":"category","embeddable":true,"href":"https:\/\/forms.ibb.gov.tr\/cevre\/wp-json\/wp\/v2\/categories?post=126"},{"taxonomy":"post_tag","embeddable":true,"href":"https:\/\/forms.ibb.gov.tr\/cevre\/wp-json\/wp\/v2\/tags?post=126"}],"curies":[{"name":"wp","href":"https:\/\/api.w.org\/{rel}","templated":true}]}}