{"id":492,"date":"2024-03-21T12:03:11","date_gmt":"2024-03-21T09:03:11","guid":{"rendered":"https:\/\/forms.ibb.gov.tr\/cevre\/?page_id=492"},"modified":"2024-03-27T12:54:38","modified_gmt":"2024-03-27T09:54:38","slug":"asya-yakasi-cevre-laboratuvari-musteri-gorus-ve-oneri-anketi","status":"publish","type":"page","link":"https:\/\/forms.ibb.gov.tr\/cevre\/asya-yakasi-cevre-laboratuvari-musteri-gorus-ve-oneri-anketi\/","title":{"rendered":"Asya Yakas\u0131 \u00c7evre Laboratuvar\u0131 M\u00fc\u015fteri G\u00f6r\u00fc\u015f ve \u00d6neri Anketi"},"content":{"rendered":"<div  class='flex_column av-azl4c-8638d70760dc7d8105da30f7bdb327ed av_one_full  avia-builder-el-0  avia-builder-el-no-sibling  first flex_column_div  '     ><\/div>\n","protected":false},"excerpt":{"rendered":"","protected":false},"author":40726,"featured_media":{"id":514,"url":"https:\/\/forms.ibb.gov.tr\/cevre\/wp-content\/uploads\/sites\/35\/2024\/03\/FP.0403-Musteri-Gorus-Oneri-ve-Anket-Formu-02.jpg","sizes":{"thumbnail":"https:\/\/forms.ibb.gov.tr\/cevre\/wp-content\/uploads\/sites\/35\/2024\/03\/FP.0403-Musteri-Gorus-Oneri-ve-Anket-Formu-02.jpg","medium":"https:\/\/forms.ibb.gov.tr\/cevre\/wp-content\/uploads\/sites\/35\/2024\/03\/FP.0403-Musteri-Gorus-Oneri-ve-Anket-Formu-02.jpg","medium_large":"https:\/\/forms.ibb.gov.tr\/cevre\/wp-content\/uploads\/sites\/35\/2024\/03\/FP.0403-Musteri-Gorus-Oneri-ve-Anket-Formu-02.jpg","large":"https:\/\/forms.ibb.gov.tr\/cevre\/wp-content\/uploads\/sites\/35\/2024\/03\/FP.0403-Musteri-Gorus-Oneri-ve-Anket-Formu-02.jpg","1536x1536":"https:\/\/forms.ibb.gov.tr\/cevre\/wp-content\/uploads\/sites\/35\/2024\/03\/FP.0403-Musteri-Gorus-Oneri-ve-Anket-Formu-02.jpg","2048x2048":"https:\/\/forms.ibb.gov.tr\/cevre\/wp-content\/uploads\/sites\/35\/2024\/03\/FP.0403-Musteri-Gorus-Oneri-ve-Anket-Formu-02.jpg","widget":"https:\/\/forms.ibb.gov.tr\/cevre\/wp-content\/uploads\/sites\/35\/2024\/03\/FP.0403-Musteri-Gorus-Oneri-ve-Anket-Formu-02.jpg","square":"https:\/\/forms.ibb.gov.tr\/cevre\/wp-content\/uploads\/sites\/35\/2024\/03\/FP.0403-Musteri-Gorus-Oneri-ve-Anket-Formu-02.jpg","featured":"https:\/\/forms.ibb.gov.tr\/cevre\/wp-content\/uploads\/sites\/35\/2024\/03\/FP.0403-Musteri-Gorus-Oneri-ve-Anket-Formu-02.jpg","featured_large":"https:\/\/forms.ibb.gov.tr\/cevre\/wp-content\/uploads\/sites\/35\/2024\/03\/FP.0403-Musteri-Gorus-Oneri-ve-Anket-Formu-02.jpg","extra_large":"https:\/\/forms.ibb.gov.tr\/cevre\/wp-content\/uploads\/sites\/35\/2024\/03\/FP.0403-Musteri-Gorus-Oneri-ve-Anket-Formu-02.jpg","portfolio":"https:\/\/forms.ibb.gov.tr\/cevre\/wp-content\/uploads\/sites\/35\/2024\/03\/FP.0403-Musteri-Gorus-Oneri-ve-Anket-Formu-02.jpg","portfolio_small":"https:\/\/forms.ibb.gov.tr\/cevre\/wp-content\/uploads\/sites\/35\/2024\/03\/FP.0403-Musteri-Gorus-Oneri-ve-Anket-Formu-02.jpg","gallery":"https:\/\/forms.ibb.gov.tr\/cevre\/wp-content\/uploads\/sites\/35\/2024\/03\/FP.0403-Musteri-Gorus-Oneri-ve-Anket-Formu-02.jpg","magazine":"https:\/\/forms.ibb.gov.tr\/cevre\/wp-content\/uploads\/sites\/35\/2024\/03\/FP.0403-Musteri-Gorus-Oneri-ve-Anket-Formu-02.jpg","masonry":"https:\/\/forms.ibb.gov.tr\/cevre\/wp-content\/uploads\/sites\/35\/2024\/03\/FP.0403-Musteri-Gorus-Oneri-ve-Anket-Formu-02.jpg","entry_with_sidebar":"https:\/\/forms.ibb.gov.tr\/cevre\/wp-content\/uploads\/sites\/35\/2024\/03\/FP.0403-Musteri-Gorus-Oneri-ve-Anket-Formu-02.jpg","entry_without_sidebar":"https:\/\/forms.ibb.gov.tr\/cevre\/wp-content\/uploads\/sites\/35\/2024\/03\/FP.0403-Musteri-Gorus-Oneri-ve-Anket-Formu-02.jpg"}},"parent":0,"menu_order":0,"comment_status":"closed","ping_status":"closed","template":"","meta":{"footnotes":""},"categories":[],"tags":[],"class_list":["post-492","page","type-page","status-publish","format-standard","has-post-thumbnail","hentry"],"_links":{"self":[{"href":"https:\/\/forms.ibb.gov.tr\/cevre\/wp-json\/wp\/v2\/pages\/492","targetHints":{"allow":["GET"]}}],"collection":[{"href":"https:\/\/forms.ibb.gov.tr\/cevre\/wp-json\/wp\/v2\/pages"}],"about":[{"href":"https:\/\/forms.ibb.gov.tr\/cevre\/wp-json\/wp\/v2\/types\/page"}],"author":[{"embeddable":true,"href":"https:\/\/forms.ibb.gov.tr\/cevre\/wp-json\/wp\/v2\/users\/40726"}],"replies":[{"embeddable":true,"href":"https:\/\/forms.ibb.gov.tr\/cevre\/wp-json\/wp\/v2\/comments?post=492"}],"version-history":[{"count":13,"href":"https:\/\/forms.ibb.gov.tr\/cevre\/wp-json\/wp\/v2\/pages\/492\/revisions"}],"predecessor-version":[{"id":549,"href":"https:\/\/forms.ibb.gov.tr\/cevre\/wp-json\/wp\/v2\/pages\/492\/revisions\/549"}],"wp:featuredmedia":[{"embeddable":true,"href":"https:\/\/forms.ibb.gov.tr\/cevre\/wp-json\/wp\/v2\/media\/514"}],"wp:attachment":[{"href":"https:\/\/forms.ibb.gov.tr\/cevre\/wp-json\/wp\/v2\/media?parent=492"}],"wp:term":[{"taxonomy":"category","embeddable":true,"href":"https:\/\/forms.ibb.gov.tr\/cevre\/wp-json\/wp\/v2\/categories?post=492"},{"taxonomy":"post_tag","embeddable":true,"href":"https:\/\/forms.ibb.gov.tr\/cevre\/wp-json\/wp\/v2\/tags?post=492"}],"curies":[{"name":"wp","href":"https:\/\/api.w.org\/{rel}","templated":true}]}}