{"id":29065,"date":"2025-08-26T11:13:34","date_gmt":"2025-08-26T08:13:34","guid":{"rendered":"https:\/\/forms.ibb.gov.tr\/genclikhizmetleri\/?page_id=29065"},"modified":"2025-12-19T10:29:45","modified_gmt":"2025-12-19T07:29:45","slug":"ibb-ders-atolyeleri-yedek-ogrenci-kayit-formu","status":"publish","type":"page","link":"https:\/\/forms.ibb.gov.tr\/genclikhizmetleri\/ibb-ders-atolyeleri-yedek-ogrenci-kayit-formu\/","title":{"rendered":"\u0130BB Ders At\u00f6lyeleri Yedek \u00d6\u011frenci Kay\u0131t Formu"},"content":{"rendered":"<div  class='flex_column av-670sf9-dc94770c6bf412f818e9fe5edc31444d av_one_fifth  avia-builder-el-0  el_before_av_three_fifth  avia-builder-el-first  first flex_column_div  '     ><\/div>\n<div  class='flex_column av-fw32d-806c957ad61e216e9ecabb004323dbd1 av_three_fifth  avia-builder-el-1  el_after_av_one_fifth  el_before_av_one_fifth  flex_column_div  '     ><style type=\"text\/css\" data-created_by=\"avia_inline_auto\" id=\"style-css-av-mbhpk8d4-3f13bf3cbc185d27efa4cce778843229\">\n.avia-image-container.av-mbhpk8d4-3f13bf3cbc185d27efa4cce778843229 img.avia_image{\nbox-shadow:none;\n}\n.avia-image-container.av-mbhpk8d4-3f13bf3cbc185d27efa4cce778843229 .av-image-caption-overlay-center{\ncolor:#ffffff;\n}\n<\/style>\n<div  class='avia-image-container av-mbhpk8d4-3f13bf3cbc185d27efa4cce778843229 av-styling- avia-align-center  avia-builder-el-2  avia-builder-el-no-sibling '   itemprop=\"image\" itemscope=\"itemscope\" itemtype=\"https:\/\/schema.org\/ImageObject\" ><div class=\"avia-image-container-inner\"><div class=\"avia-image-overlay-wrap\"><img decoding=\"async\" fetchpriority=\"high\" class='wp-image-40847 avia-img-lazy-loading-not-40847 avia_image ' src=\"https:\/\/forms.ibb.gov.tr\/genclikhizmetleri\/wp-content\/uploads\/sites\/62\/2025\/10\/Ders-Atolyeleri.png\" alt='' title='Ders At\u00f6lyeleri'  height=\"78\" width=\"300\"  itemprop=\"thumbnailUrl\"  \/><\/div><\/div><\/div><\/div>\n<div  class='flex_column av-2ktxkl-11e834efaa4f9a6bb87626ca9af99245 av_one_fifth  avia-builder-el-3  el_after_av_three_fifth  el_before_av_one_full  flex_column_div  '     ><\/div>\n<div  class='flex_column av-2p4w9x-b8b912fd8f8381ad683503c3536bffbb av_one_full  avia-builder-el-4  el_after_av_one_fifth  el_before_av_one_third  first flex_column_div  column-top-margin'     ><style type=\"text\/css\" data-created_by=\"avia_inline_auto\" id=\"style-css-av-mbhrclms-198a2b7c414ad39c9f993bea09c71c84\">\n#top .av-special-heading.av-mbhrclms-198a2b7c414ad39c9f993bea09c71c84{\npadding-bottom:10px;\ncolor:#05428c;\n}\nbody .av-special-heading.av-mbhrclms-198a2b7c414ad39c9f993bea09c71c84 .av-special-heading-tag .heading-char{\nfont-size:25px;\n}\n.av-special-heading.av-mbhrclms-198a2b7c414ad39c9f993bea09c71c84 .special-heading-inner-border{\nborder-color:#05428c;\n}\n.av-special-heading.av-mbhrclms-198a2b7c414ad39c9f993bea09c71c84 .av-subheading{\nfont-size:15px;\n}\n<\/style>\n<div  class='av-special-heading av-mbhrclms-198a2b7c414ad39c9f993bea09c71c84 av-special-heading-h3 custom-color-heading blockquote elegant-quote elegant-centered  avia-builder-el-5  avia-builder-el-no-sibling '><h3 class='av-special-heading-tag '  itemprop=\"headline\"  ><span class=\"heading-wrap\">\u0130BB Ders At\u00f6lyeleri Yedek \u00d6\u011frenci Ba\u015fvuru Formu<\/span><\/h3><div class=\"special-heading-border\"><div class=\"special-heading-inner-border\"><\/div><\/div><\/div><\/div>\n<div  class='flex_column av-35oylx-de6a852c616e2f415b28378d31b6be53 av_one_third  avia-builder-el-6  el_after_av_one_full  el_before_av_two_third  first flex_column_div  column-top-margin'     ><p>\n<style type=\"text\/css\" data-created_by=\"avia_inline_auto\" id=\"style-css-av-makr9lce-2ee78f432c383270786f92c5df952766\">\n.avia-image-container.av-makr9lce-2ee78f432c383270786f92c5df952766 img.avia_image{\nbox-shadow:none;\n}\n.avia-image-container.av-makr9lce-2ee78f432c383270786f92c5df952766 .av-image-caption-overlay-center{\ncolor:#ffffff;\n}\n<\/style>\n<div  class='avia-image-container av-makr9lce-2ee78f432c383270786f92c5df952766 av-styling- avia-align-center  avia-builder-el-7  el_before_av_hr  avia-builder-el-first '   itemprop=\"image\" itemscope=\"itemscope\" itemtype=\"https:\/\/schema.org\/ImageObject\" ><div class=\"avia-image-container-inner\"><div class=\"avia-image-overlay-wrap\"><img decoding=\"async\" fetchpriority=\"high\" class='wp-image-15700 avia-img-lazy-loading-not-15700 avia_image ' src=\"https:\/\/forms.ibb.gov.tr\/genclikhizmetleri\/wp-content\/uploads\/sites\/62\/2025\/07\/Ders_Atolyeleri_Kayit_Devam_Istanbulsenin.jpg\" alt='' title='Ders_At\u00f6lyeleri_Kay\u0131t_Devam_\u0130stanbulsenin'  height=\"400\" width=\"400\"  itemprop=\"thumbnailUrl\"  \/><\/div><\/div><\/div><br \/>\n\n<style type=\"text\/css\" data-created_by=\"avia_inline_auto\" id=\"style-css-av-6snoq-6ee62abf290769c587862ad265a7a119\">\n#top .hr.hr-invisible.av-6snoq-6ee62abf290769c587862ad265a7a119{\nheight:30px;\n}\n<\/style>\n<div  class='hr av-6snoq-6ee62abf290769c587862ad265a7a119 hr-invisible  avia-builder-el-8  el_after_av_image  el_before_av_textblock '><span class='hr-inner '><span class=\"hr-inner-style\"><\/span><\/span><\/div><br \/>\n<section  class='av_textblock_section av-malaopjp-e83ecabbaa30c71b8c5d841fe6d77ca9 '   itemscope=\"itemscope\" itemtype=\"https:\/\/schema.org\/CreativeWork\" ><div class='avia_textblock'  itemprop=\"text\" ><h4><span style=\"color: #800000\"><strong>\u0130BB Ders At\u00f6lyeleri Kesin Kay\u0131t Esnas\u0131nda \u0130stenen Evraklar<\/strong><\/span><\/h4>\n<p><span style=\"color: #000000\">Kesin kay\u0131t i\u015flemleri s\u0131ras\u0131nda aday \u00f6\u011frencilerden a\u015fa\u011f\u0131da belirtilen belgelerin e-Devlet \u00fczerinden temin edilmi\u015f fotokopileri talep edilmektedir:<\/span><\/p>\n<ol>\n<li><span style=\"color: #000000\">T.C. kimlik kart\u0131 fotokopisi,<\/span><\/li>\n<li><span style=\"color: #000000\">1 adet vesikal\u0131k foto\u011fraf,<\/span><\/li>\n<li><span style=\"color: #000000\">\u00d6\u011frenci belgesi (e-Devlet veya okul onayl\u0131),<\/span><\/li>\n<li><span style=\"color: #000000\">Adli sicil ve ar\u015fiv kayd\u0131 (e-Devlet \u00fczerinden al\u0131nabilir) (Yaln\u0131zca 12.S\u0131n\u0131f ve Mezun grubundan talep edilmektedir.),<\/span><\/li>\n<li><span style=\"color: #000000\">\u0130kametgah belgesi (\u0130stanbul il s\u0131n\u0131rlar\u0131 i\u00e7inde ikamet edildi\u011fini g\u00f6sterir, e-Devlet \u00fczerinden al\u0131nabilir),<\/span><\/li>\n<li><span style=\"color: #000000\">Veli\/Vasi muvafakatnamesi (18 ya\u015f alt\u0131 \u00f6\u011frenciler i\u00e7in; veli imzal\u0131 taahh\u00fctname),<\/span><\/li>\n<li><span style=\"color: #000000\">Taahh\u00fctname (Kurum taraf\u0131ndan sa\u011flanacak, \u00f6\u011frenci ve\/veya veli taraf\u0131ndan imzalanacak),<\/span><\/li>\n<li><span style=\"color: #000000\">Online e\u011fitim kart\u0131 teslim belgesi (Kurum taraf\u0131ndan sa\u011flanacak, \u00f6\u011frenci ve\/veya veli taraf\u0131ndan imzalanacak).<\/span><\/li>\n<\/ol>\n<h4 data-start=\"894\" data-end=\"942\"><span style=\"color: #800000\">Sadece \u0130lgili \u00d6\u011frencilerden Talep Edilen Belgeler<\/span><\/h4>\n<p data-start=\"944\" data-end=\"1057\"><span style=\"color: #000000\">A\u015fa\u011f\u0131daki belgeler, yaln\u0131zca ba\u015fvuru sahibinin ilgili durumu s\u00f6z konusuysa istenir. Her \u00f6\u011frenciden talep edilmez:<\/span><\/p>\n<ol>\n<li><span style=\"color: #000000\">\u015eehit yak\u0131n\u0131 veya gazi \u00e7ocu\u011fu oldu\u011funu g\u00f6steren resmi belge<\/span><\/li>\n<li><span style=\"color: #000000\">\u00c7\u00d6ZGER (\u00c7ocuklar i\u00e7in \u00d6zel Gereksinim Raporu) veya Engelli Sa\u011fl\u0131k Kurulu Raporu<\/span><\/li>\n<\/ol>\n<p><strong><span style=\"color: #000000\">*** \u0130BB Ders At\u00f6lyeleri gerekli go\u0308rdu\u0308\u011fu\u0308 takdirde ek belge isteme hakk\u0131na sahiptir.<\/span><\/strong><\/p>\n<p><strong><span style=\"color: #000000\">*** Ba\u015fvuru s\u0131ras\u0131nda verilen bilgilerin eksiksiz ve do\u011fru olmas\u0131 gerekmektedir. Yanl\u0131\u015f veya eksik bilgi olmas\u0131 h\u00e2linde ba\u015fvurunuz ge\u00e7ersiz say\u0131l\u0131r ve kayd\u0131n\u0131z sistemden silinir.<\/span><\/strong><\/p>\n<div><\/div>\n<div>\n<div><\/div>\n<div><\/div>\n<\/div>\n<\/div><\/section><\/p><\/div><div  class='flex_column av-f2i91-5f2c35abec5d0705cfd8362228131b93 av_two_third  avia-builder-el-10  el_after_av_one_third  avia-builder-el-last  flex_column_div  column-top-margin'     ><\/div><\/p>\n","protected":false},"excerpt":{"rendered":"","protected":false},"author":71845,"featured_media":{"id":15700,"url":"https:\/\/forms.ibb.gov.tr\/genclikhizmetleri\/wp-content\/uploads\/sites\/62\/2025\/07\/Ders_Atolyeleri_Kayit_Devam_Istanbulsenin.jpg","sizes":{"thumbnail":"https:\/\/forms.ibb.gov.tr\/genclikhizmetleri\/wp-content\/uploads\/sites\/62\/2025\/07\/Ders_Atolyeleri_Kayit_Devam_Istanbulsenin.jpg","medium":"https:\/\/forms.ibb.gov.tr\/genclikhizmetleri\/wp-content\/uploads\/sites\/62\/2025\/07\/Ders_Atolyeleri_Kayit_Devam_Istanbulsenin.jpg","medium_large":"https:\/\/forms.ibb.gov.tr\/genclikhizmetleri\/wp-content\/uploads\/sites\/62\/2025\/07\/Ders_Atolyeleri_Kayit_Devam_Istanbulsenin.jpg","large":"https:\/\/forms.ibb.gov.tr\/genclikhizmetleri\/wp-content\/uploads\/sites\/62\/2025\/07\/Ders_Atolyeleri_Kayit_Devam_Istanbulsenin.jpg","1536x1536":"https:\/\/forms.ibb.gov.tr\/genclikhizmetleri\/wp-content\/uploads\/sites\/62\/2025\/07\/Ders_Atolyeleri_Kayit_Devam_Istanbulsenin.jpg","2048x2048":"https:\/\/forms.ibb.gov.tr\/genclikhizmetleri\/wp-content\/uploads\/sites\/62\/2025\/07\/Ders_Atolyeleri_Kayit_Devam_Istanbulsenin.jpg","widget":"https:\/\/forms.ibb.gov.tr\/genclikhizmetleri\/wp-content\/uploads\/sites\/62\/2025\/07\/Ders_Atolyeleri_Kayit_Devam_Istanbulsenin.jpg","square":"https:\/\/forms.ibb.gov.tr\/genclikhizmetleri\/wp-content\/uploads\/sites\/62\/2025\/07\/Ders_Atolyeleri_Kayit_Devam_Istanbulsenin.jpg","featured":"https:\/\/forms.ibb.gov.tr\/genclikhizmetleri\/wp-content\/uploads\/sites\/62\/2025\/07\/Ders_Atolyeleri_Kayit_Devam_Istanbulsenin.jpg","featured_large":"https:\/\/forms.ibb.gov.tr\/genclikhizmetleri\/wp-content\/uploads\/sites\/62\/2025\/07\/Ders_Atolyeleri_Kayit_Devam_Istanbulsenin.jpg","extra_large":"https:\/\/forms.ibb.gov.tr\/genclikhizmetleri\/wp-content\/uploads\/sites\/62\/2025\/07\/Ders_Atolyeleri_Kayit_Devam_Istanbulsenin.jpg","portfolio":"https:\/\/forms.ibb.gov.tr\/genclikhizmetleri\/wp-content\/uploads\/sites\/62\/2025\/07\/Ders_Atolyeleri_Kayit_Devam_Istanbulsenin.jpg","portfolio_small":"https:\/\/forms.ibb.gov.tr\/genclikhizmetleri\/wp-content\/uploads\/sites\/62\/2025\/07\/Ders_Atolyeleri_Kayit_Devam_Istanbulsenin.jpg","gallery":"https:\/\/forms.ibb.gov.tr\/genclikhizmetleri\/wp-content\/uploads\/sites\/62\/2025\/07\/Ders_Atolyeleri_Kayit_Devam_Istanbulsenin.jpg","magazine":"https:\/\/forms.ibb.gov.tr\/genclikhizmetleri\/wp-content\/uploads\/sites\/62\/2025\/07\/Ders_Atolyeleri_Kayit_Devam_Istanbulsenin.jpg","masonry":"https:\/\/forms.ibb.gov.tr\/genclikhizmetleri\/wp-content\/uploads\/sites\/62\/2025\/07\/Ders_Atolyeleri_Kayit_Devam_Istanbulsenin.jpg","entry_with_sidebar":"https:\/\/forms.ibb.gov.tr\/genclikhizmetleri\/wp-content\/uploads\/sites\/62\/2025\/07\/Ders_Atolyeleri_Kayit_Devam_Istanbulsenin.jpg","entry_without_sidebar":"https:\/\/forms.ibb.gov.tr\/genclikhizmetleri\/wp-content\/uploads\/sites\/62\/2025\/07\/Ders_Atolyeleri_Kayit_Devam_Istanbulsenin.jpg"}},"parent":0,"menu_order":0,"comment_status":"closed","ping_status":"closed","template":"template-blank.php","meta":{"footnotes":""},"categories":[],"tags":[],"class_list":["post-29065","page","type-page","status-publish","format-standard","has-post-thumbnail","hentry"],"_links":{"self":[{"href":"https:\/\/forms.ibb.gov.tr\/genclikhizmetleri\/wp-json\/wp\/v2\/pages\/29065","targetHints":{"allow":["GET"]}}],"collection":[{"href":"https:\/\/forms.ibb.gov.tr\/genclikhizmetleri\/wp-json\/wp\/v2\/pages"}],"about":[{"href":"https:\/\/forms.ibb.gov.tr\/genclikhizmetleri\/wp-json\/wp\/v2\/types\/page"}],"author":[{"embeddable":true,"href":"https:\/\/forms.ibb.gov.tr\/genclikhizmetleri\/wp-json\/wp\/v2\/users\/71845"}],"replies":[{"embeddable":true,"href":"https:\/\/forms.ibb.gov.tr\/genclikhizmetleri\/wp-json\/wp\/v2\/comments?post=29065"}],"version-history":[{"count":11,"href":"https:\/\/forms.ibb.gov.tr\/genclikhizmetleri\/wp-json\/wp\/v2\/pages\/29065\/revisions"}],"predecessor-version":[{"id":46042,"href":"https:\/\/forms.ibb.gov.tr\/genclikhizmetleri\/wp-json\/wp\/v2\/pages\/29065\/revisions\/46042"}],"wp:featuredmedia":[{"embeddable":true,"href":"https:\/\/forms.ibb.gov.tr\/genclikhizmetleri\/wp-json\/wp\/v2\/media\/15700"}],"wp:attachment":[{"href":"https:\/\/forms.ibb.gov.tr\/genclikhizmetleri\/wp-json\/wp\/v2\/media?parent=29065"}],"wp:term":[{"taxonomy":"category","embeddable":true,"href":"https:\/\/forms.ibb.gov.tr\/genclikhizmetleri\/wp-json\/wp\/v2\/categories?post=29065"},{"taxonomy":"post_tag","embeddable":true,"href":"https:\/\/forms.ibb.gov.tr\/genclikhizmetleri\/wp-json\/wp\/v2\/tags?post=29065"}],"curies":[{"name":"wp","href":"https:\/\/api.w.org\/{rel}","templated":true}]}}