{"id":37265,"date":"2025-09-25T11:11:02","date_gmt":"2025-09-25T08:11:02","guid":{"rendered":"https:\/\/forms.ibb.gov.tr\/genclikhizmetleri\/?page_id=37265"},"modified":"2026-04-27T14:59:32","modified_gmt":"2026-04-27T11:59:32","slug":"gezi-istanbul-mayis","status":"publish","type":"page","link":"https:\/\/forms.ibb.gov.tr\/genclikhizmetleri\/gezi-istanbul-mayis\/","title":{"rendered":"Gezi \u0130stanbul May\u0131s Ay\u0131 Ba\u015fvurular\u0131"},"content":{"rendered":"<div  class='flex_column av-dunbw1-d7c4e38f31aa6e82a970ddb20a9d6908 av_one_fifth  avia-builder-el-0  el_before_av_two_fifth  avia-builder-el-first  first flex_column_div  '     ><\/div>\n<div  class='flex_column av-2wlixch-131b549befef8a22a52020d2955e0748 av_two_fifth  avia-builder-el-1  el_after_av_one_fifth  el_before_av_one_fifth  flex_column_div  '     ><style type=\"text\/css\" data-created_by=\"avia_inline_auto\" id=\"style-css-av-mfz5j77f-adce24cb927dd37e6d4bd671b1a81ceb\">\n.avia-image-container.av-mfz5j77f-adce24cb927dd37e6d4bd671b1a81ceb img.avia_image{\nbox-shadow:none;\n}\n.avia-image-container.av-mfz5j77f-adce24cb927dd37e6d4bd671b1a81ceb .av-image-caption-overlay-center{\ncolor:#ffffff;\n}\n<\/style>\n<div  class='avia-image-container av-mfz5j77f-adce24cb927dd37e6d4bd671b1a81ceb av-styling- avia-align-center  avia-builder-el-2  avia-builder-el-no-sibling '   itemprop=\"image\" itemscope=\"itemscope\" itemtype=\"https:\/\/schema.org\/ImageObject\" ><div class=\"avia-image-container-inner\"><div class=\"avia-image-overlay-wrap\"><img decoding=\"async\" fetchpriority=\"high\" class='wp-image-40828 avia-img-lazy-loading-not-40828 avia_image ' src=\"https:\/\/forms.ibb.gov.tr\/genclikhizmetleri\/wp-content\/uploads\/sites\/62\/2025\/10\/DB-LOGO-KULLANIMI-1j.png\" alt='' title='DB LOGO KULLANIMI-1j'  height=\"113\" width=\"300\"  itemprop=\"thumbnailUrl\"  \/><\/div><\/div><\/div><\/div>\n<div  class='flex_column av-3ap78vl-3f5d396cdaed7efa2e108bd6ddc99bf4 av_one_fifth  avia-builder-el-3  el_after_av_two_fifth  el_before_av_one_fifth  flex_column_div  '     ><style type=\"text\/css\" data-created_by=\"avia_inline_auto\" id=\"style-css-av-mfz6kw1a-aa486478f6211103656cd0c93676e504\">\n.avia-image-container.av-mfz6kw1a-aa486478f6211103656cd0c93676e504 img.avia_image{\nbox-shadow:none;\n}\n.avia-image-container.av-mfz6kw1a-aa486478f6211103656cd0c93676e504 .av-image-caption-overlay-center{\ncolor:#ffffff;\n}\n<\/style>\n<div  class='avia-image-container av-mfz6kw1a-aa486478f6211103656cd0c93676e504 av-styling- avia-align-center  avia-builder-el-4  avia-builder-el-no-sibling '   itemprop=\"image\" itemscope=\"itemscope\" itemtype=\"https:\/\/schema.org\/ImageObject\" ><div class=\"avia-image-container-inner\"><div class=\"avia-image-overlay-wrap\"><img decoding=\"async\" fetchpriority=\"high\" class='wp-image-373 avia-img-lazy-loading-not-373 avia_image ' src=\"https:\/\/forms.ibb.gov.tr\/genclikhizmetleri\/wp-content\/uploads\/sites\/62\/2025\/04\/GO_LOGO-2.png\" alt='' title='GO_LOGO'  height=\"88\" width=\"150\"  itemprop=\"thumbnailUrl\"  \/><\/div><\/div><\/div><\/div>\n<div  class='flex_column av-8hg635-31b2dcf62a5c7e8854101ea13610e493 av_one_fifth  avia-builder-el-5  el_after_av_one_fifth  el_before_av_one_full  flex_column_div  '     ><\/div>\n<div  class='flex_column av-21yw501-e135970a8b6def656e72c490de225ffe av_one_full  avia-builder-el-6  el_after_av_one_fifth  el_before_av_one_full  first flex_column_div  column-top-margin'     ><style type=\"text\/css\" data-created_by=\"avia_inline_auto\" id=\"style-css-av-mfz5l0pa-be536e3a7bb1fbe70d26d4bf126609cb\">\n#top .av-special-heading.av-mfz5l0pa-be536e3a7bb1fbe70d26d4bf126609cb{\npadding-bottom:10px;\ncolor:#05428c;\n}\nbody .av-special-heading.av-mfz5l0pa-be536e3a7bb1fbe70d26d4bf126609cb .av-special-heading-tag .heading-char{\nfont-size:25px;\n}\n.av-special-heading.av-mfz5l0pa-be536e3a7bb1fbe70d26d4bf126609cb .special-heading-inner-border{\nborder-color:#05428c;\n}\n.av-special-heading.av-mfz5l0pa-be536e3a7bb1fbe70d26d4bf126609cb .av-subheading{\nfont-size:15px;\n}\n<\/style>\n<div  class='av-special-heading av-mfz5l0pa-be536e3a7bb1fbe70d26d4bf126609cb av-special-heading-h3 custom-color-heading blockquote elegant-quote elegant-centered  avia-builder-el-7  avia-builder-el-no-sibling '><h3 class='av-special-heading-tag '  itemprop=\"headline\"  ><span class=\"heading-wrap\">\u0130BB GEZ\u0130 \u0130STANBUL BA\u015eVURU FORMU<\/span><\/h3><div class=\"special-heading-border\"><div class=\"special-heading-inner-border\"><\/div><\/div><\/div><\/div>\n<div  class='flex_column av-1g0h2a9-88c18aa29f65bd63a3c5c75d7dfe5677 av_one_full  avia-builder-el-8  el_after_av_one_full  el_before_av_one_full  first flex_column_div  column-top-margin'     ><style type=\"text\/css\" data-created_by=\"avia_inline_auto\" id=\"style-css-av-mmiw9r8h-fe4a8ae3521dbb22b9b1381d642f63bd\">\n.avia-image-container.av-mmiw9r8h-fe4a8ae3521dbb22b9b1381d642f63bd img.avia_image{\nbox-shadow:none;\n}\n.avia-image-container.av-mmiw9r8h-fe4a8ae3521dbb22b9b1381d642f63bd .av-image-caption-overlay-center{\ncolor:#ffffff;\n}\n<\/style>\n<div  class='avia-image-container av-mmiw9r8h-fe4a8ae3521dbb22b9b1381d642f63bd av-styling- avia-align-center  avia-builder-el-9  avia-builder-el-no-sibling '   itemprop=\"image\" itemscope=\"itemscope\" itemtype=\"https:\/\/schema.org\/ImageObject\" ><div class=\"avia-image-container-inner\"><div class=\"avia-image-overlay-wrap\"><img decoding=\"async\" fetchpriority=\"high\" class='wp-image-47357 avia-img-lazy-loading-not-47357 avia_image ' src=\"https:\/\/forms.ibb.gov.tr\/genclikhizmetleri\/wp-content\/uploads\/sites\/62\/2026\/03\/BANNER-1500x630-copy_2x-100.jpg\" alt='' title='BANNER 1500x630 copy@2x-100'  height=\"430\" width=\"1023\"  itemprop=\"thumbnailUrl\"  \/><\/div><\/div><\/div><\/div>\n<div  class='flex_column av-1bgt035-6eed8892adedbbecb4735101844d3947 av_one_full  avia-builder-el-10  el_after_av_one_full  avia-builder-el-last  first flex_column_div  column-top-margin'     ><p><div  class='tabcontainer av-mmisbg63-a6b516141207ca45083c340f6098b6bb top_tab  avia-builder-el-11  el_before_av_codeblock  avia-builder-el-first '>\n<section class='av_tab_section av_tab_section av-mmisa9ss-bae04cf43c538f80fc8d1a8e58cf90a4'  itemscope=\"itemscope\" itemtype=\"https:\/\/schema.org\/CreativeWork\" ><div id='tab-id-1-tab' class='tab active_tab' role='tab' aria-selected=\"true\" tabindex=\"0\" data-fake-id='#tab-id-1' aria-controls='tab-id-1-content'  itemprop=\"headline\" >Gezi \u0130stanbul<\/div><div id='tab-id-1-content' class='tab_content active_tab_content' role='tabpanel' aria-labelledby='tab-id-1-tab' aria-hidden=\"false\"><div class='tab_inner_content invers-color'  itemprop=\"text\" ><div>\n<h4><span style=\"color: #a81010\"><strong>GEZ\u0130 \u0130STANBUL<\/strong><\/span><\/h4>\n<\/div>\n<div style=\"color: #04213d\">\n<ul>\n<li>Gezi \u0130stanbul, \u0130stanbul\u2019un tarihini, k\u00fclt\u00fcrel miras\u0131 ve geleneksel ya\u015fam unsurlar\u0131n\u0131 gen\u00e7lerle bulu\u015fturmaktad\u0131r. Proje kapsam\u0131nda, profesyonel rehberler e\u015fli\u011finde ger\u00e7ekle\u015ftirilen geziler arac\u0131l\u0131\u011f\u0131yla 18-29 ya\u015f aras\u0131 gen\u00e7lerin \u015fehri yak\u0131ndan tan\u0131malar\u0131 sa\u011flanmaktad\u0131r.<\/li>\n<li>&#8220;Bir Bilenle Gez&#8221; mottosuyla kurgulanan gezi temalar\u0131, turistik boyutun \u00f6tesine ge\u00e7erek e\u011fitsel i\u00e7erikleriyle gen\u00e7lerin tarihsel ve k\u00fclt\u00fcrel fark\u0131ndal\u0131klar\u0131n\u0131n art\u0131r\u0131lmas\u0131na katk\u0131 sa\u011flamaktad\u0131r. Turistik olman\u0131n \u00f6tesinde e\u011fitsel i\u00e7erikleriyle dikkat \u00e7eken gezilere; akademik \u00e7al\u0131\u015fmalar\u0131, yay\u0131nlar\u0131 ve \u0130stanbul gezileriyle tan\u0131nan, k\u00fclt\u00fcr ve akademi d\u00fcnyas\u0131n\u0131n se\u00e7kin isimleri rehberlik etmektedir.<\/li>\n<\/ul>\n<\/div>\n<div>\n<div style=\"color: #04213d\">\n<h5><span style=\"color: #003366\"><span style=\"color: #a81010\"><strong>WHATSAPP \u0130LET\u0130\u015e\u0130M HATTI:<\/strong> <\/span><strong>0549805923<\/strong><\/span><\/h5>\n<\/div>\n<\/div>\n<\/div><\/div><\/section>\n<section class='av_tab_section av_tab_section av-mmiw7cgi-1f1999210cc0e1445a764edf74915f9c'  itemscope=\"itemscope\" itemtype=\"https:\/\/schema.org\/CreativeWork\" ><div id='tab-id-2-tab' class='tab' role='tab' aria-selected=\"false\" tabindex=\"0\" data-fake-id='#tab-id-2' aria-controls='tab-id-2-content'  itemprop=\"headline\" >May\u0131s Ay\u0131 Gezi Takvimi<\/div><div id='tab-id-2-content' class='tab_content' role='tabpanel' aria-labelledby='tab-id-2-tab' aria-hidden=\"true\"><div class='tab_inner_content invers-color'  itemprop=\"text\" ><div style=\"font-size: 13px\"><\/div>\n<h4 style=\"text-align: left\"><span style=\"color: #a81010\"><strong>GEZ\u0130 \u0130STANBUL \/ MAYIS AYI GEZ\u0130 TAKV\u0130M\u0130<\/strong><\/span><\/h4>\n<p><span style=\"color: #a81010\"><span style=\"font-size: 15px\"><strong style=\"color: #a81010\">Monografik Semt Gezisi<\/strong><\/span><\/span><\/p>\n<p><span style=\"color: #a81010\"><strong style=\"color: #a81010\"><span style=\"font-size: 15px\">K\u00fc\u00e7\u00fckpazar, S\u00fcleymaniye, Vefa, Zeyrek (Gece Gezisi)<\/span><\/strong><\/span><\/p>\n<p><span style=\"color: #04213d\"><span style=\"color: #a81010\"><strong style=\"color: #a81010\">Tarih:<\/strong> <\/span>4 May\u0131s 2026 Pazartesi<br \/>\n<span style=\"color: #a81010\"><strong style=\"color: #a81010\">Saat:<\/strong> <\/span>16.30-22.30<br \/>\n<span style=\"color: #a81010\"><strong style=\"color: #a81010\">Rehber:<\/strong><\/span> Yasin SAYGILI<\/span><\/p>\n<hr \/>\n<p><span style=\"color: #a81010\"><span style=\"font-size: 15px\"><strong style=\"color: #a81010\">Do\u011fa ve Mimarl\u0131k Gezisi<\/strong><\/span><\/span><\/p>\n<p><span style=\"font-size: 15px\"><strong style=\"color: #a81010\">Erguvan Zaman\u0131 Bo\u011fazi\u00e7i <\/strong><\/span><\/p>\n<p><span style=\"color: #04213d\"><strong style=\"color: #a81010\">Tarih:<\/strong> 6 May\u0131s 2026 \u00c7ar\u015famba<br \/>\n<strong style=\"color: #a81010\">Saat:<\/strong> 10.00-18.00<br \/>\n<strong style=\"color: #a81010\">Rehber:<\/strong> Oktay T\u00dcRKO\u011eLU<\/span><\/p>\n<hr \/>\n<p><span style=\"color: #a81010\"><span style=\"font-size: 15px\"><strong style=\"color: #a81010\">Monografik Semt Gezisi<\/strong><\/span><\/span><\/p>\n<p><span style=\"color: #a81010\"><strong style=\"color: #a81010\"><span style=\"font-size: 15px\">Pa\u015falar\u0131n \u0130stanbul&#8217;u: Laleli&#8217;den Kocamustafapa\u015fa&#8217;ya<\/span><\/strong><\/span><\/p>\n<p><span style=\"color: #04213d\"><span style=\"color: #a81010\"><strong style=\"color: #a81010\">Tarih:<\/strong><\/span> 8 May\u0131s 2026 Cuma<br \/>\n<span style=\"color: #a81010\"><strong style=\"color: #a81010\">Saat:<\/strong><\/span> 10.00-17.00<br \/>\n<span style=\"color: #a81010\"><strong style=\"color: #a81010\">Rehber:<\/strong><\/span> Metin KURAL<\/span><\/p>\n<hr \/>\n<p><span style=\"color: #a81010\"><span style=\"font-size: 15px\"><strong style=\"color: #a81010\">K\u00fclt\u00fcr ve Gastronomi Gezisi<\/strong><\/span><\/span><\/p>\n<p><span style=\"color: #a81010\"><strong style=\"color: #a81010\"><span style=\"font-size: 15px\">Galata, Beyo\u011flu <\/span><\/strong><\/span><\/p>\n<p><span style=\"color: #04213d\"><span style=\"color: #a81010\"><strong style=\"color: #a81010\">Tarih:<\/strong> <\/span>12 May\u0131s 2026 Sal\u0131<br \/>\n<strong style=\"color: #a81010\">Saat:<\/strong> 10.00-17.00<br \/>\n<strong style=\"color: #a81010\">Rehber:<\/strong> Merve YILMAZ<\/span><\/p>\n<hr \/>\n<p><span style=\"font-size: 15px\"><strong style=\"color: #a81010\">Monografik Semt Gezisi<\/strong><\/span><\/p>\n<p><span style=\"font-size: 15px\"><strong style=\"color: #a81010\">Edirnekap\u0131, Kariye, Ayvansaray<\/strong><\/span><\/p>\n<p><span style=\"color: #04213d\"><strong style=\"color: #a81010\">Tarih:<\/strong> 14 May\u0131s 2026 Per\u015fembe<br \/>\n<strong style=\"color: #a81010\">Saat:<\/strong> 10.00-17.00<br \/>\n<strong style=\"color: #a81010\">Rehber:<\/strong> G\u00fcler YAKI\u015eAN<\/span><\/p>\n<hr \/>\n<p><span style=\"font-size: 15px\"><strong style=\"color: #a81010\">K\u00fclt\u00fcr Tarihi Gezisi<\/strong><\/span><\/p>\n<p><span style=\"color: #a81010\"><strong style=\"color: #a81010\"><span style=\"font-size: 15px\">Denizciler ve Dervi\u015fler \u015eehri Kas\u0131mpa\u015fa <\/span><\/strong><\/span><\/p>\n<p><span style=\"color: #04213d\"><span style=\"color: #a81010\"><strong style=\"color: #a81010\">Tarih:<\/strong><\/span> 18 May\u0131s 2026 Pazartesi<br \/>\n<span style=\"color: #a81010\"><strong style=\"color: #a81010\">Saat:<\/strong><\/span> 10.00-17.00<br \/>\n<span style=\"color: #a81010\"><strong style=\"color: #a81010\">Rehber:<\/strong><\/span> Oktay T\u00dcRKO\u011eLU<\/span><\/p>\n<hr \/>\n<p><span style=\"font-size: 15px\"><strong style=\"color: #a81010\">M\u00fcze Gezisi<\/strong><\/span><\/p>\n<p><span style=\"font-size: 15px\"><strong style=\"color: #a81010\">\u0130stanbul Arkeoloji M\u00fczeleri<\/strong><\/span><\/p>\n<p><span style=\"color: #04213d\"><strong style=\"color: #a81010\">Tarih:<\/strong> 21 May\u0131s 2026 Per\u015fembe<br \/>\n<strong style=\"color: #a81010\">Saat:<\/strong> 10.00-17.00<br \/>\n<strong style=\"color: #a81010\">Rehber:<\/strong> Turgay TUNA<\/span><\/p>\n<\/div><\/div><\/section>\n<section class='av_tab_section av_tab_section av-mmisb2gf-1a304ed99171f170527998d02b9888b4'  itemscope=\"itemscope\" itemtype=\"https:\/\/schema.org\/CreativeWork\" ><div id='tab-id-3-tab' class='tab' role='tab' aria-selected=\"false\" tabindex=\"0\" data-fake-id='#tab-id-3' aria-controls='tab-id-3-content'  itemprop=\"headline\" >Ba\u015fvuru ve Kat\u0131l\u0131m Ko\u015fullar\u0131<\/div><div id='tab-id-3-content' class='tab_content' role='tabpanel' aria-labelledby='tab-id-3-tab' aria-hidden=\"true\"><div class='tab_inner_content invers-color'  itemprop=\"text\" ><h4><span style=\"color: #a81010\"><strong>BA\u015eVURU KO\u015eULLARI<\/strong><\/span><\/h4>\n<div style=\"font-size: 15px\">\n<blockquote>\n<p><span style=\"color: #04213d\">L\u00fctfen ba\u015fvurunuza ba\u015flamadan \u00f6nce a\u015fa\u011f\u0131da listesi verilen ba\u015fvuru ko\u015fullar\u0131n\u0131 inceleyiniz. A\u015fa\u011f\u0131daki \u015fartlar\u0131 kar\u015f\u0131lamayan ba\u015fvurular de\u011ferlendirmeye al\u0131nmayacakt\u0131r.<\/span><\/p>\n<\/blockquote>\n<ol>\n<li><span style=\"color: #a81010\"><strong style=\"color: #a81010\">18-29 ya\u015f aral\u0131\u011f\u0131nda olmak,<\/strong><\/span><\/li>\n<li><span style=\"color: #a81010\"><strong style=\"color: #a81010\">\u0130stanbul\u2019da ikamet etmek veya \u0130stanbul&#8217;da \u00f6\u011frenim g\u00f6rmek,<\/strong><\/span><\/li>\n<li><span style=\"color: #a81010\"><strong style=\"color: #a81010\">M\u00fcze Kart sahibi olmak,<\/strong><\/span><\/li>\n<li><span style=\"color: #04213d\"><strong style=\"color: #a81010\">Bir ki\u015finin her ay, en fazla 2 geziye ba\u015fvuru hakk\u0131 bulunmaktad\u0131r.<\/strong><\/span><\/li>\n<\/ol>\n<\/div>\n<h4><span style=\"color: #a81010\"><strong>KATILIM KO\u015eULLARI<\/strong><\/span><\/h4>\n<ul>\n<li><span style=\"color: #04213d\">Kat\u0131l\u0131mc\u0131lar\u0131n bulu\u015fma noktalar\u0131na kendi imk\u00e2nlar\u0131yla ula\u015fmalar\u0131 beklenmektedir.<\/span><\/li>\n<li><span style=\"color: #04213d\">Ba\u015fvurular, daha \u00f6nce hi\u00e7 geziye kat\u0131lmam\u0131\u015f adaylara \u00f6ncelik verilmek \u00fczere ba\u015fvuru s\u0131ras\u0131na g\u00f6re de\u011ferlendirilmektedir.<br \/>\n<\/span><\/li>\n<li><span style=\"color: #04213d\">Her gezi i\u00e7in, iki g\u00fcn \u00f6ncesinde adaylara proje sorumlular\u0131 taraf\u0131ndan ileti\u015fime ge\u00e7ilerek kat\u0131l\u0131m durumlar\u0131 netle\u015ftirilmekte olup ve ilgili geziye dair bilgilendirme yap\u0131lmaktad\u0131r.<\/span><\/li>\n<li><span style=\"color: #04213d\">S\u0131n\u0131rl\u0131 kontenjan nedeniyle gezilere mazeretsiz kat\u0131lmayan ki\u015filerin bir sonraki d\u00f6nemdeki ba\u015fvurular\u0131 de\u011ferlendirmeye al\u0131nmayacakt\u0131r.<\/span><\/li>\n<\/ul>\n<\/div><\/div><\/section>\n<\/div><br \/>\n<\/p><\/div>\n","protected":false},"excerpt":{"rendered":"","protected":false},"author":71845,"featured_media":{"id":46971,"url":"https:\/\/forms.ibb.gov.tr\/genclikhizmetleri\/wp-content\/uploads\/sites\/62\/2026\/03\/Post-copy-6_2x-100.jpg","sizes":{"thumbnail":"https:\/\/forms.ibb.gov.tr\/genclikhizmetleri\/wp-content\/uploads\/sites\/62\/2026\/03\/Post-copy-6_2x-100.jpg","medium":"https:\/\/forms.ibb.gov.tr\/genclikhizmetleri\/wp-content\/uploads\/sites\/62\/2026\/03\/Post-copy-6_2x-100.jpg","medium_large":"https:\/\/forms.ibb.gov.tr\/genclikhizmetleri\/wp-content\/uploads\/sites\/62\/2026\/03\/Post-copy-6_2x-100.jpg","large":"https:\/\/forms.ibb.gov.tr\/genclikhizmetleri\/wp-content\/uploads\/sites\/62\/2026\/03\/Post-copy-6_2x-100.jpg","1536x1536":"https:\/\/forms.ibb.gov.tr\/genclikhizmetleri\/wp-content\/uploads\/sites\/62\/2026\/03\/Post-copy-6_2x-100.jpg","2048x2048":"https:\/\/forms.ibb.gov.tr\/genclikhizmetleri\/wp-content\/uploads\/sites\/62\/2026\/03\/Post-copy-6_2x-100.jpg","widget":"https:\/\/forms.ibb.gov.tr\/genclikhizmetleri\/wp-content\/uploads\/sites\/62\/2026\/03\/Post-copy-6_2x-100.jpg","square":"https:\/\/forms.ibb.gov.tr\/genclikhizmetleri\/wp-content\/uploads\/sites\/62\/2026\/03\/Post-copy-6_2x-100.jpg","featured":"https:\/\/forms.ibb.gov.tr\/genclikhizmetleri\/wp-content\/uploads\/sites\/62\/2026\/03\/Post-copy-6_2x-100.jpg","featured_large":"https:\/\/forms.ibb.gov.tr\/genclikhizmetleri\/wp-content\/uploads\/sites\/62\/2026\/03\/Post-copy-6_2x-100.jpg","extra_large":"https:\/\/forms.ibb.gov.tr\/genclikhizmetleri\/wp-content\/uploads\/sites\/62\/2026\/03\/Post-copy-6_2x-100.jpg","portfolio":"https:\/\/forms.ibb.gov.tr\/genclikhizmetleri\/wp-content\/uploads\/sites\/62\/2026\/03\/Post-copy-6_2x-100.jpg","portfolio_small":"https:\/\/forms.ibb.gov.tr\/genclikhizmetleri\/wp-content\/uploads\/sites\/62\/2026\/03\/Post-copy-6_2x-100.jpg","gallery":"https:\/\/forms.ibb.gov.tr\/genclikhizmetleri\/wp-content\/uploads\/sites\/62\/2026\/03\/Post-copy-6_2x-100.jpg","magazine":"https:\/\/forms.ibb.gov.tr\/genclikhizmetleri\/wp-content\/uploads\/sites\/62\/2026\/03\/Post-copy-6_2x-100.jpg","masonry":"https:\/\/forms.ibb.gov.tr\/genclikhizmetleri\/wp-content\/uploads\/sites\/62\/2026\/03\/Post-copy-6_2x-100.jpg","entry_with_sidebar":"https:\/\/forms.ibb.gov.tr\/genclikhizmetleri\/wp-content\/uploads\/sites\/62\/2026\/03\/Post-copy-6_2x-100.jpg","entry_without_sidebar":"https:\/\/forms.ibb.gov.tr\/genclikhizmetleri\/wp-content\/uploads\/sites\/62\/2026\/03\/Post-copy-6_2x-100.jpg"}},"parent":0,"menu_order":0,"comment_status":"closed","ping_status":"closed","template":"","meta":{"footnotes":""},"categories":[],"tags":[],"class_list":["post-37265","page","type-page","status-publish","format-standard","has-post-thumbnail","hentry"],"_links":{"self":[{"href":"https:\/\/forms.ibb.gov.tr\/genclikhizmetleri\/wp-json\/wp\/v2\/pages\/37265","targetHints":{"allow":["GET"]}}],"collection":[{"href":"https:\/\/forms.ibb.gov.tr\/genclikhizmetleri\/wp-json\/wp\/v2\/pages"}],"about":[{"href":"https:\/\/forms.ibb.gov.tr\/genclikhizmetleri\/wp-json\/wp\/v2\/types\/page"}],"author":[{"embeddable":true,"href":"https:\/\/forms.ibb.gov.tr\/genclikhizmetleri\/wp-json\/wp\/v2\/users\/71845"}],"replies":[{"embeddable":true,"href":"https:\/\/forms.ibb.gov.tr\/genclikhizmetleri\/wp-json\/wp\/v2\/comments?post=37265"}],"version-history":[{"count":128,"href":"https:\/\/forms.ibb.gov.tr\/genclikhizmetleri\/wp-json\/wp\/v2\/pages\/37265\/revisions"}],"predecessor-version":[{"id":48035,"href":"https:\/\/forms.ibb.gov.tr\/genclikhizmetleri\/wp-json\/wp\/v2\/pages\/37265\/revisions\/48035"}],"wp:featuredmedia":[{"embeddable":true,"href":"https:\/\/forms.ibb.gov.tr\/genclikhizmetleri\/wp-json\/wp\/v2\/media\/46971"}],"wp:attachment":[{"href":"https:\/\/forms.ibb.gov.tr\/genclikhizmetleri\/wp-json\/wp\/v2\/media?parent=37265"}],"wp:term":[{"taxonomy":"category","embeddable":true,"href":"https:\/\/forms.ibb.gov.tr\/genclikhizmetleri\/wp-json\/wp\/v2\/categories?post=37265"},{"taxonomy":"post_tag","embeddable":true,"href":"https:\/\/forms.ibb.gov.tr\/genclikhizmetleri\/wp-json\/wp\/v2\/tags?post=37265"}],"curies":[{"name":"wp","href":"https:\/\/api.w.org\/{rel}","templated":true}]}}