{"id":42205,"date":"2025-11-13T14:28:04","date_gmt":"2025-11-13T11:28:04","guid":{"rendered":"https:\/\/forms.ibb.gov.tr\/genclikhizmetleri\/?page_id=42205"},"modified":"2026-04-20T10:06:20","modified_gmt":"2026-04-20T07:06:20","slug":"ibb-teknoloji-atolyesi-hafta-ici-egitimleri-mayis","status":"publish","type":"page","link":"https:\/\/forms.ibb.gov.tr\/genclikhizmetleri\/ibb-teknoloji-atolyesi-hafta-ici-egitimleri-mayis\/","title":{"rendered":"\u0130BB Teknoloji At\u00f6lyesi May\u0131s Ay\u0131 Hafta \u0130\u00e7i E\u011fitimleri"},"content":{"rendered":"<div  class='flex_column av-2m4jcwt-7d3135849c5160978e95c1a028902e39 av_one_full  avia-builder-el-0  el_before_av_one_full  avia-builder-el-first  first flex_column_div  '     ><style type=\"text\/css\" data-created_by=\"avia_inline_auto\" id=\"style-css-av-mhxdfcwl-befb712aa350ca395d7554fe3a3f5c45\">\n.avia-image-container.av-mhxdfcwl-befb712aa350ca395d7554fe3a3f5c45 img.avia_image{\nbox-shadow:none;\n}\n.avia-image-container.av-mhxdfcwl-befb712aa350ca395d7554fe3a3f5c45 .av-image-caption-overlay-center{\ncolor:#ffffff;\n}\n<\/style>\n<div  class='avia-image-container av-mhxdfcwl-befb712aa350ca395d7554fe3a3f5c45 av-styling- avia-align-center  avia-builder-el-1  avia-builder-el-no-sibling '   itemprop=\"image\" itemscope=\"itemscope\" itemtype=\"https:\/\/schema.org\/ImageObject\" ><div class=\"avia-image-container-inner\"><div class=\"avia-image-overlay-wrap\"><img decoding=\"async\" fetchpriority=\"high\" class='wp-image-47245 avia-img-lazy-loading-not-47245 avia_image ' src=\"https:\/\/forms.ibb.gov.tr\/genclikhizmetleri\/wp-content\/uploads\/sites\/62\/2026\/03\/Teknoloji-Atolyeleri-Unity-Banner-copy-2_2x-100.jpg\" alt='' title='Teknoloji-Atolyeleri-Unity-Banner copy 2@2x-100'  height=\"1301\" width=\"3841\"  itemprop=\"thumbnailUrl\"  \/><\/div><\/div><\/div><\/div>\n<div  class='flex_column av-1c9sx25-ad41ffc4697e2f9f2a941ecefde4b4d0 av_one_full  avia-builder-el-2  el_after_av_one_full  el_before_av_hr  first flex_column_div  column-top-margin'     ><section  class='av_textblock_section av-mgq859l7-c0f4b5273ba98487c45b83a68fb5b4f7 '   itemscope=\"itemscope\" itemtype=\"https:\/\/schema.org\/CreativeWork\" ><div class='avia_textblock'  itemprop=\"text\" ><h4 style=\"text-align: center\"><span style=\"color: #0b2d52\"><strong>\u0130BB Teknoloji At\u00f6lyelerinde Hafta \u0130\u00e7i E\u011fitimleri Ba\u015fl\u0131yor!<\/strong><\/span><\/h4>\n<div align=\"justify\">\n<p><span style=\"color: #03203d\">Teknoloji At\u00f6lyeleri; 15-29 ya\u015f aras\u0131ndaki gen\u00e7lere y\u00f6nelik kodlama, grafik tasar\u0131m ve oyun geli\u015ftirme at\u00f6lyelerine ilgi duyan herkesi yepyeni bir e\u011fitimle bulu\u015fturuyor.<br \/>\n<\/span><\/p>\n<p><span style=\"color: #eda832\"><strong> <span style=\"color: #eda832\"> \ud83e\udd16Unity ile Oyun Geli\u015ftirme ve Uygulama At\u00f6lyeleri Kapsam\u0131nda;<\/span><\/strong><\/span><\/p>\n<p><span style=\"color: #03203d\">Herhangi bir programlama bilgisi gerekmeksizin ba\u015fvuru yapabilece\u011finiz oyun geli\u015ftirme at\u00f6lyesi 4 hafta s\u00fcrecek olup, program sonunda temel kodlama becerileri kazanarak mobil oyun veya uygulama geli\u015ftirebilirsiniz.<\/span><\/p>\n<p><span style=\"color: #0b2d52\"><strong> <span style=\"color: #eda832\">\ud83d\udcbb<\/span><span style=\"color: #eda832\">Python ile Temel Kodlama ve Grafik Tasar\u0131m At\u00f6lyesi;<\/span><\/strong><\/span><\/p>\n<p><span style=\"color: #03203d\">Kat\u0131l\u0131mc\u0131lar\u0131n s\u0131f\u0131rdan kodlama e\u011fitimleri alarak proje geli\u015ftirebilecekleri kodlama ve grafik tasar\u0131m at\u00f6lyesi 4 hafta s\u00fcrecek olup, Python ile temel kodlama ve grafik tasar\u0131m becerileri sayesinde yaz\u0131l\u0131m d\u00fcnyas\u0131na ad\u0131m atabilirsiniz.<\/span><\/p>\n<p><strong><span style=\"color: #03203d\">Gelece\u011fin oyun geli\u015ftiricilerini ve grafik tasar\u0131mc\u0131lar\u0131n\u0131 bekliyoruz!<\/span><\/strong><\/p>\n<p><span style=\"color: #03203d\"> Ba\u015fvurular kontenjanla s\u0131n\u0131rl\u0131d\u0131r. <\/span><\/p>\n<p><span style=\"color: #03203d\">Kat\u0131l\u0131mc\u0131lar, her iki e\u011fitime de ba\u015fvuru yapabilir. <\/span><\/p>\n<p><span style=\"color: #03203d\">Ba\u015fvuru yap\u0131lacak her iki e\u011fitim i\u00e7in ayr\u0131 ba\u015fvuru formu doldurulmas\u0131 gerekmektedir.<\/span><\/p>\n<p><span style=\"color: #03203d\">Hayal g\u00fcc\u00fcn\u00fc ger\u00e7e\u011fe d\u00f6n\u00fc\u015ft\u00fcr!<\/span><\/p>\n<\/div>\n<\/div><\/section><\/div>\n\n<style type=\"text\/css\" data-created_by=\"avia_inline_auto\" id=\"style-css-av-mgq7l9jq-c53fe3cddf98cb64ae1cba572df2f269\">\n#top .hr.hr-invisible.av-mgq7l9jq-c53fe3cddf98cb64ae1cba572df2f269{\nheight:30px;\n}\n<\/style>\n<div  class='hr av-mgq7l9jq-c53fe3cddf98cb64ae1cba572df2f269 hr-invisible  avia-builder-el-4  el_after_av_one_full  el_before_av_one_full '><span class='hr-inner '><span class=\"hr-inner-style\"><\/span><\/span><\/div>\n<div  class='flex_column av-n3vow5-3b2a1f14c924fd5313bbd0e468fcf34d av_one_full  avia-builder-el-5  el_after_av_hr  el_before_av_hr  first flex_column_div  '     ><section  class='av_textblock_section av-mgp3xrxg-da78b2b30bbe10c4af31f9f5655c6e67 '   itemscope=\"itemscope\" itemtype=\"https:\/\/schema.org\/CreativeWork\" ><div class='avia_textblock'  itemprop=\"text\" ><h4 style=\"text-align: center\"><span style=\"color: #003366\"><strong>\u0130BB Teknoloji At\u00f6lyesi May\u0131s Ay\u0131 Hafta \u0130\u00e7i E\u011fitimleri Ba\u015fvuru Formu<\/strong><\/span><\/h4>\n<\/div><\/section><\/div>\n<style type=\"text\/css\" data-created_by=\"avia_inline_auto\" id=\"style-css-av-t2vdj1-8faf22ca08a5832e2bc377b9c0674c31\">\n#top .hr.hr-invisible.av-t2vdj1-8faf22ca08a5832e2bc377b9c0674c31{\nheight:30px;\n}\n<\/style>\n<div  class='hr av-t2vdj1-8faf22ca08a5832e2bc377b9c0674c31 hr-invisible  avia-builder-el-7  el_after_av_one_full  el_before_av_one_full '><span class='hr-inner '><span class=\"hr-inner-style\"><\/span><\/span><\/div><\/p>\n<div  class='flex_column av-tu0omd-a79702454ce88bfcc9284df4a0722bb3 av_one_full  avia-builder-el-8  el_after_av_hr  avia-builder-el-last  first flex_column_div  '     ><\/div>\n","protected":false},"excerpt":{"rendered":"","protected":false},"author":71845,"featured_media":{"id":42271,"url":"https:\/\/forms.ibb.gov.tr\/genclikhizmetleri\/wp-content\/uploads\/sites\/62\/2025\/11\/Teknoloji-Atolyeleri-Unity-Banner-copy-2_2x-100-1.jpg","sizes":{"thumbnail":"https:\/\/forms.ibb.gov.tr\/genclikhizmetleri\/wp-content\/uploads\/sites\/62\/2025\/11\/Teknoloji-Atolyeleri-Unity-Banner-copy-2_2x-100-1.jpg","medium":"https:\/\/forms.ibb.gov.tr\/genclikhizmetleri\/wp-content\/uploads\/sites\/62\/2025\/11\/Teknoloji-Atolyeleri-Unity-Banner-copy-2_2x-100-1.jpg","medium_large":"https:\/\/forms.ibb.gov.tr\/genclikhizmetleri\/wp-content\/uploads\/sites\/62\/2025\/11\/Teknoloji-Atolyeleri-Unity-Banner-copy-2_2x-100-1.jpg","large":"https:\/\/forms.ibb.gov.tr\/genclikhizmetleri\/wp-content\/uploads\/sites\/62\/2025\/11\/Teknoloji-Atolyeleri-Unity-Banner-copy-2_2x-100-1.jpg","1536x1536":"https:\/\/forms.ibb.gov.tr\/genclikhizmetleri\/wp-content\/uploads\/sites\/62\/2025\/11\/Teknoloji-Atolyeleri-Unity-Banner-copy-2_2x-100-1.jpg","2048x2048":"https:\/\/forms.ibb.gov.tr\/genclikhizmetleri\/wp-content\/uploads\/sites\/62\/2025\/11\/Teknoloji-Atolyeleri-Unity-Banner-copy-2_2x-100-1.jpg","widget":"https:\/\/forms.ibb.gov.tr\/genclikhizmetleri\/wp-content\/uploads\/sites\/62\/2025\/11\/Teknoloji-Atolyeleri-Unity-Banner-copy-2_2x-100-1.jpg","square":"https:\/\/forms.ibb.gov.tr\/genclikhizmetleri\/wp-content\/uploads\/sites\/62\/2025\/11\/Teknoloji-Atolyeleri-Unity-Banner-copy-2_2x-100-1.jpg","featured":"https:\/\/forms.ibb.gov.tr\/genclikhizmetleri\/wp-content\/uploads\/sites\/62\/2025\/11\/Teknoloji-Atolyeleri-Unity-Banner-copy-2_2x-100-1.jpg","featured_large":"https:\/\/forms.ibb.gov.tr\/genclikhizmetleri\/wp-content\/uploads\/sites\/62\/2025\/11\/Teknoloji-Atolyeleri-Unity-Banner-copy-2_2x-100-1.jpg","extra_large":"https:\/\/forms.ibb.gov.tr\/genclikhizmetleri\/wp-content\/uploads\/sites\/62\/2025\/11\/Teknoloji-Atolyeleri-Unity-Banner-copy-2_2x-100-1.jpg","portfolio":"https:\/\/forms.ibb.gov.tr\/genclikhizmetleri\/wp-content\/uploads\/sites\/62\/2025\/11\/Teknoloji-Atolyeleri-Unity-Banner-copy-2_2x-100-1.jpg","portfolio_small":"https:\/\/forms.ibb.gov.tr\/genclikhizmetleri\/wp-content\/uploads\/sites\/62\/2025\/11\/Teknoloji-Atolyeleri-Unity-Banner-copy-2_2x-100-1.jpg","gallery":"https:\/\/forms.ibb.gov.tr\/genclikhizmetleri\/wp-content\/uploads\/sites\/62\/2025\/11\/Teknoloji-Atolyeleri-Unity-Banner-copy-2_2x-100-1.jpg","magazine":"https:\/\/forms.ibb.gov.tr\/genclikhizmetleri\/wp-content\/uploads\/sites\/62\/2025\/11\/Teknoloji-Atolyeleri-Unity-Banner-copy-2_2x-100-1.jpg","masonry":"https:\/\/forms.ibb.gov.tr\/genclikhizmetleri\/wp-content\/uploads\/sites\/62\/2025\/11\/Teknoloji-Atolyeleri-Unity-Banner-copy-2_2x-100-1.jpg","entry_with_sidebar":"https:\/\/forms.ibb.gov.tr\/genclikhizmetleri\/wp-content\/uploads\/sites\/62\/2025\/11\/Teknoloji-Atolyeleri-Unity-Banner-copy-2_2x-100-1.jpg","entry_without_sidebar":"https:\/\/forms.ibb.gov.tr\/genclikhizmetleri\/wp-content\/uploads\/sites\/62\/2025\/11\/Teknoloji-Atolyeleri-Unity-Banner-copy-2_2x-100-1.jpg"}},"parent":0,"menu_order":0,"comment_status":"closed","ping_status":"closed","template":"","meta":{"footnotes":""},"categories":[],"tags":[],"class_list":["post-42205","page","type-page","status-publish","format-standard","has-post-thumbnail","hentry"],"_links":{"self":[{"href":"https:\/\/forms.ibb.gov.tr\/genclikhizmetleri\/wp-json\/wp\/v2\/pages\/42205","targetHints":{"allow":["GET"]}}],"collection":[{"href":"https:\/\/forms.ibb.gov.tr\/genclikhizmetleri\/wp-json\/wp\/v2\/pages"}],"about":[{"href":"https:\/\/forms.ibb.gov.tr\/genclikhizmetleri\/wp-json\/wp\/v2\/types\/page"}],"author":[{"embeddable":true,"href":"https:\/\/forms.ibb.gov.tr\/genclikhizmetleri\/wp-json\/wp\/v2\/users\/71845"}],"replies":[{"embeddable":true,"href":"https:\/\/forms.ibb.gov.tr\/genclikhizmetleri\/wp-json\/wp\/v2\/comments?post=42205"}],"version-history":[{"count":41,"href":"https:\/\/forms.ibb.gov.tr\/genclikhizmetleri\/wp-json\/wp\/v2\/pages\/42205\/revisions"}],"predecessor-version":[{"id":47812,"href":"https:\/\/forms.ibb.gov.tr\/genclikhizmetleri\/wp-json\/wp\/v2\/pages\/42205\/revisions\/47812"}],"wp:featuredmedia":[{"embeddable":true,"href":"https:\/\/forms.ibb.gov.tr\/genclikhizmetleri\/wp-json\/wp\/v2\/media\/42271"}],"wp:attachment":[{"href":"https:\/\/forms.ibb.gov.tr\/genclikhizmetleri\/wp-json\/wp\/v2\/media?parent=42205"}],"wp:term":[{"taxonomy":"category","embeddable":true,"href":"https:\/\/forms.ibb.gov.tr\/genclikhizmetleri\/wp-json\/wp\/v2\/categories?post=42205"},{"taxonomy":"post_tag","embeddable":true,"href":"https:\/\/forms.ibb.gov.tr\/genclikhizmetleri\/wp-json\/wp\/v2\/tags?post=42205"}],"curies":[{"name":"wp","href":"https:\/\/api.w.org\/{rel}","templated":true}]}}