{"id":44756,"date":"2026-01-22T14:32:57","date_gmt":"2026-01-22T11:32:57","guid":{"rendered":"https:\/\/forms.ibb.gov.tr\/genclikhizmetleri\/?page_id=44756"},"modified":"2026-01-26T14:02:51","modified_gmt":"2026-01-26T11:02:51","slug":"memnuniyet-anketi","status":"publish","type":"page","link":"https:\/\/forms.ibb.gov.tr\/genclikhizmetleri\/memnuniyet-anketi\/","title":{"rendered":"Gen\u00e7lik Hizmetleri \u015eube M\u00fcd\u00fcrl\u00fc\u011f\u00fc Memnuniyet Anketi"},"content":{"rendered":"<div  class='flex_column av-b4ros-d6e5f5bf1639d7b615994dac507a4a57 av_one_fifth  avia-builder-el-0  el_before_av_three_fifth  avia-builder-el-first  first flex_column_div  '     ><\/div>\n<div  class='flex_column av-1avby-28eb0ef0526fbad6e299009b9bc13913 av_three_fifth  avia-builder-el-1  el_after_av_one_fifth  el_before_av_one_fifth  flex_column_div  '     ><style type=\"text\/css\" data-created_by=\"avia_inline_auto\" id=\"style-css-av-udq4j9-19697ee60cdc2938c3d63b17dea6be13\">\n.avia-image-container.av-udq4j9-19697ee60cdc2938c3d63b17dea6be13 img.avia_image{\nbox-shadow:none;\n}\n.avia-image-container.av-udq4j9-19697ee60cdc2938c3d63b17dea6be13 .av-image-caption-overlay-center{\ncolor:#ffffff;\n}\n<\/style>\n<div  class='avia-image-container av-udq4j9-19697ee60cdc2938c3d63b17dea6be13 av-styling- avia-align-center  avia-builder-el-2  avia-builder-el-no-sibling '   itemprop=\"image\" itemscope=\"itemscope\" itemtype=\"https:\/\/schema.org\/ImageObject\" ><div class=\"avia-image-container-inner\"><div class=\"avia-image-overlay-wrap\"><img decoding=\"async\" fetchpriority=\"high\" class='wp-image-40838 avia-img-lazy-loading-not-40838 avia_image ' src=\"https:\/\/forms.ibb.gov.tr\/genclikhizmetleri\/wp-content\/uploads\/sites\/62\/2025\/10\/DB-LOGO-KULLANIMI-1.png\" alt='' title='DB LOGO KULLANIMI-1'  height=\"100\" width=\"260\"  itemprop=\"thumbnailUrl\"  \/><\/div><\/div><\/div><\/div>\n<div  class='flex_column av-16nmu-8b0e78409eaaeb35169d68c081ab6388 av_one_fifth  avia-builder-el-3  el_after_av_three_fifth  el_before_av_hr  flex_column_div  '     ><\/div>\n<div  class='hr av-mberv73j-11c03b91913424588663b1dd78e16ce3 hr-default  avia-builder-el-4  el_after_av_one_fifth  el_before_av_one_full '><span class='hr-inner '><span class=\"hr-inner-style\"><\/span><\/span><\/div>\n<div  class='flex_column av-2czmq-ebbd5096d2cf7473141997cca27133ee av_one_full  avia-builder-el-5  el_after_av_hr  avia-builder-el-last  first flex_column_div  '     ><section  class='av_textblock_section av-m9wejz3l-b526a701eaed555242a154d4b5e2d806 '   itemscope=\"itemscope\" itemtype=\"https:\/\/schema.org\/CreativeWork\" ><div class='avia_textblock'  itemprop=\"text\" ><h3 style=\"text-align: center\"><span style=\"color: #993300\"><strong><span style=\"color: #001f7a\">\u0130BB Gen\u00e7lik Hizmetleri \u015eube M\u00fcd\u00fcrl\u00fc\u011f\u00fc Memnuniyet Anketi<\/span><br \/>\n<\/strong><\/span><\/h3>\n<\/div><\/section><br \/>\n<div  class='hr av-2q9hck-4a69936c8fba28a65b6ef03f47aaf683 hr-default  avia-builder-el-7  el_after_av_textblock  el_before_av_textblock '><span class='hr-inner '><span class=\"hr-inner-style\"><\/span><\/span><\/div><br \/>\n<section  class='av_textblock_section av-mkut92dk-77169eb7ec1dfb49ab6c0818181c7878 '   itemscope=\"itemscope\" itemtype=\"https:\/\/schema.org\/CreativeWork\" ><div class='avia_textblock'  itemprop=\"text\" ><p><span style=\"color: #003366\"><strong style=\"color: #003366\">Gen\u00e7lik Hizmetleri \u015eube M\u00fcd\u00fcrl\u00fc\u011f\u00fc Memnuniyet Anketi<\/strong>, <span style=\"color: #2c5782\">daha nitelikli hizmet sunabilmek amac\u0131yla y\u00fcr\u00fct\u00fclen hizmetlerin etkinli\u011fini ve kat\u0131l\u0131mc\u0131 memnuniyetini \u00f6l\u00e7meye y\u00f6nelik bir de\u011ferlendirme \u00e7al\u0131\u015fmas\u0131d\u0131r. Anketten elde edilen veriler, hizmet s\u00fcre\u00e7lerinin geli\u015ftirilmesi ve iyile\u015ftirilmesi ile birlikte, kat\u0131l\u0131mc\u0131 g\u00f6r\u00fc\u015flerinin karar alma s\u00fcre\u00e7lerine d\u00e2hil edilerek hizmetlerin daha etkin bir \u015fekilde sunulmas\u0131n\u0131 ama\u00e7lamaktad\u0131r.<\/span><\/span><\/p>\n<\/div><\/section><br \/>\n<\/p><\/div>\n","protected":false},"excerpt":{"rendered":"","protected":false},"author":71845,"featured_media":{"id":95,"url":"https:\/\/forms.ibb.gov.tr\/genclikhizmetleri\/wp-content\/uploads\/sites\/62\/2025\/04\/DB-LOGO-KULLANIMI-1.png","sizes":{"thumbnail":"https:\/\/forms.ibb.gov.tr\/genclikhizmetleri\/wp-content\/uploads\/sites\/62\/2025\/04\/DB-LOGO-KULLANIMI-1.png","medium":"https:\/\/forms.ibb.gov.tr\/genclikhizmetleri\/wp-content\/uploads\/sites\/62\/2025\/04\/DB-LOGO-KULLANIMI-1.png","medium_large":"https:\/\/forms.ibb.gov.tr\/genclikhizmetleri\/wp-content\/uploads\/sites\/62\/2025\/04\/DB-LOGO-KULLANIMI-1.png","large":"https:\/\/forms.ibb.gov.tr\/genclikhizmetleri\/wp-content\/uploads\/sites\/62\/2025\/04\/DB-LOGO-KULLANIMI-1.png","1536x1536":"https:\/\/forms.ibb.gov.tr\/genclikhizmetleri\/wp-content\/uploads\/sites\/62\/2025\/04\/DB-LOGO-KULLANIMI-1.png","2048x2048":"https:\/\/forms.ibb.gov.tr\/genclikhizmetleri\/wp-content\/uploads\/sites\/62\/2025\/04\/DB-LOGO-KULLANIMI-1.png","widget":"https:\/\/forms.ibb.gov.tr\/genclikhizmetleri\/wp-content\/uploads\/sites\/62\/2025\/04\/DB-LOGO-KULLANIMI-1.png","square":"https:\/\/forms.ibb.gov.tr\/genclikhizmetleri\/wp-content\/uploads\/sites\/62\/2025\/04\/DB-LOGO-KULLANIMI-1.png","featured":"https:\/\/forms.ibb.gov.tr\/genclikhizmetleri\/wp-content\/uploads\/sites\/62\/2025\/04\/DB-LOGO-KULLANIMI-1.png","featured_large":"https:\/\/forms.ibb.gov.tr\/genclikhizmetleri\/wp-content\/uploads\/sites\/62\/2025\/04\/DB-LOGO-KULLANIMI-1.png","extra_large":"https:\/\/forms.ibb.gov.tr\/genclikhizmetleri\/wp-content\/uploads\/sites\/62\/2025\/04\/DB-LOGO-KULLANIMI-1.png","portfolio":"https:\/\/forms.ibb.gov.tr\/genclikhizmetleri\/wp-content\/uploads\/sites\/62\/2025\/04\/DB-LOGO-KULLANIMI-1.png","portfolio_small":"https:\/\/forms.ibb.gov.tr\/genclikhizmetleri\/wp-content\/uploads\/sites\/62\/2025\/04\/DB-LOGO-KULLANIMI-1.png","gallery":"https:\/\/forms.ibb.gov.tr\/genclikhizmetleri\/wp-content\/uploads\/sites\/62\/2025\/04\/DB-LOGO-KULLANIMI-1.png","magazine":"https:\/\/forms.ibb.gov.tr\/genclikhizmetleri\/wp-content\/uploads\/sites\/62\/2025\/04\/DB-LOGO-KULLANIMI-1.png","masonry":"https:\/\/forms.ibb.gov.tr\/genclikhizmetleri\/wp-content\/uploads\/sites\/62\/2025\/04\/DB-LOGO-KULLANIMI-1.png","entry_with_sidebar":"https:\/\/forms.ibb.gov.tr\/genclikhizmetleri\/wp-content\/uploads\/sites\/62\/2025\/04\/DB-LOGO-KULLANIMI-1.png","entry_without_sidebar":"https:\/\/forms.ibb.gov.tr\/genclikhizmetleri\/wp-content\/uploads\/sites\/62\/2025\/04\/DB-LOGO-KULLANIMI-1.png"}},"parent":0,"menu_order":0,"comment_status":"closed","ping_status":"closed","template":"","meta":{"footnotes":""},"categories":[],"tags":[],"class_list":["post-44756","page","type-page","status-publish","format-standard","has-post-thumbnail","hentry"],"_links":{"self":[{"href":"https:\/\/forms.ibb.gov.tr\/genclikhizmetleri\/wp-json\/wp\/v2\/pages\/44756","targetHints":{"allow":["GET"]}}],"collection":[{"href":"https:\/\/forms.ibb.gov.tr\/genclikhizmetleri\/wp-json\/wp\/v2\/pages"}],"about":[{"href":"https:\/\/forms.ibb.gov.tr\/genclikhizmetleri\/wp-json\/wp\/v2\/types\/page"}],"author":[{"embeddable":true,"href":"https:\/\/forms.ibb.gov.tr\/genclikhizmetleri\/wp-json\/wp\/v2\/users\/71845"}],"replies":[{"embeddable":true,"href":"https:\/\/forms.ibb.gov.tr\/genclikhizmetleri\/wp-json\/wp\/v2\/comments?post=44756"}],"version-history":[{"count":5,"href":"https:\/\/forms.ibb.gov.tr\/genclikhizmetleri\/wp-json\/wp\/v2\/pages\/44756\/revisions"}],"predecessor-version":[{"id":45941,"href":"https:\/\/forms.ibb.gov.tr\/genclikhizmetleri\/wp-json\/wp\/v2\/pages\/44756\/revisions\/45941"}],"wp:featuredmedia":[{"embeddable":true,"href":"https:\/\/forms.ibb.gov.tr\/genclikhizmetleri\/wp-json\/wp\/v2\/media\/95"}],"wp:attachment":[{"href":"https:\/\/forms.ibb.gov.tr\/genclikhizmetleri\/wp-json\/wp\/v2\/media?parent=44756"}],"wp:term":[{"taxonomy":"category","embeddable":true,"href":"https:\/\/forms.ibb.gov.tr\/genclikhizmetleri\/wp-json\/wp\/v2\/categories?post=44756"},{"taxonomy":"post_tag","embeddable":true,"href":"https:\/\/forms.ibb.gov.tr\/genclikhizmetleri\/wp-json\/wp\/v2\/tags?post=44756"}],"curies":[{"name":"wp","href":"https:\/\/api.w.org\/{rel}","templated":true}]}}