{"id":45353,"date":"2026-02-12T11:31:35","date_gmt":"2026-02-12T08:31:35","guid":{"rendered":"https:\/\/forms.ibb.gov.tr\/genclikhizmetleri\/?page_id=45353"},"modified":"2026-03-11T11:18:06","modified_gmt":"2026-03-11T08:18:06","slug":"ders-atolyeleri-degerlendirme-anketi","status":"publish","type":"page","link":"https:\/\/forms.ibb.gov.tr\/genclikhizmetleri\/ders-atolyeleri-degerlendirme-anketi\/","title":{"rendered":"Ders At\u00f6lyeleri De\u011ferlendirme Anketi"},"content":{"rendered":"<div  class='flex_column av-1ooihbi-01615409c2f422f463fb2d6dc347c6cd av_one_fifth  avia-builder-el-0  el_before_av_three_fifth  avia-builder-el-first  first flex_column_div  '     ><\/div>\n<div  class='flex_column av-z7mxpq-703c3e3fb085e81a5d49187988f4f330 av_three_fifth  avia-builder-el-1  el_after_av_one_fifth  el_before_av_one_fifth  flex_column_div  '     ><style type=\"text\/css\" data-created_by=\"avia_inline_auto\" id=\"style-css-av-mk811ixk-c8b4ff3ff680639f3f33cbcacc59a975\">\n.avia-image-container.av-mk811ixk-c8b4ff3ff680639f3f33cbcacc59a975 img.avia_image{\nbox-shadow:none;\n}\n.avia-image-container.av-mk811ixk-c8b4ff3ff680639f3f33cbcacc59a975 .av-image-caption-overlay-center{\ncolor:#ffffff;\n}\n<\/style>\n<div  class='avia-image-container av-mk811ixk-c8b4ff3ff680639f3f33cbcacc59a975 av-styling- avia-align-center  avia-builder-el-2  avia-builder-el-no-sibling '   itemprop=\"image\" itemscope=\"itemscope\" itemtype=\"https:\/\/schema.org\/ImageObject\" ><div class=\"avia-image-container-inner\"><div class=\"avia-image-overlay-wrap\"><img decoding=\"async\" fetchpriority=\"high\" class='wp-image-40847 avia-img-lazy-loading-not-40847 avia_image ' src=\"https:\/\/forms.ibb.gov.tr\/genclikhizmetleri\/wp-content\/uploads\/sites\/62\/2025\/10\/Ders-Atolyeleri.png\" alt='' title='Ders At\u00f6lyeleri'  height=\"129\" width=\"495\"  itemprop=\"thumbnailUrl\"  \/><\/div><\/div><\/div><\/div>\n<div  class='flex_column av-qo4jri-79cb7adffbc45f6327ddc66c51afe4f3 av_one_fifth  avia-builder-el-3  el_after_av_three_fifth  el_before_av_hr  flex_column_div  '     ><\/div>\n\n<style type=\"text\/css\" data-created_by=\"avia_inline_auto\" id=\"style-css-av-mkb5ahan-bb14202f3a0e866c3df517c5641aedc7\">\n#top .hr.hr-invisible.av-mkb5ahan-bb14202f3a0e866c3df517c5641aedc7{\nheight:50px;\n}\n<\/style>\n<div  class='hr av-mkb5ahan-bb14202f3a0e866c3df517c5641aedc7 hr-invisible  avia-builder-el-4  el_after_av_one_fifth  el_before_av_one_full '><span class='hr-inner '><span class=\"hr-inner-style\"><\/span><\/span><\/div>\n<div  class='flex_column av-ru1gxa-07117921e69c04a91f1d933dc7f0f056 av_one_full  avia-builder-el-5  el_after_av_hr  el_before_av_one_full  first flex_column_div  '     ><p><div  class='tabcontainer av-mmlri6l4-802ce6f461fff1757f2061f0015879a6 top_tab  avia-builder-el-6  el_before_av_hr  avia-builder-el-first '>\n<section class='av_tab_section av_tab_section av-mmlri51r-d275a2c7601d13c1d59a3f28c6e8809f'  itemscope=\"itemscope\" itemtype=\"https:\/\/schema.org\/CreativeWork\" ><div id='tab-id-1-tab' class='tab active_tab' role='tab' aria-selected=\"true\" tabindex=\"0\" data-fake-id='#tab-id-1' aria-controls='tab-id-1-content'  itemprop=\"headline\" >Ders At\u00f6lyeleri De\u011ferlendirme Anketi<\/div><div id='tab-id-1-content' class='tab_content active_tab_content' role='tabpanel' aria-labelledby='tab-id-1-tab' aria-hidden=\"false\"><div class='tab_inner_content invers-color'  itemprop=\"text\" ><p><strong><span style=\"color: #003366\">De\u011ferli \u00d6\u011frencimiz,<\/span><\/strong><\/p>\n<p><span style=\"color: #003366\">Kurumumuzda y\u00fcr\u00fct\u00fclen at\u00f6lye ve e\u011fitim faaliyetlerinin niteli\u011fini art\u0131rmak, sunulan hizmetlerin etkilili\u011fini de\u011ferlendirmek ve geli\u015fim alanlar\u0131n\u0131 belirlemek amac\u0131yla g\u00f6r\u00fc\u015f ve de\u011ferlendirmelerinize ihtiya\u00e7 duyulmaktad\u0131r.<\/span><\/p>\n<p><span style=\"color: #003366\"> Bu anket arac\u0131l\u0131\u011f\u0131yla payla\u015ft\u0131\u011f\u0131n\u0131z geri bildirimler, e\u011fitim s\u00fcre\u00e7lerinin iyile\u015ftirilmesine katk\u0131 sa\u011flayacak olup titizlikle de\u011ferlendirilecektir. Vermi\u015f oldu\u011funuz yan\u0131tlar gizlilik ilkesi \u00e7er\u00e7evesinde ele al\u0131nacak ve yaln\u0131zca kurumsal geli\u015fim amac\u0131yla kullan\u0131lacakt\u0131r.<\/span><\/p>\n<p><span style=\"color: #003366\">Katk\u0131lar\u0131n\u0131z i\u00e7in te\u015fekk\u00fcr ederiz.<\/span><\/p>\n<\/div><\/div><\/section>\n<section class='av_tab_section av_tab_section av-mmlrioif-f4f30dea706a9cc5c3d04aeb7b5e31f9'  itemscope=\"itemscope\" itemtype=\"https:\/\/schema.org\/CreativeWork\" ><div id='tab-id-2-tab' class='tab' role='tab' aria-selected=\"false\" tabindex=\"0\" data-fake-id='#tab-id-2' aria-controls='tab-id-2-content'  itemprop=\"headline\" >De\u011ferlendirme Anketi Kategorileri<\/div><div id='tab-id-2-content' class='tab_content' role='tabpanel' aria-labelledby='tab-id-2-tab' aria-hidden=\"true\"><div class='tab_inner_content invers-color'  itemprop=\"text\" ><p><span style=\"color: #003366\">Bu form kapsam\u0131nda a\u015fa\u011f\u0131da belirtilen d\u00f6rt (4) farkl\u0131 de\u011ferlendirme anketi yer almaktad\u0131r:<\/span><\/p>\n<ul>\n<li><strong><span style=\"color: #003366\">At\u00f6lye De\u011ferlendirme Anketi<\/span><\/strong><\/li>\n<li><strong><span style=\"color: #003366\">At\u00f6lye Sorumlusu De\u011ferlendirme Anketi<\/span><\/strong><\/li>\n<li><strong><span style=\"color: #003366\">\u00d6\u011fretmen De\u011ferlendirme Anketi<\/span><\/strong><\/li>\n<li><strong><span style=\"color: #003366\">PDR Uzman\u0131 Anketi<\/span><\/strong><\/li>\n<\/ul>\n<p><span style=\"color: #003366\">Her bir anket ayr\u0131 ayr\u0131 doldurulmal\u0131 ve g\u00f6nderilmelidir.<\/span><\/p>\n<p><span style=\"color: #003366\">Bir anket t\u00fcr\u00fc se\u00e7ilip doldurulduktan sonra mutlaka &#8220;G\u00f6nder&#8221; se\u00e7ene\u011fine bas\u0131lmal\u0131d\u0131r. G\u00f6nderim tamamland\u0131ktan sonra di\u011fer anket t\u00fcr\u00fc se\u00e7ilerek ayn\u0131 i\u015flem tekrar edilmelidir.<\/span><\/p>\n<\/div><\/div><\/section>\n<section class='av_tab_section av_tab_section av-mmlriwnz-07a0d6c5711fc83c52beb99ceb86b660'  itemscope=\"itemscope\" itemtype=\"https:\/\/schema.org\/CreativeWork\" ><div id='tab-id-3-tab' class='tab' role='tab' aria-selected=\"false\" tabindex=\"0\" data-fake-id='#tab-id-3' aria-controls='tab-id-3-content'  itemprop=\"headline\" >\u00d6rnek Uygulama S\u00fcreci<\/div><div id='tab-id-3-content' class='tab_content' role='tabpanel' aria-labelledby='tab-id-3-tab' aria-hidden=\"true\"><div class='tab_inner_content invers-color'  itemprop=\"text\" ><p><strong><span style=\"color: #003366\">\u00d6rnek Uygulama S\u00fcreci:<\/span><\/strong><\/p>\n<ol>\n<li><span style=\"color: #003366\">\u00d6ncelikle <em>At\u00f6lye De\u011ferlendirme Anketi<\/em> se\u00e7ilir.<\/span><\/li>\n<li><span style=\"color: #003366\">\u0130lgili sorular doldurulur ve <strong style=\"color: #003366\">G\u00f6nder<\/strong> butonuna bas\u0131l\u0131r.<\/span><\/li>\n<li><span style=\"color: #003366\">Daha sonra yaln\u0131zca At\u00f6lye Sorumlusu De\u011ferlendirme Anketi se\u00e7ilir.<\/span><\/li>\n<li><span style=\"color: #003366\">Anket, ilgili ki\u015fi bazl\u0131 olarak doldurulur ve tekrar <strong style=\"color: #003366\">G\u00f6nder<\/strong> se\u00e7ene\u011fi i\u015faretlenir.<\/span><\/li>\n<\/ol>\n<p><span style=\"color: #003366\">Her anket t\u00fcr\u00fc i\u00e7in bu i\u015flem ayr\u0131 ayr\u0131 ger\u00e7ekle\u015ftirilmelidir.<\/span><\/p>\n<p><span style=\"color: #003366\">Ankette yer alan ifadeler a\u015fa\u011f\u0131daki 5&#8217;li Likert derecelendirme \u00f6l\u00e7e\u011fine g\u00f6re de\u011ferlendirilecektir:<\/span><\/p>\n<p><span style=\"color: #800000\"><strong style=\"color: #003366\">1 Kesinlikle Kat\u0131lm\u0131yorum | 2 Kat\u0131lm\u0131yorum | 3 Karars\u0131z\u0131m | 4 Kat\u0131l\u0131yorum | 5 Kesinlikle Kat\u0131l\u0131yorum<\/strong><\/span><\/p>\n<p><span style=\"color: #003366\">L\u00fctfen her ifadeyi dikkatle okuyarak size en uygun se\u00e7ene\u011fi i\u015faretleyiniz.<\/span><\/p>\n<\/div><\/div><\/section>\n<\/div><br \/>\n<div  class='hr av-w11149-c2e6614f74a1b6bbfce95f8adc39b93c hr-default  avia-builder-el-7  el_after_av_tab_container  el_before_av_textblock '><span class='hr-inner '><span class=\"hr-inner-style\"><\/span><\/span><\/div><br \/>\n<section  class='av_textblock_section av-mlz6cd6q-36cc3c2272aa616f05769bf46ccf0f91 '   itemscope=\"itemscope\" itemtype=\"https:\/\/schema.org\/CreativeWork\" ><div class='avia_textblock'  itemprop=\"text\" ><h2 style=\"text-align: center\"><span style=\"color: #003366\"><strong>\u0130BB Ders At\u00f6lyeleri Hizmet De\u011ferlendirme Anketi<\/strong><\/span><\/h2>\n<\/div><\/section><\/p><\/div><div  class='flex_column av-kxngix-dd58e6841b37ebc5349770dc8b458cd4 av_one_full  avia-builder-el-9  el_after_av_one_full  avia-builder-el-last  first flex_column_div  column-top-margin'     ><\/div><\/p>\n","protected":false},"excerpt":{"rendered":"","protected":false},"author":71845,"featured_media":{"id":1061,"url":"https:\/\/forms.ibb.gov.tr\/genclikhizmetleri\/wp-content\/uploads\/sites\/62\/2025\/05\/DersHead.png","sizes":{"thumbnail":"https:\/\/forms.ibb.gov.tr\/genclikhizmetleri\/wp-content\/uploads\/sites\/62\/2025\/05\/DersHead.png","medium":"https:\/\/forms.ibb.gov.tr\/genclikhizmetleri\/wp-content\/uploads\/sites\/62\/2025\/05\/DersHead.png","medium_large":"https:\/\/forms.ibb.gov.tr\/genclikhizmetleri\/wp-content\/uploads\/sites\/62\/2025\/05\/DersHead.png","large":"https:\/\/forms.ibb.gov.tr\/genclikhizmetleri\/wp-content\/uploads\/sites\/62\/2025\/05\/DersHead.png","1536x1536":"https:\/\/forms.ibb.gov.tr\/genclikhizmetleri\/wp-content\/uploads\/sites\/62\/2025\/05\/DersHead.png","2048x2048":"https:\/\/forms.ibb.gov.tr\/genclikhizmetleri\/wp-content\/uploads\/sites\/62\/2025\/05\/DersHead.png","widget":"https:\/\/forms.ibb.gov.tr\/genclikhizmetleri\/wp-content\/uploads\/sites\/62\/2025\/05\/DersHead.png","square":"https:\/\/forms.ibb.gov.tr\/genclikhizmetleri\/wp-content\/uploads\/sites\/62\/2025\/05\/DersHead.png","featured":"https:\/\/forms.ibb.gov.tr\/genclikhizmetleri\/wp-content\/uploads\/sites\/62\/2025\/05\/DersHead.png","featured_large":"https:\/\/forms.ibb.gov.tr\/genclikhizmetleri\/wp-content\/uploads\/sites\/62\/2025\/05\/DersHead.png","extra_large":"https:\/\/forms.ibb.gov.tr\/genclikhizmetleri\/wp-content\/uploads\/sites\/62\/2025\/05\/DersHead.png","portfolio":"https:\/\/forms.ibb.gov.tr\/genclikhizmetleri\/wp-content\/uploads\/sites\/62\/2025\/05\/DersHead.png","portfolio_small":"https:\/\/forms.ibb.gov.tr\/genclikhizmetleri\/wp-content\/uploads\/sites\/62\/2025\/05\/DersHead.png","gallery":"https:\/\/forms.ibb.gov.tr\/genclikhizmetleri\/wp-content\/uploads\/sites\/62\/2025\/05\/DersHead.png","magazine":"https:\/\/forms.ibb.gov.tr\/genclikhizmetleri\/wp-content\/uploads\/sites\/62\/2025\/05\/DersHead.png","masonry":"https:\/\/forms.ibb.gov.tr\/genclikhizmetleri\/wp-content\/uploads\/sites\/62\/2025\/05\/DersHead.png","entry_with_sidebar":"https:\/\/forms.ibb.gov.tr\/genclikhizmetleri\/wp-content\/uploads\/sites\/62\/2025\/05\/DersHead.png","entry_without_sidebar":"https:\/\/forms.ibb.gov.tr\/genclikhizmetleri\/wp-content\/uploads\/sites\/62\/2025\/05\/DersHead.png"}},"parent":0,"menu_order":0,"comment_status":"closed","ping_status":"closed","template":"","meta":{"footnotes":""},"categories":[],"tags":[],"class_list":["post-45353","page","type-page","status-publish","format-standard","has-post-thumbnail","hentry"],"_links":{"self":[{"href":"https:\/\/forms.ibb.gov.tr\/genclikhizmetleri\/wp-json\/wp\/v2\/pages\/45353","targetHints":{"allow":["GET"]}}],"collection":[{"href":"https:\/\/forms.ibb.gov.tr\/genclikhizmetleri\/wp-json\/wp\/v2\/pages"}],"about":[{"href":"https:\/\/forms.ibb.gov.tr\/genclikhizmetleri\/wp-json\/wp\/v2\/types\/page"}],"author":[{"embeddable":true,"href":"https:\/\/forms.ibb.gov.tr\/genclikhizmetleri\/wp-json\/wp\/v2\/users\/71845"}],"replies":[{"embeddable":true,"href":"https:\/\/forms.ibb.gov.tr\/genclikhizmetleri\/wp-json\/wp\/v2\/comments?post=45353"}],"version-history":[{"count":40,"href":"https:\/\/forms.ibb.gov.tr\/genclikhizmetleri\/wp-json\/wp\/v2\/pages\/45353\/revisions"}],"predecessor-version":[{"id":47557,"href":"https:\/\/forms.ibb.gov.tr\/genclikhizmetleri\/wp-json\/wp\/v2\/pages\/45353\/revisions\/47557"}],"wp:featuredmedia":[{"embeddable":true,"href":"https:\/\/forms.ibb.gov.tr\/genclikhizmetleri\/wp-json\/wp\/v2\/media\/1061"}],"wp:attachment":[{"href":"https:\/\/forms.ibb.gov.tr\/genclikhizmetleri\/wp-json\/wp\/v2\/media?parent=45353"}],"wp:term":[{"taxonomy":"category","embeddable":true,"href":"https:\/\/forms.ibb.gov.tr\/genclikhizmetleri\/wp-json\/wp\/v2\/categories?post=45353"},{"taxonomy":"post_tag","embeddable":true,"href":"https:\/\/forms.ibb.gov.tr\/genclikhizmetleri\/wp-json\/wp\/v2\/tags?post=45353"}],"curies":[{"name":"wp","href":"https:\/\/api.w.org\/{rel}","templated":true}]}}