{"id":45825,"date":"2026-02-19T11:00:46","date_gmt":"2026-02-19T08:00:46","guid":{"rendered":"https:\/\/forms.ibb.gov.tr\/genclikhizmetleri\/?page_id=45825"},"modified":"2026-04-01T11:04:21","modified_gmt":"2026-04-01T08:04:21","slug":"ibb-ders-atolyeleri-deneme-kulupleri","status":"publish","type":"page","link":"https:\/\/forms.ibb.gov.tr\/genclikhizmetleri\/ibb-ders-atolyeleri-deneme-kulupleri\/","title":{"rendered":"\u0130BB Ders At\u00f6lyeleri Deneme Kul\u00fcpleri Ba\u015fvuru Formu"},"content":{"rendered":"<div  class='flex_column av-670sf9-dc94770c6bf412f818e9fe5edc31444d av_one_fifth  avia-builder-el-0  el_before_av_three_fifth  avia-builder-el-first  first flex_column_div  '     ><\/div>\n<div  class='flex_column av-fw32d-806c957ad61e216e9ecabb004323dbd1 av_three_fifth  avia-builder-el-1  el_after_av_one_fifth  el_before_av_one_fifth  flex_column_div  '     ><style type=\"text\/css\" data-created_by=\"avia_inline_auto\" id=\"style-css-av-mbhpk8d4-3f13bf3cbc185d27efa4cce778843229\">\n.avia-image-container.av-mbhpk8d4-3f13bf3cbc185d27efa4cce778843229 img.avia_image{\nbox-shadow:none;\n}\n.avia-image-container.av-mbhpk8d4-3f13bf3cbc185d27efa4cce778843229 .av-image-caption-overlay-center{\ncolor:#ffffff;\n}\n<\/style>\n<div  class='avia-image-container av-mbhpk8d4-3f13bf3cbc185d27efa4cce778843229 av-styling- avia-align-center  avia-builder-el-2  avia-builder-el-no-sibling '   itemprop=\"image\" itemscope=\"itemscope\" itemtype=\"https:\/\/schema.org\/ImageObject\" ><div class=\"avia-image-container-inner\"><div class=\"avia-image-overlay-wrap\"><img decoding=\"async\" fetchpriority=\"high\" class='wp-image-40847 avia-img-lazy-loading-not-40847 avia_image ' src=\"https:\/\/forms.ibb.gov.tr\/genclikhizmetleri\/wp-content\/uploads\/sites\/62\/2025\/10\/Ders-Atolyeleri.png\" alt='' title='Ders At\u00f6lyeleri'  height=\"78\" width=\"300\"  itemprop=\"thumbnailUrl\"  \/><\/div><\/div><\/div><\/div>\n<div  class='flex_column av-2ktxkl-11e834efaa4f9a6bb87626ca9af99245 av_one_fifth  avia-builder-el-3  el_after_av_three_fifth  el_before_av_hr  flex_column_div  '     ><\/div>\n\n<style type=\"text\/css\" data-created_by=\"avia_inline_auto\" id=\"style-css-av-puar23-00c36db3b755059b335fc4ffc46ce2d6\">\n#top .hr.hr-invisible.av-puar23-00c36db3b755059b335fc4ffc46ce2d6{\nheight:50px;\n}\n<\/style>\n<div  class='hr av-puar23-00c36db3b755059b335fc4ffc46ce2d6 hr-invisible  avia-builder-el-4  el_after_av_one_fifth  el_before_av_heading '><span class='hr-inner '><span class=\"hr-inner-style\"><\/span><\/span><\/div>\n\n<style type=\"text\/css\" data-created_by=\"avia_inline_auto\" id=\"style-css-av-mm1q797w-0b598af196737fc7293af9fcb4e74af7\">\n#top .av-special-heading.av-mm1q797w-0b598af196737fc7293af9fcb4e74af7{\npadding-bottom:10px;\ncolor:#05428c;\n}\nbody .av-special-heading.av-mm1q797w-0b598af196737fc7293af9fcb4e74af7 .av-special-heading-tag .heading-char{\nfont-size:25px;\n}\n.av-special-heading.av-mm1q797w-0b598af196737fc7293af9fcb4e74af7 .special-heading-inner-border{\nborder-color:#05428c;\n}\n.av-special-heading.av-mm1q797w-0b598af196737fc7293af9fcb4e74af7 .av-subheading{\nfont-size:15px;\n}\n<\/style>\n<div  class='av-special-heading av-mm1q797w-0b598af196737fc7293af9fcb4e74af7 av-special-heading-h2 custom-color-heading blockquote elegant-quote elegant-centered  avia-builder-el-5  el_after_av_hr  el_before_av_one_third '><h2 class='av-special-heading-tag '  itemprop=\"headline\"  ><span class=\"heading-wrap\">\u0130BB Ders At\u00f6lyeleri\u2019nde Deneme Kul\u00fcb\u00fc Kay\u0131tlar\u0131m\u0131z Ba\u015flad\u0131!<\/span><\/h2><div class=\"special-heading-border\"><div class=\"special-heading-inner-border\"><\/div><\/div><\/div>\n<div  class='flex_column av-z8j4u9-40859defa6f4fc6c46aa24891c0399b7 av_one_third  avia-builder-el-6  el_after_av_heading  el_before_av_two_third  first flex_column_div  '     ><style type=\"text\/css\" data-created_by=\"avia_inline_auto\" id=\"style-css-av-mlt6a2z1-a0859e4d20c09dbd98fbe258ccb74bc6\">\n.avia-image-container.av-mlt6a2z1-a0859e4d20c09dbd98fbe258ccb74bc6 img.avia_image{\nbox-shadow:none;\n}\n.avia-image-container.av-mlt6a2z1-a0859e4d20c09dbd98fbe258ccb74bc6 .av-image-caption-overlay-center{\ncolor:#ffffff;\n}\n<\/style>\n<div  class='avia-image-container av-mlt6a2z1-a0859e4d20c09dbd98fbe258ccb74bc6 av-styling- avia-align-center  avia-builder-el-7  avia-builder-el-no-sibling '   itemprop=\"image\" itemscope=\"itemscope\" itemtype=\"https:\/\/schema.org\/ImageObject\" ><div class=\"avia-image-container-inner\"><div class=\"avia-image-overlay-wrap\"><img decoding=\"async\" fetchpriority=\"high\" class='wp-image-46875 avia-img-lazy-loading-not-46875 avia_image ' src=\"https:\/\/forms.ibb.gov.tr\/genclikhizmetleri\/wp-content\/uploads\/sites\/62\/2026\/03\/POST-copy_2x-100.jpg\" alt='' title='POST copy@2x-100'  height=\"400\" width=\"320\"  itemprop=\"thumbnailUrl\"  \/><\/div><\/div><\/div><\/div>\n<div  class='flex_column av-k17cf5-f2eabb6b365435a34fae344297b1dc89 av_two_third  avia-builder-el-8  el_after_av_one_third  el_before_av_one_full  flex_column_div  '     ><div  class='tabcontainer av-mm1pq27m-bed2731d3b3e61295549e9fc864a0c5b top_tab  avia-builder-el-9  avia-builder-el-no-sibling '>\n<section class='av_tab_section av_tab_section av-mm1ppzns-481bf946f8a7c1499bbc19e438d86622'  itemscope=\"itemscope\" itemtype=\"https:\/\/schema.org\/CreativeWork\" ><div id='tab-id-1-tab' class='tab active_tab' role='tab' aria-selected=\"true\" tabindex=\"0\" data-fake-id='#tab-id-1' aria-controls='tab-id-1-content'  itemprop=\"headline\" >Deneme Kul\u00fcpleri Hakk\u0131nda<\/div><div id='tab-id-1-content' class='tab_content active_tab_content' role='tabpanel' aria-labelledby='tab-id-1-tab' aria-hidden=\"false\"><div class='tab_inner_content invers-color'  itemprop=\"text\" ><p align=\"justify\" data-start=\"82\" data-end=\"412\"><span style=\"color: #003366\">\u0130BB Gen\u00e7lik Hizmetleri \u015eube M\u00fcd\u00fcrl\u00fc\u011f\u00fc taraf\u0131ndan <span style=\"color: #a60c0c\"><strong style=\"color: #a60c0c\">12 farkl\u0131<\/strong> <\/span>noktada uygulanacak Deneme Kul\u00fcpleri Projesi <span style=\"color: #a60c0c\"><strong style=\"color: #a60c0c\">3 Mart<\/strong> <\/span>itibar\u0131yla ba\u015flayacakt\u0131r. Mart\u2013Aral\u0131k d\u00f6neminde toplam <strong><span style=\"color: #a60c0c\">40.000<\/span><\/strong> deneme s\u0131nav\u0131 ve <span style=\"color: #a60c0c\"><strong style=\"color: #a60c0c\">1.175<\/strong><\/span> oturum ger\u00e7ekle\u015ftirilmesi planlanmaktad\u0131r.<\/span><\/p>\n<p align=\"justify\" data-start=\"82\" data-end=\"412\"><span style=\"color: #003366\">May\u0131s ay\u0131 ba\u015fvurular\u0131 <strong><span style=\"color: #a60c0c\">1 Nisan \u2013 25 Nisan <\/span><\/strong>tarihleri aras\u0131nda al\u0131nacakt\u0131r. Deneme kul\u00fcplerine kay\u0131tlar, \u00f6\u011frencilerin devam durumuna ba\u011fl\u0131 olarak her ay yeniden a\u00e7\u0131lacakt\u0131r.<\/span><\/p>\n<p align=\"justify\" data-start=\"82\" data-end=\"412\"><span style=\"color: #003366\">Proje kapsam\u0131nda <strong><span style=\"color: #a60c0c\">TYT, AYT ve LGS <\/span><\/strong>denemeleri yap\u0131lacakt\u0131r. Mart\u2013Haziran d\u00f6nemi i\u00e7in ba\u015fvurular \u0130BB Forms \u00fczerinden al\u0131nacak, kontenjan d\u00e2hilinde kabul edilen adaylara SMS ile bilgilendirme yap\u0131lacakt\u0131r.<\/span><\/p>\n<p align=\"justify\" data-start=\"82\" data-end=\"412\"><span style=\"color: #003366\"><span style=\"color: #a60c0c\"><strong style=\"color: #a60c0c\">\u0130leti\u015fim:<\/strong> <\/span>0212 312 6777<\/span><\/p>\n<\/div><\/div><\/section>\n<section class='av_tab_section av_tab_section av-mm1pql4i-ddebeed38184775039111a8ccb4d68d0'  itemscope=\"itemscope\" itemtype=\"https:\/\/schema.org\/CreativeWork\" ><div id='tab-id-2-tab' class='tab' role='tab' aria-selected=\"false\" tabindex=\"0\" data-fake-id='#tab-id-2' aria-controls='tab-id-2-content'  itemprop=\"headline\" >Deneme Yap\u0131lacak At\u00f6lye Bilgileri<\/div><div id='tab-id-2-content' class='tab_content' role='tabpanel' aria-labelledby='tab-id-2-tab' aria-hidden=\"true\"><div class='tab_inner_content invers-color'  itemprop=\"text\" ><h6 style=\"text-align: center\"><span style=\"color: #a60c0c\"><strong>Deneme Yap\u0131lacak At\u00f6lye Bilgileri<\/strong><\/span><\/h6>\n<table border=\"0\" width=\"708\" cellspacing=\"0\" cellpadding=\"0\">\n<tbody>\n<tr>\n<td width=\"340\"><span style=\"color: #a60c0c\"><strong style=\"color: #a60c0c\">1. \u0130BB Bak\u0131rk\u00f6y Ders At\u00f6lyesi<\/strong><\/span><br \/>\n<span style=\"color: #003366\"> (Cevizlik Mahallesi, \u0130stanbul Caddesi, No:51\/A Bak\u0131rk\u00f6y\/\u0130stanbul)<\/span><\/td>\n<td width=\"340\"><span style=\"color: #a60c0c\"><strong style=\"color: #a60c0c\">2. \u0130BB Gaziosmanpa\u015fa Ders At\u00f6lyesi<\/strong><\/span><br \/>\n<span style=\"color: #003366\"> (Merkez Mahallesi Ba\u011flar Caddesi No:36 Gaziosmanpa\u015fa \/ \u0130stanbul)<\/span><\/td>\n<\/tr>\n<tr>\n<td width=\"340\"><span style=\"color: #a60c0c\"><strong style=\"color: #a60c0c\">3. \u0130BB Ba\u011fc\u0131lar C\u00fcneyt Ark\u0131n Gen\u00e7lik Merkezi<\/strong><\/span><br \/>\n<span style=\"color: #003366\"> (Yenimahalle Mah. 1359. Sokak:13 Ba\u011fc\u0131lar \/ \u0130stanbul)<\/span><\/td>\n<td width=\"340\"><span style=\"color: #a60c0c\"><strong style=\"color: #a60c0c\">4. \u0130BB K\u00fc\u00e7\u00fck\u00e7ekmece Filenin Sultanlar\u0131 Gen\u00e7lik Merkezi<\/strong><\/span><br \/>\n<span style=\"color: #003366\"> (Atakent Mahallesi Turgut \u00d6zal Bulvar\u0131 No: 34C K\u00fc\u00e7\u00fck\u00e7ekmece\/\u0130stanbul)<\/span><\/td>\n<\/tr>\n<tr>\n<td width=\"340\"><span style=\"color: #a60c0c\"><strong style=\"color: #a60c0c\">5. \u0130BB G\u00fcng\u00f6ren Teknoloji At\u00f6lyesi<\/strong><\/span><br \/>\n<span style=\"color: #003366\"> (Gen\u00e7osman mah. \u00c7in\u00e7indere cad. No.76 Erdem Bayaz\u0131t K\u00fclt\u00fcr Merkezi \u2013 G\u00fcng\u00f6ren \/ \u0130stanbul)<\/span><\/td>\n<td width=\"340\"><span style=\"color: #a60c0c\"><strong style=\"color: #a60c0c\">\u00a06. \u0130BB Esenler Teknoloji At\u00f6lyesi<\/strong><\/span><br \/>\n<span style=\"color: #003366\"> (Yavuz Selim, Fevzi \u00c7akmak Cd., 34220 Prof. Dr. Adem Ba\u015ft\u00fcrk K\u00fclt\u00fcr Merkezi &#8211; Esenler\/\u0130stanbul)<\/span><\/td>\n<\/tr>\n<tr>\n<td width=\"340\"><span style=\"color: #a60c0c\"><strong style=\"color: #a60c0c\">7. \u0130BB Esenyurt Teknoloji At\u00f6lyesi<\/strong><\/span><br \/>\n<span style=\"color: #003366\"> (\u00dc\u00e7evler Mah, Do\u011fan Arasl\u0131 Blv. No:103, 34320 Esenyurt Belediyesi Naz\u0131m Hikmet K\u00fclt\u00fcr Merkezi \u2013 Esenyurt \/ \u0130stanbul)<\/span><\/td>\n<td width=\"340\"><span style=\"color: #a60c0c\"><strong style=\"color: #a60c0c\">8. \u0130BB Fatih Teknoloji At\u00f6lyesi<\/strong><\/span><br \/>\n<span style=\"color: #003366\"> (H\u0131rka-i \u015eerif, Ak\u015femsettin Cd. No:66, 34134 Fatih Ali Emiri K\u00fclt\u00fcr Merkezi &#8211; Fatih \/ \u0130stanbul)<\/span><\/td>\n<\/tr>\n<tr>\n<td width=\"340\"><span style=\"color: #a60c0c\"><strong style=\"color: #a60c0c\">9. \u0130BB Mecidiyek\u00f6y Teknoloji At\u00f6lyesi<\/strong><\/span><br \/>\n<span style=\"color: #003366\"> (Fulya Mah. Garaj Sk. No:11\/B Mecidiyek\u00f6y Fulya, \u015ei\u015fli \/ \u0130stanbul &#8211; Z\u00fcbeyde Han\u0131m K\u0131z \u00d6\u011frenci Yurdu Yan\u0131)<\/span><\/td>\n<td width=\"340\"><span style=\"color: #a60c0c\"><strong style=\"color: #a60c0c\">10. \u0130BB Pendik Teknoloji At\u00f6lyesi<\/strong><\/span><br \/>\n<span style=\"color: #003366\"> (Orta Mah.Nuri Bilge Sok No:3 Pendik, 34896 \u2013 Pendik \/ \u0130stanbul)<\/span><\/td>\n<\/tr>\n<tr>\n<td width=\"340\"><span style=\"color: #a60c0c\"><strong style=\"color: #a60c0c\">11. \u0130BB Tuzla Teknoloji At\u00f6lyesi<\/strong><\/span><br \/>\n<span style=\"color: #003366\"> (\u0130\u00e7meler, Ayd\u0131nl\u0131 Yolu Cd., 34947 \u0130dris G\u00fcll\u00fcce K\u00fclt\u00fcr Merkezi \u2013 Tuzla \/ \u0130stanbul)<\/span><\/td>\n<td width=\"340\"><span style=\"color: #a60c0c\"><strong style=\"color: #a60c0c\">12. \u0130BB \u00dcmraniye Teknoloji At\u00f6lyesi<\/strong><\/span><br \/>\n<span style=\"color: #003366\"> (Yaman Evler, Alemda\u011f Cd No:167, 34768 Haldun Alaga\u015f Spor Kompleksi \u2013 \u00dcmraniye \/ \u0130stanbul)<\/span><\/td>\n<\/tr>\n<\/tbody>\n<\/table>\n<\/div><\/div><\/section>\n<section class='av_tab_section av_tab_section av-mm1q9ymf-a52c30ea83d1c7af278386f37f2261fb'  itemscope=\"itemscope\" itemtype=\"https:\/\/schema.org\/CreativeWork\" ><div id='tab-id-3-tab' class='tab' role='tab' aria-selected=\"false\" tabindex=\"0\" data-fake-id='#tab-id-3' aria-controls='tab-id-3-content'  itemprop=\"headline\" >Ba\u015fvuru Ko\u015fullar\u0131<\/div><div id='tab-id-3-content' class='tab_content' role='tabpanel' aria-labelledby='tab-id-3-tab' aria-hidden=\"true\"><div class='tab_inner_content invers-color'  itemprop=\"text\" ><h5><span style=\"color: #a60c0c\"><strong>\u0130BB Ders At\u00f6lyeleri Deneme Kul\u00fcpleri Ba\u015fvuru Ko\u015fullar\u0131<\/strong><\/span><\/h5>\n<ol style=\"color: #003366\">\n<li><span style=\"color: #003366\">T.C. Vatanda\u015f\u0131 Olmak,<\/span><\/li>\n<li><span style=\"color: #003366\">\u00a0\u0130stanbul il s\u0131n\u0131rlar\u0131 ic\u0327erisinde ikamet etmesi,<\/span><\/li>\n<li><span style=\"color: #003366\">\u00d6g\u0306rencinin (LGS grubu i\u00e7in) 8. s\u0131n\u0131f \u00f6\u011frencisi, (YKS grubu i\u00e7in ise) 12. s\u0131n\u0131f \u00f6\u011frencisi veya lise mezunu olmas\u0131,<\/span><\/li>\n<li><span style=\"color: #003366\">Lise mezunu adaylar\u0131n 29 ya\u015f\u0131n\u0131 doldurmam\u0131\u015f olmas\u0131 gerekmektedir.<\/span><\/li>\n<\/ol>\n<\/div><\/div><\/section>\n<section class='av_tab_section av_tab_section av-mm1qab8l-5c3a3f007d229b80c7d18d0178c51e2a'  itemscope=\"itemscope\" itemtype=\"https:\/\/schema.org\/CreativeWork\" ><div id='tab-id-4-tab' class='tab' role='tab' aria-selected=\"false\" tabindex=\"0\" data-fake-id='#tab-id-4' aria-controls='tab-id-4-content'  itemprop=\"headline\" >Kesin Kay\u0131t Evraklar\u0131<\/div><div id='tab-id-4-content' class='tab_content' role='tabpanel' aria-labelledby='tab-id-4-tab' aria-hidden=\"true\"><div class='tab_inner_content invers-color'  itemprop=\"text\" ><h5><span style=\"color: #a60c0c\"><strong>\u0130BB Ders At\u00f6lyeleri Deneme Kul\u00fcpleri Kesin Kay\u0131t Esnas\u0131nda \u0130stenen Evraklar<\/strong><\/span><\/h5>\n<ol style=\"color: #003366\">\n<li><span style=\"color: #003366\">T.C. kimlik kart\u0131 fotokopisi,<\/span><\/li>\n<li><span style=\"color: #003366\">Kay\u0131t Formu (Kurum taraf\u0131ndan sa\u011flanacak, \u00f6\u011frenci ve\/veya veli taraf\u0131ndan imzalanacak)<\/span><\/li>\n<\/ol>\n<\/div><\/div><\/section>\n<\/div><\/div><div  class='flex_column av-2p4w9x-b8b912fd8f8381ad683503c3536bffbb av_one_full  avia-builder-el-10  el_after_av_two_third  avia-builder-el-last  first flex_column_div  column-top-margin'     ><p>\n<style type=\"text\/css\" data-created_by=\"avia_inline_auto\" id=\"style-css-av-mbhrclms-87d7d834582faa3f2deffb3478aea3d6\">\n#top .av-special-heading.av-mbhrclms-87d7d834582faa3f2deffb3478aea3d6{\npadding-bottom:10px;\ncolor:#05428c;\n}\nbody .av-special-heading.av-mbhrclms-87d7d834582faa3f2deffb3478aea3d6 .av-special-heading-tag .heading-char{\nfont-size:25px;\n}\n.av-special-heading.av-mbhrclms-87d7d834582faa3f2deffb3478aea3d6 .special-heading-inner-border{\nborder-color:#05428c;\n}\n.av-special-heading.av-mbhrclms-87d7d834582faa3f2deffb3478aea3d6 .av-subheading{\nfont-size:15px;\n}\n<\/style>\n<div  class='av-special-heading av-mbhrclms-87d7d834582faa3f2deffb3478aea3d6 av-special-heading-h2 custom-color-heading blockquote elegant-quote elegant-centered  avia-builder-el-11  el_before_av_codeblock  avia-builder-el-first '><h2 class='av-special-heading-tag '  itemprop=\"headline\"  ><span class=\"heading-wrap\">\u0130BB Ders At\u00f6lyeleri Deneme Kul\u00fcpleri Ba\u015fvuru Formu<\/span><\/h2><div class=\"special-heading-border\"><div class=\"special-heading-inner-border\"><\/div><\/div><\/div><br \/>\n<\/p><\/div><\/p>\n","protected":false},"excerpt":{"rendered":"","protected":false},"author":71845,"featured_media":{"id":46064,"url":"https:\/\/forms.ibb.gov.tr\/genclikhizmetleri\/wp-content\/uploads\/sites\/62\/2026\/02\/POST_2x-100.jpg","sizes":{"thumbnail":"https:\/\/forms.ibb.gov.tr\/genclikhizmetleri\/wp-content\/uploads\/sites\/62\/2026\/02\/POST_2x-100.jpg","medium":"https:\/\/forms.ibb.gov.tr\/genclikhizmetleri\/wp-content\/uploads\/sites\/62\/2026\/02\/POST_2x-100.jpg","medium_large":"https:\/\/forms.ibb.gov.tr\/genclikhizmetleri\/wp-content\/uploads\/sites\/62\/2026\/02\/POST_2x-100.jpg","large":"https:\/\/forms.ibb.gov.tr\/genclikhizmetleri\/wp-content\/uploads\/sites\/62\/2026\/02\/POST_2x-100.jpg","1536x1536":"https:\/\/forms.ibb.gov.tr\/genclikhizmetleri\/wp-content\/uploads\/sites\/62\/2026\/02\/POST_2x-100.jpg","2048x2048":"https:\/\/forms.ibb.gov.tr\/genclikhizmetleri\/wp-content\/uploads\/sites\/62\/2026\/02\/POST_2x-100.jpg","widget":"https:\/\/forms.ibb.gov.tr\/genclikhizmetleri\/wp-content\/uploads\/sites\/62\/2026\/02\/POST_2x-100.jpg","square":"https:\/\/forms.ibb.gov.tr\/genclikhizmetleri\/wp-content\/uploads\/sites\/62\/2026\/02\/POST_2x-100.jpg","featured":"https:\/\/forms.ibb.gov.tr\/genclikhizmetleri\/wp-content\/uploads\/sites\/62\/2026\/02\/POST_2x-100.jpg","featured_large":"https:\/\/forms.ibb.gov.tr\/genclikhizmetleri\/wp-content\/uploads\/sites\/62\/2026\/02\/POST_2x-100.jpg","extra_large":"https:\/\/forms.ibb.gov.tr\/genclikhizmetleri\/wp-content\/uploads\/sites\/62\/2026\/02\/POST_2x-100.jpg","portfolio":"https:\/\/forms.ibb.gov.tr\/genclikhizmetleri\/wp-content\/uploads\/sites\/62\/2026\/02\/POST_2x-100.jpg","portfolio_small":"https:\/\/forms.ibb.gov.tr\/genclikhizmetleri\/wp-content\/uploads\/sites\/62\/2026\/02\/POST_2x-100.jpg","gallery":"https:\/\/forms.ibb.gov.tr\/genclikhizmetleri\/wp-content\/uploads\/sites\/62\/2026\/02\/POST_2x-100.jpg","magazine":"https:\/\/forms.ibb.gov.tr\/genclikhizmetleri\/wp-content\/uploads\/sites\/62\/2026\/02\/POST_2x-100.jpg","masonry":"https:\/\/forms.ibb.gov.tr\/genclikhizmetleri\/wp-content\/uploads\/sites\/62\/2026\/02\/POST_2x-100.jpg","entry_with_sidebar":"https:\/\/forms.ibb.gov.tr\/genclikhizmetleri\/wp-content\/uploads\/sites\/62\/2026\/02\/POST_2x-100.jpg","entry_without_sidebar":"https:\/\/forms.ibb.gov.tr\/genclikhizmetleri\/wp-content\/uploads\/sites\/62\/2026\/02\/POST_2x-100.jpg"}},"parent":0,"menu_order":0,"comment_status":"closed","ping_status":"closed","template":"template-blank.php","meta":{"footnotes":""},"categories":[],"tags":[],"class_list":["post-45825","page","type-page","status-publish","format-standard","has-post-thumbnail","hentry"],"_links":{"self":[{"href":"https:\/\/forms.ibb.gov.tr\/genclikhizmetleri\/wp-json\/wp\/v2\/pages\/45825","targetHints":{"allow":["GET"]}}],"collection":[{"href":"https:\/\/forms.ibb.gov.tr\/genclikhizmetleri\/wp-json\/wp\/v2\/pages"}],"about":[{"href":"https:\/\/forms.ibb.gov.tr\/genclikhizmetleri\/wp-json\/wp\/v2\/types\/page"}],"author":[{"embeddable":true,"href":"https:\/\/forms.ibb.gov.tr\/genclikhizmetleri\/wp-json\/wp\/v2\/users\/71845"}],"replies":[{"embeddable":true,"href":"https:\/\/forms.ibb.gov.tr\/genclikhizmetleri\/wp-json\/wp\/v2\/comments?post=45825"}],"version-history":[{"count":82,"href":"https:\/\/forms.ibb.gov.tr\/genclikhizmetleri\/wp-json\/wp\/v2\/pages\/45825\/revisions"}],"predecessor-version":[{"id":47676,"href":"https:\/\/forms.ibb.gov.tr\/genclikhizmetleri\/wp-json\/wp\/v2\/pages\/45825\/revisions\/47676"}],"wp:featuredmedia":[{"embeddable":true,"href":"https:\/\/forms.ibb.gov.tr\/genclikhizmetleri\/wp-json\/wp\/v2\/media\/46064"}],"wp:attachment":[{"href":"https:\/\/forms.ibb.gov.tr\/genclikhizmetleri\/wp-json\/wp\/v2\/media?parent=45825"}],"wp:term":[{"taxonomy":"category","embeddable":true,"href":"https:\/\/forms.ibb.gov.tr\/genclikhizmetleri\/wp-json\/wp\/v2\/categories?post=45825"},{"taxonomy":"post_tag","embeddable":true,"href":"https:\/\/forms.ibb.gov.tr\/genclikhizmetleri\/wp-json\/wp\/v2\/tags?post=45825"}],"curies":[{"name":"wp","href":"https:\/\/api.w.org\/{rel}","templated":true}]}}