{"id":47901,"date":"2026-04-26T12:25:12","date_gmt":"2026-04-26T09:25:12","guid":{"rendered":"https:\/\/forms.ibb.gov.tr\/genclikhizmetleri\/?page_id=47901"},"modified":"2026-04-27T14:26:06","modified_gmt":"2026-04-27T11:26:06","slug":"ibb-genclik-ofisleri-yabanci-dil-2026-2donem-egitimleri","status":"publish","type":"page","link":"https:\/\/forms.ibb.gov.tr\/genclikhizmetleri\/ibb-genclik-ofisleri-yabanci-dil-2026-2donem-egitimleri\/","title":{"rendered":"\u0130BB Gen\u00e7lik Ofisleri 2026 2.D\u00f6nem Yabanc\u0131 Dil E\u011fitimleri"},"content":{"rendered":"<div  class='flex_column av-1casy1-93fac0d65091a5674ea0250e1ed4a994 av_one_fifth  avia-builder-el-0  el_before_av_one_fifth  avia-builder-el-first  first flex_column_div  '     ><\/div>\n<div  class='flex_column av-17acsx-13bd486836e9d1519a871d0c3f913a75 av_one_fifth  avia-builder-el-1  el_after_av_one_fifth  el_before_av_two_fifth  flex_column_div  '     ><style type=\"text\/css\" data-created_by=\"avia_inline_auto\" id=\"style-css-av-makr6fvp-5b8dd7f3127aff08f59a0969c6f0f4b4\">\n.avia-image-container.av-makr6fvp-5b8dd7f3127aff08f59a0969c6f0f4b4 img.avia_image{\nbox-shadow:none;\n}\n.avia-image-container.av-makr6fvp-5b8dd7f3127aff08f59a0969c6f0f4b4 .av-image-caption-overlay-center{\ncolor:#ffffff;\n}\n<\/style>\n<div  class='avia-image-container av-makr6fvp-5b8dd7f3127aff08f59a0969c6f0f4b4 av-styling- avia-align-center  avia-builder-el-2  avia-builder-el-no-sibling '   itemprop=\"image\" itemscope=\"itemscope\" itemtype=\"https:\/\/schema.org\/ImageObject\" ><div class=\"avia-image-container-inner\"><div class=\"avia-image-overlay-wrap\"><img decoding=\"async\" fetchpriority=\"high\" class='wp-image-373 avia-img-lazy-loading-not-373 avia_image ' src=\"https:\/\/forms.ibb.gov.tr\/genclikhizmetleri\/wp-content\/uploads\/sites\/62\/2025\/04\/GO_LOGO-2.png\" alt='' title='GO_LOGO'  height=\"88\" width=\"150\"  itemprop=\"thumbnailUrl\"  \/><\/div><\/div><\/div><\/div>\n<div  class='flex_column av-970e1-8f55d225f22f8ed47a92fa08515a3fcb av_two_fifth  avia-builder-el-3  el_after_av_one_fifth  el_before_av_one_fifth  flex_column_div  '     ><style type=\"text\/css\" data-created_by=\"avia_inline_auto\" id=\"style-css-av-makz98fg-460225cb7662224a7a0f6c2ddbe5a0f1\">\n.avia-image-container.av-makz98fg-460225cb7662224a7a0f6c2ddbe5a0f1 img.avia_image{\nbox-shadow:none;\n}\n.avia-image-container.av-makz98fg-460225cb7662224a7a0f6c2ddbe5a0f1 .av-image-caption-overlay-center{\ncolor:#ffffff;\n}\n<\/style>\n<div  class='avia-image-container av-makz98fg-460225cb7662224a7a0f6c2ddbe5a0f1 av-styling- avia-align-center  avia-builder-el-4  avia-builder-el-no-sibling '   itemprop=\"image\" itemscope=\"itemscope\" itemtype=\"https:\/\/schema.org\/ImageObject\" ><div class=\"avia-image-container-inner\"><div class=\"avia-image-overlay-wrap\"><img decoding=\"async\" fetchpriority=\"high\" class='wp-image-216 avia-img-lazy-loading-not-216 avia_image ' src=\"https:\/\/forms.ibb.gov.tr\/genclikhizmetleri\/wp-content\/uploads\/sites\/62\/2025\/04\/DB_GHM_LOGO-1.png\" alt='' title='DB_GHM_LOGO-1'  height=\"124\" width=\"495\"  itemprop=\"thumbnailUrl\"  \/><\/div><\/div><\/div><\/div>\n<div  class='flex_column av-134bkh-755ba1e99a74359408e121a871473242 av_one_fifth  avia-builder-el-5  el_after_av_two_fifth  el_before_av_one_full  flex_column_div  '     ><\/div>\n<div  class='flex_column av-81d5t-08903730f4d8b0afed6378b5a6d40c2e av_one_full  avia-builder-el-6  el_after_av_one_fifth  el_before_av_one_third  first flex_column_div  column-top-margin'     ><style type=\"text\/css\" data-created_by=\"avia_inline_auto\" id=\"style-css-av-makze0ng-3bafbfcf2f735a1ca3d81d567d6050c4\">\n#top .av-special-heading.av-makze0ng-3bafbfcf2f735a1ca3d81d567d6050c4{\npadding-bottom:10px;\ncolor:#05428c;\n}\nbody .av-special-heading.av-makze0ng-3bafbfcf2f735a1ca3d81d567d6050c4 .av-special-heading-tag .heading-char{\nfont-size:25px;\n}\n.av-special-heading.av-makze0ng-3bafbfcf2f735a1ca3d81d567d6050c4 .special-heading-inner-border{\nborder-color:#05428c;\n}\n.av-special-heading.av-makze0ng-3bafbfcf2f735a1ca3d81d567d6050c4 .av-subheading{\nfont-size:15px;\n}\n<\/style>\n<div  class='av-special-heading av-makze0ng-3bafbfcf2f735a1ca3d81d567d6050c4 av-special-heading-h3 custom-color-heading blockquote elegant-quote elegant-centered  avia-builder-el-7  avia-builder-el-no-sibling '><h3 class='av-special-heading-tag '  itemprop=\"headline\"  ><span class=\"heading-wrap\">\u0130BB GEN\u00c7L\u0130K OF\u0130SLER\u0130 2.D\u00d6NEM YABANCI D\u0130L E\u011e\u0130T\u0130MLER\u0130 BA\u015eVURU FORMU<\/span><\/h3><div class=\"special-heading-border\"><div class=\"special-heading-inner-border\"><\/div><\/div><\/div><\/div>\n<div  class='flex_column av-fg3s9-9faddbe1b7a7c6f543ed3f25421ca9f0 av_one_third  avia-builder-el-8  el_after_av_one_full  el_before_av_two_third  first flex_column_div  column-top-margin'     ><p>\n<style type=\"text\/css\" data-created_by=\"avia_inline_auto\" id=\"style-css-av-makr9lce-467b62499df24fec29d87bf77b44d359\">\n.avia-image-container.av-makr9lce-467b62499df24fec29d87bf77b44d359 img.avia_image{\nbox-shadow:none;\n}\n.avia-image-container.av-makr9lce-467b62499df24fec29d87bf77b44d359 .av-image-caption-overlay-center{\ncolor:#ffffff;\n}\n<\/style>\n<div  class='avia-image-container av-makr9lce-467b62499df24fec29d87bf77b44d359 av-styling- avia-align-center  avia-builder-el-9  el_before_av_hr  avia-builder-el-first '   itemprop=\"image\" itemscope=\"itemscope\" itemtype=\"https:\/\/schema.org\/ImageObject\" ><div class=\"avia-image-container-inner\"><div class=\"avia-image-overlay-wrap\"><img decoding=\"async\" fetchpriority=\"high\" class='wp-image-47927 avia-img-lazy-loading-not-47927 avia_image ' src=\"https:\/\/forms.ibb.gov.tr\/genclikhizmetleri\/wp-content\/uploads\/sites\/62\/2026\/04\/YABANCI-DIL-POST.jpg\" alt='' title='YABANCI D\u0130L POST'  height=\"400\" width=\"320\"  itemprop=\"thumbnailUrl\"  \/><\/div><\/div><\/div><br \/>\n\n<style type=\"text\/css\" data-created_by=\"avia_inline_auto\" id=\"style-css-av-male6duj-d02237715513342fa0e3f12305de25c0\">\n#top .hr.hr-invisible.av-male6duj-d02237715513342fa0e3f12305de25c0{\nheight:30px;\n}\n<\/style>\n<div  class='hr av-male6duj-d02237715513342fa0e3f12305de25c0 hr-invisible  avia-builder-el-10  el_after_av_image  el_before_av_textblock '><span class='hr-inner '><span class=\"hr-inner-style\"><\/span><\/span><\/div><br \/>\n<section  class='av_textblock_section av-male630v-e226ce7dc9834806de4330d7603ea1c0 '   itemscope=\"itemscope\" itemtype=\"https:\/\/schema.org\/CreativeWork\" ><div class='avia_textblock'  itemprop=\"text\" ><p style=\"text-align: center\"><strong>\u0130BB Gen\u00e7lik Ofisleri Yabanc\u0131 Dil E\u011fitim Ba\u015fvurular\u0131 Ba\u015flad\u0131!<\/strong><\/p>\n<p><span style=\"color: #003366\">15-29 ya\u015f aras\u0131 gen\u00e7lerin ki\u015fisel ve mesleki geli\u015fimlerine katk\u0131 sunmay\u0131 ama\u00e7layan e\u011fitimler; Ba\u011fc\u0131lar C\u00fcneyt Ark\u0131n Gen\u00e7lik Merkezi, Bak\u0131rk\u00f6y, Sar\u0131yer Kire\u00e7burnu Gen\u00e7lik Ofisi, Gaziosmanpa\u015fa, K\u00fc\u00e7\u00fck\u00e7ekmece, Sar\u0131yer Hisar\u00fcst\u00fc, Sultangazi\u00a0 ve \u00dcmraniye Haldun Alaga\u015f Gen\u00e7lik Ofisi olmak \u00fczere toplam sekiz merkezde ger\u00e7ekle\u015ftirilecektir.<\/span><\/p>\n<p><span style=\"color: #003366\">3 ana kategori ve 13 farkl\u0131 bran\u015fta verilecek olan e\u011fitimler, \u00fc\u00e7 ay boyunca devam edecektir.<\/span><\/p>\n<ul>\n<li><span style=\"color: #003366\"><strong>Yabanc\u0131 Dil: <\/strong>\u0130ngilizce, \u0130ngilizce Konu\u015fma Kul\u00fcb\u00fc, Korece, Almanca<\/span><\/li>\n<li><span style=\"color: #003366\"><strong>Sanat: <\/strong>Bateri, Tiyatro ve Oyunculuk, Piyano, Oyun \u00c7\u0131karma At\u00f6lyesi, Hikaye Anlat\u0131c\u0131l\u0131\u011f\u0131, Keman, Gitar, Hat Sanat\u0131<\/span><\/li>\n<li><span style=\"color: #003366\"><strong>\u0130lk Yard\u0131m<\/strong><\/span><\/li>\n<\/ul>\n<p><span style=\"color: #003366\">E\u011fitimlere\u00a0<strong>%70 ve \u00fczeri<\/strong>\u00a0kat\u0131l\u0131m sa\u011flayan adaylar, program sonunda kat\u0131l\u0131m sertifikas\u0131 almaya hak kazanacakt\u0131r.<\/span><\/p>\n<p><span style=\"color: #003366\">T\u00fcm e\u011fitimler \u00fccretsiz olup, kontenjanla s\u0131n\u0131rl\u0131d\u0131r.<\/span><\/p>\n<p><span style=\"color: #003366\"><strong><u>Ba\u015fvuru Ko\u015fullar\u0131<\/u><\/strong><\/span><\/p>\n<p><span style=\"color: #003366\">L\u00fctfen ba\u015fvurunuza ba\u015flamadan \u00f6nce a\u015fa\u011f\u0131da listesi verilen kat\u0131l\u0131m ko\u015fullar\u0131n\u0131 inceleyiniz. A\u015fa\u011f\u0131daki \u015fartlar\u0131 kar\u015f\u0131lamayan ba\u015fvurular de\u011ferlendirmeye al\u0131nmamaktad\u0131r.<\/span><\/p>\n<ul>\n<li><span style=\"color: #003366\">15-29 ya\u015f aral\u0131\u011f\u0131nda olmak<\/span><\/li>\n<li><span style=\"color: #003366\">\u0130stanbul\u2019da ikamet etmek veya \u0130stanbul\u2019da e\u011fitim g\u00f6rmek.<\/span><\/li>\n<\/ul>\n<p><span style=\"color: #003366\"><strong><u>\u00d6nemli Duyurular<\/u><\/strong><\/span><\/p>\n<p><span style=\"color: #003366\">Ba\u015fvuru sonucu olumlu olarak de\u011ferlendirilen adaylar, sistem \u00fczerinden ba\u015fvuru s\u0131ras\u0131na g\u00f6re aranarak e\u011fitimlere kabul edilecektir.<\/span><\/p>\n<p><span style=\"color: #003366\">Ba\u015fvuru formunun eksiksiz ve do\u011fru bir \u015fekilde doldurulmas\u0131 gerekmektedir.<\/span><\/p>\n<p><span style=\"color: #003366\">Yan\u0131nda seviye (A1 vb.) belirtilmeyen dil e\u011fitimleri i\u00e7in, e\u011fitim \u00f6ncesinde seviye tespit s\u0131nav\u0131 uygulanacakt\u0131r. A\u00e7\u0131lacak kur, ger\u00e7ekle\u015ftirilecek seviye tespit s\u0131nav\u0131 sonu\u00e7lar\u0131na g\u00f6re, \u00f6\u011frenci \u00e7o\u011funlu\u011funun seviyesi esas al\u0131narak belirlenecektir.<\/span><\/p>\n<p><span style=\"color: #003366\">Program kapsam\u0131nda gitar e\u011fitimi, klasik gitar\u0131n temel d\u00fczeyinde verilecektir.<\/span><\/p>\n<p><span style=\"color: #003366\">Piyano ve keman e\u011fitimlerine ba\u015fvuran adaylar, kontenjan dahilinde yap\u0131lacak se\u00e7me ile e\u011fitimlere kabul edilecektir.<\/span><\/p>\n<\/div><\/section><\/p><\/div><div  class='flex_column av-97f1t-d1ededbce91e4925c68da49f45a82dad av_two_third  avia-builder-el-12  el_after_av_one_third  avia-builder-el-last  flex_column_div  column-top-margin'     ><\/div><\/p>\n","protected":false},"excerpt":{"rendered":"","protected":false},"author":71845,"featured_media":{"id":30948,"url":"https:\/\/forms.ibb.gov.tr\/genclikhizmetleri\/wp-content\/uploads\/sites\/62\/2025\/09\/Artboard-1-copy-30.jpg","sizes":{"thumbnail":"https:\/\/forms.ibb.gov.tr\/genclikhizmetleri\/wp-content\/uploads\/sites\/62\/2025\/09\/Artboard-1-copy-30.jpg","medium":"https:\/\/forms.ibb.gov.tr\/genclikhizmetleri\/wp-content\/uploads\/sites\/62\/2025\/09\/Artboard-1-copy-30.jpg","medium_large":"https:\/\/forms.ibb.gov.tr\/genclikhizmetleri\/wp-content\/uploads\/sites\/62\/2025\/09\/Artboard-1-copy-30.jpg","large":"https:\/\/forms.ibb.gov.tr\/genclikhizmetleri\/wp-content\/uploads\/sites\/62\/2025\/09\/Artboard-1-copy-30.jpg","1536x1536":"https:\/\/forms.ibb.gov.tr\/genclikhizmetleri\/wp-content\/uploads\/sites\/62\/2025\/09\/Artboard-1-copy-30.jpg","2048x2048":"https:\/\/forms.ibb.gov.tr\/genclikhizmetleri\/wp-content\/uploads\/sites\/62\/2025\/09\/Artboard-1-copy-30.jpg","widget":"https:\/\/forms.ibb.gov.tr\/genclikhizmetleri\/wp-content\/uploads\/sites\/62\/2025\/09\/Artboard-1-copy-30.jpg","square":"https:\/\/forms.ibb.gov.tr\/genclikhizmetleri\/wp-content\/uploads\/sites\/62\/2025\/09\/Artboard-1-copy-30.jpg","featured":"https:\/\/forms.ibb.gov.tr\/genclikhizmetleri\/wp-content\/uploads\/sites\/62\/2025\/09\/Artboard-1-copy-30.jpg","featured_large":"https:\/\/forms.ibb.gov.tr\/genclikhizmetleri\/wp-content\/uploads\/sites\/62\/2025\/09\/Artboard-1-copy-30.jpg","extra_large":"https:\/\/forms.ibb.gov.tr\/genclikhizmetleri\/wp-content\/uploads\/sites\/62\/2025\/09\/Artboard-1-copy-30.jpg","portfolio":"https:\/\/forms.ibb.gov.tr\/genclikhizmetleri\/wp-content\/uploads\/sites\/62\/2025\/09\/Artboard-1-copy-30.jpg","portfolio_small":"https:\/\/forms.ibb.gov.tr\/genclikhizmetleri\/wp-content\/uploads\/sites\/62\/2025\/09\/Artboard-1-copy-30.jpg","gallery":"https:\/\/forms.ibb.gov.tr\/genclikhizmetleri\/wp-content\/uploads\/sites\/62\/2025\/09\/Artboard-1-copy-30.jpg","magazine":"https:\/\/forms.ibb.gov.tr\/genclikhizmetleri\/wp-content\/uploads\/sites\/62\/2025\/09\/Artboard-1-copy-30.jpg","masonry":"https:\/\/forms.ibb.gov.tr\/genclikhizmetleri\/wp-content\/uploads\/sites\/62\/2025\/09\/Artboard-1-copy-30.jpg","entry_with_sidebar":"https:\/\/forms.ibb.gov.tr\/genclikhizmetleri\/wp-content\/uploads\/sites\/62\/2025\/09\/Artboard-1-copy-30.jpg","entry_without_sidebar":"https:\/\/forms.ibb.gov.tr\/genclikhizmetleri\/wp-content\/uploads\/sites\/62\/2025\/09\/Artboard-1-copy-30.jpg"}},"parent":0,"menu_order":0,"comment_status":"closed","ping_status":"closed","template":"","meta":{"footnotes":""},"categories":[],"tags":[],"class_list":["post-47901","page","type-page","status-publish","format-standard","has-post-thumbnail","hentry"],"_links":{"self":[{"href":"https:\/\/forms.ibb.gov.tr\/genclikhizmetleri\/wp-json\/wp\/v2\/pages\/47901","targetHints":{"allow":["GET"]}}],"collection":[{"href":"https:\/\/forms.ibb.gov.tr\/genclikhizmetleri\/wp-json\/wp\/v2\/pages"}],"about":[{"href":"https:\/\/forms.ibb.gov.tr\/genclikhizmetleri\/wp-json\/wp\/v2\/types\/page"}],"author":[{"embeddable":true,"href":"https:\/\/forms.ibb.gov.tr\/genclikhizmetleri\/wp-json\/wp\/v2\/users\/71845"}],"replies":[{"embeddable":true,"href":"https:\/\/forms.ibb.gov.tr\/genclikhizmetleri\/wp-json\/wp\/v2\/comments?post=47901"}],"version-history":[{"count":5,"href":"https:\/\/forms.ibb.gov.tr\/genclikhizmetleri\/wp-json\/wp\/v2\/pages\/47901\/revisions"}],"predecessor-version":[{"id":48025,"href":"https:\/\/forms.ibb.gov.tr\/genclikhizmetleri\/wp-json\/wp\/v2\/pages\/47901\/revisions\/48025"}],"wp:featuredmedia":[{"embeddable":true,"href":"https:\/\/forms.ibb.gov.tr\/genclikhizmetleri\/wp-json\/wp\/v2\/media\/30948"}],"wp:attachment":[{"href":"https:\/\/forms.ibb.gov.tr\/genclikhizmetleri\/wp-json\/wp\/v2\/media?parent=47901"}],"wp:term":[{"taxonomy":"category","embeddable":true,"href":"https:\/\/forms.ibb.gov.tr\/genclikhizmetleri\/wp-json\/wp\/v2\/categories?post=47901"},{"taxonomy":"post_tag","embeddable":true,"href":"https:\/\/forms.ibb.gov.tr\/genclikhizmetleri\/wp-json\/wp\/v2\/tags?post=47901"}],"curies":[{"name":"wp","href":"https:\/\/api.w.org\/{rel}","templated":true}]}}