{"id":48074,"date":"2026-05-05T11:29:42","date_gmt":"2026-05-05T08:29:42","guid":{"rendered":"https:\/\/forms.ibb.gov.tr\/genclikhizmetleri\/?page_id=48074"},"modified":"2026-05-05T11:30:54","modified_gmt":"2026-05-05T08:30:54","slug":"gunes-izleri-katilimci-formu","status":"publish","type":"page","link":"https:\/\/forms.ibb.gov.tr\/genclikhizmetleri\/gunes-izleri-katilimci-formu\/","title":{"rendered":"G\u00fcne\u015f \u0130zleri Sergi Kat\u0131l\u0131mc\u0131 Formu"},"content":{"rendered":"<div  class='flex_column av-1casy1-93fac0d65091a5674ea0250e1ed4a994 av_one_fourth  avia-builder-el-0  el_before_av_one_half  avia-builder-el-first  first flex_column_div  '     ><\/div>\n<div  class='flex_column av-970e1-8f55d225f22f8ed47a92fa08515a3fcb av_one_half  avia-builder-el-1  el_after_av_one_fourth  el_before_av_one_fourth  flex_column_div  '     ><style type=\"text\/css\" data-created_by=\"avia_inline_auto\" id=\"style-css-av-makz98fg-00fa428fa57c79b5485896843ac1ae7a\">\n.avia-image-container.av-makz98fg-00fa428fa57c79b5485896843ac1ae7a img.avia_image{\nbox-shadow:none;\n}\n.avia-image-container.av-makz98fg-00fa428fa57c79b5485896843ac1ae7a .av-image-caption-overlay-center{\ncolor:#ffffff;\n}\n<\/style>\n<div  class='avia-image-container av-makz98fg-00fa428fa57c79b5485896843ac1ae7a av-styling- avia-align-center  avia-builder-el-2  avia-builder-el-no-sibling '   itemprop=\"image\" itemscope=\"itemscope\" itemtype=\"https:\/\/schema.org\/ImageObject\" ><div class=\"avia-image-container-inner\"><div class=\"avia-image-overlay-wrap\"><img decoding=\"async\" fetchpriority=\"high\" class='wp-image-42985 avia-img-lazy-loading-not-42985 avia_image ' src=\"https:\/\/forms.ibb.gov.tr\/genclikhizmetleri\/wp-content\/uploads\/sites\/62\/2025\/12\/DB-LOGO-KULLANIMI-1j.png\" alt='' title='DB LOGO KULLANIMI-1j'  height=\"113\" width=\"300\"  itemprop=\"thumbnailUrl\"  \/><\/div><\/div><\/div><\/div>\n<div  class='flex_column av-134bkh-755ba1e99a74359408e121a871473242 av_one_fourth  avia-builder-el-3  el_after_av_one_half  el_before_av_one_full  flex_column_div  '     ><\/div>\n<div  class='flex_column av-81d5t-08903730f4d8b0afed6378b5a6d40c2e av_one_full  avia-builder-el-4  el_after_av_one_fourth  el_before_av_two_fifth  first flex_column_div  column-top-margin'     ><style type=\"text\/css\" data-created_by=\"avia_inline_auto\" id=\"style-css-av-makze0ng-d47cc60ab0a8fbbbc7b892d9af38c153\">\n#top .av-special-heading.av-makze0ng-d47cc60ab0a8fbbbc7b892d9af38c153{\npadding-bottom:10px;\ncolor:#05428c;\n}\nbody .av-special-heading.av-makze0ng-d47cc60ab0a8fbbbc7b892d9af38c153 .av-special-heading-tag .heading-char{\nfont-size:25px;\n}\n.av-special-heading.av-makze0ng-d47cc60ab0a8fbbbc7b892d9af38c153 .special-heading-inner-border{\nborder-color:#05428c;\n}\n.av-special-heading.av-makze0ng-d47cc60ab0a8fbbbc7b892d9af38c153 .av-subheading{\nfont-size:15px;\n}\n<\/style>\n<div  class='av-special-heading av-makze0ng-d47cc60ab0a8fbbbc7b892d9af38c153 av-special-heading-h3 custom-color-heading blockquote elegant-quote elegant-centered  avia-builder-el-5  avia-builder-el-no-sibling '><h3 class='av-special-heading-tag '  itemprop=\"headline\"  ><span class=\"heading-wrap\">G\u00fcne\u015f \u0130zleri Sergisi Kat\u0131l\u0131mc\u0131 Formu <\/span><\/h3><div class=\"special-heading-border\"><div class=\"special-heading-inner-border\"><\/div><\/div><\/div><\/div><div  class='flex_column av-jz01xo-183123ede505fd49a77a03b77fd77a62 av_two_fifth  avia-builder-el-6  el_after_av_one_full  el_before_av_three_fifth  first flex_column_div  column-top-margin'     ><style type=\"text\/css\" data-created_by=\"avia_inline_auto\" id=\"style-css-av-mm4vtb8i-5c2a1b86db44aa6bded2b27a1e710879\">\n.avia-image-container.av-mm4vtb8i-5c2a1b86db44aa6bded2b27a1e710879 img.avia_image{\nbox-shadow:none;\n}\n.avia-image-container.av-mm4vtb8i-5c2a1b86db44aa6bded2b27a1e710879 .av-image-caption-overlay-center{\ncolor:#ffffff;\n}\n<\/style>\n<div  class='avia-image-container av-mm4vtb8i-5c2a1b86db44aa6bded2b27a1e710879 av-styling- avia-align-center  avia-builder-el-7  avia-builder-el-no-sibling '   itemprop=\"image\" itemscope=\"itemscope\" itemtype=\"https:\/\/schema.org\/ImageObject\" ><div class=\"avia-image-container-inner\"><div class=\"avia-image-overlay-wrap\"><img decoding=\"async\" fetchpriority=\"high\" class='wp-image-48079 avia-img-lazy-loading-not-48079 avia_image ' src=\"https:\/\/forms.ibb.gov.tr\/genclikhizmetleri\/wp-content\/uploads\/sites\/62\/2026\/05\/gunes_izleri_afis_33x48cm.jpg\" alt='' title='g\u00fcne\u015f_izleri_afi\u015f_33x48cm'  height=\"5669\" width=\"3898\"  itemprop=\"thumbnailUrl\"  \/><\/div><\/div><\/div><\/div><div  class='flex_column av-97f1t-d1ededbce91e4925c68da49f45a82dad av_three_fifth  avia-builder-el-8  el_after_av_two_fifth  avia-builder-el-last  flex_column_div  column-top-margin'     ><\/div><\/p>\n","protected":false},"excerpt":{"rendered":"","protected":false},"author":71845,"featured_media":{"id":48079,"url":"https:\/\/forms.ibb.gov.tr\/genclikhizmetleri\/wp-content\/uploads\/sites\/62\/2026\/05\/gunes_izleri_afis_33x48cm.jpg","sizes":{"thumbnail":"https:\/\/forms.ibb.gov.tr\/genclikhizmetleri\/wp-content\/uploads\/sites\/62\/2026\/05\/gunes_izleri_afis_33x48cm.jpg","medium":"https:\/\/forms.ibb.gov.tr\/genclikhizmetleri\/wp-content\/uploads\/sites\/62\/2026\/05\/gunes_izleri_afis_33x48cm.jpg","medium_large":"https:\/\/forms.ibb.gov.tr\/genclikhizmetleri\/wp-content\/uploads\/sites\/62\/2026\/05\/gunes_izleri_afis_33x48cm.jpg","large":"https:\/\/forms.ibb.gov.tr\/genclikhizmetleri\/wp-content\/uploads\/sites\/62\/2026\/05\/gunes_izleri_afis_33x48cm.jpg","1536x1536":"https:\/\/forms.ibb.gov.tr\/genclikhizmetleri\/wp-content\/uploads\/sites\/62\/2026\/05\/gunes_izleri_afis_33x48cm.jpg","2048x2048":"https:\/\/forms.ibb.gov.tr\/genclikhizmetleri\/wp-content\/uploads\/sites\/62\/2026\/05\/gunes_izleri_afis_33x48cm.jpg","widget":"https:\/\/forms.ibb.gov.tr\/genclikhizmetleri\/wp-content\/uploads\/sites\/62\/2026\/05\/gunes_izleri_afis_33x48cm.jpg","square":"https:\/\/forms.ibb.gov.tr\/genclikhizmetleri\/wp-content\/uploads\/sites\/62\/2026\/05\/gunes_izleri_afis_33x48cm.jpg","featured":"https:\/\/forms.ibb.gov.tr\/genclikhizmetleri\/wp-content\/uploads\/sites\/62\/2026\/05\/gunes_izleri_afis_33x48cm.jpg","featured_large":"https:\/\/forms.ibb.gov.tr\/genclikhizmetleri\/wp-content\/uploads\/sites\/62\/2026\/05\/gunes_izleri_afis_33x48cm.jpg","extra_large":"https:\/\/forms.ibb.gov.tr\/genclikhizmetleri\/wp-content\/uploads\/sites\/62\/2026\/05\/gunes_izleri_afis_33x48cm.jpg","portfolio":"https:\/\/forms.ibb.gov.tr\/genclikhizmetleri\/wp-content\/uploads\/sites\/62\/2026\/05\/gunes_izleri_afis_33x48cm.jpg","portfolio_small":"https:\/\/forms.ibb.gov.tr\/genclikhizmetleri\/wp-content\/uploads\/sites\/62\/2026\/05\/gunes_izleri_afis_33x48cm.jpg","gallery":"https:\/\/forms.ibb.gov.tr\/genclikhizmetleri\/wp-content\/uploads\/sites\/62\/2026\/05\/gunes_izleri_afis_33x48cm.jpg","magazine":"https:\/\/forms.ibb.gov.tr\/genclikhizmetleri\/wp-content\/uploads\/sites\/62\/2026\/05\/gunes_izleri_afis_33x48cm.jpg","masonry":"https:\/\/forms.ibb.gov.tr\/genclikhizmetleri\/wp-content\/uploads\/sites\/62\/2026\/05\/gunes_izleri_afis_33x48cm.jpg","entry_with_sidebar":"https:\/\/forms.ibb.gov.tr\/genclikhizmetleri\/wp-content\/uploads\/sites\/62\/2026\/05\/gunes_izleri_afis_33x48cm.jpg","entry_without_sidebar":"https:\/\/forms.ibb.gov.tr\/genclikhizmetleri\/wp-content\/uploads\/sites\/62\/2026\/05\/gunes_izleri_afis_33x48cm.jpg"}},"parent":0,"menu_order":0,"comment_status":"closed","ping_status":"closed","template":"","meta":{"footnotes":""},"categories":[],"tags":[],"class_list":["post-48074","page","type-page","status-publish","format-standard","has-post-thumbnail","hentry"],"_links":{"self":[{"href":"https:\/\/forms.ibb.gov.tr\/genclikhizmetleri\/wp-json\/wp\/v2\/pages\/48074","targetHints":{"allow":["GET"]}}],"collection":[{"href":"https:\/\/forms.ibb.gov.tr\/genclikhizmetleri\/wp-json\/wp\/v2\/pages"}],"about":[{"href":"https:\/\/forms.ibb.gov.tr\/genclikhizmetleri\/wp-json\/wp\/v2\/types\/page"}],"author":[{"embeddable":true,"href":"https:\/\/forms.ibb.gov.tr\/genclikhizmetleri\/wp-json\/wp\/v2\/users\/71845"}],"replies":[{"embeddable":true,"href":"https:\/\/forms.ibb.gov.tr\/genclikhizmetleri\/wp-json\/wp\/v2\/comments?post=48074"}],"version-history":[{"count":3,"href":"https:\/\/forms.ibb.gov.tr\/genclikhizmetleri\/wp-json\/wp\/v2\/pages\/48074\/revisions"}],"predecessor-version":[{"id":48078,"href":"https:\/\/forms.ibb.gov.tr\/genclikhizmetleri\/wp-json\/wp\/v2\/pages\/48074\/revisions\/48078"}],"wp:featuredmedia":[{"embeddable":true,"href":"https:\/\/forms.ibb.gov.tr\/genclikhizmetleri\/wp-json\/wp\/v2\/media\/48079"}],"wp:attachment":[{"href":"https:\/\/forms.ibb.gov.tr\/genclikhizmetleri\/wp-json\/wp\/v2\/media?parent=48074"}],"wp:term":[{"taxonomy":"category","embeddable":true,"href":"https:\/\/forms.ibb.gov.tr\/genclikhizmetleri\/wp-json\/wp\/v2\/categories?post=48074"},{"taxonomy":"post_tag","embeddable":true,"href":"https:\/\/forms.ibb.gov.tr\/genclikhizmetleri\/wp-json\/wp\/v2\/tags?post=48074"}],"curies":[{"name":"wp","href":"https:\/\/api.w.org\/{rel}","templated":true}]}}