{"id":11662,"date":"2024-06-26T11:29:11","date_gmt":"2024-06-26T08:29:11","guid":{"rendered":"https:\/\/forms.ibb.gov.tr\/genclikspor\/?page_id=11662"},"modified":"2026-01-25T14:16:21","modified_gmt":"2026-01-25T11:16:21","slug":"eafc-25-2","status":"publish","type":"page","link":"https:\/\/forms.ibb.gov.tr\/genclikspor\/eafc-25-2\/","title":{"rendered":"\u0130BB Espor Akademisi EAFC 25"},"content":{"rendered":"<div id='av-layout-grid-1'  class='av-layout-grid-container av-1b4dz-662b49e7dcdb6d0b9db41ed4ffced9ee entry-content-wrapper main_color av-flex-cells  avia-builder-el-0  avia-builder-el-no-sibling   container_wrap fullsize'  >\n\n<style type=\"text\/css\" data-created_by=\"avia_inline_auto\" id=\"style-css-av-l6ou1bku-4a984e2686250626968e4c7d52ab8e53\">\n.flex_cell.av-l6ou1bku-4a984e2686250626968e4c7d52ab8e53{\nvertical-align:top;\nbackground-color:#fff7f2;\nbackground:linear-gradient( to bottom left, #fff7f2, #ffffff );\n}\n<\/style>\n<div class='flex_cell av-l6ou1bku-4a984e2686250626968e4c7d52ab8e53 av-gridrow-cell av_one_third no_margin  avia-builder-el-1  el_before_av_cell_two_third  avia-builder-el-first  content-align-top'  ><div class='flex_cell_inner'><p>\n<style type=\"text\/css\" data-created_by=\"avia_inline_auto\" id=\"style-css-av-l6ou0v5q-0dfdeff38ece337bb3a8ed94ae101c17\">\n.avia-image-container.av-l6ou0v5q-0dfdeff38ece337bb3a8ed94ae101c17 img.avia_image{\nbox-shadow:none;\n}\n.avia-image-container.av-l6ou0v5q-0dfdeff38ece337bb3a8ed94ae101c17 .av-image-caption-overlay-center{\ncolor:#ffffff;\n}\n<\/style>\n<div  class='avia-image-container av-l6ou0v5q-0dfdeff38ece337bb3a8ed94ae101c17 av-styling- avia_animated_image av-animated-when-visible-95 top-to-bottom avia-align-center  avia-builder-el-2  el_before_av_textblock  avia-builder-el-first '   itemprop=\"image\" itemscope=\"itemscope\" itemtype=\"https:\/\/schema.org\/ImageObject\" ><div class=\"avia-image-container-inner\"><div class=\"avia-image-overlay-wrap\"><img decoding=\"async\" fetchpriority=\"high\" class='wp-image-13511 avia-img-lazy-loading-not-13511 avia_image ' src=\"https:\/\/forms.ibb.gov.tr\/genclikspor\/wp-content\/uploads\/sites\/37\/2025\/05\/DB_SDM_LOGO-1-Kopya.png\" alt='' title='DB_SDM_LOGO-1 - Kopya'  height=\"435\" width=\"1690\"  itemprop=\"thumbnailUrl\"  \/><\/div><\/div><\/div><br \/>\n\n<style type=\"text\/css\" data-created_by=\"avia_inline_auto\" id=\"style-css-av-l6owgk4q-56f880aeeaf54d05bac5c873ce08d50f\">\n#top .av_textblock_section.av-l6owgk4q-56f880aeeaf54d05bac5c873ce08d50f .avia_textblock{\nfont-size:16px;\n}\n<\/style>\n<section  class='av_textblock_section av-l6owgk4q-56f880aeeaf54d05bac5c873ce08d50f '   itemscope=\"itemscope\" itemtype=\"https:\/\/schema.org\/CreativeWork\" ><div class='avia_textblock'  itemprop=\"text\" ><div class=\"iconlist_content av_inherit_color\"><\/div>\n<\/div><\/section><br \/>\n\n<style type=\"text\/css\" data-created_by=\"avia_inline_auto\" id=\"style-css-av-21tzzk-e18ac897436f6052ea9e7019d125d669\">\n#top .av_textblock_section.av-21tzzk-e18ac897436f6052ea9e7019d125d669 .avia_textblock{\nfont-size:16px;\n}\n<\/style>\n<section  class='av_textblock_section av-21tzzk-e18ac897436f6052ea9e7019d125d669 '   itemscope=\"itemscope\" itemtype=\"https:\/\/schema.org\/CreativeWork\" ><div class='avia_textblock'  itemprop=\"text\" ><div>\n<div><strong>KATILIM KO\u015eULLARI ve \u00d6NEML\u0130 B\u0130LG\u0130LEND\u0130RME (+14 YA\u015e)<\/strong><\/div>\n<div>\u0130stanbul B\u00fcy\u00fck\u015fehir Belediyesi Gen\u00e7lik ve Spor Hizmetleri Dairesi Ba\u015fkanl\u0131\u011f\u0131 taraf\u0131ndan d\u00fczenlenen Spor Etkinli\u011fi, 31 Ocak ve 1 \u015eubat tarihlerinde 12:00\u201318:00 saatleri aras\u0131nda \u0130BB Ba\u011fc\u0131lar C\u00fcneyt Ark\u0131n Gen\u00e7lik Merkezi\u2019nde ger\u00e7ekle\u015ftirilecektir.<\/div>\n<div>Etkinli\u011fe 14 ya\u015f ve \u00fczeri kat\u0131l\u0131mc\u0131lar ba\u015fvuru yapabilir.<\/div>\n<div>Ya\u015f S\u0131n\u0131r\u0131 ve Kat\u0131l\u0131m \u015eartlar\u0131<\/div>\n<div>\u2022Etkinlik +14 ya\u015f kat\u0131l\u0131m ko\u015fuluna sahiptir.<\/div>\n<div>\u202214 ya\u015f\u0131ndan k\u00fc\u00e7\u00fck kat\u0131l\u0131mc\u0131lar\u0131n ba\u015fvurular\u0131 kabul edilmeyecektir.<\/div>\n<div>\u202218 ya\u015f\u0131ndan k\u00fc\u00e7\u00fck (re\u015fit olmayan) kat\u0131l\u0131mc\u0131lar\u0131n etkinli\u011fe kat\u0131labilmeleri i\u00e7in veli\/vasi izni zorunludur.<\/div>\n<div>18 Ya\u015f Alt\u0131 Kat\u0131l\u0131mc\u0131lar \u0130\u00e7in Zorunlu Belge (Muvafakatname)<\/div>\n<div>18 ya\u015f alt\u0131 kat\u0131l\u0131mc\u0131lar\u0131n kay\u0131tlar\u0131n\u0131n ge\u00e7erli say\u0131labilmesi ve etkinlik alan\u0131na kabul edilebilmeleri i\u00e7in a\u015fa\u011f\u0131daki belgenin eksiksiz \u015fekilde haz\u0131rlanmas\u0131 gerekmektedir:<\/div>\n<div>\u2022Veli\/Vasi Muvafakatnamesinin \u00e7\u0131kt\u0131 al\u0131narak doldurulmas\u0131,<\/div>\n<div>\u2022Veli\/Vasi taraf\u0131ndan imzalanmas\u0131,<\/div>\n<div>\u2022Etkinlik g\u00fcn\u00fc imzal\u0131 \u015fekilde yan\u0131nda bulundurulmas\u0131 ve g\u00f6revli personele ibraz edilmesi.<\/div>\n<div>Not: Muvafakatname belgesi olmayan kat\u0131l\u0131mc\u0131lar, ya\u015f uygun olsa dahi etkinli\u011fe al\u0131nmayacakt\u0131r.<\/div>\n<div><\/div>\n<div><strong>Kay\u0131t ve Kabul<\/strong><\/div>\n<div>Kay\u0131t formuna girilen bilgilerin do\u011frulu\u011fu kat\u0131l\u0131mc\u0131n\u0131n sorumlulu\u011fundad\u0131r.<\/div>\n<div>Eksik\/yanl\u0131\u015f bilgi verilmesi durumunda kay\u0131t ge\u00e7ersiz say\u0131labilir. Organizasyon gerekti\u011finde kimlik do\u011frulamas\u0131 talep edebilir.<\/div>\n<div>\ud83d\udccc Muvafakatname linki:\u00a0 <a href=\"https:\/\/forms.ibb.gov.tr\/genclikspor\/wp-content\/uploads\/sites\/37\/2026\/01\/IBB_Muvafakatname_SporEtkinligi_24-25Ocak2026.pdf\">Muvafakatname metni i\u00e7in buraya t\u0131klay\u0131n\u0131z.<\/a><\/div>\n<\/div>\n<div><\/div>\n<div><\/div>\n<div class=\"iconlist_content av_inherit_color\"><\/div>\n<\/div><\/section><\/p>\n<\/div><\/div><div class='flex_cell av-r99j-3c0852498eefaec77544a19b85542031 av-gridrow-cell av_two_third no_margin  avia-builder-el-5  el_after_av_cell_one_third  avia-builder-el-last '  ><div class='flex_cell_inner'><p>\n<style type=\"text\/css\" data-created_by=\"avia_inline_auto\" id=\"style-css-av-l6ou2kd5-626905586a50aaa3398e95d112492970\">\n#top .av-special-heading.av-l6ou2kd5-626905586a50aaa3398e95d112492970{\npadding-bottom:10px;\ncolor:#2b5894;\n}\nbody .av-special-heading.av-l6ou2kd5-626905586a50aaa3398e95d112492970 .av-special-heading-tag .heading-char{\nfont-size:25px;\n}\n.av-special-heading.av-l6ou2kd5-626905586a50aaa3398e95d112492970 .special-heading-inner-border{\nborder-color:#2b5894;\n}\n.av-special-heading.av-l6ou2kd5-626905586a50aaa3398e95d112492970 .av-subheading{\nfont-size:24px;\ncolor:#eb5738;\n}\n<\/style>\n<div  class='av-special-heading av-l6ou2kd5-626905586a50aaa3398e95d112492970 av-special-heading-h1 custom-color-heading blockquote modern-quote modern-centered  avia-builder-el-6  el_before_av_one_full  avia-builder-el-first '><h1 class='av-special-heading-tag '  itemprop=\"headline\"  >\u0130BB E-SPOR TURNUVASI EA FC 2025 TURNUVASI KAYIT FORMU<\/h1><div class=\"special-heading-border\"><div class=\"special-heading-inner-border\"><\/div><\/div><\/div><br \/>\n<div  class='flex_column av-w0pr-13f8a0e08a9b197d326df685e71039c1 av_one_full  avia-builder-el-7  el_after_av_heading  avia-builder-el-last  first flex_column_div  '     ><\/div><\/p>\n<\/div><\/div><\/div>\n","protected":false},"excerpt":{"rendered":"","protected":false},"author":69404,"featured_media":{"id":13531,"url":"https:\/\/forms.ibb.gov.tr\/genclikspor\/wp-content\/uploads\/sites\/37\/2025\/05\/FC_mockup_1080_1080_1.jpg","sizes":{"thumbnail":"https:\/\/forms.ibb.gov.tr\/genclikspor\/wp-content\/uploads\/sites\/37\/2025\/05\/FC_mockup_1080_1080_1.jpg","medium":"https:\/\/forms.ibb.gov.tr\/genclikspor\/wp-content\/uploads\/sites\/37\/2025\/05\/FC_mockup_1080_1080_1.jpg","medium_large":"https:\/\/forms.ibb.gov.tr\/genclikspor\/wp-content\/uploads\/sites\/37\/2025\/05\/FC_mockup_1080_1080_1.jpg","large":"https:\/\/forms.ibb.gov.tr\/genclikspor\/wp-content\/uploads\/sites\/37\/2025\/05\/FC_mockup_1080_1080_1.jpg","1536x1536":"https:\/\/forms.ibb.gov.tr\/genclikspor\/wp-content\/uploads\/sites\/37\/2025\/05\/FC_mockup_1080_1080_1.jpg","2048x2048":"https:\/\/forms.ibb.gov.tr\/genclikspor\/wp-content\/uploads\/sites\/37\/2025\/05\/FC_mockup_1080_1080_1.jpg","widget":"https:\/\/forms.ibb.gov.tr\/genclikspor\/wp-content\/uploads\/sites\/37\/2025\/05\/FC_mockup_1080_1080_1.jpg","square":"https:\/\/forms.ibb.gov.tr\/genclikspor\/wp-content\/uploads\/sites\/37\/2025\/05\/FC_mockup_1080_1080_1.jpg","featured":"https:\/\/forms.ibb.gov.tr\/genclikspor\/wp-content\/uploads\/sites\/37\/2025\/05\/FC_mockup_1080_1080_1.jpg","featured_large":"https:\/\/forms.ibb.gov.tr\/genclikspor\/wp-content\/uploads\/sites\/37\/2025\/05\/FC_mockup_1080_1080_1.jpg","extra_large":"https:\/\/forms.ibb.gov.tr\/genclikspor\/wp-content\/uploads\/sites\/37\/2025\/05\/FC_mockup_1080_1080_1.jpg","portfolio":"https:\/\/forms.ibb.gov.tr\/genclikspor\/wp-content\/uploads\/sites\/37\/2025\/05\/FC_mockup_1080_1080_1.jpg","portfolio_small":"https:\/\/forms.ibb.gov.tr\/genclikspor\/wp-content\/uploads\/sites\/37\/2025\/05\/FC_mockup_1080_1080_1.jpg","gallery":"https:\/\/forms.ibb.gov.tr\/genclikspor\/wp-content\/uploads\/sites\/37\/2025\/05\/FC_mockup_1080_1080_1.jpg","magazine":"https:\/\/forms.ibb.gov.tr\/genclikspor\/wp-content\/uploads\/sites\/37\/2025\/05\/FC_mockup_1080_1080_1.jpg","masonry":"https:\/\/forms.ibb.gov.tr\/genclikspor\/wp-content\/uploads\/sites\/37\/2025\/05\/FC_mockup_1080_1080_1.jpg","entry_with_sidebar":"https:\/\/forms.ibb.gov.tr\/genclikspor\/wp-content\/uploads\/sites\/37\/2025\/05\/FC_mockup_1080_1080_1.jpg","entry_without_sidebar":"https:\/\/forms.ibb.gov.tr\/genclikspor\/wp-content\/uploads\/sites\/37\/2025\/05\/FC_mockup_1080_1080_1.jpg"}},"parent":0,"menu_order":0,"comment_status":"closed","ping_status":"closed","template":"","meta":{"footnotes":""},"categories":[],"tags":[],"class_list":["post-11662","page","type-page","status-publish","format-standard","has-post-thumbnail","hentry"],"_links":{"self":[{"href":"https:\/\/forms.ibb.gov.tr\/genclikspor\/wp-json\/wp\/v2\/pages\/11662","targetHints":{"allow":["GET"]}}],"collection":[{"href":"https:\/\/forms.ibb.gov.tr\/genclikspor\/wp-json\/wp\/v2\/pages"}],"about":[{"href":"https:\/\/forms.ibb.gov.tr\/genclikspor\/wp-json\/wp\/v2\/types\/page"}],"author":[{"embeddable":true,"href":"https:\/\/forms.ibb.gov.tr\/genclikspor\/wp-json\/wp\/v2\/users\/69404"}],"replies":[{"embeddable":true,"href":"https:\/\/forms.ibb.gov.tr\/genclikspor\/wp-json\/wp\/v2\/comments?post=11662"}],"version-history":[{"count":41,"href":"https:\/\/forms.ibb.gov.tr\/genclikspor\/wp-json\/wp\/v2\/pages\/11662\/revisions"}],"predecessor-version":[{"id":13897,"href":"https:\/\/forms.ibb.gov.tr\/genclikspor\/wp-json\/wp\/v2\/pages\/11662\/revisions\/13897"}],"wp:featuredmedia":[{"embeddable":true,"href":"https:\/\/forms.ibb.gov.tr\/genclikspor\/wp-json\/wp\/v2\/media\/13531"}],"wp:attachment":[{"href":"https:\/\/forms.ibb.gov.tr\/genclikspor\/wp-json\/wp\/v2\/media?parent=11662"}],"wp:term":[{"taxonomy":"category","embeddable":true,"href":"https:\/\/forms.ibb.gov.tr\/genclikspor\/wp-json\/wp\/v2\/categories?post=11662"},{"taxonomy":"post_tag","embeddable":true,"href":"https:\/\/forms.ibb.gov.tr\/genclikspor\/wp-json\/wp\/v2\/tags?post=11662"}],"curies":[{"name":"wp","href":"https:\/\/api.w.org\/{rel}","templated":true}]}}