{"id":12984,"date":"2025-01-14T08:50:54","date_gmt":"2025-01-14T05:50:54","guid":{"rendered":"https:\/\/forms.ibb.gov.tr\/genclikspor\/?page_id=12984"},"modified":"2025-05-15T12:50:24","modified_gmt":"2025-05-15T09:50:24","slug":"valorant","status":"publish","type":"page","link":"https:\/\/forms.ibb.gov.tr\/genclikspor\/valorant\/","title":{"rendered":"\u0130BB Espor Akademisi VALORANT"},"content":{"rendered":"<div id='av-layout-grid-1'  class='av-layout-grid-container av-1b4dz-662b49e7dcdb6d0b9db41ed4ffced9ee entry-content-wrapper main_color av-flex-cells  avia-builder-el-0  avia-builder-el-no-sibling   container_wrap fullsize'  >\n\n<style type=\"text\/css\" data-created_by=\"avia_inline_auto\" id=\"style-css-av-l6ou1bku-4a984e2686250626968e4c7d52ab8e53\">\n.flex_cell.av-l6ou1bku-4a984e2686250626968e4c7d52ab8e53{\nvertical-align:top;\nbackground-color:#fff7f2;\nbackground:linear-gradient( to bottom left, #fff7f2, #ffffff );\n}\n<\/style>\n<div class='flex_cell av-l6ou1bku-4a984e2686250626968e4c7d52ab8e53 av-gridrow-cell av_one_third no_margin  avia-builder-el-1  el_before_av_cell_two_third  avia-builder-el-first  content-align-top'  ><div class='flex_cell_inner'><p>\n<style type=\"text\/css\" data-created_by=\"avia_inline_auto\" id=\"style-css-av-l6ou0v5q-0dfdeff38ece337bb3a8ed94ae101c17\">\n.avia-image-container.av-l6ou0v5q-0dfdeff38ece337bb3a8ed94ae101c17 img.avia_image{\nbox-shadow:none;\n}\n.avia-image-container.av-l6ou0v5q-0dfdeff38ece337bb3a8ed94ae101c17 .av-image-caption-overlay-center{\ncolor:#ffffff;\n}\n<\/style>\n<div  class='avia-image-container av-l6ou0v5q-0dfdeff38ece337bb3a8ed94ae101c17 av-styling- avia_animated_image av-animated-when-visible-95 top-to-bottom avia-align-center  avia-builder-el-2  el_before_av_textblock  avia-builder-el-first '   itemprop=\"image\" itemscope=\"itemscope\" itemtype=\"https:\/\/schema.org\/ImageObject\" ><div class=\"avia-image-container-inner\"><div class=\"avia-image-overlay-wrap\"><img decoding=\"async\" fetchpriority=\"high\" class='wp-image-13511 avia-img-lazy-loading-not-13511 avia_image ' src=\"https:\/\/forms.ibb.gov.tr\/genclikspor\/wp-content\/uploads\/sites\/37\/2025\/05\/DB_SDM_LOGO-1-Kopya.png\" alt='' title='DB_SDM_LOGO-1 - Kopya'  height=\"435\" width=\"1690\"  itemprop=\"thumbnailUrl\"  \/><\/div><\/div><\/div><br \/>\n\n<style type=\"text\/css\" data-created_by=\"avia_inline_auto\" id=\"style-css-av-l6owgk4q-0b3565777c3573ba366bac44832645e4\">\n#top .av_textblock_section.av-l6owgk4q-0b3565777c3573ba366bac44832645e4 .avia_textblock{\nfont-size:16px;\n}\n<\/style>\n<section  class='av_textblock_section av-l6owgk4q-0b3565777c3573ba366bac44832645e4 '   itemscope=\"itemscope\" itemtype=\"https:\/\/schema.org\/CreativeWork\" ><div class='avia_textblock'  itemprop=\"text\" ><p><img loading=\"lazy\" decoding=\"async\" class=\"alignnone wp-image-13532\" src=\"https:\/\/forms.ibb.gov.tr\/genclikspor\/wp-content\/uploads\/sites\/37\/2025\/05\/VL_mockup_1080_1080_phoenix_logo.jpg\" alt=\"\" width=\"564\" height=\"564\" \/><\/p>\n<\/div><\/section><br \/>\n\n<style type=\"text\/css\" data-created_by=\"avia_inline_auto\" id=\"style-css-av-21tzzk-99d0f3826c045ba8af4c159eba1a721c\">\n#top .av_textblock_section.av-21tzzk-99d0f3826c045ba8af4c159eba1a721c .avia_textblock{\nfont-size:16px;\n}\n<\/style>\n<section  class='av_textblock_section av-21tzzk-99d0f3826c045ba8af4c159eba1a721c '   itemscope=\"itemscope\" itemtype=\"https:\/\/schema.org\/CreativeWork\" ><div class='avia_textblock'  itemprop=\"text\" ><div>\n<p>Turnuva 23 May\u0131s saat 18.00\u2019de online olarak ba\u015flayacakt\u0131r.<br \/>\n\u00c7eyrek finaller 24 May\u0131s saat 12.00&#8217;de offline olarak \u0130BB C\u00fcneyt Ark\u0131n \u00d6\u011frenci Yurdu Espor Merkez&#8217;inde ba\u015flayacakt\u0131r.<br \/>\nFinaller 25 May\u0131s saat 12.00&#8217;de offline olarak \u0130BB C\u00fcneyt Ark\u0131n \u00d6\u011frenci Yurdu Espor Merkez&#8217;inde ba\u015flayacakt\u0131r.<br \/>\nTurnuva son kay\u0131t tarihi 21 May\u0131s 23.59&#8217;dur.<\/p>\n<p>VALORANT \u015fampiyonlar\u0131 ise Challengers 2025 T\u00fcrkiye: Birlik Stage 3 Finali\u2019nin etkinlik biletini almaya hak kazanacak. Di\u011fer dereceye giren tak\u0131mlar\u0131 s\u00fcpriz hediyeler bekliyor.<\/p>\n<\/div>\n<div>\n<div><\/div>\n<div><\/div>\n<div>Adres: <a href=\"https:\/\/maps.app.goo.gl\/8ZzVbmYhsXBS6vqk7\">https:\/\/maps.app.goo.gl\/8ZzVbmYhsXBS6vqk7<\/a><\/div>\n<\/div>\n<div style=\"font-size: 16px;color: black\">\n<p>Turnuva Kurallar\u0131: VALORANT\u00a0 kurallar\u0131 hakk\u0131nda bilgi edinmek i\u00e7in l\u00fctfen <strong><a href=\"https:\/\/forms.ibb.gov.tr\/genclikspor\/wp-content\/uploads\/sites\/37\/2025\/05\/Valorant-Kurallari-Google-Dokumanlar.pdf\">VALORANT <\/a><a href=\"https:\/\/forms.ibb.gov.tr\/genclikspor\/wp-content\/uploads\/sites\/37\/2025\/05\/Valorant-Kurallari-Google-Dokumanlar.pdf\" target=\"_blank\" rel=\"noopener\">Kurallar\u0131na t\u0131klay\u0131n.<\/a><\/strong><\/p>\n<\/div>\n<div class=\"iconlist_content av_inherit_color\"><\/div>\n<\/div><\/section><\/p>\n<\/div><\/div><div class='flex_cell av-r99j-3c0852498eefaec77544a19b85542031 av-gridrow-cell av_two_third no_margin  avia-builder-el-5  el_after_av_cell_one_third  avia-builder-el-last '  ><div class='flex_cell_inner'><p>\n<style type=\"text\/css\" data-created_by=\"avia_inline_auto\" id=\"style-css-av-l6ou2kd5-7c721adef7e84a506ca70fc08f96ec0e\">\n#top .av-special-heading.av-l6ou2kd5-7c721adef7e84a506ca70fc08f96ec0e{\npadding-bottom:10px;\ncolor:#2b5894;\n}\nbody .av-special-heading.av-l6ou2kd5-7c721adef7e84a506ca70fc08f96ec0e .av-special-heading-tag .heading-char{\nfont-size:25px;\n}\n.av-special-heading.av-l6ou2kd5-7c721adef7e84a506ca70fc08f96ec0e .special-heading-inner-border{\nborder-color:#2b5894;\n}\n.av-special-heading.av-l6ou2kd5-7c721adef7e84a506ca70fc08f96ec0e .av-subheading{\nfont-size:24px;\ncolor:#eb5738;\n}\n<\/style>\n<div  class='av-special-heading av-l6ou2kd5-7c721adef7e84a506ca70fc08f96ec0e av-special-heading-h1 custom-color-heading blockquote modern-quote modern-centered  avia-builder-el-6  el_before_av_one_full  avia-builder-el-first '><h1 class='av-special-heading-tag '  itemprop=\"headline\"  >\u0130BB Espor Akademisi Valorant Turnuvas\u0131 Kay\u0131t Formu<\/h1><div class=\"special-heading-border\"><div class=\"special-heading-inner-border\"><\/div><\/div><\/div><br \/>\n<div  class='flex_column av-w0pr-13f8a0e08a9b197d326df685e71039c1 av_one_full  avia-builder-el-7  el_after_av_heading  avia-builder-el-last  first flex_column_div  '     ><\/div><\/p>\n<\/div><\/div><\/div>\n","protected":false},"excerpt":{"rendered":"","protected":false},"author":69404,"featured_media":{"id":13532,"url":"https:\/\/forms.ibb.gov.tr\/genclikspor\/wp-content\/uploads\/sites\/37\/2025\/05\/VL_mockup_1080_1080_phoenix_logo.jpg","sizes":{"thumbnail":"https:\/\/forms.ibb.gov.tr\/genclikspor\/wp-content\/uploads\/sites\/37\/2025\/05\/VL_mockup_1080_1080_phoenix_logo.jpg","medium":"https:\/\/forms.ibb.gov.tr\/genclikspor\/wp-content\/uploads\/sites\/37\/2025\/05\/VL_mockup_1080_1080_phoenix_logo.jpg","medium_large":"https:\/\/forms.ibb.gov.tr\/genclikspor\/wp-content\/uploads\/sites\/37\/2025\/05\/VL_mockup_1080_1080_phoenix_logo.jpg","large":"https:\/\/forms.ibb.gov.tr\/genclikspor\/wp-content\/uploads\/sites\/37\/2025\/05\/VL_mockup_1080_1080_phoenix_logo.jpg","1536x1536":"https:\/\/forms.ibb.gov.tr\/genclikspor\/wp-content\/uploads\/sites\/37\/2025\/05\/VL_mockup_1080_1080_phoenix_logo.jpg","2048x2048":"https:\/\/forms.ibb.gov.tr\/genclikspor\/wp-content\/uploads\/sites\/37\/2025\/05\/VL_mockup_1080_1080_phoenix_logo.jpg","widget":"https:\/\/forms.ibb.gov.tr\/genclikspor\/wp-content\/uploads\/sites\/37\/2025\/05\/VL_mockup_1080_1080_phoenix_logo.jpg","square":"https:\/\/forms.ibb.gov.tr\/genclikspor\/wp-content\/uploads\/sites\/37\/2025\/05\/VL_mockup_1080_1080_phoenix_logo.jpg","featured":"https:\/\/forms.ibb.gov.tr\/genclikspor\/wp-content\/uploads\/sites\/37\/2025\/05\/VL_mockup_1080_1080_phoenix_logo.jpg","featured_large":"https:\/\/forms.ibb.gov.tr\/genclikspor\/wp-content\/uploads\/sites\/37\/2025\/05\/VL_mockup_1080_1080_phoenix_logo.jpg","extra_large":"https:\/\/forms.ibb.gov.tr\/genclikspor\/wp-content\/uploads\/sites\/37\/2025\/05\/VL_mockup_1080_1080_phoenix_logo.jpg","portfolio":"https:\/\/forms.ibb.gov.tr\/genclikspor\/wp-content\/uploads\/sites\/37\/2025\/05\/VL_mockup_1080_1080_phoenix_logo.jpg","portfolio_small":"https:\/\/forms.ibb.gov.tr\/genclikspor\/wp-content\/uploads\/sites\/37\/2025\/05\/VL_mockup_1080_1080_phoenix_logo.jpg","gallery":"https:\/\/forms.ibb.gov.tr\/genclikspor\/wp-content\/uploads\/sites\/37\/2025\/05\/VL_mockup_1080_1080_phoenix_logo.jpg","magazine":"https:\/\/forms.ibb.gov.tr\/genclikspor\/wp-content\/uploads\/sites\/37\/2025\/05\/VL_mockup_1080_1080_phoenix_logo.jpg","masonry":"https:\/\/forms.ibb.gov.tr\/genclikspor\/wp-content\/uploads\/sites\/37\/2025\/05\/VL_mockup_1080_1080_phoenix_logo.jpg","entry_with_sidebar":"https:\/\/forms.ibb.gov.tr\/genclikspor\/wp-content\/uploads\/sites\/37\/2025\/05\/VL_mockup_1080_1080_phoenix_logo.jpg","entry_without_sidebar":"https:\/\/forms.ibb.gov.tr\/genclikspor\/wp-content\/uploads\/sites\/37\/2025\/05\/VL_mockup_1080_1080_phoenix_logo.jpg"}},"parent":0,"menu_order":0,"comment_status":"closed","ping_status":"closed","template":"","meta":{"footnotes":""},"categories":[],"tags":[],"class_list":["post-12984","page","type-page","status-publish","format-standard","has-post-thumbnail","hentry"],"_links":{"self":[{"href":"https:\/\/forms.ibb.gov.tr\/genclikspor\/wp-json\/wp\/v2\/pages\/12984","targetHints":{"allow":["GET"]}}],"collection":[{"href":"https:\/\/forms.ibb.gov.tr\/genclikspor\/wp-json\/wp\/v2\/pages"}],"about":[{"href":"https:\/\/forms.ibb.gov.tr\/genclikspor\/wp-json\/wp\/v2\/types\/page"}],"author":[{"embeddable":true,"href":"https:\/\/forms.ibb.gov.tr\/genclikspor\/wp-json\/wp\/v2\/users\/69404"}],"replies":[{"embeddable":true,"href":"https:\/\/forms.ibb.gov.tr\/genclikspor\/wp-json\/wp\/v2\/comments?post=12984"}],"version-history":[{"count":18,"href":"https:\/\/forms.ibb.gov.tr\/genclikspor\/wp-json\/wp\/v2\/pages\/12984\/revisions"}],"predecessor-version":[{"id":13901,"href":"https:\/\/forms.ibb.gov.tr\/genclikspor\/wp-json\/wp\/v2\/pages\/12984\/revisions\/13901"}],"wp:featuredmedia":[{"embeddable":true,"href":"https:\/\/forms.ibb.gov.tr\/genclikspor\/wp-json\/wp\/v2\/media\/13532"}],"wp:attachment":[{"href":"https:\/\/forms.ibb.gov.tr\/genclikspor\/wp-json\/wp\/v2\/media?parent=12984"}],"wp:term":[{"taxonomy":"category","embeddable":true,"href":"https:\/\/forms.ibb.gov.tr\/genclikspor\/wp-json\/wp\/v2\/categories?post=12984"},{"taxonomy":"post_tag","embeddable":true,"href":"https:\/\/forms.ibb.gov.tr\/genclikspor\/wp-json\/wp\/v2\/tags?post=12984"}],"curies":[{"name":"wp","href":"https:\/\/api.w.org\/{rel}","templated":true}]}}