{"id":6107,"date":"2025-04-08T10:11:03","date_gmt":"2025-04-08T07:11:03","guid":{"rendered":"https:\/\/forms.ibb.gov.tr\/halkbakkal\/?page_id=6107"},"modified":"2025-04-08T10:16:59","modified_gmt":"2025-04-08T07:16:59","slug":"halk-bakkal-basvuru-formu-yeni-site","status":"publish","type":"page","link":"https:\/\/forms.ibb.gov.tr\/halkbakkal\/","title":{"rendered":"Halk Bakkal Ba\u015fvuru Formu > Yeni Site"},"content":{"rendered":"<section  class='av_textblock_section av-av_textblock-00c564959c492554be6d0e062a0be033 '   itemscope=\"itemscope\" itemtype=\"https:\/\/schema.org\/CreativeWork\" ><div class='avia_textblock'  itemprop=\"text\" ><p style=\"text-align: center;\"><img decoding=\"async\" class=\"alignnone size-medium wp-image-199\" src=\"https:\/\/forms.ibb.gov.tr\/halkbakkal\/wp-content\/uploads\/sites\/19\/2021\/04\/halkbakkal-ibb-logolu-300x300.png\" alt=\"\" width=\"300\" height=\"300\" srcset=\"https:\/\/forms.ibb.gov.tr\/halkbakkal\/wp-content\/uploads\/sites\/19\/2021\/04\/halkbakkal-ibb-logolu-300x300.png 300w, https:\/\/forms.ibb.gov.tr\/halkbakkal\/wp-content\/uploads\/sites\/19\/2021\/04\/halkbakkal-ibb-logolu-80x80.png 80w, https:\/\/forms.ibb.gov.tr\/halkbakkal\/wp-content\/uploads\/sites\/19\/2021\/04\/halkbakkal-ibb-logolu-36x36.png 36w, https:\/\/forms.ibb.gov.tr\/halkbakkal\/wp-content\/uploads\/sites\/19\/2021\/04\/halkbakkal-ibb-logolu-180x180.png 180w, https:\/\/forms.ibb.gov.tr\/halkbakkal\/wp-content\/uploads\/sites\/19\/2021\/04\/halkbakkal-ibb-logolu.png 512w\" sizes=\"(max-width: 300px) 100vw, 300px\" \/><\/p>\n<p style=\"text-align: center;\"><strong>Yenilenen web sitemiz \u00fczerinden ba\u015fvurular\u0131n\u0131z\u0131 yapabilirsiniz.<\/strong><\/p>\n<p style=\"text-align: center;\"><a href=\"https:\/\/halkbakkal.ibb.istanbul\/basvuru-formu\">https:\/\/halkbakkal.ibb.istanbul\/basvuru-formu<\/a><\/p>\n<\/div><\/section>\n<div  class='avia-button-wrap av-m9863cu6-27b966f4f201331f48c54c9ae2c31754-wrap avia-button-center  avia-builder-el-1  el_after_av_textblock  avia-builder-el-last '>\n<style type=\"text\/css\" data-created_by=\"avia_inline_auto\" id=\"style-css-av-m9863cu6-27b966f4f201331f48c54c9ae2c31754\">\n#top #wrap_all .avia-button.av-m9863cu6-27b966f4f201331f48c54c9ae2c31754:hover{\ncolor:#ffffff;\ntransition:all 0.4s ease-in-out;\n}\n#top #wrap_all .avia-button.av-m9863cu6-27b966f4f201331f48c54c9ae2c31754:hover .avia-svg-icon svg:first-child{\nfill:#ffffff;\nstroke:#ffffff;\n}\n<\/style>\n<a href='https:\/\/halkbakkal.ibb.istanbul\/basvuru-formu'  class='avia-button av-m9863cu6-27b966f4f201331f48c54c9ae2c31754 av-link-btn avia-icon_select-no avia-size-medium avia-position-center avia-color-theme-color-highlight avia-font-color-white'   aria-label=\"Ba\u015fvuru Formu\"><span class='avia_iconbox_title' >Ba\u015fvuru Formu<\/span><span class='avia_button_background avia-button avia-color-light' ><\/span><\/a><\/div>\n","protected":false},"excerpt":{"rendered":"","protected":false},"author":1,"featured_media":{"id":199,"url":"https:\/\/forms.ibb.gov.tr\/halkbakkal\/wp-content\/uploads\/sites\/19\/2021\/04\/halkbakkal-ibb-logolu.png","sizes":{"thumbnail":"https:\/\/forms.ibb.gov.tr\/halkbakkal\/wp-content\/uploads\/sites\/19\/2021\/04\/halkbakkal-ibb-logolu-80x80.png","medium":"https:\/\/forms.ibb.gov.tr\/halkbakkal\/wp-content\/uploads\/sites\/19\/2021\/04\/halkbakkal-ibb-logolu-300x300.png","medium_large":"https:\/\/forms.ibb.gov.tr\/halkbakkal\/wp-content\/uploads\/sites\/19\/2021\/04\/halkbakkal-ibb-logolu.png","large":"https:\/\/forms.ibb.gov.tr\/halkbakkal\/wp-content\/uploads\/sites\/19\/2021\/04\/halkbakkal-ibb-logolu.png","1536x1536":"https:\/\/forms.ibb.gov.tr\/halkbakkal\/wp-content\/uploads\/sites\/19\/2021\/04\/halkbakkal-ibb-logolu.png","2048x2048":"https:\/\/forms.ibb.gov.tr\/halkbakkal\/wp-content\/uploads\/sites\/19\/2021\/04\/halkbakkal-ibb-logolu.png","widget":"https:\/\/forms.ibb.gov.tr\/halkbakkal\/wp-content\/uploads\/sites\/19\/2021\/04\/halkbakkal-ibb-logolu-36x36.png","square":"https:\/\/forms.ibb.gov.tr\/halkbakkal\/wp-content\/uploads\/sites\/19\/2021\/04\/halkbakkal-ibb-logolu-180x180.png","featured":"https:\/\/forms.ibb.gov.tr\/halkbakkal\/wp-content\/uploads\/sites\/19\/2021\/04\/halkbakkal-ibb-logolu-512x430.png","featured_large":"https:\/\/forms.ibb.gov.tr\/halkbakkal\/wp-content\/uploads\/sites\/19\/2021\/04\/halkbakkal-ibb-logolu.png","extra_large":"https:\/\/forms.ibb.gov.tr\/halkbakkal\/wp-content\/uploads\/sites\/19\/2021\/04\/halkbakkal-ibb-logolu.png","portfolio":"https:\/\/forms.ibb.gov.tr\/halkbakkal\/wp-content\/uploads\/sites\/19\/2021\/04\/halkbakkal-ibb-logolu-495x400.png","portfolio_small":"https:\/\/forms.ibb.gov.tr\/halkbakkal\/wp-content\/uploads\/sites\/19\/2021\/04\/halkbakkal-ibb-logolu-260x185.png","gallery":"https:\/\/forms.ibb.gov.tr\/halkbakkal\/wp-content\/uploads\/sites\/19\/2021\/04\/halkbakkal-ibb-logolu.png","magazine":"https:\/\/forms.ibb.gov.tr\/halkbakkal\/wp-content\/uploads\/sites\/19\/2021\/04\/halkbakkal-ibb-logolu-512x375.png","masonry":"https:\/\/forms.ibb.gov.tr\/halkbakkal\/wp-content\/uploads\/sites\/19\/2021\/04\/halkbakkal-ibb-logolu.png","entry_with_sidebar":"https:\/\/forms.ibb.gov.tr\/halkbakkal\/wp-content\/uploads\/sites\/19\/2021\/04\/halkbakkal-ibb-logolu-512x321.png","entry_without_sidebar":"https:\/\/forms.ibb.gov.tr\/halkbakkal\/wp-content\/uploads\/sites\/19\/2021\/04\/halkbakkal-ibb-logolu-512x423.png"}},"parent":0,"menu_order":0,"comment_status":"closed","ping_status":"closed","template":"template-blank.php","meta":{"footnotes":""},"categories":[],"tags":[],"class_list":["post-6107","page","type-page","status-publish","format-link","has-post-thumbnail","hentry"],"_links":{"self":[{"href":"https:\/\/forms.ibb.gov.tr\/halkbakkal\/wp-json\/wp\/v2\/pages\/6107","targetHints":{"allow":["GET"]}}],"collection":[{"href":"https:\/\/forms.ibb.gov.tr\/halkbakkal\/wp-json\/wp\/v2\/pages"}],"about":[{"href":"https:\/\/forms.ibb.gov.tr\/halkbakkal\/wp-json\/wp\/v2\/types\/page"}],"author":[{"embeddable":true,"href":"https:\/\/forms.ibb.gov.tr\/halkbakkal\/wp-json\/wp\/v2\/users\/1"}],"replies":[{"embeddable":true,"href":"https:\/\/forms.ibb.gov.tr\/halkbakkal\/wp-json\/wp\/v2\/comments?post=6107"}],"version-history":[{"count":4,"href":"https:\/\/forms.ibb.gov.tr\/halkbakkal\/wp-json\/wp\/v2\/pages\/6107\/revisions"}],"predecessor-version":[{"id":6112,"href":"https:\/\/forms.ibb.gov.tr\/halkbakkal\/wp-json\/wp\/v2\/pages\/6107\/revisions\/6112"}],"wp:featuredmedia":[{"embeddable":true,"href":"https:\/\/forms.ibb.gov.tr\/halkbakkal\/wp-json\/wp\/v2\/media\/199"}],"wp:attachment":[{"href":"https:\/\/forms.ibb.gov.tr\/halkbakkal\/wp-json\/wp\/v2\/media?parent=6107"}],"wp:term":[{"taxonomy":"category","embeddable":true,"href":"https:\/\/forms.ibb.gov.tr\/halkbakkal\/wp-json\/wp\/v2\/categories?post=6107"},{"taxonomy":"post_tag","embeddable":true,"href":"https:\/\/forms.ibb.gov.tr\/halkbakkal\/wp-json\/wp\/v2\/tags?post=6107"}],"curies":[{"name":"wp","href":"https:\/\/api.w.org\/{rel}","templated":true}]}}