{"id":154,"date":"2023-08-01T15:28:18","date_gmt":"2023-08-01T12:28:18","guid":{"rendered":"https:\/\/forms.ibb.gov.tr\/isgm\/?page_id=154"},"modified":"2023-08-01T15:28:18","modified_gmt":"2023-08-01T12:28:18","slug":"uzmanasor","status":"publish","type":"page","link":"https:\/\/forms.ibb.gov.tr\/isgm\/uzmanasor\/","title":{"rendered":"Uzmana Sor"},"content":{"rendered":"<div class=\"frm_forms  with_frm_style frm_style_formidable-style\" id=\"frm_form_41_container\" data-token=\"86d9b847ffa0d3be7e7f1d4bd8bf9451\">\n<form enctype=\"multipart\/form-data\" method=\"post\" class=\"frm-show-form  frm_pro_form \" id=\"form_isgsoru\" data-token=\"86d9b847ffa0d3be7e7f1d4bd8bf9451\">\n<div class=\"frm_form_fields \">\n<fieldset>\n<legend class=\"frm_screen_reader\">\u0130SG Soru ve \u00d6neri Formu<\/legend>\r\n<h3 class=\"frm_form_title\">\u0130SG Soru ve \u00d6neri Formu<\/h3>\r\n<div class=\"frm_description\"><p>\u0130stanbul B\u00fcy\u00fck\u015fehir Belediyesi \u0130\u015f Sa\u011fl\u0131\u011f\u0131 ve G\u00fcvenli\u011fi \u015eube M\u00fcd\u00fcrl\u00fc\u011f\u00fc olarak,<\/p>\n<p>\"\u0130\u015f kazas\u0131z \u0130stanbul\" hedefi do\u011frultusunda i\u015f sa\u011fl\u0131\u011f\u0131 ve g\u00fcvenli\u011fi konular\u0131nda do\u011fru ve g\u00fcncel bilgilerin <br \/> kamuoyuyla payla\u015f\u0131lmas\u0131n\u0131 \u00f6nemsiyoruz. Bu platform \u00fczerinden, \u0130SG s\u00fcre\u00e7leri ile ilgili soru ve \u00f6nerinizi ilgili uzmanlar\u0131m\u0131za iletebilirsiniz.<br \/>\n\u0130letileriniz, haz\u0131rlanacak e\u011fitim, rehber ve di\u011fer \u00e7al\u0131\u015fmalar i\u00e7in derlenip de\u011ferlendirilmektedir.<br \/>\nTaraf\u0131n\u0131zca payla\u015f\u0131lan ki\u015fisel verileriniz, 6698 say\u0131l\u0131 Ki\u015fisel Verilerin Korunmas\u0131 Kanunu kapsam\u0131nda<br \/>\ngizlilikle korunmakta ve yaln\u0131zca ilgili ama\u00e7lar do\u011frultusunda i\u015flenmektedir.<\/p>\n<\/div><div class=\"frm_fields_container\">\n<input type=\"hidden\" name=\"frm_action\" value=\"create\" \/>\n<input type=\"hidden\" name=\"form_id\" value=\"41\" \/>\n<input type=\"hidden\" name=\"frm_hide_fields_41\" id=\"frm_hide_fields_41\" value=\"\" \/>\n<input type=\"hidden\" name=\"form_key\" value=\"isgsoru\" \/>\n<input type=\"hidden\" name=\"item_meta[0]\" value=\"\" \/>\n<input type=\"hidden\" id=\"frm_submit_entry_41\" name=\"frm_submit_entry_41\" value=\"2c653de8ce\" \/><input type=\"hidden\" name=\"_wp_http_referer\" value=\"\/isgm\/wp-json\/wp\/v2\/pages\/154\" \/><div id=\"frm_field_671_container\" class=\"frm_form_field form-field  frm_required_field form-group frm_top_container\">\r\n    <label for=\"field_k3okb\" id=\"field_k3okb_label\" class=\"frm_primary_label col-form-label form-label\">Kurum Ad\u0131\r\n        <span class=\"frm_required\" aria-hidden=\"true\">*<\/span>\r\n    <\/label>\r\n    <input  type=\"text\" id=\"field_k3okb\" name=\"item_meta[671]\" value=\"\"  data-reqmsg=\"Bu alan bo\u015f b\u0131rak\u0131lamaz.\" aria-required=\"true\" data-invmsg=\"Text is invalid\" class=\"form-control\" aria-invalid=\"false\"   \/>\r\n    \r\n    \r\n<\/div>\n<div id=\"frm_field_632_container\" class=\"frm_form_field form-field  frm_required_field form-group frm_top_container\">\r\n    <label for=\"field_wevv0\" id=\"field_wevv0_label\" class=\"frm_primary_label col-form-label form-label\">E-posta Adresi\r\n        <span class=\"frm_required\" aria-hidden=\"true\">*<\/span>\r\n    <\/label>\r\n    <input type=\"email\" id=\"field_wevv0\" name=\"item_meta[632]\" value=\"\"  data-reqmsg=\"Bu alan bo\u015f b\u0131rak\u0131lamaz.\" aria-required=\"true\" data-invmsg=\"Email is invalid\" class=\"form-control\" aria-invalid=\"false\"  \/>\r\n    \r\n    \r\n<\/div>\n<div id=\"frm_field_672_container\" class=\"frm_form_field form-field  frm_required_field form-group frm_top_container\">\r\n    <label for=\"field_hzyyr\" id=\"field_hzyyr_label\" class=\"frm_primary_label col-form-label form-label\">Ad Soyad\r\n        <span class=\"frm_required\" aria-hidden=\"true\">*<\/span>\r\n    <\/label>\r\n    <input  type=\"text\" id=\"field_hzyyr\" name=\"item_meta[672]\" value=\"\"  data-reqmsg=\"Bu alan bo\u015f b\u0131rak\u0131lamaz.\" aria-required=\"true\" data-invmsg=\"Text is invalid\" class=\"form-control\" aria-invalid=\"false\"   \/>\r\n    \r\n    \r\n<\/div>\n<div id=\"frm_field_627_container\" class=\"frm_form_field form-field  frm_required_field form-group frm_top_container vertical_radio\">\r\n    <div id=\"field_skma3_label\" class=\"frm_primary_label col-form-label form-label\">L\u00fctfen sorunuzu veya \u00f6nerinizi iletmek istedi\u011finiz ilgili ki\u015fiyi se\u00e7iniz.\r\n        <span class=\"frm_required\" aria-hidden=\"true\">*<\/span>\r\n    <\/div>\r\n    <div class=\"frm_opt_container\" role=\"radiogroup\" aria-required=\"true\">\t\t<div class=\"frm_radio radio\" id=\"frm_radio_627-0\">\t\t\t<label  for=\"field_skma3-0\">\n\t\t\t\t\t<input type=\"radio\" name=\"item_meta[627]\" id=\"field_skma3-0\" value=\"\u0130\u015f Yeri Hekimi\"\n\t\t data-reqmsg=\"Bu alan bo\u015f b\u0131rak\u0131lamaz.\" data-invmsg=\"L\u00fctfen sorunuzu veya \u00f6nerinizi iletmek istedi\u011finiz ilgili ki\u015fiyi se\u00e7iniz. is invalid\"   \/> \u0130\u015f Yeri Hekimi<\/label><\/div>\n\t\t<div class=\"frm_radio radio\" id=\"frm_radio_627-1\">\t\t\t<label  for=\"field_skma3-1\">\n\t\t\t\t\t<input type=\"radio\" name=\"item_meta[627]\" id=\"field_skma3-1\" value=\"\u0130\u015f G\u00fcvenli\u011fi Uzman\u0131\"\n\t\t data-reqmsg=\"Bu alan bo\u015f b\u0131rak\u0131lamaz.\" data-invmsg=\"L\u00fctfen sorunuzu veya \u00f6nerinizi iletmek istedi\u011finiz ilgili ki\u015fiyi se\u00e7iniz. is invalid\"   \/> \u0130\u015f G\u00fcvenli\u011fi Uzman\u0131<\/label><\/div>\n\t\t<div class=\"frm_radio radio\" id=\"frm_radio_627-3\">\t\t\t<label  for=\"field_skma3-3\">\n\t\t\t\t\t<input type=\"radio\" name=\"item_meta[627]\" id=\"field_skma3-3\" value=\"\u0130\u015f Hijyenisti\"\n\t\t data-reqmsg=\"Bu alan bo\u015f b\u0131rak\u0131lamaz.\" data-invmsg=\"L\u00fctfen sorunuzu veya \u00f6nerinizi iletmek istedi\u011finiz ilgili ki\u015fiyi se\u00e7iniz. is invalid\"   \/> \u0130\u015f Hijyenisti<\/label><\/div>\n\t\t<div class=\"frm_radio radio\" id=\"frm_radio_627-4\">\t\t\t<label  for=\"field_skma3-4\">\n\t\t\t\t\t<input type=\"radio\" name=\"item_meta[627]\" id=\"field_skma3-4\" value=\"\u0130\u015f Psikolo\u011fu\"\n\t\t data-reqmsg=\"Bu alan bo\u015f b\u0131rak\u0131lamaz.\" data-invmsg=\"L\u00fctfen sorunuzu veya \u00f6nerinizi iletmek istedi\u011finiz ilgili ki\u015fiyi se\u00e7iniz. is invalid\"   \/> \u0130\u015f Psikolo\u011fu<\/label><\/div>\n\t\t<div class=\"frm_radio radio\" id=\"frm_radio_627-5\">\t\t\t<label  for=\"field_skma3-5\">\n\t\t\t\t\t<input type=\"radio\" name=\"item_meta[627]\" id=\"field_skma3-5\" value=\"(\u0130SG) Hukuk\"\n\t\t data-reqmsg=\"Bu alan bo\u015f b\u0131rak\u0131lamaz.\" data-invmsg=\"L\u00fctfen sorunuzu veya \u00f6nerinizi iletmek istedi\u011finiz ilgili ki\u015fiyi se\u00e7iniz. is invalid\"   \/> (\u0130SG) Hukuk<\/label><\/div>\n<\/div>\r\n    \r\n    \r\n<\/div>\n<div id=\"frm_field_631_container\" class=\"frm_form_field form-field  frm_required_field form-group frm_top_container\">\r\n    <label for=\"field_pq0j2\" id=\"field_pq0j2_label\" class=\"frm_primary_label col-form-label form-label\">Sorunuz veya \u00d6neriniz\r\n        <span class=\"frm_required\" aria-hidden=\"true\">*<\/span>\r\n    <\/label>\r\n    <div id=\"wp-field_pq0j2-wrap\" class=\"wp-core-ui wp-editor-wrap tmce-active\"><link rel='stylesheet' id='dashicons-css' href='https:\/\/forms.ibb.gov.tr\/isgm\/wp-includes\/css\/dashicons.min.css' type='text\/css' media='all' \/>\n<link rel='stylesheet' id='editor-buttons-css' href='https:\/\/forms.ibb.gov.tr\/isgm\/wp-includes\/css\/editor.min.css' type='text\/css' media='all' \/>\n<div id=\"wp-field_pq0j2-editor-tools\" class=\"wp-editor-tools hide-if-no-js\"><div class=\"wp-editor-tabs\"><button type=\"button\" id=\"field_pq0j2-tmce\" aria-pressed=\"true\" class=\"wp-switch-editor switch-tmce\" data-wp-editor-id=\"field_pq0j2\">G\u00f6rsel<\/button>\n<button type=\"button\" id=\"field_pq0j2-html\" class=\"wp-switch-editor switch-html\" data-wp-editor-id=\"field_pq0j2\">Kod<\/button>\n<\/div>\n<\/div>\n<div id=\"wp-field_pq0j2-editor-container\" class=\"wp-editor-container\"><div id=\"qt_field_pq0j2_toolbar\" class=\"quicktags-toolbar hide-if-no-js\"><\/div><textarea class=\"wp-editor-area\" rows=\"7\" autocomplete=\"off\" cols=\"40\" name=\"item_meta[631]\" id=\"field_pq0j2\"><\/textarea><\/div>\n<\/div>\n\n\r\n    \r\n    \r\n<\/div>\n<div id=\"frm_field_1719_container\" class=\"frm_form_field form-field  form-group\">\r\n\t<div class=\"form-group frm_submit\">\r\n\r\n<button class=\"frm_button_submit btn btn-secondary frm_final_submit\" type=\"submit\"  formnovalidate=\"formnovalidate\">G\u00f6nder<\/button>\r\n\r\n\r\n<\/div>\r\n<\/div>\n\t<input type=\"hidden\" name=\"item_key\" value=\"\" \/>\n\t\t\t<div id=\"frm_field_2747_container\">\n\t\t\t<label for=\"field_6e2pu\" >\n\t\t\t\tIf you are human, leave this field blank.\t\t\t<\/label>\n\t\t\t<input  id=\"field_6e2pu\" type=\"text\" class=\"frm_form_field form-field frm_verify\" name=\"item_meta[2747]\" value=\"\"  \/>\n\t\t<\/div>\n\t\t<input name=\"frm_state\" type=\"hidden\" value=\"nfzUEzIloXPVG94cIWM31AfMv3N9qOk++rrk0ML13iw\/QYBwM9aOlRlQrdow1Uib\" \/><\/div>\n<\/fieldset>\n<\/div>\n\n<\/form>\n<\/div>\n\n","protected":false},"excerpt":{"rendered":"","protected":false},"author":8,"featured_media":0,"parent":0,"menu_order":0,"comment_status":"closed","ping_status":"closed","template":"","meta":{"footnotes":""},"categories":[],"tags":[],"class_list":["post-154","page","type-page","status-publish","format-standard","hentry"],"_links":{"self":[{"href":"https:\/\/forms.ibb.gov.tr\/isgm\/wp-json\/wp\/v2\/pages\/154","targetHints":{"allow":["GET"]}}],"collection":[{"href":"https:\/\/forms.ibb.gov.tr\/isgm\/wp-json\/wp\/v2\/pages"}],"about":[{"href":"https:\/\/forms.ibb.gov.tr\/isgm\/wp-json\/wp\/v2\/types\/page"}],"author":[{"embeddable":true,"href":"https:\/\/forms.ibb.gov.tr\/isgm\/wp-json\/wp\/v2\/users\/8"}],"replies":[{"embeddable":true,"href":"https:\/\/forms.ibb.gov.tr\/isgm\/wp-json\/wp\/v2\/comments?post=154"}],"version-history":[{"count":2,"href":"https:\/\/forms.ibb.gov.tr\/isgm\/wp-json\/wp\/v2\/pages\/154\/revisions"}],"predecessor-version":[{"id":707,"href":"https:\/\/forms.ibb.gov.tr\/isgm\/wp-json\/wp\/v2\/pages\/154\/revisions\/707"}],"wp:attachment":[{"href":"https:\/\/forms.ibb.gov.tr\/isgm\/wp-json\/wp\/v2\/media?parent=154"}],"wp:term":[{"taxonomy":"category","embeddable":true,"href":"https:\/\/forms.ibb.gov.tr\/isgm\/wp-json\/wp\/v2\/categories?post=154"},{"taxonomy":"post_tag","embeddable":true,"href":"https:\/\/forms.ibb.gov.tr\/isgm\/wp-json\/wp\/v2\/tags?post=154"}],"curies":[{"name":"wp","href":"https:\/\/api.w.org\/{rel}","templated":true}]}}