{"id":356,"date":"2022-07-25T13:59:15","date_gmt":"2022-07-25T10:59:15","guid":{"rendered":"https:\/\/forms.ibb.gov.tr\/istanbulvakfi\/?page_id=356"},"modified":"2025-12-04T21:13:23","modified_gmt":"2025-12-04T18:13:23","slug":"gonullu-olmak-ister-misiniz","status":"publish","type":"page","link":"https:\/\/forms.ibb.gov.tr\/istanbulvakfi\/gonullu-olmak-ister-misiniz\/","title":{"rendered":"G\u00f6n\u00fcll\u00fc Olmak \u0130ster misiniz!"},"content":{"rendered":"<div id='av-layout-grid-1'  class='av-layout-grid-container av-1gyd4s-d0e76c7fc6accaec9fc987f81bc61056 entry-content-wrapper main_color av-flex-cells  avia-builder-el-0  avia-builder-el-no-sibling   container_wrap fullsize'  >\n\n<style type=\"text\/css\" data-created_by=\"avia_inline_auto\" id=\"style-css-av-17azqc-d9cd876cb0a5cbef06fd29bfe656eb13\">\n.flex_cell.av-17azqc-d9cd876cb0a5cbef06fd29bfe656eb13{\nvertical-align:top;\nbackground-color:#f9f9f9;\nbackground:linear-gradient( to bottom right, #f9f9f9, #e8e8e8 );\n}\n.responsive #top #wrap_all .flex_cell.av-17azqc-d9cd876cb0a5cbef06fd29bfe656eb13{\npadding:30px 30px 30px 30px !important;\n}\n<\/style>\n<div class='flex_cell av-17azqc-d9cd876cb0a5cbef06fd29bfe656eb13 av-gridrow-cell av_one_third no_margin  avia-builder-el-1  el_before_av_cell_two_third  avia-builder-el-first  content-align-top'  ><div class='flex_cell_inner'><p>\n<style type=\"text\/css\" data-created_by=\"avia_inline_auto\" id=\"style-css-av-13rkjg-d7627d53ebe5e1b1beccb538143308dd\">\n.flex_column.av-13rkjg-d7627d53ebe5e1b1beccb538143308dd{\nborder-width:1px;\nborder-style:solid;\nborder-radius:20px 20px 20px 20px;\npadding:10px 10px 10px 10px;\nbackground-color:#ffffff;\n}\n<\/style>\n<div  class='flex_column av-13rkjg-d7627d53ebe5e1b1beccb538143308dd av_one_full  avia-builder-el-2  el_before_av_hr  avia-builder-el-first  first flex_column_div av-animated-generic left-to-right  '     ><style type=\"text\/css\" data-created_by=\"avia_inline_auto\" id=\"style-css-av-vfv6s-e8c59d282cae213d1c5f899d192e0e73\">\n.avia-image-container.av-vfv6s-e8c59d282cae213d1c5f899d192e0e73 img.avia_image{\nbox-shadow:none;\n}\n.avia-image-container.av-vfv6s-e8c59d282cae213d1c5f899d192e0e73 .av-image-caption-overlay-center{\ncolor:#ffffff;\n}\n<\/style>\n<div  class='avia-image-container av-vfv6s-e8c59d282cae213d1c5f899d192e0e73 av-styling- av-img-linked avia-align-center  avia-builder-el-3  avia-builder-el-no-sibling '   itemprop=\"image\" itemscope=\"itemscope\" itemtype=\"https:\/\/schema.org\/ImageObject\" ><div class=\"avia-image-container-inner\"><div class=\"avia-image-overlay-wrap\"><a href=\"https:\/\/istanbulvakfi.istanbul\/\" class='avia_image '  target=\"_blank\"  rel=\"noopener noreferrer\" aria-label='Web-1920--3'><img decoding=\"async\" fetchpriority=\"high\" class='wp-image-22 avia-img-lazy-loading-not-22 avia_image ' src=\"https:\/\/forms.ibb.gov.tr\/istanbulvakfi\/wp-content\/uploads\/sites\/24\/2021\/09\/Web-1920-3.png\" alt='' title='Web-1920--3'  height=\"155\" width=\"320\"  itemprop=\"thumbnailUrl\" srcset=\"https:\/\/forms.ibb.gov.tr\/istanbulvakfi\/wp-content\/uploads\/sites\/24\/2021\/09\/Web-1920-3.png 320w, https:\/\/forms.ibb.gov.tr\/istanbulvakfi\/wp-content\/uploads\/sites\/24\/2021\/09\/Web-1920-3-300x145.png 300w\" sizes=\"(max-width: 320px) 100vw, 320px\" \/><\/a><\/div><\/div><\/div><\/div>\n<style type=\"text\/css\" data-created_by=\"avia_inline_auto\" id=\"style-css-av-2ia9w-4cc4ad85edf50b458b6ce69a25ce9321\">\n#top .hr.hr-invisible.av-2ia9w-4cc4ad85edf50b458b6ce69a25ce9321{\nheight:36px;\n}\n<\/style>\n<div  class='hr av-2ia9w-4cc4ad85edf50b458b6ce69a25ce9321 hr-invisible  avia-builder-el-4  el_after_av_one_full  el_before_av_one_full '><span class='hr-inner '><span class=\"hr-inner-style\"><\/span><\/span><\/div><br \/>\n\n<style type=\"text\/css\" data-created_by=\"avia_inline_auto\" id=\"style-css-av-jzakc-56522bb38e1aaabf0f48196c08937ade\">\n.flex_column.av-jzakc-56522bb38e1aaabf0f48196c08937ade{\nborder-radius:0px 0px 0px 0px;\npadding:0px 0px 0px 0px;\n}\n<\/style>\n<div  class='flex_column av-jzakc-56522bb38e1aaabf0f48196c08937ade av_one_full  avia-builder-el-5  el_after_av_hr  avia-builder-el-last  first flex_column_div av-animated-generic left-to-right av-zero-column-padding  '     ><section  class='av_textblock_section av-l60mgpx6-4e3395d1621462c8c6ecd39fbbf0ee1c '   itemscope=\"itemscope\" itemtype=\"https:\/\/schema.org\/CreativeWork\" ><div class='avia_textblock'  itemprop=\"text\" ><p><strong>G\u00f6n\u00fcll\u00fcl\u00fck<\/strong><\/p>\n<p>Kentte dayan\u0131\u015fmay\u0131, kapsay\u0131c\u0131l\u0131\u011f\u0131 ve e\u011fitim yoluyla toplumsal d\u00f6n\u00fc\u015f\u00fcm\u00fc te\u015fvik eden bir g\u00f6n\u00fcll\u00fcl\u00fck modeli olu\u015fturan \u0130stanbul Vakf\u0131, g\u00f6n\u00fcll\u00fcl\u00fc\u011f\u00fc bireysel potansiyelin toplumsal faydaya d\u00f6n\u00fc\u015ft\u00fc\u011f\u00fc bir yolculuk olarak tan\u0131mlar.<\/p>\n<p><strong>Temel \u0130lkelerimiz<\/strong><\/p>\n<ul>\n<li>E\u015fitlik ve Kapsay\u0131c\u0131l\u0131k<\/li>\n<li>Kad\u0131n Odakl\u0131 G\u00fc\u00e7lenme<\/li>\n<li>Kat\u0131l\u0131mc\u0131l\u0131k<\/li>\n<li>\u00d6\u011frenme ve Etki Odakl\u0131l\u0131k<\/li>\n<li>S\u00fcrd\u00fcr\u00fclebilir Kat\u0131l\u0131m<\/li>\n<li>Kentle Ba\u011f Kurma<\/li>\n<li>G\u00fcven ve \u015eeffafl\u0131k<\/li>\n<\/ul>\n<h3><\/h3>\n<h3>KVKK Formu<\/h3>\n<ul>\n<li><a href=\"https:\/\/forms.ibb.gov.tr\/istanbulvakfi\/wp-content\/uploads\/sites\/24\/2022\/04\/ilgili-Kisi-BasvuruFormu.pdf\">\u0130lgili Ki\u015fi Ba\u015fvuru Formu<\/a><\/li>\n<\/ul>\n<\/div><\/section><\/div><\/p>\n<\/div><\/div><div class='flex_cell av-f4hcs-95e12bf67c209f4db1b8aada8c3b4b35 av-gridrow-cell av_two_third no_margin  avia-builder-el-7  el_after_av_cell_one_third  avia-builder-el-last '  ><div class='flex_cell_inner'>\n<style type=\"text\/css\" data-created_by=\"avia_inline_auto\" id=\"style-css-av-7c37w-1b06a92cad226ea52dbcdad2f9fee7fd\">\n.flex_column.av-7c37w-1b06a92cad226ea52dbcdad2f9fee7fd{\nborder-radius:0px 0px 0px 0px;\npadding:0px 0px 0px 0px;\n}\n<\/style>\n<div  class='flex_column av-7c37w-1b06a92cad226ea52dbcdad2f9fee7fd av_four_fifth  avia-builder-el-8  avia-builder-el-no-sibling  first flex_column_div av-zero-column-padding  '     ><p>\n<style type=\"text\/css\" data-created_by=\"avia_inline_auto\" id=\"style-css-av-mirr5yj3-3f7140aa7b376459bfb255b1a69b51e2\">\n#top .av-special-heading.av-mirr5yj3-3f7140aa7b376459bfb255b1a69b51e2{\npadding-bottom:20px;\n}\nbody .av-special-heading.av-mirr5yj3-3f7140aa7b376459bfb255b1a69b51e2 .av-special-heading-tag .heading-char{\nfont-size:25px;\n}\n.av-special-heading.av-mirr5yj3-3f7140aa7b376459bfb255b1a69b51e2 .av-subheading{\nfont-size:15px;\n}\n<\/style>\n<div  class='av-special-heading av-mirr5yj3-3f7140aa7b376459bfb255b1a69b51e2 av-special-heading-h1 blockquote modern-quote  avia-builder-el-9  el_before_av_textblock  avia-builder-el-first  av-thin-font'><h1 class='av-special-heading-tag '  itemprop=\"headline\"  ><strong>G\u00f6n\u00fcll\u00fc Formu<\/strong><\/h1><div class=\"special-heading-border\"><div class=\"special-heading-inner-border\"><\/div><\/div><\/div><br \/>\n<section  class='av_textblock_section av-l60mhh81-7ecf129d8829fb41f810dbddead051ea '   itemscope=\"itemscope\" itemtype=\"https:\/\/schema.org\/CreativeWork\" ><div class='avia_textblock'  itemprop=\"text\" ><div class=\"frm_forms  with_frm_style frm_style_formidable-style-2\" id=\"frm_form_43_container\" data-token=\"71ecdfd9c62f7b106c783f652df68d8d\">\n<form enctype=\"multipart\/form-data\" method=\"post\" class=\"frm-show-form  frm_js_validate  frm_ajax_submit  frm_pro_form \" id=\"form_gonullu-basvuru-formu2025\" data-token=\"71ecdfd9c62f7b106c783f652df68d8d\">\n<div class=\"frm_form_fields \">\n<fieldset>\n<legend class=\"frm_screen_reader\">G\u00f6n\u00fcll\u00fc Olmak \u0130ster misiniz?-2025<\/legend>\r\n\r\n<div class=\"frm_fields_container\">\n<input type=\"hidden\" name=\"frm_action\" value=\"create\" \/>\n<input type=\"hidden\" name=\"form_id\" value=\"43\" \/>\n<input type=\"hidden\" name=\"frm_hide_fields_43\" id=\"frm_hide_fields_43\" value=\"\" \/>\n<input type=\"hidden\" name=\"form_key\" value=\"gonullu-basvuru-formu2025\" \/>\n<input type=\"hidden\" name=\"item_meta[0]\" value=\"\" \/>\n<input type=\"hidden\" id=\"frm_submit_entry_43\" name=\"frm_submit_entry_43\" value=\"22fd6af991\" \/><input type=\"hidden\" name=\"_wp_http_referer\" value=\"\/istanbulvakfi\/wp-json\/wp\/v2\/pages\/356\" \/><div id=\"frm_field_1255_container\" class=\"frm_form_field frm_section_heading form-field  frm12\">\r\n<h3 class=\"frm_pos_top\">Ki\u015fisel Bilgileriniz<\/h3>\r\n<div id=\"frm_desc_field_b_kisi2c24876bc434\" class=\"frm_description form-text frm_section_spacing\">* ile i\u015faretli alanlar\u0131n doldurulmas\u0131 zorunludur.<\/div>\r\n\r\n<div id=\"frm_field_1258_container\" class=\"frm_form_field form-field  frm_required_field form-group frm_top_container frm12 frm12 frm_first\">\r\n    <label for=\"field_isyeriad33be775e2834\" id=\"field_isyeriad33be775e2834_label\" class=\"frm_primary_label col-form-label form-label\">Ad\u0131n\u0131z Soyad\u0131n\u0131z\r\n        <span class=\"frm_required\">*<\/span>\r\n    <\/label>\r\n    <input  type=\"text\" id=\"field_isyeriad33be775e2834\" name=\"item_meta[1258]\" value=\"\"  data-sectionid=\"1255\"  data-reqmsg=\"Bu alan bo\u015f b\u0131rak\u0131lamaz.\" aria-required=\"true\" data-invmsg=\"Hatal\u0131 Bilgi girdiniz.\" class=\"form-control\" aria-invalid=\"false\"   \/>\r\n    \r\n    \r\n<\/div>\n<div id=\"frm_field_1267_container\" class=\"frm_form_field form-field  frm_required_field form-group frm_top_container frm3 frm_first\">\r\n    <label for=\"field_4mg594\" id=\"field_4mg594_label\" class=\"frm_primary_label col-form-label form-label\">Telefon Numaran\u0131z\r\n        <span class=\"frm_required\" aria-hidden=\"true\">*<\/span>\r\n    <\/label>\r\n    <input type=\"tel\" id=\"field_4mg594\" name=\"item_meta[1267]\" value=\"\"  data-sectionid=\"1255\"  data-frmmask=\"0000000000\" data-reqmsg=\"Bu alan bo\u015f b\u0131rak\u0131lamaz.\" aria-required=\"true\" data-invmsg=\"Phone is invalid\" class=\"form-control\" aria-invalid=\"false\" pattern=\"\\d\\d\\d\\d\\d\\d\\d\\d\\d\\d$\"   aria-describedby=\"frm_desc_field_4mg594\"\/>\r\n    <div class=\"frm_description form-text\" id=\"frm_desc_field_4mg594\">Telefon numaran\u0131z\u0131 10 hane olarak giriniz.<\/div>\r\n    \r\n<\/div>\n<div id=\"frm_field_1270_container\" class=\"frm_form_field form-field  frm_required_field form-group frm_top_container frm3  frm12\">\r\n    <label for=\"field_c8wt734\" id=\"field_c8wt734_label\" class=\"frm_primary_label col-form-label form-label\">E-posta Adresiniz\r\n        <span class=\"frm_required\" aria-hidden=\"true\">*<\/span>\r\n    <\/label>\r\n    <input type=\"email\" id=\"field_c8wt734\" name=\"item_meta[1270]\" value=\"\"  data-sectionid=\"1255\"  data-reqmsg=\"Bu alan bo\u015f b\u0131rak\u0131lamaz.\" aria-required=\"true\" data-invmsg=\"Email is invalid\" class=\"form-control\" aria-invalid=\"false\"  \/>\r\n    \r\n    \r\n<\/div>\n<div id=\"frm_field_1264_container\" class=\"frm_form_field form-field  form-group frm_top_container frm3  frm12\">\r\n    <label for=\"field_adee8c070aaf34\" id=\"field_adee8c070aaf34_label\" class=\"frm_primary_label col-form-label form-label\">Do\u011fum Tarihiniz\r\n        <span class=\"frm_required\"><\/span>\r\n    <\/label>\r\n    <input type=\"text\" id=\"field_adee8c070aaf34\" name=\"item_meta[1264]\" value=\"\"  data-sectionid=\"1255\"  placeholder=\"gg.aa.yyyy\" data-invmsg=\"Text is invalid\" class=\"frm_date form-control\" aria-invalid=\"false\"  \/>\r\n    \r\n    \r\n<\/div>\n<div id=\"frm_field_1321_container\" class=\"frm_form_field form-field  frm_required_field form-group frm_top_container frm3\">\r\n\t<label for=\"field_6nmk8\" id=\"field_6nmk8_label\" class=\"frm_primary_label col-form-label form-label\">Ya\u015fad\u0131\u011f\u0131n\u0131z \u0130l ve \u0130l\u00e7e\r\n\t\t<span class=\"frm_required\" aria-hidden=\"true\">*<\/span>\r\n\t<\/label>\r\n\t<input  type=\"text\" id=\"field_6nmk8\" name=\"item_meta[1321]\" value=\"\"  data-sectionid=\"1255\"  data-reqmsg=\"Bu alan bo\u015f b\u0131rak\u0131lamaz.\" aria-required=\"true\" data-invmsg=\"Ya\u015fad\u0131\u011f\u0131n\u0131z \u0130l ve \u0130l\u00e7e is invalid\" class=\"form-control\" aria-invalid=\"false\"   \/>\r\n\t\r\n\t\r\n<\/div>\n<\/div>\n<div id=\"frm_field_1282_container\" class=\"frm_form_field form-field  frm_required_field form-group frm_top_container frm_first\">\r\n    <label for=\"field_bdx1q2\" id=\"field_bdx1q2_label\" class=\"frm_primary_label col-form-label form-label\">Mezun oldu\u011funuz \u00fcniversite ve b\u00f6l\u00fcm bilgisini belirtiniz.\r\n        <span class=\"frm_required\" aria-hidden=\"true\">*<\/span>\r\n    <\/label>\r\n    <input  type=\"text\" id=\"field_bdx1q2\" name=\"item_meta[1282]\" value=\"\"  data-reqmsg=\"Bu alan bo\u015f b\u0131rak\u0131lamaz.\" aria-required=\"true\" data-invmsg=\"\u00c7ocu\u011fun Okudu\u011fu Okulun Ad\u0131 is invalid\" class=\"form-control\" aria-invalid=\"false\"   \/>\r\n    \r\n    \r\n<\/div>\n<div id=\"frm_field_1325_container\" class=\"frm_form_field form-field  frm_required_field form-group frm_top_container\">\r\n    <label for=\"field_dhcoz\" id=\"field_dhcoz_label\" class=\"frm_primary_label col-form-label form-label\">Y\u00fcksek lisans e\u011fitiminiz varsa belirtiniz. (\u00dcniversite-b\u00f6l\u00fcm)\r\n        <span class=\"frm_required\" aria-hidden=\"true\">*<\/span>\r\n    <\/label>\r\n    <input  type=\"text\" id=\"field_dhcoz\" name=\"item_meta[1325]\" value=\"\"  data-reqmsg=\"Bu alan bo\u015f b\u0131rak\u0131lamaz.\" aria-required=\"true\" data-invmsg=\"\u00c7ocu\u011fun Okudu\u011fu Okulun Ad\u0131 is invalid\" class=\"form-control\" aria-invalid=\"false\"   \/>\r\n    \r\n    \r\n<\/div>\n<div id=\"frm_field_1327_container\" class=\"frm_form_field form-field  frm_required_field form-group frm_top_container frm12 frm_first\">\r\n    <label for=\"field_wc7ck\" id=\"field_wc7ck_label\" class=\"frm_primary_label col-form-label form-label\">Doktora e\u011fitiminiz varsa belirtiniz. (\u00dcniversite-b\u00f6l\u00fcm)\r\n        <span class=\"frm_required\" aria-hidden=\"true\">*<\/span>\r\n    <\/label>\r\n    <input  type=\"text\" id=\"field_wc7ck\" name=\"item_meta[1327]\" value=\"\"  data-reqmsg=\"Bu alan bo\u015f b\u0131rak\u0131lamaz.\" aria-required=\"true\" data-invmsg=\"\u00c7ocu\u011fun Okudu\u011fu Okulun Ad\u0131 is invalid\" class=\"form-control\" aria-invalid=\"false\"   \/>\r\n    \r\n    \r\n<\/div>\n<div id=\"frm_field_1375_container\" class=\"frm_form_field form-field  frm_required_field form-group frm_top_container\">\r\n    <label for=\"field_96jxd\" id=\"field_96jxd_label\" class=\"frm_primary_label col-form-label form-label\">Mesle\u011finiz \/ Uzmanl\u0131k alan\u0131n\u0131z \r\n        <span class=\"frm_required\" aria-hidden=\"true\">*<\/span>\r\n    <\/label>\r\n    <input  type=\"text\" id=\"field_96jxd\" name=\"item_meta[1375]\" value=\"\"  data-reqmsg=\"Bu alan bo\u015f b\u0131rak\u0131lamaz.\" aria-required=\"true\" data-invmsg=\"\u00c7ocu\u011fun Okudu\u011fu Okulun Ad\u0131 is invalid\" class=\"form-control\" aria-invalid=\"false\"   \/>\r\n    \r\n    \r\n<\/div>\n<div id=\"frm_field_1378_container\" class=\"frm_form_field form-field  frm_required_field form-group frm_top_container\">\r\n    <label for=\"field_zxfzw\" id=\"field_zxfzw_label\" class=\"frm_primary_label col-form-label form-label\">Mevcut i\u015finizi veya \u00e7al\u0131\u015fma alan\u0131n\u0131z\u0131 k\u0131saca anlat\u0131r m\u0131s\u0131n\u0131z?\r\n        <span class=\"frm_required\" aria-hidden=\"true\">*<\/span>\r\n    <\/label>\r\n    <textarea name=\"item_meta[1378]\" id=\"field_zxfzw\" rows=\"4\"  data-reqmsg=\"Bu alan bo\u015f b\u0131rak\u0131lamaz.\" aria-required=\"true\" data-invmsg=\"\u00c7ocu\u011fun Okudu\u011fu Okulun Ad\u0131 is invalid\" class=\"form-control\" aria-invalid=\"false\"  ><\/textarea>\r\n    \r\n    \r\n<\/div>\n<div id=\"frm_field_1322_container\" class=\"frm_form_field form-field  frm_required_field form-group frm_top_container\">\r\n\t<label for=\"field_cq1rz\" id=\"field_cq1rz_label\" class=\"frm_primary_label col-form-label form-label\">\u0130stanbul\u2019daki y\u00fcz y\u00fcze etkinliklere kat\u0131l\u0131m durumunuz nedir?\r\n\t\t<span class=\"frm_required\" aria-hidden=\"true\">*<\/span>\r\n\t<\/label>\r\n\t\t\t<select name=\"item_meta[1322]\" id=\"field_cq1rz\"  data-frmval=\"Se\u00e7iniz\" data-reqmsg=\"Bu alan bo\u015f b\u0131rak\u0131lamaz.\" aria-required=\"true\" data-invmsg=\"\u0130stanbul\u2019daki y\u00fcz y\u00fcze etkinliklere kat\u0131l\u0131m durumunuz nedir? is invalid\" class=\"form-control\" aria-invalid=\"false\"  >\n\t\t<option  value=\"Se\u00e7iniz\" selected='selected'>Se\u00e7iniz<\/option><option  value=\"D\u00fczenli olarak kat\u0131labilirim\">D\u00fczenli olarak kat\u0131labilirim<\/option><option  value=\"Zaman zaman kat\u0131labilirim\">Zaman zaman kat\u0131labilirim<\/option><option  value=\"Yaln\u0131zca \u00e7evrim i\u00e7i etkinliklere kat\u0131labilirim\">Yaln\u0131zca \u00e7evrim i\u00e7i etkinliklere kat\u0131labilirim<\/option>\t<\/select>\n\t\r\n\t\r\n\t\r\n<\/div>\n<div id=\"frm_field_1355_container\" class=\"frm_form_field form-field  frm_required_field form-group frm_top_container\">\r\n\t<label for=\"field_zdg2r\" id=\"field_zdg2r_label\" class=\"frm_primary_label col-form-label form-label\">\u0130stanbul Vakf\u0131\u2019na g\u00f6n\u00fcll\u00fc olarak ay\u0131rabilece\u011finiz s\u00fcreyi se\u00e7iniz.\r\n\t\t<span class=\"frm_required\" aria-hidden=\"true\">*<\/span>\r\n\t<\/label>\r\n\t\t\t<select name=\"item_meta[1355]\" id=\"field_zdg2r\"  data-frmval=\"Se\u00e7iniz\" data-reqmsg=\"Bu alan bo\u015f b\u0131rak\u0131lamaz.\" aria-required=\"true\" data-invmsg=\"\u0130stanbul Vakf\u0131\u2019na g\u00f6n\u00fcll\u00fc olarak ay\u0131rabilece\u011finiz s\u00fcreyi se\u00e7iniz. is invalid\" class=\"form-control\" aria-invalid=\"false\"  >\n\t\t<option  value=\"Se\u00e7iniz\" selected='selected'>Se\u00e7iniz<\/option><option  value=\"Haftada 2\u20133 saat\">Haftada 2\u20133 saat<\/option><option  value=\"Ayda 1 oturum\">Ayda 1 oturum<\/option><option  value=\"D\u00f6nemsel olarak katk\u0131 sa\u011flayabilirim\">D\u00f6nemsel olarak katk\u0131 sa\u011flayabilirim<\/option>\t<\/select>\n\t\r\n\t\r\n\t\r\n<\/div>\n<div id=\"frm_field_1358_container\" class=\"frm_form_field form-field  frm_required_field form-group frm_top_container frm12 frm_first\">\r\n\t<label for=\"field_olvwn\" id=\"field_olvwn_label\" class=\"frm_primary_label col-form-label form-label\">Ocak 2026\u2019da yapmay\u0131 planlad\u0131\u011f\u0131m\u0131z g\u00f6n\u00fcll\u00fc bulu\u015fmas\u0131na kat\u0131lma durumunuz belirtiniz?\r\n\t\t<span class=\"frm_required\" aria-hidden=\"true\">*<\/span>\r\n\t<\/label>\r\n\t\t\t<select name=\"item_meta[1358]\" id=\"field_olvwn\"  data-frmval=\"Se\u00e7iniz\" data-reqmsg=\"Bu alan bo\u015f b\u0131rak\u0131lamaz.\" aria-required=\"true\" data-invmsg=\"Ocak 2026\u2019da yapmay\u0131 planlad\u0131\u011f\u0131m\u0131z g\u00f6n\u00fcll\u00fc bulu\u015fmas\u0131na kat\u0131lma durumunuz belirtiniz? is invalid\" class=\"form-control\" aria-invalid=\"false\"  >\n\t\t<option  value=\"Se\u00e7iniz\" selected='selected'>Se\u00e7iniz<\/option><option  value=\"Kesin kat\u0131laca\u011f\u0131m\">Kesin kat\u0131laca\u011f\u0131m<\/option><option  value=\"Kat\u0131lamayaca\u011f\u0131m\">Kat\u0131lamayaca\u011f\u0131m<\/option>\t<\/select>\n\t\r\n\t\r\n\t\r\n<\/div>\n<div id=\"frm_field_1420_container\" class=\"frm_form_field form-field  frm_required_field form-group frm_top_container frm12 frm_first\">\r\n\t<label for=\"field_wshxv\" id=\"field_wshxv_label\" class=\"frm_primary_label col-form-label form-label\">Daha \u00f6nce herhangi bir STK\u2019da g\u00f6n\u00fcll\u00fcl\u00fck deneyiminiz oldu mu?\r\n\t\t<span class=\"frm_required\" aria-hidden=\"true\">*<\/span>\r\n\t<\/label>\r\n\t\t\t<select name=\"item_meta[1420]\" id=\"field_wshxv\"  data-reqmsg=\"Bu alan bo\u015f b\u0131rak\u0131lamaz.\" aria-required=\"true\" data-invmsg=\"Daha \u00f6nce herhangi bir STK\u2019da g\u00f6n\u00fcll\u00fcl\u00fck deneyiminiz oldu mu? is invalid\" class=\"form-control\" aria-invalid=\"false\"  >\n\t\t<option  value=\"Se\u00e7iniz\">Se\u00e7iniz<\/option><option  value=\"Evet\">Evet<\/option><option  value=\"Hay\u0131r\">Hay\u0131r<\/option>\t<\/select>\n\t\r\n\t\r\n\t\r\n<\/div>\n<div id=\"frm_field_1429_container\" class=\"frm_form_field form-field  frm_required_field form-group frm_top_container\">\r\n    <label for=\"field_1ths3\" id=\"field_1ths3_label\" class=\"frm_primary_label col-form-label form-label\">Evet ise, hangi \u00e7al\u0131\u015fmalara kat\u0131ld\u0131\u011f\u0131n\u0131z\u0131 k\u0131saca yazar m\u0131s\u0131n\u0131z?\r\n        <span class=\"frm_required\" aria-hidden=\"true\">*<\/span>\r\n    <\/label>\r\n    <textarea name=\"item_meta[1429]\" id=\"field_1ths3\" rows=\"3\"  data-reqmsg=\"Bu alan bo\u015f b\u0131rak\u0131lamaz.\" aria-required=\"true\" data-invmsg=\"\u00c7ocu\u011fun Okudu\u011fu Okulun Ad\u0131 is invalid\" class=\"form-control\" aria-invalid=\"false\"  ><\/textarea>\r\n    \r\n    \r\n<\/div>\n<div id=\"frm_field_1438_container\" class=\"frm_form_field form-field  frm_required_field form-group frm_top_container\">\r\n    <label for=\"field_5c5sx\" id=\"field_5c5sx_label\" class=\"frm_primary_label col-form-label form-label\">\u0130stanbul Vakf\u0131\u2019nda g\u00f6n\u00fcll\u00fc olmak istemenizin nedenini payla\u015f\u0131r m\u0131s\u0131n\u0131z?\r\n        <span class=\"frm_required\" aria-hidden=\"true\">*<\/span>\r\n    <\/label>\r\n    <textarea name=\"item_meta[1438]\" id=\"field_5c5sx\" rows=\"3\"  data-reqmsg=\"Bu alan bo\u015f b\u0131rak\u0131lamaz.\" aria-required=\"true\" data-invmsg=\"\u00c7ocu\u011fun Okudu\u011fu Okulun Ad\u0131 is invalid\" class=\"form-control\" aria-invalid=\"false\"  ><\/textarea>\r\n    \r\n    \r\n<\/div>\n<div id=\"frm_field_1441_container\" class=\"frm_form_field form-field  frm_required_field form-group frm_top_container\">\r\n    <label for=\"field_kcwxx\" id=\"field_kcwxx_label\" class=\"frm_primary_label col-form-label form-label\">E\u011fitim g\u00f6n\u00fcll\u00fcs\u00fc olarak katk\u0131 sunabilece\u011finizi d\u00fc\u015f\u00fcnd\u00fc\u011f\u00fcn\u00fcz alanlar\/konular nelerdir?\r\n        <span class=\"frm_required\" aria-hidden=\"true\">*<\/span>\r\n    <\/label>\r\n    <textarea name=\"item_meta[1441]\" id=\"field_kcwxx\" rows=\"3\"  data-reqmsg=\"Bu alan bo\u015f b\u0131rak\u0131lamaz.\" aria-required=\"true\" data-invmsg=\"\u00c7ocu\u011fun Okudu\u011fu Okulun Ad\u0131 is invalid\" class=\"form-control\" aria-invalid=\"false\"  ><\/textarea>\r\n    \r\n    \r\n<\/div>\n<div id=\"frm_field_1442_container\" class=\"frm_form_field form-field  frm_required_field form-group frm_top_container\">\r\n    <label for=\"field_vv408\" id=\"field_vv408_label\" class=\"frm_primary_label col-form-label form-label\">Eklemek istedikleriniz\r\n        <span class=\"frm_required\" aria-hidden=\"true\">*<\/span>\r\n    <\/label>\r\n    <textarea name=\"item_meta[1442]\" id=\"field_vv408\" rows=\"3\"  data-reqmsg=\"Bu alan bo\u015f b\u0131rak\u0131lamaz.\" aria-required=\"true\" data-invmsg=\"\u00c7ocu\u011fun Okudu\u011fu Okulun Ad\u0131 is invalid\" class=\"form-control\" aria-invalid=\"false\"  ><\/textarea>\r\n    \r\n    \r\n<\/div>\n<div id=\"frm_field_1306_container\" class=\"frm_form_field frm_section_heading form-field \">\r\n<h3 class=\"frm_pos_top frm_section_spacing\">KVKK- Bilgi  Onay<\/h3>\r\n\r\n\r\n<div id=\"frm_field_1309_container\" class=\"frm_form_field form-field  frm_required_field form-group frm_none_container vertical_radio\">\r\n    <div id=\"field_jeq3y34_label\" class=\"frm_primary_label col-form-label form-label\">KVKK\r\n        <span class=\"frm_required\" aria-hidden=\"true\">*<\/span>\r\n    <\/div>\r\n    <div class=\"frm_opt_container\" role=\"group\">\t\t<div class=\"frm_checkbox checkbox\" id=\"frm_checkbox_1309-1306-0\">\t\t\t<label  for=\"field_jeq3y34-0\">\n\t\t\t<input type=\"checkbox\" name=\"item_meta[1309][]\" id=\"field_jeq3y34-0\" value=\"Vermi\u015f oldu\u011fum bilgilerin do\u011frulu\u011funu kabul ediyorum.\"  data-sectionid=\"1306\"  data-reqmsg=\"Bu alan bo\u015f b\u0131rak\u0131lamaz.\" data-invmsg=\"KVKK is invalid\"   aria-required=\"true\"  \/> Vermi\u015f oldu\u011fum bilgilerin do\u011frulu\u011funu kabul ediyorum.<\/label><\/div>\n<\/div>\r\n    <div class=\"frm_description form-text\" id=\"frm_desc_field_jeq3y34\"><a href=\"https:\/\/istanbulvakfi.istanbul\/wp-content\/uploads\/2022\/04\/Aydinlatma-Metni-Genclik-Kulubu.pdf\" target=\"_blank\">\"A\u00e7\u0131k R\u0131za Beyan\u0131n\u0131\"<\/a> okumak i\u00e7in t\u0131klay\u0131n..<\/div>\r\n    \r\n<\/div>\n<\/div>\n<div id=\"frm_field_1318_container\" class=\"frm_form_field form-field  form-group\">\r\n\t<div class=\"form-group frm_submit\">\r\n\r\n<button class=\"frm_button_submit btn btn-secondary frm_final_submit\" type=\"submit\"  formnovalidate=\"formnovalidate\">Ba\u015fvur<\/button>\r\n\r\n<\/div>\r\n<\/div>\n\t<input type=\"hidden\" name=\"item_key\" value=\"\" \/>\n\t\t\t<div id=\"frm_field_1529_container\">\n\t\t\t<label for=\"field_plxqe\" >\n\t\t\t\tIf you are human, leave this field blank.\t\t\t<\/label>\n\t\t\t<input  id=\"field_plxqe\" type=\"text\" class=\"frm_form_field form-field frm_verify\" name=\"item_meta[1529]\" value=\"\"  \/>\n\t\t<\/div>\n\t\t<input name=\"frm_state\" type=\"hidden\" value=\"KML2y+wc09msh3K7ngrqZB755whaWSj8tr4DBqCsLV\/2Mh6kj4gKLMixe4wzkNy9\" \/><\/div>\n<\/fieldset>\n<\/div>\n\n<\/form>\n<\/div>\n\n<\/div><\/section><\/p><\/div>\n<\/div><\/div><\/div>\n","protected":false},"excerpt":{"rendered":"","protected":false},"author":21904,"featured_media":0,"parent":0,"menu_order":0,"comment_status":"closed","ping_status":"closed","template":"","meta":{"footnotes":""},"categories":[],"tags":[],"class_list":["post-356","page","type-page","status-publish","format-standard","hentry"],"_links":{"self":[{"href":"https:\/\/forms.ibb.gov.tr\/istanbulvakfi\/wp-json\/wp\/v2\/pages\/356","targetHints":{"allow":["GET"]}}],"collection":[{"href":"https:\/\/forms.ibb.gov.tr\/istanbulvakfi\/wp-json\/wp\/v2\/pages"}],"about":[{"href":"https:\/\/forms.ibb.gov.tr\/istanbulvakfi\/wp-json\/wp\/v2\/types\/page"}],"author":[{"embeddable":true,"href":"https:\/\/forms.ibb.gov.tr\/istanbulvakfi\/wp-json\/wp\/v2\/users\/21904"}],"replies":[{"embeddable":true,"href":"https:\/\/forms.ibb.gov.tr\/istanbulvakfi\/wp-json\/wp\/v2\/comments?post=356"}],"version-history":[{"count":7,"href":"https:\/\/forms.ibb.gov.tr\/istanbulvakfi\/wp-json\/wp\/v2\/pages\/356\/revisions"}],"predecessor-version":[{"id":793,"href":"https:\/\/forms.ibb.gov.tr\/istanbulvakfi\/wp-json\/wp\/v2\/pages\/356\/revisions\/793"}],"wp:attachment":[{"href":"https:\/\/forms.ibb.gov.tr\/istanbulvakfi\/wp-json\/wp\/v2\/media?parent=356"}],"wp:term":[{"taxonomy":"category","embeddable":true,"href":"https:\/\/forms.ibb.gov.tr\/istanbulvakfi\/wp-json\/wp\/v2\/categories?post=356"},{"taxonomy":"post_tag","embeddable":true,"href":"https:\/\/forms.ibb.gov.tr\/istanbulvakfi\/wp-json\/wp\/v2\/tags?post=356"}],"curies":[{"name":"wp","href":"https:\/\/api.w.org\/{rel}","templated":true}]}}