{"id":389,"date":"2022-09-10T19:40:42","date_gmt":"2022-09-10T16:40:42","guid":{"rendered":"https:\/\/forms.ibb.gov.tr\/istanbulvakfi\/?page_id=389"},"modified":"2022-09-14T15:38:23","modified_gmt":"2022-09-14T12:38:23","slug":"2022-universite-burs-basvurusu-e-posta-kodu","status":"publish","type":"page","link":"https:\/\/forms.ibb.gov.tr\/istanbulvakfi\/universite-burs-basvurusu\/2022-universite-burs-basvurusu-e-posta-kodu\/","title":{"rendered":"2022-\u00dcniversite Burs Ba\u015fvurusu \u2013  Kod AL"},"content":{"rendered":"<div id='av-layout-grid-1'  class='av-layout-grid-container av-5q6o9-482fd57859fc3c4cff0555bc55abdbf2 entry-content-wrapper main_color av-flex-cells av-break-at-tablet  avia-builder-el-0  avia-builder-el-no-sibling   container_wrap fullsize'  >\n\n<style type=\"text\/css\" data-created_by=\"avia_inline_auto\" id=\"style-css-av-52q5h-791abefa129ec6d4df4a0f25c69efc26\">\n.flex_cell.av-52q5h-791abefa129ec6d4df4a0f25c69efc26{\nvertical-align:top;\nbackground-color:#ededed;\nbackground:linear-gradient( to bottom right, #ededed, #f4f4f4 );\n}\n.responsive #top #wrap_all .flex_cell.av-52q5h-791abefa129ec6d4df4a0f25c69efc26{\npadding:20px 20px 20px 20px !important;\n}\n<\/style>\n<div class='flex_cell av-52q5h-791abefa129ec6d4df4a0f25c69efc26 av-gridrow-cell av_one_fourth no_margin  avia-builder-el-1  el_before_av_cell_three_fourth  avia-builder-el-first  content-align-top'  ><div class='flex_cell_inner'><div  class='flex_column av-4b8st-13945f354dbb2949609f34fbc4cf2916 av_one_full  avia-builder-el-2  avia-builder-el-no-sibling  first flex_column_div  '     ><p>\n<style type=\"text\/css\" data-created_by=\"avia_inline_auto\" id=\"style-css-av-45821-ab6efe77f09b43ce6a0244544ceedde6\">\n.avia-image-container.av-45821-ab6efe77f09b43ce6a0244544ceedde6 img.avia_image{\nbox-shadow:none;\n}\n.avia-image-container.av-45821-ab6efe77f09b43ce6a0244544ceedde6 .av-image-caption-overlay-center{\ncolor:#ffffff;\n}\n<\/style>\n<div  class='avia-image-container av-45821-ab6efe77f09b43ce6a0244544ceedde6 av-styling- av-img-linked avia-align-left  avia-builder-el-3  el_before_av_hr  avia-builder-el-first '   itemprop=\"image\" itemscope=\"itemscope\" itemtype=\"https:\/\/schema.org\/ImageObject\" ><div class=\"avia-image-container-inner\"><div class=\"avia-image-overlay-wrap\"><a href=\"https:\/\/istanbulvakfi.istanbul\" class='avia_image '  target=\"_blank\"  rel=\"noopener noreferrer\" aria-label='logo-mavi-transparant'><img decoding=\"async\" fetchpriority=\"high\" class='wp-image-500 avia-img-lazy-loading-not-500 avia_image ' src=\"https:\/\/forms.ibb.gov.tr\/istanbulvakfi\/wp-content\/uploads\/sites\/24\/2022\/09\/logo-mavi-transparant.png\" alt='' title='logo-mavi-transparant'  height=\"145\" width=\"300\"  itemprop=\"thumbnailUrl\"  \/><\/a><\/div><\/div><\/div><br \/>\n\n<style type=\"text\/css\" data-created_by=\"avia_inline_auto\" id=\"style-css-av-27tah-752551c56c7c4cb2c7152745cf2e309f\">\n#top .hr.av-27tah-752551c56c7c4cb2c7152745cf2e309f{\nmargin-top:40px;\nmargin-bottom:20px;\n}\n.hr.av-27tah-752551c56c7c4cb2c7152745cf2e309f .hr-inner{\nwidth:90%;\nborder-color:#b02b2c;\n}\n<\/style>\n<div  class='hr av-27tah-752551c56c7c4cb2c7152745cf2e309f hr-custom  avia-builder-el-4  el_after_av_image  el_before_av_textblock  hr-left hr-icon-no'><span class='hr-inner inner-border-av-border-fat'><span class=\"hr-inner-style\"><\/span><\/span><\/div><br \/>\n<section  class='av_textblock_section av-kue1b7ls-8458ffec5ba1bf94732188aa8ecd7024 '   itemscope=\"itemscope\" itemtype=\"https:\/\/schema.org\/CreativeWork\" ><div class='avia_textblock'  itemprop=\"text\" ><p><strong><span style=\"vertical-align: inherit;\"><span style=\"vertical-align: inherit;\">KVKK Bilgilendirmesi<\/span><\/span><\/strong><\/p>\n<p><a href=\"https:\/\/forms.ibb.gov.tr\/istanbulvakfi\/wp-content\/uploads\/sites\/24\/2021\/10\/Acik-Riza-Metni-Elektronik-Form-Universite-Burslari.docx\"><strong>A\u00e7\u0131k R\u0131za Metni<\/strong>\u00a0i\u00e7in t\u0131klay\u0131n\u0131z.<\/a><\/p>\n<p><a href=\"https:\/\/forms.ibb.gov.tr\/istanbulvakfi\/wp-content\/uploads\/sites\/24\/2021\/10\/Aydinlatma-Metni-Universite-Burslari.docx\"><strong>Ayd\u0131nlatma Metni <\/strong>i\u00e7in t\u0131klay\u0131n\u0131z.<\/a><\/p>\n<p><a href=\"https:\/\/forms.ibb.gov.tr\/istanbulvakfi\/wp-content\/uploads\/sites\/24\/2021\/10\/Ilgili-Kisi-Basvuru-Formu.docx\"><strong>\u0130lgili Ki\u015fi Ba\u015fvuru Formu<\/strong> i\u00e7in t\u0131klay\u0131n\u0131z.<\/a><\/p>\n<div id=\"frm_field_42_container\" class=\"frm_form_field frm_full frm_html_container form-field\" style=\"text-align: center;\"><\/div>\n<h3 style=\"text-align: center;\"><\/h3>\n<\/div><\/section><\/p><\/div>\n<\/div><\/div><div class='flex_cell av-1kl3p-da78811ff9ba4710de3e080fdc3520a2 av-gridrow-cell av_three_fourth no_margin  avia-builder-el-6  el_after_av_cell_one_fourth  avia-builder-el-last '  ><div class='flex_cell_inner'>\n<style type=\"text\/css\" data-created_by=\"avia_inline_auto\" id=\"style-css-av-l7w88thn-33ebb1724de74015c18ce153c1404940\">\n#top .av-special-heading.av-l7w88thn-33ebb1724de74015c18ce153c1404940{\npadding-bottom:10px;\ncolor:#003aa8;\n}\nbody .av-special-heading.av-l7w88thn-33ebb1724de74015c18ce153c1404940 .av-special-heading-tag .heading-char{\nfont-size:25px;\n}\n.av-special-heading.av-l7w88thn-33ebb1724de74015c18ce153c1404940 .special-heading-inner-border{\nborder-color:#005ec4;\n}\n.av-special-heading.av-l7w88thn-33ebb1724de74015c18ce153c1404940 .av-subheading{\nfont-size:19px;\ncolor:#af0000;\n}\nbody .av-special-heading.av-l7w88thn-33ebb1724de74015c18ce153c1404940 .av-special-heading-tag .heading-wrap:before{\nborder-color:#005ec4;\n}\nbody .av-special-heading.av-l7w88thn-33ebb1724de74015c18ce153c1404940 .av-special-heading-tag .heading-wrap:after{\nborder-color:#005ec4;\n}\n<\/style>\n<div  class='av-special-heading av-l7w88thn-33ebb1724de74015c18ce153c1404940 av-special-heading-h1 custom-color-heading blockquote modern-quote  avia-builder-el-7  el_before_av_three_fourth  avia-builder-el-first '><h1 class='av-special-heading-tag '  itemprop=\"headline\"  >2022 &#8211; B\u00fcy\u00fct Hayallerini \u00dcniversite Burs Ba\u015fvurusu<\/h1><div class='av_custom_color av-subheading av-subheading_below'><hr \/>\n<p><strong> ADIM 1 &#8211; BA\u015eVURU KODU ALMA <\/strong><\/p>\n<\/div><div class=\"special-heading-border\"><div class=\"special-heading-inner-border\"><\/div><\/div><\/div><br \/>\n<div  class='flex_column av-eiarp-4a4bd677eaa0daa760be7f5362415305 av_three_fourth  avia-builder-el-8  el_after_av_heading  el_before_av_one_fourth  first flex_column_div  '     ><section  class='av_textblock_section av-l7w86cqk-64db2473b47cd7aeaa3de9611f1c89fe '   itemscope=\"itemscope\" itemtype=\"https:\/\/schema.org\/CreativeWork\" ><div class='avia_textblock'  itemprop=\"text\" ><div class=\"frm_fields_container\">\n<div id=\"frm_field_492_container\" class=\"frm_form_field frm_html_container form-field\">\n<p style=\"text-align: left;\">B\u00fcy\u00fct Hayallerini burs ba\u015fvurusu yapmak i\u00e7in a\u015fa\u011f\u0131daki forma aktif kulland\u0131\u011f\u0131n\u0131z <strong>E-POSTA <\/strong>adresinizi girerek <strong>ba\u015fvuru kodunuzu<\/strong> olu\u015fturunuz.<\/p>\n<p>Ba\u015fvuru kodunuz mail adresinize g\u00f6nderilecektir. Gelen maildeki <strong>do\u011frulama koduna<\/strong> t\u0131klayarak ba\u015fvurunuzu yapabilirsiniz.<\/p>\n<h3>\u201cB\u00fcy\u00fct Hayallerini\u201d Burs Ba\u015fvurusu i\u00e7in <span style=\"color: #800000;\">Son Tarih 24 Eyl\u00fcl 2022<\/span>&#8216;dir.<\/h3>\n<hr \/>\n<\/div>\n<\/div>\n<\/div><\/section><\/div><div  class='flex_column av-8qvy5-f8ca40b401cf5164794e40539299d622 av_one_fourth  avia-builder-el-10  el_after_av_three_fourth  el_before_av_one_full  flex_column_div av-hide-on-mobile  '     ><section  class='av_textblock_section av-l7w9u4tx-c9a7d81cc7ece67bcad48974b4e71eb4 '   itemscope=\"itemscope\" itemtype=\"https:\/\/schema.org\/CreativeWork\" ><div class='avia_textblock'  itemprop=\"text\" ><p><img decoding=\"async\" class=\"alignnone wp-image-414\" src=\"https:\/\/forms.ibb.gov.tr\/istanbulvakfi\/wp-content\/uploads\/sites\/24\/2022\/09\/message.gif\" width=\"138\" height=\"138\" \/><\/p>\n<\/div><\/section><\/div><div  class='flex_column av-11do1-1bba31c31c9514ea8dcd11625d0009bf av_one_full  avia-builder-el-12  el_after_av_one_fourth  avia-builder-el-last  first flex_column_div  column-top-margin'     ><section  class='av_textblock_section av-xfrp-789f87e44cbd14cf92666939e6fd1bdf '   itemscope=\"itemscope\" itemtype=\"https:\/\/schema.org\/CreativeWork\" ><div class='avia_textblock'  itemprop=\"text\" ><p>Ba\u015fvurular sona ermi\u015ftir..<\/p>\r\n<p>Te\u015fekk\u00fcrler...<\/p>\n<\/div><\/section><\/div><\/p>\n<\/div><\/div>\n<\/div>\n","protected":false},"excerpt":{"rendered":"","protected":false},"author":1,"featured_media":{"id":22,"url":"https:\/\/forms.ibb.gov.tr\/istanbulvakfi\/wp-content\/uploads\/sites\/24\/2021\/09\/Web-1920-3.png","sizes":{"thumbnail":"https:\/\/forms.ibb.gov.tr\/istanbulvakfi\/wp-content\/uploads\/sites\/24\/2021\/09\/Web-1920-3-80x80.png","medium":"https:\/\/forms.ibb.gov.tr\/istanbulvakfi\/wp-content\/uploads\/sites\/24\/2021\/09\/Web-1920-3-300x145.png","medium_large":"https:\/\/forms.ibb.gov.tr\/istanbulvakfi\/wp-content\/uploads\/sites\/24\/2021\/09\/Web-1920-3.png","large":"https:\/\/forms.ibb.gov.tr\/istanbulvakfi\/wp-content\/uploads\/sites\/24\/2021\/09\/Web-1920-3.png","1536x1536":"https:\/\/forms.ibb.gov.tr\/istanbulvakfi\/wp-content\/uploads\/sites\/24\/2021\/09\/Web-1920-3.png","2048x2048":"https:\/\/forms.ibb.gov.tr\/istanbulvakfi\/wp-content\/uploads\/sites\/24\/2021\/09\/Web-1920-3.png","widget":"https:\/\/forms.ibb.gov.tr\/istanbulvakfi\/wp-content\/uploads\/sites\/24\/2021\/09\/Web-1920-3-36x36.png","square":"https:\/\/forms.ibb.gov.tr\/istanbulvakfi\/wp-content\/uploads\/sites\/24\/2021\/09\/Web-1920-3-180x155.png","featured":"https:\/\/forms.ibb.gov.tr\/istanbulvakfi\/wp-content\/uploads\/sites\/24\/2021\/09\/Web-1920-3.png","featured_large":"https:\/\/forms.ibb.gov.tr\/istanbulvakfi\/wp-content\/uploads\/sites\/24\/2021\/09\/Web-1920-3.png","extra_large":"https:\/\/forms.ibb.gov.tr\/istanbulvakfi\/wp-content\/uploads\/sites\/24\/2021\/09\/Web-1920-3.png","portfolio":"https:\/\/forms.ibb.gov.tr\/istanbulvakfi\/wp-content\/uploads\/sites\/24\/2021\/09\/Web-1920-3.png","portfolio_small":"https:\/\/forms.ibb.gov.tr\/istanbulvakfi\/wp-content\/uploads\/sites\/24\/2021\/09\/Web-1920-3-260x155.png","gallery":"https:\/\/forms.ibb.gov.tr\/istanbulvakfi\/wp-content\/uploads\/sites\/24\/2021\/09\/Web-1920-3.png","magazine":"https:\/\/forms.ibb.gov.tr\/istanbulvakfi\/wp-content\/uploads\/sites\/24\/2021\/09\/Web-1920-3.png","masonry":"https:\/\/forms.ibb.gov.tr\/istanbulvakfi\/wp-content\/uploads\/sites\/24\/2021\/09\/Web-1920-3.png","entry_with_sidebar":"https:\/\/forms.ibb.gov.tr\/istanbulvakfi\/wp-content\/uploads\/sites\/24\/2021\/09\/Web-1920-3.png","entry_without_sidebar":"https:\/\/forms.ibb.gov.tr\/istanbulvakfi\/wp-content\/uploads\/sites\/24\/2021\/09\/Web-1920-3.png"}},"parent":85,"menu_order":0,"comment_status":"closed","ping_status":"closed","template":"","meta":{"footnotes":""},"categories":[],"tags":[],"class_list":["post-389","page","type-page","status-publish","format-standard","has-post-thumbnail","hentry"],"_links":{"self":[{"href":"https:\/\/forms.ibb.gov.tr\/istanbulvakfi\/wp-json\/wp\/v2\/pages\/389","targetHints":{"allow":["GET"]}}],"collection":[{"href":"https:\/\/forms.ibb.gov.tr\/istanbulvakfi\/wp-json\/wp\/v2\/pages"}],"about":[{"href":"https:\/\/forms.ibb.gov.tr\/istanbulvakfi\/wp-json\/wp\/v2\/types\/page"}],"author":[{"embeddable":true,"href":"https:\/\/forms.ibb.gov.tr\/istanbulvakfi\/wp-json\/wp\/v2\/users\/1"}],"replies":[{"embeddable":true,"href":"https:\/\/forms.ibb.gov.tr\/istanbulvakfi\/wp-json\/wp\/v2\/comments?post=389"}],"version-history":[{"count":41,"href":"https:\/\/forms.ibb.gov.tr\/istanbulvakfi\/wp-json\/wp\/v2\/pages\/389\/revisions"}],"predecessor-version":[{"id":740,"href":"https:\/\/forms.ibb.gov.tr\/istanbulvakfi\/wp-json\/wp\/v2\/pages\/389\/revisions\/740"}],"up":[{"embeddable":true,"href":"https:\/\/forms.ibb.gov.tr\/istanbulvakfi\/wp-json\/wp\/v2\/pages\/85"}],"wp:featuredmedia":[{"embeddable":true,"href":"https:\/\/forms.ibb.gov.tr\/istanbulvakfi\/wp-json\/wp\/v2\/media\/22"}],"wp:attachment":[{"href":"https:\/\/forms.ibb.gov.tr\/istanbulvakfi\/wp-json\/wp\/v2\/media?parent=389"}],"wp:term":[{"taxonomy":"category","embeddable":true,"href":"https:\/\/forms.ibb.gov.tr\/istanbulvakfi\/wp-json\/wp\/v2\/categories?post=389"},{"taxonomy":"post_tag","embeddable":true,"href":"https:\/\/forms.ibb.gov.tr\/istanbulvakfi\/wp-json\/wp\/v2\/tags?post=389"}],"curies":[{"name":"wp","href":"https:\/\/api.w.org\/{rel}","templated":true}]}}