{"id":85,"date":"2021-09-20T10:50:32","date_gmt":"2021-09-20T07:50:32","guid":{"rendered":"https:\/\/forms.ibb.gov.tr\/istanbulvakfi\/?page_id=85"},"modified":"2022-09-14T01:16:38","modified_gmt":"2022-09-13T22:16:38","slug":"universite-burs-basvurusu","status":"publish","type":"page","link":"https:\/\/forms.ibb.gov.tr\/istanbulvakfi\/universite-burs-basvurusu\/","title":{"rendered":"2022 \u00dcniversite Burs Ba\u015fvurusu"},"content":{"rendered":"<div id='av-layout-grid-1'  class='av-layout-grid-container av-6yy65-67ce0f89c2f0437f336b9c57fa805509 entry-content-wrapper main_color av-flex-cells av-break-at-tablet  avia-builder-el-0  avia-builder-el-no-sibling   container_wrap fullsize'  >\n\n<style type=\"text\/css\" data-created_by=\"avia_inline_auto\" id=\"style-css-av-66jpt-3e24f8960262ac5a4a4ae4dcd0969d3b\">\n.flex_cell.av-66jpt-3e24f8960262ac5a4a4ae4dcd0969d3b{\nvertical-align:top;\nbackground-color:#93c7e2;\nbackground:linear-gradient( to bottom, #93c7e2, #0d94e2 );\n}\n.responsive #top #wrap_all .flex_cell.av-66jpt-3e24f8960262ac5a4a4ae4dcd0969d3b{\npadding:20px 20px 20px 20px !important;\n}\n<\/style>\n<div class='flex_cell av-66jpt-3e24f8960262ac5a4a4ae4dcd0969d3b av-gridrow-cell av_one_fourth no_margin  avia-builder-el-1  el_before_av_cell_three_fourth  avia-builder-el-first  content-align-top avia-full-contain'  ><div class='flex_cell_inner'><div  class='flex_column av-5q3th-b6461be6892f3112883d106a53789468 av_one_full  avia-builder-el-2  avia-builder-el-no-sibling  first flex_column_div  '     ><p>\n<style type=\"text\/css\" data-created_by=\"avia_inline_auto\" id=\"style-css-av-4xwgp-07bcb89d4ce503fe0bced16ef4df0495\">\n.avia-image-container.av-4xwgp-07bcb89d4ce503fe0bced16ef4df0495 img.avia_image{\nbox-shadow:none;\n}\n.avia-image-container.av-4xwgp-07bcb89d4ce503fe0bced16ef4df0495 .av-image-caption-overlay-center{\ncolor:#ffffff;\n}\n<\/style>\n<div  class='avia-image-container av-4xwgp-07bcb89d4ce503fe0bced16ef4df0495 av-styling- av-img-linked avia-align-left  avia-builder-el-3  el_before_av_hr  avia-builder-el-first '   itemprop=\"image\" itemscope=\"itemscope\" itemtype=\"https:\/\/schema.org\/ImageObject\" ><div class=\"avia-image-container-inner\"><div class=\"avia-image-overlay-wrap\"><a href=\"https:\/\/istanbulvakfi.istanbul\" class='avia_image '  target=\"_blank\"  rel=\"noopener noreferrer\" aria-label='istanbul-vakfi-logo_transparent'><img decoding=\"async\" fetchpriority=\"high\" class='wp-image-485 avia-img-lazy-loading-not-485 avia_image ' src=\"https:\/\/forms.ibb.gov.tr\/istanbulvakfi\/wp-content\/uploads\/sites\/24\/2022\/09\/istanbul-vakfi-logo_transparent.webp\" alt='\u0130stanbul Vakf\u0131' title='istanbul-vakfi-logo_transparent'  height=\"150\" width=\"300\"  itemprop=\"thumbnailUrl\"  \/><\/a><\/div><\/div><\/div><br \/>\n\n<style type=\"text\/css\" data-created_by=\"avia_inline_auto\" id=\"style-css-av-duwp-38eba380a2dbdf3905c1c413ecee340c\">\n#top .hr.av-duwp-38eba380a2dbdf3905c1c413ecee340c{\nmargin-top:40px;\nmargin-bottom:20px;\n}\n.hr.av-duwp-38eba380a2dbdf3905c1c413ecee340c .hr-inner{\nwidth:90%;\nborder-color:#ffffff;\n}\n<\/style>\n<div  class='hr av-duwp-38eba380a2dbdf3905c1c413ecee340c hr-custom  avia-builder-el-4  el_after_av_image  el_before_av_textblock  hr-left hr-icon-no'><span class='hr-inner inner-border-av-border-fat'><span class=\"hr-inner-style\"><\/span><\/span><\/div><br \/>\n<section  class='av_textblock_section av-3bdr1-f77e675483f95e5d8036272b2c72aaf4 '   itemscope=\"itemscope\" itemtype=\"https:\/\/schema.org\/CreativeWork\" ><div class='avia_textblock'  itemprop=\"text\" ><h3 style=\"text-align: left;\"><span style=\"vertical-align: inherit; color: #ffffff;\"><span style=\"vertical-align: inherit;\">KVKK Bilgilendirmesi<\/span><\/span><\/h3>\n<p style=\"text-align: left;\"><span style=\"color: #ffffff;\"><a style=\"color: #ffffff;\" href=\"https:\/\/forms.ibb.gov.tr\/istanbulvakfi\/wp-content\/uploads\/sites\/24\/2021\/10\/Acik-Riza-Metni-Elektronik-Form-Universite-Burslari.docx\"><strong>A\u00e7\u0131k R\u0131za Metni<\/strong>\u00a0i\u00e7in t\u0131klay\u0131n\u0131z.<\/a><\/span><\/p>\n<p style=\"text-align: left;\"><span style=\"color: #ffffff;\"><a style=\"color: #ffffff;\" href=\"https:\/\/forms.ibb.gov.tr\/istanbulvakfi\/wp-content\/uploads\/sites\/24\/2021\/10\/Aydinlatma-Metni-Universite-Burslari.docx\"><strong>Ayd\u0131nlatma Metni <\/strong>i\u00e7in t\u0131klay\u0131n\u0131z.<\/a><\/span><\/p>\n<p style=\"text-align: left;\"><span style=\"color: #ffffff;\"><a style=\"color: #ffffff;\" href=\"https:\/\/forms.ibb.gov.tr\/istanbulvakfi\/wp-content\/uploads\/sites\/24\/2021\/10\/Ilgili-Kisi-Basvuru-Formu.docx\"><strong>\u0130lgili Ki\u015fi Ba\u015fvuru Formu<\/strong> i\u00e7in t\u0131klay\u0131n\u0131z.<\/a><\/span><\/p>\n<div id=\"frm_field_42_container\" class=\"frm_form_field frm_full frm_html_container form-field\" style=\"text-align: left;\"><\/div>\n<h3 style=\"text-align: left;\"><\/h3>\n<\/div><\/section><\/p><\/div>\n<\/div><\/div><div class='flex_cell av-2iz7x-eb97746252732ba3c8183c0683ba73b9 av-gridrow-cell av_three_fourth no_margin  avia-builder-el-6  el_after_av_cell_one_fourth  avia-builder-el-last '  ><div class='flex_cell_inner'><p>\n<style type=\"text\/css\" data-created_by=\"avia_inline_auto\" id=\"style-css-av-l7wa9xse-be65ed3c91fbd0f9a9cc0f2585eb5b9f\">\n#top .av-special-heading.av-l7wa9xse-be65ed3c91fbd0f9a9cc0f2585eb5b9f{\npadding-bottom:10px;\ncolor:#003aa8;\n}\nbody .av-special-heading.av-l7wa9xse-be65ed3c91fbd0f9a9cc0f2585eb5b9f .av-special-heading-tag .heading-char{\nfont-size:25px;\n}\n.av-special-heading.av-l7wa9xse-be65ed3c91fbd0f9a9cc0f2585eb5b9f .special-heading-inner-border{\nborder-color:#005ec4;\n}\n.av-special-heading.av-l7wa9xse-be65ed3c91fbd0f9a9cc0f2585eb5b9f .av-subheading{\nfont-size:19px;\ncolor:#af0000;\n}\nbody .av-special-heading.av-l7wa9xse-be65ed3c91fbd0f9a9cc0f2585eb5b9f .av-special-heading-tag .heading-wrap:before{\nborder-color:#005ec4;\n}\nbody .av-special-heading.av-l7wa9xse-be65ed3c91fbd0f9a9cc0f2585eb5b9f .av-special-heading-tag .heading-wrap:after{\nborder-color:#005ec4;\n}\n<\/style>\n<div  class='av-special-heading av-l7wa9xse-be65ed3c91fbd0f9a9cc0f2585eb5b9f av-special-heading-h1 custom-color-heading blockquote modern-quote  avia-builder-el-7  el_before_av_four_fifth  avia-builder-el-first '><h1 class='av-special-heading-tag '  itemprop=\"headline\"  >2022 &#8211; B\u00fcy\u00fct Hayallerini \u00dcniversite Burs Ba\u015fvurusu<\/h1><div class='av_custom_color av-subheading av-subheading_below'><p><strong> ADIM 2 &#8211; BA\u015eVURU FORMU <\/strong><\/p>\n<\/div><div class=\"special-heading-border\"><div class=\"special-heading-inner-border\"><\/div><\/div><\/div><br \/>\n<div  class='flex_column av-2cys9-45270a0797bc5944de3e88afefb5b948 av_four_fifth  avia-builder-el-8  el_after_av_heading  el_before_av_one_fifth  first flex_column_div  '     ><section  class='av_textblock_section av-l7waay5c-54ff27c97e0d27992b1856a487c2dae1 '   itemscope=\"itemscope\" itemtype=\"https:\/\/schema.org\/CreativeWork\" ><div class='avia_textblock'  itemprop=\"text\" ><p><strong>B\u00fcy\u00fct Hayallerini bursumuzdan\u00a0 a\u015fa\u011f\u0131daki kriterlere uygun \u00f6\u011frenciler yararlanabilmektedir.<\/strong><\/p>\n<ul>\n<li>K\u0131z \u00f6\u011frenciler<\/li>\n<li>\u0130stanbul \u00dcniversitelerine lisans e\u011fitimi g\u00f6ren<\/li>\n<li>Tam (%100) burslu<\/li>\n<\/ul>\n<\/div><\/section><\/div><div  class='flex_column av-6955-eb7affe3a4f63e1d18c1f9b71545ca35 av_one_fifth  avia-builder-el-10  el_after_av_four_fifth  el_before_av_textblock  flex_column_div  '     ><style type=\"text\/css\" data-created_by=\"avia_inline_auto\" id=\"style-css-av-l7wabqch-51b1dc24cc2cbeba514e8fd9233818a4\">\n.av_font_icon.av-l7wabqch-51b1dc24cc2cbeba514e8fd9233818a4{\ncolor:#ff7f00;\nborder-color:#ff7f00;\n}\n.avia-svg-icon.av-l7wabqch-51b1dc24cc2cbeba514e8fd9233818a4 svg:first-child{\nstroke:#ff7f00;\nfill:#ff7f00;\n}\n.av_font_icon.av-l7wabqch-51b1dc24cc2cbeba514e8fd9233818a4 .av-icon-char{\nfont-size:90px;\nline-height:90px;\n}\n<\/style>\n<span  class='av_font_icon av-l7wabqch-51b1dc24cc2cbeba514e8fd9233818a4 avia_animate_when_visible av-icon-style- avia-icon-pos-center avia-iconfont avia-font-entypo-fontello avia-icon-animate'><span class='av-icon-char' data-av_icon='\ue81f' data-av_iconfont='entypo-fontello' aria-hidden=\"true\" ><\/span><\/span><\/div><section  class='av_textblock_section av-xfrp-789f87e44cbd14cf92666939e6fd1bdf '   itemscope=\"itemscope\" itemtype=\"https:\/\/schema.org\/CreativeWork\" ><div class='avia_textblock'  itemprop=\"text\" ><div class=\"frm_no_entries\">\u00d6ncelikle E-Postan\u0131z\u0131 do\u011frulama yapmal\u0131 gelen maildeki do\u011frulama koduna t\u0131klayarak devam etmelisiniz. <br \/><a href=\"\/istanbulvakfi\/2022-universite-burs-basvurusu-e-posta-kodu\/\" >Eposta do\u011frulama  yapmak i\u00e7in t\u0131klay\u0131n\u0131z.<\/a><\/p>\n<p><meta http-equiv=\"refresh\" content=\"8;url=\/istanbulvakfi\/2022-universite-burs-basvurusu-e-posta-kodu\/\"><br \/>\n<script>\nsetTimeout(function(){\nwindow.location.replace('\/istanbulvakfi\/2022-universite-burs-basvurusu-e-posta-kodu\/');\n}, 1000);<\/p>\n<p><\/script><\/div>\n\n<\/div><\/section><\/p>\n<\/div><\/div>\n<\/div>\n","protected":false},"excerpt":{"rendered":"","protected":false},"author":1,"featured_media":{"id":22,"url":"https:\/\/forms.ibb.gov.tr\/istanbulvakfi\/wp-content\/uploads\/sites\/24\/2021\/09\/Web-1920-3.png","sizes":{"thumbnail":"https:\/\/forms.ibb.gov.tr\/istanbulvakfi\/wp-content\/uploads\/sites\/24\/2021\/09\/Web-1920-3-80x80.png","medium":"https:\/\/forms.ibb.gov.tr\/istanbulvakfi\/wp-content\/uploads\/sites\/24\/2021\/09\/Web-1920-3-300x145.png","medium_large":"https:\/\/forms.ibb.gov.tr\/istanbulvakfi\/wp-content\/uploads\/sites\/24\/2021\/09\/Web-1920-3.png","large":"https:\/\/forms.ibb.gov.tr\/istanbulvakfi\/wp-content\/uploads\/sites\/24\/2021\/09\/Web-1920-3.png","1536x1536":"https:\/\/forms.ibb.gov.tr\/istanbulvakfi\/wp-content\/uploads\/sites\/24\/2021\/09\/Web-1920-3.png","2048x2048":"https:\/\/forms.ibb.gov.tr\/istanbulvakfi\/wp-content\/uploads\/sites\/24\/2021\/09\/Web-1920-3.png","widget":"https:\/\/forms.ibb.gov.tr\/istanbulvakfi\/wp-content\/uploads\/sites\/24\/2021\/09\/Web-1920-3-36x36.png","square":"https:\/\/forms.ibb.gov.tr\/istanbulvakfi\/wp-content\/uploads\/sites\/24\/2021\/09\/Web-1920-3-180x155.png","featured":"https:\/\/forms.ibb.gov.tr\/istanbulvakfi\/wp-content\/uploads\/sites\/24\/2021\/09\/Web-1920-3.png","featured_large":"https:\/\/forms.ibb.gov.tr\/istanbulvakfi\/wp-content\/uploads\/sites\/24\/2021\/09\/Web-1920-3.png","extra_large":"https:\/\/forms.ibb.gov.tr\/istanbulvakfi\/wp-content\/uploads\/sites\/24\/2021\/09\/Web-1920-3.png","portfolio":"https:\/\/forms.ibb.gov.tr\/istanbulvakfi\/wp-content\/uploads\/sites\/24\/2021\/09\/Web-1920-3.png","portfolio_small":"https:\/\/forms.ibb.gov.tr\/istanbulvakfi\/wp-content\/uploads\/sites\/24\/2021\/09\/Web-1920-3-260x155.png","gallery":"https:\/\/forms.ibb.gov.tr\/istanbulvakfi\/wp-content\/uploads\/sites\/24\/2021\/09\/Web-1920-3.png","magazine":"https:\/\/forms.ibb.gov.tr\/istanbulvakfi\/wp-content\/uploads\/sites\/24\/2021\/09\/Web-1920-3.png","masonry":"https:\/\/forms.ibb.gov.tr\/istanbulvakfi\/wp-content\/uploads\/sites\/24\/2021\/09\/Web-1920-3.png","entry_with_sidebar":"https:\/\/forms.ibb.gov.tr\/istanbulvakfi\/wp-content\/uploads\/sites\/24\/2021\/09\/Web-1920-3.png","entry_without_sidebar":"https:\/\/forms.ibb.gov.tr\/istanbulvakfi\/wp-content\/uploads\/sites\/24\/2021\/09\/Web-1920-3.png"}},"parent":0,"menu_order":0,"comment_status":"closed","ping_status":"closed","template":"","meta":{"footnotes":""},"categories":[],"tags":[],"class_list":["post-85","page","type-page","status-publish","format-standard","has-post-thumbnail","hentry"],"_links":{"self":[{"href":"https:\/\/forms.ibb.gov.tr\/istanbulvakfi\/wp-json\/wp\/v2\/pages\/85","targetHints":{"allow":["GET"]}}],"collection":[{"href":"https:\/\/forms.ibb.gov.tr\/istanbulvakfi\/wp-json\/wp\/v2\/pages"}],"about":[{"href":"https:\/\/forms.ibb.gov.tr\/istanbulvakfi\/wp-json\/wp\/v2\/types\/page"}],"author":[{"embeddable":true,"href":"https:\/\/forms.ibb.gov.tr\/istanbulvakfi\/wp-json\/wp\/v2\/users\/1"}],"replies":[{"embeddable":true,"href":"https:\/\/forms.ibb.gov.tr\/istanbulvakfi\/wp-json\/wp\/v2\/comments?post=85"}],"version-history":[{"count":73,"href":"https:\/\/forms.ibb.gov.tr\/istanbulvakfi\/wp-json\/wp\/v2\/pages\/85\/revisions"}],"predecessor-version":[{"id":728,"href":"https:\/\/forms.ibb.gov.tr\/istanbulvakfi\/wp-json\/wp\/v2\/pages\/85\/revisions\/728"}],"wp:featuredmedia":[{"embeddable":true,"href":"https:\/\/forms.ibb.gov.tr\/istanbulvakfi\/wp-json\/wp\/v2\/media\/22"}],"wp:attachment":[{"href":"https:\/\/forms.ibb.gov.tr\/istanbulvakfi\/wp-json\/wp\/v2\/media?parent=85"}],"wp:term":[{"taxonomy":"category","embeddable":true,"href":"https:\/\/forms.ibb.gov.tr\/istanbulvakfi\/wp-json\/wp\/v2\/categories?post=85"},{"taxonomy":"post_tag","embeddable":true,"href":"https:\/\/forms.ibb.gov.tr\/istanbulvakfi\/wp-json\/wp\/v2\/tags?post=85"}],"curies":[{"name":"wp","href":"https:\/\/api.w.org\/{rel}","templated":true}]}}