{"id":121,"date":"2021-11-25T15:21:50","date_gmt":"2021-11-25T12:21:50","guid":{"rendered":"https:\/\/forms.ibb.gov.tr\/kentkonseyi\/?page_id=121"},"modified":"2023-03-03T10:52:53","modified_gmt":"2023-03-03T07:52:53","slug":"kollektif-lab-anketi","status":"publish","type":"page","link":"https:\/\/forms.ibb.gov.tr\/kentkonseyi\/kollektif-lab-anketi\/","title":{"rendered":"Kollektif Lab Anketi"},"content":{"rendered":"<div id='av-layout-grid-1'  class='av-layout-grid-container av-mxbih-e9878aa9d029eb9c2ec5c5c8b86b196c entry-content-wrapper main_color av-flex-cells  avia-builder-el-0  avia-builder-el-no-sibling   container_wrap fullsize'  >\n<div class='flex_cell av-htaih-55c9eb0d9621b026e9bb8e825822d926 av-gridrow-cell av_one_fifth no_margin  avia-builder-el-1  el_before_av_cell_three_fifth  avia-builder-el-first '  ><div class='flex_cell_inner'><\/div><\/div>\n<style type=\"text\/css\" data-created_by=\"avia_inline_auto\" id=\"style-css-av-b3i1d-4e72f6905dfd4715e60ebd1d8205a5c0\">\n.flex_cell.av-b3i1d-4e72f6905dfd4715e60ebd1d8205a5c0{\nvertical-align:top;\nbackground-color:#f2f2f2;\n}\n<\/style>\n<div class='flex_cell av-b3i1d-4e72f6905dfd4715e60ebd1d8205a5c0 av-gridrow-cell av_three_fifth no_margin  avia-builder-el-2  el_after_av_cell_one_fifth  el_before_av_cell_one_fifth  content-align-top'  ><div class='flex_cell_inner'><p><div  class='flex_column av-dqh0p-de90d14166633fa2bd035573e69231fe av_one_full  avia-builder-el-3  el_before_av_hr  avia-builder-el-first  first flex_column_div  '     ><p>\n<style type=\"text\/css\" data-created_by=\"avia_inline_auto\" id=\"style-css-av-kwexyv21-5d6361d3fd6a3b957d6722396e04fac7\">\n.avia-image-container.av-kwexyv21-5d6361d3fd6a3b957d6722396e04fac7 img.avia_image{\nbox-shadow:none;\n}\n.avia-image-container.av-kwexyv21-5d6361d3fd6a3b957d6722396e04fac7 .av-image-caption-overlay-center{\ncolor:#ffffff;\n}\n<\/style>\n<div  class='avia-image-container av-kwexyv21-5d6361d3fd6a3b957d6722396e04fac7 av-styling- avia-align-center  avia-builder-el-4  el_before_av_textblock  avia-builder-el-first '   itemprop=\"image\" itemscope=\"itemscope\" itemtype=\"https:\/\/schema.org\/ImageObject\" ><div class=\"avia-image-container-inner\"><div class=\"avia-image-overlay-wrap\"><img decoding=\"async\" fetchpriority=\"high\" class='wp-image-15 avia-img-lazy-loading-not-15 avia_image ' src=\"https:\/\/forms.ibb.gov.tr\/kentkonseyi\/wp-content\/uploads\/sites\/17\/2021\/01\/kentkonseyi-logo_new-300x91.png\" alt='' title='kentkonseyi-logo_new'  height=\"91\" width=\"300\"  itemprop=\"thumbnailUrl\" srcset=\"https:\/\/forms.ibb.gov.tr\/kentkonseyi\/wp-content\/uploads\/sites\/17\/2021\/01\/kentkonseyi-logo_new-300x91.png 300w, https:\/\/forms.ibb.gov.tr\/kentkonseyi\/wp-content\/uploads\/sites\/17\/2021\/01\/kentkonseyi-logo_new.png 420w\" sizes=\"(max-width: 300px) 100vw, 300px\" \/><\/div><\/div><\/div><br \/>\n<section  class='av_textblock_section av-kwexzjbv-9a7e09655e8736ab61821f73f28fad62 '   itemscope=\"itemscope\" itemtype=\"https:\/\/schema.org\/CreativeWork\" ><div class='avia_textblock'  itemprop=\"text\" ><h3 style=\"text-align: center\"><span style=\"color: #333399\"><strong>\u0130STANBUL KENT KONSEY\u0130 KOLLEKT\u0130F LAB BA\u015eVURU <\/strong><strong>FORMU<\/strong><\/span><\/h3>\n<\/div><\/section><br \/>\n\n<style type=\"text\/css\" data-created_by=\"avia_inline_auto\" id=\"style-css-av-8gm55-4ddaadcc7f0d4132e17816734e149968\">\n#top .hr.hr-invisible.av-8gm55-4ddaadcc7f0d4132e17816734e149968{\nheight:20px;\n}\n<\/style>\n<div  class='hr av-8gm55-4ddaadcc7f0d4132e17816734e149968 hr-invisible  avia-builder-el-6  el_after_av_textblock  el_before_av_image '><span class='hr-inner '><span class=\"hr-inner-style\"><\/span><\/span><\/div><br \/>\n\n<style type=\"text\/css\" data-created_by=\"avia_inline_auto\" id=\"style-css-av-kwfxxn7o-95add7259b4bdd6d66238446582a5240\">\n.avia-image-container.av-kwfxxn7o-95add7259b4bdd6d66238446582a5240 img.avia_image{\nbox-shadow:none;\n}\n.avia-image-container.av-kwfxxn7o-95add7259b4bdd6d66238446582a5240 .av-image-caption-overlay-center{\ncolor:#ffffff;\n}\n<\/style>\n<div  class='avia-image-container av-kwfxxn7o-95add7259b4bdd6d66238446582a5240 av-styling- avia-align-center  avia-builder-el-7  el_after_av_hr  avia-builder-el-last '   itemprop=\"image\" itemscope=\"itemscope\" itemtype=\"https:\/\/schema.org\/ImageObject\" ><div class=\"avia-image-container-inner\"><div class=\"avia-image-overlay-wrap\"><img decoding=\"async\" fetchpriority=\"high\" class='wp-image-161 avia-img-lazy-loading-not-161 avia_image ' src=\"https:\/\/forms.ibb.gov.tr\/kentkonseyi\/wp-content\/uploads\/sites\/17\/2021\/11\/banner-1030x295.jpg\" alt='' title='banner'  height=\"295\" width=\"1030\"  itemprop=\"thumbnailUrl\" srcset=\"https:\/\/forms.ibb.gov.tr\/kentkonseyi\/wp-content\/uploads\/sites\/17\/2021\/11\/banner-1030x295.jpg 1030w, https:\/\/forms.ibb.gov.tr\/kentkonseyi\/wp-content\/uploads\/sites\/17\/2021\/11\/banner-300x86.jpg 300w, https:\/\/forms.ibb.gov.tr\/kentkonseyi\/wp-content\/uploads\/sites\/17\/2021\/11\/banner-768x220.jpg 768w, https:\/\/forms.ibb.gov.tr\/kentkonseyi\/wp-content\/uploads\/sites\/17\/2021\/11\/banner-1536x440.jpg 1536w, https:\/\/forms.ibb.gov.tr\/kentkonseyi\/wp-content\/uploads\/sites\/17\/2021\/11\/banner-2048x587.jpg 2048w, https:\/\/forms.ibb.gov.tr\/kentkonseyi\/wp-content\/uploads\/sites\/17\/2021\/11\/banner-1500x430.jpg 1500w, https:\/\/forms.ibb.gov.tr\/kentkonseyi\/wp-content\/uploads\/sites\/17\/2021\/11\/banner-705x202.jpg 705w\" sizes=\"(max-width: 1030px) 100vw, 1030px\" \/><\/div><\/div><\/div><\/p><\/div>\n<style type=\"text\/css\" data-created_by=\"avia_inline_auto\" id=\"style-css-av-6v2dt-0890c9314cd1f26348e57cebf26355fc\">\n#top .hr.hr-invisible.av-6v2dt-0890c9314cd1f26348e57cebf26355fc{\nheight:20px;\n}\n<\/style>\n<div  class='hr av-6v2dt-0890c9314cd1f26348e57cebf26355fc hr-invisible  avia-builder-el-8  el_after_av_one_full  el_before_av_textblock '><span class='hr-inner '><span class=\"hr-inner-style\"><\/span><\/span><\/div><br \/>\n<section  class='av_textblock_section av-kwey1esh-381cd94beb421ff737ccbf4bc777079e '   itemscope=\"itemscope\" itemtype=\"https:\/\/schema.org\/CreativeWork\" ><div class='avia_textblock'  itemprop=\"text\" ><div class=\"frm_forms  with_frm_style frm_style_formidable-style-2\" id=\"frm_form_12_container\" data-token=\"b0ab4227d00c48d0e4185e480040e4b7\">\n<form enctype=\"multipart\/form-data\" method=\"post\" class=\"frm-show-form  frm_pro_form \" id=\"form_kolektiflab\" data-token=\"b0ab4227d00c48d0e4185e480040e4b7\">\n<div class=\"frm_form_fields \">\n<fieldset>\n<legend class=\"frm_screen_reader\">Kolektif Lab<\/legend>\r\n\r\n<div class=\"frm_fields_container\">\n<input type=\"hidden\" name=\"frm_action\" value=\"create\" \/>\n<input type=\"hidden\" name=\"form_id\" value=\"12\" \/>\n<input type=\"hidden\" name=\"frm_hide_fields_12\" id=\"frm_hide_fields_12\" value=\"\" \/>\n<input type=\"hidden\" name=\"form_key\" value=\"kolektiflab\" \/>\n<input type=\"hidden\" name=\"item_meta[0]\" value=\"\" \/>\n<input type=\"hidden\" id=\"frm_submit_entry_12\" name=\"frm_submit_entry_12\" value=\"a75e5bfeef\" \/><input type=\"hidden\" name=\"_wp_http_referer\" value=\"\/kentkonseyi\/wp-json\/wp\/v2\/pages\/121\" \/><div id=\"frm_field_245_container\" class=\"frm_form_field frm_section_heading form-field  frm12 frm_first\">\r\n<h3 class=\"frm_pos_top frm_section_spacing\">Ki\u015fisel Bilgiler<\/h3>\r\n\r\n\r\n<div id=\"frm_field_218_container\" class=\"frm_form_field form-field  frm_required_field form-group frm_top_container frm6 frm6 frm12 frm_first\">\r\n    <label for=\"field_n1uz2\" id=\"field_n1uz2_label\" class=\"frm_primary_label col-form-label form-label\">Ad Soyad\r\n        <span class=\"frm_required\" aria-hidden=\"true\">*<\/span>\r\n    <\/label>\r\n    <input  type=\"text\" id=\"field_n1uz2\" name=\"item_meta[218]\" value=\"\"  data-sectionid=\"245\"  data-reqmsg=\"Bu alan bo\u015f b\u0131rak\u0131lamaz.\" aria-required=\"true\" data-invmsg=\"Text is invalid\" class=\"form-control\" aria-invalid=\"false\"   \/>\r\n    \r\n    \r\n<\/div>\n<div id=\"frm_field_219_container\" class=\"frm_form_field form-field  frm_required_field form-group frm_top_container frm6\">\r\n    <label for=\"field_2vpan\" id=\"field_2vpan_label\" class=\"frm_primary_label col-form-label form-label\">Telefon Numaran\u0131z\r\n        <span class=\"frm_required\" aria-hidden=\"true\">*<\/span>\r\n    <\/label>\r\n    <input type=\"tel\" id=\"field_2vpan\" name=\"item_meta[219]\" value=\"\"  data-sectionid=\"245\"  data-frmmask=\"0 000 000 00 00\" maxlength=\"11\" data-reqmsg=\"Bu alan bo\u015f b\u0131rak\u0131lamaz.\" aria-required=\"true\" data-invmsg=\"Telefon numaras\u0131 ge\u00e7ersiz.\" class=\"form-control\" aria-invalid=\"false\" pattern=\"\\d \\d\\d\\d \\d\\d\\d \\d\\d \\d\\d$\"  \/>\r\n    \r\n    \r\n<\/div>\n<div id=\"frm_field_220_container\" class=\"frm_form_field form-field  frm_required_field form-group frm_top_container frm6 frm_first\">\r\n    <label for=\"field_yj575\" id=\"field_yj575_label\" class=\"frm_primary_label col-form-label form-label\">Mail Adresiniz\r\n        <span class=\"frm_required\" aria-hidden=\"true\">*<\/span>\r\n    <\/label>\r\n    <input type=\"email\" id=\"field_yj575\" name=\"item_meta[220]\" value=\"\"  data-sectionid=\"245\"  data-reqmsg=\"Bu alan bo\u015f b\u0131rak\u0131lamaz.\" aria-required=\"true\" data-invmsg=\"Email is invalid\" class=\"form-control\" aria-invalid=\"false\"  \/>\r\n    \r\n    \r\n<\/div>\n<div id=\"frm_field_254_container\" class=\"frm_form_field form-field  frm_required_field form-group frm_top_container frm6\">\r\n    <label for=\"field_76t7f\" id=\"field_76t7f_label\" class=\"frm_primary_label col-form-label form-label\">\u00d6\u011frenim Durumunuz\r\n        <span class=\"frm_required\" aria-hidden=\"true\">*<\/span>\r\n    <\/label>\r\n    \t\t<select name=\"item_meta[254]\" id=\"field_76t7f\"  data-sectionid=\"245\"  data-reqmsg=\"Bu alan bo\u015f b\u0131rak\u0131lamaz.\" aria-required=\"true\" data-invmsg=\"\u00d6\u011frenim Durumunuz is invalid\" class=\"form-control\" aria-invalid=\"false\"  >\n\t\t<option  value=\"\" selected='selected'> <\/option><option  value=\"Lisans\">Lisans<\/option><option  value=\"Y\u00fcksek Lisans\">Y\u00fcksek Lisans<\/option><option  value=\"Doktora\">Doktora<\/option><option  value=\"Di\u011fer...\">Di\u011fer...<\/option>\t<\/select>\n\t\r\n    \r\n    \r\n<\/div>\n<div id=\"frm_field_225_container\" class=\"frm_form_field form-field  frm_required_field form-group frm_top_container frm6 frm_first\">\r\n    <label for=\"field_u25gu\" id=\"field_u25gu_label\" class=\"frm_primary_label col-form-label form-label\">\u00dcniversite\r\n        <span class=\"frm_required\" aria-hidden=\"true\">*<\/span>\r\n    <\/label>\r\n    <input  type=\"text\" id=\"field_u25gu\" name=\"item_meta[225]\" value=\"\"  data-sectionid=\"245\"  data-reqmsg=\"Bu alan bo\u015f b\u0131rak\u0131lamaz.\" aria-required=\"true\" data-invmsg=\"Text is invalid\" class=\"form-control\" aria-invalid=\"false\"   \/>\r\n    \r\n    \r\n<\/div>\n<div id=\"frm_field_226_container\" class=\"frm_form_field form-field  frm_required_field form-group frm_top_container frm6\">\r\n    <label for=\"field_w3l5q\" id=\"field_w3l5q_label\" class=\"frm_primary_label col-form-label form-label\">B\u00f6l\u00fcm\r\n        <span class=\"frm_required\" aria-hidden=\"true\">*<\/span>\r\n    <\/label>\r\n    <input  type=\"text\" id=\"field_w3l5q\" name=\"item_meta[226]\" value=\"\"  data-sectionid=\"245\"  data-reqmsg=\"Bu alan bo\u015f b\u0131rak\u0131lamaz.\" aria-required=\"true\" data-invmsg=\"Text is invalid\" class=\"form-control\" aria-invalid=\"false\"   \/>\r\n    \r\n    \r\n<\/div>\n<\/div>\n<div id=\"frm_field_247_container\" class=\"frm_form_field frm_section_heading form-field  frm12 frm_first\">\r\n<h3 class=\"frm_pos_top frm_section_spacing\">Proje Bilgileri<\/h3>\r\n\r\n\r\n<div id=\"frm_field_267_container\" class=\"frm_form_field form-field  frm_required_field form-group frm_top_container frm6 frm_first\">\r\n    <label for=\"field_2p1u6\" id=\"field_2p1u6_label\" class=\"frm_primary_label col-form-label form-label\">Projenin Ba\u015fl\u0131\u011f\u0131 ?\r\n        <span class=\"frm_required\" aria-hidden=\"true\">*<\/span>\r\n    <\/label>\r\n    <input  type=\"text\" id=\"field_2p1u6\" name=\"item_meta[267]\" value=\"\"  data-sectionid=\"247\"  data-reqmsg=\"Bu alan bo\u015f b\u0131rak\u0131lamaz.\" aria-required=\"true\" data-invmsg=\"Text is invalid\" class=\"form-control\" aria-invalid=\"false\"   \/>\r\n    \r\n    \r\n<\/div>\n<div id=\"frm_field_255_container\" class=\"frm_form_field form-field  frm_required_field form-group frm_top_container frm6\">\r\n    <label for=\"field_rked3\" id=\"field_rked3_label\" class=\"frm_primary_label col-form-label form-label\">Projenin Niteli\u011fi\r\n        <span class=\"frm_required\" aria-hidden=\"true\">*<\/span>\r\n    <\/label>\r\n    \t\t<select name=\"item_meta[255]\" id=\"field_rked3\"  data-sectionid=\"247\"  data-reqmsg=\"Bu alan bo\u015f b\u0131rak\u0131lamaz.\" aria-required=\"true\" data-invmsg=\"Projenin Niteli\u011fi is invalid\" class=\"form-control\" aria-invalid=\"false\"  >\n\t\t<option  value=\"\" selected='selected'> <\/option><option  value=\"Bitirme \u00d6devi\">Bitirme \u00d6devi<\/option><option  value=\"Bitirme Tezi\">Bitirme Tezi<\/option><option  value=\"Di\u011fer\">Di\u011fer<\/option>\t<\/select>\n\t\r\n    \r\n    \r\n<\/div>\n<div id=\"frm_field_244_container\" class=\"frm_form_field form-field  frm_required_field form-group frm_top_container frm12 frm_first\">\r\n    <label for=\"field_9l7t6\" id=\"field_9l7t6_label\" class=\"frm_primary_label col-form-label form-label\">Proje Bilgileri\r\n        <span class=\"frm_required\" aria-hidden=\"true\">*<\/span>\r\n    <\/label>\r\n    <textarea name=\"item_meta[244]\" id=\"field_9l7t6\" rows=\"5\"  data-sectionid=\"247\"  data-reqmsg=\"Bu alan bo\u015f b\u0131rak\u0131lamaz.\" aria-required=\"true\" data-invmsg=\"Proje Bilgileri is invalid\" class=\"form-control\" aria-invalid=\"false\"  ><\/textarea>\r\n    \r\n    \r\n<\/div>\n<div id=\"frm_field_242_container\" class=\"frm_form_field form-field  frm_required_field form-group frm_top_container frm12\">\r\n    <label for=\"field_ps6wd\" id=\"field_ps6wd_label\" class=\"frm_primary_label col-form-label form-label\">Projenin \u0130\u00e7eri\u011fi ?\r\n        <span class=\"frm_required\" aria-hidden=\"true\">*<\/span>\r\n    <\/label>\r\n    <textarea name=\"item_meta[242]\" id=\"field_ps6wd\" rows=\"5\"  data-sectionid=\"247\"  data-reqmsg=\"Bu alan bo\u015f b\u0131rak\u0131lamaz.\" aria-required=\"true\" data-invmsg=\"Projenin \u0130\u00e7eri\u011fi ? is invalid\" class=\"form-control\" aria-invalid=\"false\"  ><\/textarea>\r\n    \r\n    \r\n<\/div>\n<div id=\"frm_field_241_container\" class=\"frm_form_field form-field  frm_required_field form-group frm_top_container frm12\">\r\n    <label for=\"field_iqb8v\" id=\"field_iqb8v_label\" class=\"frm_primary_label col-form-label form-label\">Projenizin uygulan\u0131\u015f\u0131 ve a\u015famalar\u0131 hakk\u0131nda k\u0131saca bilgi veriniz (yap\u0131lacak \u00e7al\u0131\u015fmalar ve \u00e7al\u0131\u015fma takvimi vb.)\r\n        <span class=\"frm_required\" aria-hidden=\"true\">*<\/span>\r\n    <\/label>\r\n    <textarea name=\"item_meta[241]\" id=\"field_iqb8v\" rows=\"5\"  data-sectionid=\"247\"  data-reqmsg=\"Bu alan bo\u015f b\u0131rak\u0131lamaz.\" aria-required=\"true\" data-invmsg=\"Projenizin uygulan\u0131\u015f\u0131 ve a\u015famalar\u0131 hakk\u0131nda k\u0131saca bilgi veriniz (yap\u0131lacak \u00e7al\u0131\u015fmalar ve \u00e7al\u0131\u015fma takvimi vb.) is invalid\" class=\"form-control\" aria-invalid=\"false\"  ><\/textarea>\r\n    \r\n    \r\n<\/div>\n<div id=\"frm_field_240_container\" class=\"frm_form_field form-field  frm_required_field form-group frm_top_container frm12\">\r\n    <label for=\"field_ttt9v\" id=\"field_ttt9v_label\" class=\"frm_primary_label col-form-label form-label\">Projenizi neden \u0130stanbul Kent Konseyi ile ger\u00e7ekle\u015ftirmek istiyorsunuz?\r\n        <span class=\"frm_required\" aria-hidden=\"true\">*<\/span>\r\n    <\/label>\r\n    <textarea name=\"item_meta[240]\" id=\"field_ttt9v\" rows=\"5\"  data-sectionid=\"247\"  data-reqmsg=\"Bu alan bo\u015f b\u0131rak\u0131lamaz.\" aria-required=\"true\" data-invmsg=\"Projenizi neden \u0130stanbul Kent Konseyi ile ger\u00e7ekle\u015ftirmek istiyorsunuz? is invalid\" class=\"form-control\" aria-invalid=\"false\"  ><\/textarea>\r\n    \r\n    \r\n<\/div>\n<div id=\"frm_field_238_container\" class=\"frm_form_field form-field  frm_required_field form-group frm_top_container frm12\">\r\n    <label for=\"field_y39pc\" id=\"field_y39pc_label\" class=\"frm_primary_label col-form-label form-label\">\u0130stanbul Kent Konseyi projenizi hangi alanlarda ve a\u015famalarda destekleyebilir? \r\n        <span class=\"frm_required\" aria-hidden=\"true\">*<\/span>\r\n    <\/label>\r\n    <textarea name=\"item_meta[238]\" id=\"field_y39pc\" rows=\"5\"  data-sectionid=\"247\"  data-reqmsg=\"Bu alan bo\u015f b\u0131rak\u0131lamaz.\" aria-required=\"true\" data-invmsg=\"\u0130stanbul Kent Konseyi projenizi hangi alanlarda ve a\u015famalarda destekleyebilir?  is invalid\" class=\"form-control\" aria-invalid=\"false\"  ><\/textarea>\r\n    \r\n    \r\n<\/div>\n<div id=\"frm_field_239_container\" class=\"frm_form_field form-field  frm_required_field form-group frm_top_container frm12 frm_first\">\r\n    <label for=\"field_wu9y1\" id=\"field_wu9y1_label\" class=\"frm_primary_label col-form-label form-label\">\u0130stanbul Kent Konseyi projenizi neden desteklemelidir ? \r\n        <span class=\"frm_required\" aria-hidden=\"true\">*<\/span>\r\n    <\/label>\r\n    <textarea name=\"item_meta[239]\" id=\"field_wu9y1\" rows=\"5\"  data-sectionid=\"247\"  data-reqmsg=\"Bu alan bo\u015f b\u0131rak\u0131lamaz.\" aria-required=\"true\" data-invmsg=\"\u0130stanbul Kent Konseyi projenizi neden desteklemelidir ?  is invalid\" class=\"form-control\" aria-invalid=\"false\"  ><\/textarea>\r\n    \r\n    \r\n<\/div>\n<\/div>\n<div id=\"frm_field_264_container\" class=\"frm_form_field form-field  frm_required_field form-group frm_top_container vertical_radio\">\r\n    <div  id=\"field_k51so_label\" class=\"frm_primary_label col-form-label form-label\">Kat\u0131l\u0131m \u015eartlar\u0131n\u0131n Kabul\u00fc\r\n        <span class=\"frm_required\" aria-hidden=\"true\">*<\/span>\r\n    <\/div>\r\n    <div class=\"frm_opt_container\" aria-labelledby=\"field_k51so_label\" role=\"group\">\t\t<div class=\"frm_checkbox checkbox\" id=\"frm_checkbox_264-0\">\t\t\t<label  for=\"field_k51so-0\">\n\t\t\t<input type=\"checkbox\" name=\"item_meta[264][]\" id=\"field_k51so-0\" value=\"Ki\u015fisel Verilerin Korunmas\u0131 - &lt;a href=&quot;https:\/\/forms.ibb.gov.tr\/kentkonseyi\/wp-content\/uploads\/sites\/17\/2021\/02\/Aydinlatma-Metni.pdf&quot; target=&quot;_blank&quot;&gt;Ayd\u0131nlatma Metnini&lt;\/a&gt; okudum ve kabul ediyorum.\"  data-reqmsg=\"Ba\u015fvurunuzu tamamlamak i\u00e7in l\u00fctfen zorunlu alanlar\u0131 doldurunuz\" data-invmsg=\"Kat\u0131l\u0131m \u015eartlar\u0131n\u0131n Kabul\u00fc is invalid\"   aria-required=\"true\"  \/> Ki\u015fisel Verilerin Korunmas\u0131 - <a href=\"https:\/\/forms.ibb.gov.tr\/kentkonseyi\/wp-content\/uploads\/sites\/17\/2021\/02\/Aydinlatma-Metni.pdf\" target=\"_blank\">Ayd\u0131nlatma Metnini<\/a> okudum ve kabul ediyorum.<\/label><\/div>\n<\/div>\r\n    \r\n    \r\n<\/div>\n<div id=\"frm_field_263_container\" class=\"frm_form_field form-field  form-group frm_none_container\">\r\n    <label for=\"g-recaptcha-response\" id=\"field_588yz_label\" class=\"frm_primary_label col-form-label form-label\">reCAPTCHA\r\n        <span class=\"frm_required\" aria-hidden=\"true\"><\/span>\r\n    <\/label>\r\n    <div  id=\"field_588yz\" class=\"frm-g-recaptcha\" data-sitekey=\"6LfpVQUTAAAAAG2IsFffRIITK8HjxvDZ0CmoATHt\" data-size=\"normal\" data-theme=\"light\"><\/div>\r\n    \r\n    \r\n<\/div>\n\t<input type=\"hidden\" name=\"item_key\" value=\"\" \/>\n\t\t\t<div id=\"frm_field_761_container\">\n\t\t\t<label for=\"field_f33yr\" >\n\t\t\t\tIf you are human, leave this field blank.\t\t\t<\/label>\n\t\t\t<input  id=\"field_f33yr\" type=\"text\" class=\"frm_form_field form-field frm_verify\" name=\"item_meta[761]\" value=\"\"  \/>\n\t\t<\/div>\n\t\t<input name=\"frm_state\" type=\"hidden\" value=\"FTLQ7lFIELBNpOZlq4X1U7TwHAmH38+bNOjnx62lC8l5TBz9WdgCRgi58MFZSAQW\" \/><div class=\"form-group frm_submit\">\r\n\r\n<button class=\"frm_button_submit btn btn-secondary frm_final_submit\" type=\"submit\"  formnovalidate=\"formnovalidate\">G\u00f6nder<\/button>\r\n\r\n<\/div><\/div>\n<\/fieldset>\n<\/div>\n\n<\/form>\n<\/div>\n\n<\/div><\/section><\/p>\n<\/div><\/div>\n<style type=\"text\/css\" data-created_by=\"avia_inline_auto\" id=\"style-css-av-8agox-bf6ab175b4f8dd52662e0d5dcef0761c\">\n.flex_cell.av-8agox-bf6ab175b4f8dd52662e0d5dcef0761c{\nvertical-align:top;\n}\n<\/style>\n<div class='flex_cell av-8agox-bf6ab175b4f8dd52662e0d5dcef0761c av-gridrow-cell av_one_fifth no_margin  avia-builder-el-10  el_after_av_cell_three_fifth  avia-builder-el-last  content-align-top'  ><div class='flex_cell_inner'><\/div><\/div><\/div>\n","protected":false},"excerpt":{"rendered":"","protected":false},"author":1,"featured_media":{"id":161,"url":"https:\/\/forms.ibb.gov.tr\/kentkonseyi\/wp-content\/uploads\/sites\/17\/2021\/11\/banner.jpg","sizes":{"thumbnail":"https:\/\/forms.ibb.gov.tr\/kentkonseyi\/wp-content\/uploads\/sites\/17\/2021\/11\/banner-80x80.jpg","medium":"https:\/\/forms.ibb.gov.tr\/kentkonseyi\/wp-content\/uploads\/sites\/17\/2021\/11\/banner-300x86.jpg","medium_large":"https:\/\/forms.ibb.gov.tr\/kentkonseyi\/wp-content\/uploads\/sites\/17\/2021\/11\/banner-768x220.jpg","large":"https:\/\/forms.ibb.gov.tr\/kentkonseyi\/wp-content\/uploads\/sites\/17\/2021\/11\/banner-1030x295.jpg","1536x1536":"https:\/\/forms.ibb.gov.tr\/kentkonseyi\/wp-content\/uploads\/sites\/17\/2021\/11\/banner-1536x440.jpg","2048x2048":"https:\/\/forms.ibb.gov.tr\/kentkonseyi\/wp-content\/uploads\/sites\/17\/2021\/11\/banner-2048x587.jpg","widget":"https:\/\/forms.ibb.gov.tr\/kentkonseyi\/wp-content\/uploads\/sites\/17\/2021\/11\/banner-36x36.jpg","square":"https:\/\/forms.ibb.gov.tr\/kentkonseyi\/wp-content\/uploads\/sites\/17\/2021\/11\/banner-180x180.jpg","featured":"https:\/\/forms.ibb.gov.tr\/kentkonseyi\/wp-content\/uploads\/sites\/17\/2021\/11\/banner-1500x430.jpg","featured_large":"https:\/\/forms.ibb.gov.tr\/kentkonseyi\/wp-content\/uploads\/sites\/17\/2021\/11\/banner-1500x630.jpg","extra_large":"https:\/\/forms.ibb.gov.tr\/kentkonseyi\/wp-content\/uploads\/sites\/17\/2021\/11\/banner-1500x430.jpg","portfolio":"https:\/\/forms.ibb.gov.tr\/kentkonseyi\/wp-content\/uploads\/sites\/17\/2021\/11\/banner-495x400.jpg","portfolio_small":"https:\/\/forms.ibb.gov.tr\/kentkonseyi\/wp-content\/uploads\/sites\/17\/2021\/11\/banner-260x185.jpg","gallery":"https:\/\/forms.ibb.gov.tr\/kentkonseyi\/wp-content\/uploads\/sites\/17\/2021\/11\/banner-845x684.jpg","magazine":"https:\/\/forms.ibb.gov.tr\/kentkonseyi\/wp-content\/uploads\/sites\/17\/2021\/11\/banner-710x375.jpg","masonry":"https:\/\/forms.ibb.gov.tr\/kentkonseyi\/wp-content\/uploads\/sites\/17\/2021\/11\/banner-705x202.jpg","entry_with_sidebar":"https:\/\/forms.ibb.gov.tr\/kentkonseyi\/wp-content\/uploads\/sites\/17\/2021\/11\/banner-845x321.jpg","entry_without_sidebar":"https:\/\/forms.ibb.gov.tr\/kentkonseyi\/wp-content\/uploads\/sites\/17\/2021\/11\/banner-1210x423.jpg"}},"parent":0,"menu_order":0,"comment_status":"closed","ping_status":"closed","template":"","meta":{"footnotes":""},"categories":[],"tags":[],"class_list":["post-121","page","type-page","status-publish","format-standard","has-post-thumbnail","hentry"],"_links":{"self":[{"href":"https:\/\/forms.ibb.gov.tr\/kentkonseyi\/wp-json\/wp\/v2\/pages\/121","targetHints":{"allow":["GET"]}}],"collection":[{"href":"https:\/\/forms.ibb.gov.tr\/kentkonseyi\/wp-json\/wp\/v2\/pages"}],"about":[{"href":"https:\/\/forms.ibb.gov.tr\/kentkonseyi\/wp-json\/wp\/v2\/types\/page"}],"author":[{"embeddable":true,"href":"https:\/\/forms.ibb.gov.tr\/kentkonseyi\/wp-json\/wp\/v2\/users\/1"}],"replies":[{"embeddable":true,"href":"https:\/\/forms.ibb.gov.tr\/kentkonseyi\/wp-json\/wp\/v2\/comments?post=121"}],"version-history":[{"count":33,"href":"https:\/\/forms.ibb.gov.tr\/kentkonseyi\/wp-json\/wp\/v2\/pages\/121\/revisions"}],"predecessor-version":[{"id":179,"href":"https:\/\/forms.ibb.gov.tr\/kentkonseyi\/wp-json\/wp\/v2\/pages\/121\/revisions\/179"}],"wp:featuredmedia":[{"embeddable":true,"href":"https:\/\/forms.ibb.gov.tr\/kentkonseyi\/wp-json\/wp\/v2\/media\/161"}],"wp:attachment":[{"href":"https:\/\/forms.ibb.gov.tr\/kentkonseyi\/wp-json\/wp\/v2\/media?parent=121"}],"wp:term":[{"taxonomy":"category","embeddable":true,"href":"https:\/\/forms.ibb.gov.tr\/kentkonseyi\/wp-json\/wp\/v2\/categories?post=121"},{"taxonomy":"post_tag","embeddable":true,"href":"https:\/\/forms.ibb.gov.tr\/kentkonseyi\/wp-json\/wp\/v2\/tags?post=121"}],"curies":[{"name":"wp","href":"https:\/\/api.w.org\/{rel}","templated":true}]}}