{"id":10924,"date":"2021-11-23T15:17:18","date_gmt":"2021-11-23T12:17:18","guid":{"rendered":"https:\/\/forms.ibb.gov.tr\/kultur\/?page_id=10924"},"modified":"2024-01-04T11:12:37","modified_gmt":"2024-01-04T08:12:37","slug":"konser-ve-tiyatro-basvuru","status":"publish","type":"page","link":"https:\/\/forms.ibb.gov.tr\/kultur\/","title":{"rendered":"Konser ve Tiyatro Ba\u015fvuru"},"content":{"rendered":"<div  class='flex_column av-t4p5d8-8356929096abee060fa33f3c6377600b av_one_full  avia-builder-el-0  avia-builder-el-no-sibling  first flex_column_div  '     ><div id='av-masonry-1' class='av-masonry av-kwc2c3m4-d6d11152fa979d6ac307ec943d6f48d4 noHover av-fixed-size av-1px-gap av-hover-overlay-active av-masonry-animation-active av-masonry-col-flexible av-caption-always av-caption-style- av-masonry-entries ' data-post_id=\"10924\"><div class='av-masonry-sort main_color av-sort-yes' data-masonry-id='1' ><div class='av-sort-by-term  ' data-av-allowed-sort='[\"konser_sort\",\"ozel-etkinlik_sort\",\"sergi_sort\",\"sinema_sort\",\"tiyatro_sort\",\"z-hali_sort\"]' ><a href=\"#\" data-filter=\"all_sort\" class=\"all_sort_button active_sort\"><span class=\"inner_sort_button\"><span>T\u00fcm\u00fc<\/span><small class=\"avia-term-count\"> 10 <\/small><\/span><\/a><span class='text-sep genel_sort_sep avia_hide_sort'>\/<\/span><a href=\"#\" data-filter=\"genel_sort\" class=\"genel_sort_button avia_hide_sort\" ><span class=\"inner_sort_button\"><span>Genel<\/span><small class='avia-term-count'> 0 <\/small><\/span><\/a><span class='text-sep konser_sort_sep avia_show_sort'>\/<\/span><a href=\"#\" data-filter=\"konser_sort\" class=\"konser_sort_button avia_show_sort\" ><span class=\"inner_sort_button\"><span>Konser<\/span><small class='avia-term-count'> 3 <\/small><\/span><\/a><span class='text-sep ozel-etkinlik_sort_sep avia_show_sort'>\/<\/span><a href=\"#\" data-filter=\"ozel-etkinlik_sort\" class=\"ozel-etkinlik_sort_button avia_show_sort\" ><span class=\"inner_sort_button\"><span>\u00d6zel Etkinlik<\/span><small class='avia-term-count'> 1 <\/small><\/span><\/a><span class='text-sep sergi_sort_sep avia_show_sort'>\/<\/span><a href=\"#\" data-filter=\"sergi_sort\" class=\"sergi_sort_button avia_show_sort\" ><span class=\"inner_sort_button\"><span>Sergi<\/span><small class='avia-term-count'> 1 <\/small><\/span><\/a><span class='text-sep sinema_sort_sep avia_show_sort'>\/<\/span><a href=\"#\" data-filter=\"sinema_sort\" class=\"sinema_sort_button avia_show_sort\" ><span class=\"inner_sort_button\"><span>Sinema<\/span><small class='avia-term-count'> 2 <\/small><\/span><\/a><span class='text-sep tiyatro_sort_sep avia_show_sort'>\/<\/span><a href=\"#\" data-filter=\"tiyatro_sort\" class=\"tiyatro_sort_button avia_show_sort\" ><span class=\"inner_sort_button\"><span>Tiyatro<\/span><small class='avia-term-count'> 1 <\/small><\/span><\/a><span class='text-sep z-hali_sort_sep avia_show_sort'>\/<\/span><a href=\"#\" data-filter=\"z-hali_sort\" class=\"z-hali_sort_button avia_show_sort\" ><span class=\"inner_sort_button\"><span>Z Hali<\/span><small class='avia-term-count'> 2 <\/small><\/span><\/a><\/div><\/div><div class=\"av-masonry-container isotope av-js-disabled\"><div class='av-masonry-entry isotope-item av-masonry-item-no-image all_sort z-hali_sort  konser_sort  sinema_sort  ozel-etkinlik_sort  sergi_sort  tiyatro_sort  genel_sort '><\/div><a href=\"https:\/\/forms.ibb.gov.tr\/kultur\/sinemada-atolye-basvuru-form-2023\/\"  id='av-masonry-1-item-31480' data-av-masonry-item='31480' class='av-masonry-entry isotope-item post-31480 post type-post status-publish format-standard hentry category-z-hali all_sort z-hali_sort  av-masonry-item-no-image' title=\"SinemADA At\u00f6lye Ba\u015fvuru Formu\"   itemscope=\"itemscope\" itemtype=\"https:\/\/schema.org\/CreativeWork\" ><div class='av-inner-masonry-sizer'><\/div><figure class='av-inner-masonry main_color'><figcaption class='av-inner-masonry-content site-background'><div class='av-inner-masonry-content-pos'><div class='av-inner-masonry-content-pos-content'><div class='avia-arrow'><\/div><h3 class='av-masonry-entry-title entry-title '  itemprop=\"headline\" >SinemADA At\u00f6lye Ba\u015fvuru Formu<\/h3><span class='av-masonry-date meta-color updated'>3 Temmuz 2023<\/span><span class=\"av-masonry-text-sep text-sep-author\">\/<\/span><span class='av-masonry-author meta-color author'><span class='fn'>taraf\u0131ndan imdat.akgun<\/span><\/span><\/div><\/div><\/figcaption><\/figure><\/a><!--end av-masonry entry--><a href=\"https:\/\/forms.ibb.gov.tr\/kultur\/genc-muzisyenlere-destek-basvuru-formu\/\"  id='av-masonry-1-item-31036' data-av-masonry-item='31036' class='av-masonry-entry isotope-item post-31036 post type-post status-publish format-standard hentry category-konser all_sort konser_sort  av-masonry-item-no-image' title=\"GEN\u00c7 M\u00dcZ\u0130SYENLERE DESTEK BA\u015eVURU FORMU\"   itemscope=\"itemscope\" itemtype=\"https:\/\/schema.org\/CreativeWork\" ><div class='av-inner-masonry-sizer'><\/div><figure class='av-inner-masonry main_color'><figcaption class='av-inner-masonry-content site-background'><div class='av-inner-masonry-content-pos'><div class='av-inner-masonry-content-pos-content'><div class='avia-arrow'><\/div><h3 class='av-masonry-entry-title entry-title '  itemprop=\"headline\" >GEN\u00c7 M\u00dcZ\u0130SYENLERE DESTEK BA\u015eVURU FORMU<\/h3><span class='av-masonry-date meta-color updated'>12 May\u0131s 2023<\/span><span class=\"av-masonry-text-sep text-sep-author\">\/<\/span><span class='av-masonry-author meta-color author'><span class='fn'>taraf\u0131ndan imdat.akgun<\/span><\/span><\/div><\/div><\/figcaption><\/figure><\/a><!--end av-masonry entry--><a href=\"https:\/\/forms.ibb.gov.tr\/kultur\/buyukada-sinemada-katilim-formu\/\"  id='av-masonry-1-item-26936' data-av-masonry-item='26936' class='av-masonry-entry isotope-item post-26936 post type-post status-publish format-standard has-post-thumbnail hentry category-sinema all_sort sinema_sort  av-masonry-item-with-image av-landscape-img' title=\"modyo tv\"   itemscope=\"itemscope\" itemtype=\"https:\/\/schema.org\/CreativeWork\" ><div class='av-inner-masonry-sizer'><\/div><figure class='av-inner-masonry main_color'><div class=\"av-masonry-outerimage-container\"><div class='av-masonry-image-container' style=\"background-image: url(https:\/\/forms.ibb.gov.tr\/kultur\/wp-content\/uploads\/sites\/11\/2022\/05\/modyo-tv-705x397.jpeg);\"  title=\"modyo tv\" ><\/div><\/div><figcaption class='av-inner-masonry-content site-background'><div class='av-inner-masonry-content-pos'><div class='av-inner-masonry-content-pos-content'><div class='avia-arrow'><\/div><h3 class='av-masonry-entry-title entry-title '  itemprop=\"headline\" >SinemADA At\u00f6lye Ba\u015fvuru Formu<\/h3><span class='av-masonry-date meta-color updated'>25 May\u0131s 2022<\/span><span class=\"av-masonry-text-sep text-sep-author\">\/<\/span><span class='av-masonry-author meta-color author'><span class='fn'>taraf\u0131ndan imdat.akgun<\/span><\/span><\/div><\/div><\/figcaption><\/figure><\/a><!--end av-masonry entry--><a href=\"https:\/\/forms.ibb.gov.tr\/kultur\/istanblun-z-hali\/\"  id='av-masonry-1-item-16828' data-av-masonry-item='16828' class='av-masonry-entry isotope-item post-16828 post type-post status-publish format-standard has-post-thumbnail hentry category-z-hali all_sort z-hali_sort  av-masonry-item-with-image av-landscape-img' title=\"istanbul-un-z-hali\"   itemscope=\"itemscope\" itemtype=\"https:\/\/schema.org\/CreativeWork\" ><div class='av-inner-masonry-sizer'><\/div><figure class='av-inner-masonry main_color'><div class=\"av-masonry-outerimage-container\"><div class='av-masonry-image-container' style=\"background-image: url(https:\/\/forms.ibb.gov.tr\/kultur\/wp-content\/uploads\/sites\/11\/2022\/01\/istanbul-un-z-hali.jpg);\"  title=\"istanbul-un-z-hali\" ><\/div><\/div><figcaption class='av-inner-masonry-content site-background'><div class='av-inner-masonry-content-pos'><div class='av-inner-masonry-content-pos-content'><div class='avia-arrow'><\/div><h3 class='av-masonry-entry-title entry-title '  itemprop=\"headline\" >\u0130stanbul&#8217;un Z Hali<\/h3><span class='av-masonry-date meta-color updated'>6 Ocak 2022<\/span><span class=\"av-masonry-text-sep text-sep-author\">\/<\/span><span class='av-masonry-author meta-color author'><span class='fn'>taraf\u0131ndan imdat.akgun<\/span><\/span><\/div><\/div><\/figcaption><\/figure><\/a><!--end av-masonry entry--><a href=\"https:\/\/forms.ibb.gov.tr\/kultur\/ozel-etkinlik\/\"  id='av-masonry-1-item-12878' data-av-masonry-item='12878' class='av-masonry-entry isotope-item post-12878 post type-post status-publish format-standard has-post-thumbnail hentry category-ozel-etkinlik all_sort ozel-etkinlik_sort  av-masonry-item-with-image av-landscape-img' title=\"ozel-etkinlik\"   itemscope=\"itemscope\" itemtype=\"https:\/\/schema.org\/CreativeWork\" ><div class='av-inner-masonry-sizer'><\/div><figure class='av-inner-masonry main_color'><div class=\"av-masonry-outerimage-container\"><div class='av-masonry-image-container' style=\"background-image: url(https:\/\/forms.ibb.gov.tr\/kultur\/wp-content\/uploads\/sites\/11\/2021\/12\/ozel-etkinlik.jpg);\"  title=\"ozel-etkinlik\" ><\/div><\/div><figcaption class='av-inner-masonry-content site-background'><div class='av-inner-masonry-content-pos'><div class='av-inner-masonry-content-pos-content'><div class='avia-arrow'><\/div><h3 class='av-masonry-entry-title entry-title '  itemprop=\"headline\" >\u00d6zel Etkinlik Ba\u015fvuru Formu<\/h3><span class='av-masonry-date meta-color updated'>21 Aral\u0131k 2021<\/span><span class=\"av-masonry-text-sep text-sep-author\">\/<\/span><span class='av-masonry-author meta-color author'><span class='fn'>taraf\u0131ndan ertan.baykal<\/span><\/span><\/div><\/div><\/figcaption><\/figure><\/a><!--end av-masonry entry--><a href=\"https:\/\/forms.ibb.gov.tr\/kultur\/sergi-basvuru-formu\/\"  id='av-masonry-1-item-12868' data-av-masonry-item='12868' class='av-masonry-entry isotope-item post-12868 post type-post status-publish format-standard has-post-thumbnail hentry category-sergi all_sort sergi_sort  av-masonry-item-with-image av-landscape-img' title=\"sergi\"   itemscope=\"itemscope\" itemtype=\"https:\/\/schema.org\/CreativeWork\" ><div class='av-inner-masonry-sizer'><\/div><figure class='av-inner-masonry main_color'><div class=\"av-masonry-outerimage-container\"><div class='av-masonry-image-container' style=\"background-image: url(https:\/\/forms.ibb.gov.tr\/kultur\/wp-content\/uploads\/sites\/11\/2021\/12\/sergi.jpg);\"  title=\"sergi\" ><\/div><\/div><figcaption class='av-inner-masonry-content site-background'><div class='av-inner-masonry-content-pos'><div class='av-inner-masonry-content-pos-content'><div class='avia-arrow'><\/div><h3 class='av-masonry-entry-title entry-title '  itemprop=\"headline\" >Sergi Ba\u015fvuru Formu<\/h3><span class='av-masonry-date meta-color updated'>21 Aral\u0131k 2021<\/span><span class=\"av-masonry-text-sep text-sep-author\">\/<\/span><span class='av-masonry-author meta-color author'><span class='fn'>taraf\u0131ndan ertan.baykal<\/span><\/span><\/div><\/div><\/figcaption><\/figure><\/a><!--end av-masonry entry--><a href=\"https:\/\/forms.ibb.gov.tr\/kultur\/km-tiyatro-basvuru\/\"  id='av-masonry-1-item-10961' data-av-masonry-item='10961' class='av-masonry-entry isotope-item post-10961 post type-post status-publish format-standard has-post-thumbnail hentry category-tiyatro all_sort tiyatro_sort  av-masonry-item-with-image av-landscape-img' title=\"tiyatro-basvuru\"   itemscope=\"itemscope\" itemtype=\"https:\/\/schema.org\/CreativeWork\" ><div class='av-inner-masonry-sizer'><\/div><figure class='av-inner-masonry main_color'><div class=\"av-masonry-outerimage-container\"><div class='av-masonry-image-container' style=\"background-image: url(https:\/\/forms.ibb.gov.tr\/kultur\/wp-content\/uploads\/sites\/11\/2021\/12\/tiyatro-basvuru.jpg);\"  title=\"tiyatro-basvuru\" ><\/div><\/div><figcaption class='av-inner-masonry-content site-background'><div class='av-inner-masonry-content-pos'><div class='av-inner-masonry-content-pos-content'><div class='avia-arrow'><\/div><h3 class='av-masonry-entry-title entry-title '  itemprop=\"headline\" >Tiyatro Ba\u015fvuru Formu<\/h3><span class='av-masonry-date meta-color updated'>23 Kas\u0131m 2021<\/span><span class=\"av-masonry-text-sep text-sep-author\">\/<\/span><span class='av-masonry-author meta-color author'><span class='fn'>taraf\u0131ndan ertan.baykal<\/span><\/span><\/div><\/div><\/figcaption><\/figure><\/a><!--end av-masonry entry--><a href=\"https:\/\/forms.ibb.gov.tr\/kultur\/dijital-festival-konser-basvuru-formu\/\"  id='av-masonry-1-item-8524' data-av-masonry-item='8524' class='av-masonry-entry isotope-item post-8524 post type-post status-publish format-standard hentry category-konser all_sort konser_sort  av-masonry-item-no-image' title=\"Dijital Festival Konser Ba\u015fvuru Formu\"   itemscope=\"itemscope\" itemtype=\"https:\/\/schema.org\/CreativeWork\" ><div class='av-inner-masonry-sizer'><\/div><figure class='av-inner-masonry main_color'><figcaption class='av-inner-masonry-content site-background'><div class='av-inner-masonry-content-pos'><div class='av-inner-masonry-content-pos-content'><div class='avia-arrow'><\/div><h3 class='av-masonry-entry-title entry-title '  itemprop=\"headline\" >Dijital Festival Konser Ba\u015fvuru Formu<\/h3><span class='av-masonry-date meta-color updated'>23 \u015eubat 2021<\/span><span class=\"av-masonry-text-sep text-sep-author\">\/<\/span><span class='av-masonry-author meta-color author'><span class='fn'>taraf\u0131ndan ertan.baykal<\/span><\/span><\/div><\/div><\/figcaption><\/figure><\/a><!--end av-masonry entry--><a href=\"https:\/\/forms.ibb.gov.tr\/kultur\/konser-basvuru-formu\/\"  id='av-masonry-1-item-142' data-av-masonry-item='142' class='av-masonry-entry isotope-item post-142 post type-post status-publish format-standard has-post-thumbnail hentry category-genel category-konser all_sort genel_sort  konser_sort  av-masonry-item-with-image av-landscape-img' title=\"konser\"   itemscope=\"itemscope\" itemtype=\"https:\/\/schema.org\/CreativeWork\" ><div class='av-inner-masonry-sizer'><\/div><figure class='av-inner-masonry main_color'><div class=\"av-masonry-outerimage-container\"><div class='av-masonry-image-container' style=\"background-image: url(https:\/\/forms.ibb.gov.tr\/kultur\/wp-content\/uploads\/sites\/11\/2020\/06\/konser.jpg);\"  title=\"konser\" ><\/div><\/div><figcaption class='av-inner-masonry-content site-background'><div class='av-inner-masonry-content-pos'><div class='av-inner-masonry-content-pos-content'><div class='avia-arrow'><\/div><h3 class='av-masonry-entry-title entry-title '  itemprop=\"headline\" >Konser Ba\u015fvuru Formu<\/h3><span class='av-masonry-date meta-color updated'>8 Haziran 2020<\/span><span class=\"av-masonry-text-sep text-sep-author\">\/<\/span><span class='av-masonry-author meta-color author'><span class='fn'>taraf\u0131ndan imdat.akgun<\/span><\/span><\/div><\/div><\/figcaption><\/figure><\/a><!--end av-masonry entry--><a href=\"https:\/\/forms.ibb.gov.tr\/kultur\/sinema-talep-formu\/\"  id='av-masonry-1-item-132' data-av-masonry-item='132' class='av-masonry-entry isotope-item post-132 post type-post status-publish format-standard has-post-thumbnail hentry category-genel category-sinema all_sort genel_sort  sinema_sort  av-masonry-item-with-image av-landscape-img' title=\"sinema\"   itemscope=\"itemscope\" itemtype=\"https:\/\/schema.org\/CreativeWork\" ><div class='av-inner-masonry-sizer'><\/div><figure class='av-inner-masonry main_color'><div class=\"av-masonry-outerimage-container\"><div class='av-masonry-image-container' style=\"background-image: url(https:\/\/forms.ibb.gov.tr\/kultur\/wp-content\/uploads\/sites\/11\/2021\/12\/sinema.jpg);\"  title=\"sinema\" ><\/div><\/div><figcaption class='av-inner-masonry-content site-background'><div class='av-inner-masonry-content-pos'><div class='av-inner-masonry-content-pos-content'><div class='avia-arrow'><\/div><h3 class='av-masonry-entry-title entry-title '  itemprop=\"headline\" >Sinema Ba\u015fvuru Formu<\/h3><span class='av-masonry-date meta-color updated'>8 Haziran 2020<\/span><span class=\"av-masonry-text-sep text-sep-author\">\/<\/span><span class='av-masonry-author meta-color author'><span class='fn'>taraf\u0131ndan imdat.akgun<\/span><\/span><\/div><\/div><\/figcaption><\/figure><\/a><!--end av-masonry entry--><\/div><\/div><\/div>\n","protected":false},"excerpt":{"rendered":"","protected":false},"author":18,"featured_media":0,"parent":0,"menu_order":0,"comment_status":"closed","ping_status":"closed","template":"","meta":{"footnotes":""},"categories":[],"tags":[],"class_list":["post-10924","page","type-page","status-publish","format-standard","hentry"],"_links":{"self":[{"href":"https:\/\/forms.ibb.gov.tr\/kultur\/wp-json\/wp\/v2\/pages\/10924","targetHints":{"allow":["GET"]}}],"collection":[{"href":"https:\/\/forms.ibb.gov.tr\/kultur\/wp-json\/wp\/v2\/pages"}],"about":[{"href":"https:\/\/forms.ibb.gov.tr\/kultur\/wp-json\/wp\/v2\/types\/page"}],"author":[{"embeddable":true,"href":"https:\/\/forms.ibb.gov.tr\/kultur\/wp-json\/wp\/v2\/users\/18"}],"replies":[{"embeddable":true,"href":"https:\/\/forms.ibb.gov.tr\/kultur\/wp-json\/wp\/v2\/comments?post=10924"}],"version-history":[{"count":19,"href":"https:\/\/forms.ibb.gov.tr\/kultur\/wp-json\/wp\/v2\/pages\/10924\/revisions"}],"predecessor-version":[{"id":56468,"href":"https:\/\/forms.ibb.gov.tr\/kultur\/wp-json\/wp\/v2\/pages\/10924\/revisions\/56468"}],"wp:attachment":[{"href":"https:\/\/forms.ibb.gov.tr\/kultur\/wp-json\/wp\/v2\/media?parent=10924"}],"wp:term":[{"taxonomy":"category","embeddable":true,"href":"https:\/\/forms.ibb.gov.tr\/kultur\/wp-json\/wp\/v2\/categories?post=10924"},{"taxonomy":"post_tag","embeddable":true,"href":"https:\/\/forms.ibb.gov.tr\/kultur\/wp-json\/wp\/v2\/tags?post=10924"}],"curies":[{"name":"wp","href":"https:\/\/api.w.org\/{rel}","templated":true}]}}