{"id":35986,"date":"2024-07-20T09:42:07","date_gmt":"2024-07-20T06:42:07","guid":{"rendered":"https:\/\/forms.ibb.gov.tr\/kultur\/?page_id=35986"},"modified":"2025-08-22T14:38:49","modified_gmt":"2025-08-22T11:38:49","slug":"prova-tahsis-formu","status":"publish","type":"page","link":"https:\/\/forms.ibb.gov.tr\/kultur\/prova-tahsis-formu\/","title":{"rendered":"PROVA TAHS\u0130S FORMU"},"content":{"rendered":"\n<style type=\"text\/css\" data-created_by=\"avia_inline_auto\" id=\"style-css-av-mcek4buz-83d6214c7cc4f73da39e228c82ab7391\">\n.avia-section.av-mcek4buz-83d6214c7cc4f73da39e228c82ab7391{\nbackground-repeat:no-repeat;\nbackground-image:url(https:\/\/forms.ibb.gov.tr\/kultur\/wp-content\/uploads\/sites\/11\/2025\/06\/web_anket_arkaplan-bos.jpg);\nbackground-position:50% 100%;\nbackground-attachment:fixed;\n}\n<\/style>\n<div id='av_section_1'  class='avia-section av-mcek4buz-83d6214c7cc4f73da39e228c82ab7391 main_color avia-section-default avia-no-border-styling  avia-builder-el-0  avia-builder-el-no-sibling  avia-full-stretch avia-bg-style-fixed av-minimum-height av-minimum-height-100 av-height-100  container_wrap fullsize'  data-section-bg-repeat='stretch' data-av_minimum_height_pc='100' data-av_min_height_opt='100'><div class='container av-section-cont-open' ><main  role=\"main\" itemprop=\"mainContentOfPage\"  class='template-page content  av-content-full alpha units'><div class='post-entry post-entry-type-page post-entry-35986'><div class='entry-content-wrapper clearfix'>\n\n<style type=\"text\/css\" data-created_by=\"avia_inline_auto\" id=\"style-css-av-memrbyx9-25c540f35d65547009fd53db5df3c8de\">\n#top .hr.hr-invisible.av-memrbyx9-25c540f35d65547009fd53db5df3c8de{\nheight:50px;\n}\n<\/style>\n<div  class='hr av-memrbyx9-25c540f35d65547009fd53db5df3c8de hr-invisible  avia-builder-el-1  el_before_av_one_third  avia-builder-el-first '><span class='hr-inner '><span class=\"hr-inner-style\"><\/span><\/span><\/div>\n<div class='flex_column_table av-1seck8i-3d98b2f2d98db30fa3478ce0b3de81d2 sc-av_one_third av-equal-height-column-flextable'>\n<style type=\"text\/css\" data-created_by=\"avia_inline_auto\" id=\"style-css-av-1seck8i-3d98b2f2d98db30fa3478ce0b3de81d2\">\n#top .flex_column_table.av-equal-height-column-flextable.av-1seck8i-3d98b2f2d98db30fa3478ce0b3de81d2{\nmargin-top:-300px;\nmargin-bottom:0px;\n}\n<\/style>\n<div  class='flex_column av-1seck8i-3d98b2f2d98db30fa3478ce0b3de81d2 av_one_third  avia-builder-el-2  el_after_av_hr  el_before_av_one_third  first no_margin flex_column_table_cell av-equal-height-column av-align-top  '     ><\/div>\n<style type=\"text\/css\" data-created_by=\"avia_inline_auto\" id=\"style-css-av-1aegnqq-7e9b078764ba863e3021d016b4b04fca\">\n#top .flex_column_table.av-equal-height-column-flextable.av-1aegnqq-7e9b078764ba863e3021d016b4b04fca{\nmargin-top:-300px;\nmargin-bottom:0px;\n}\n<\/style>\n<div  class='flex_column av-1aegnqq-7e9b078764ba863e3021d016b4b04fca av_one_third  avia-builder-el-3  el_after_av_one_third  el_before_av_one_third  no_margin flex_column_table_cell av-equal-height-column av-align-top  '     ><style type=\"text\/css\" data-created_by=\"avia_inline_auto\" id=\"style-css-av-mcdcylgt-003e0f8cef3c8ae4a0e52482f7cd05a3\">\n.avia-image-container.av-mcdcylgt-003e0f8cef3c8ae4a0e52482f7cd05a3 img.avia_image{\nbox-shadow:none;\n}\n.avia-image-container.av-mcdcylgt-003e0f8cef3c8ae4a0e52482f7cd05a3 .av-image-caption-overlay-center{\ncolor:#ffffff;\n}\n<\/style>\n<div  class='avia-image-container av-mcdcylgt-003e0f8cef3c8ae4a0e52482f7cd05a3 av-styling- avia-align-center  avia-builder-el-4  avia-builder-el-no-sibling '   itemprop=\"image\" itemscope=\"itemscope\" itemtype=\"https:\/\/schema.org\/ImageObject\" ><div class=\"avia-image-container-inner\"><div class=\"avia-image-overlay-wrap\"><img decoding=\"async\" fetchpriority=\"high\" class='wp-image-51147 avia-img-lazy-loading-not-51147 avia_image ' src=\"https:\/\/forms.ibb.gov.tr\/kultur\/wp-content\/uploads\/sites\/11\/2025\/06\/ibb-kultur-logo.png\" alt='' title='ibb-kultur-logo'  height=\"234\" width=\"1196\"  itemprop=\"thumbnailUrl\"  \/><\/div><\/div><\/div><\/div>\n<style type=\"text\/css\" data-created_by=\"avia_inline_auto\" id=\"style-css-av-up1aj6-3460245ee2ebaafe53985050a930c5db\">\n#top .flex_column_table.av-equal-height-column-flextable.av-up1aj6-3460245ee2ebaafe53985050a930c5db{\nmargin-top:-300px;\nmargin-bottom:0px;\n}\n<\/style>\n<div  class='flex_column av-up1aj6-3460245ee2ebaafe53985050a930c5db av_one_third  avia-builder-el-5  el_after_av_one_third  el_before_av_one_full  no_margin flex_column_table_cell av-equal-height-column av-align-top  '     ><\/div><\/div><!--close column table wrapper. Autoclose: 1 -->\n<style type=\"text\/css\" data-created_by=\"avia_inline_auto\" id=\"style-css-av-mqu81e-8fd535f58620321c17e58d6bc49e1ac2\">\n.flex_column.av-mqu81e-8fd535f58620321c17e58d6bc49e1ac2{\nborder-width:2px;\nborder-color:#1581c5;\nborder-style:solid;\nborder-radius:5px 5px 5px 5px;\npadding:20px 20px 20px 20px;\nbackground-color:#f9f9f9;\n}\n<\/style>\n<div  class='flex_column av-mqu81e-8fd535f58620321c17e58d6bc49e1ac2 av_one_full  avia-builder-el-6  el_after_av_one_third  avia-builder-el-last  first flex_column_div  column-top-margin'     ><style type=\"text\/css\" data-created_by=\"avia_inline_auto\" id=\"style-css-av-mcekf1qe-74ff4349764290ea7dacf748786c5550\">\n#top .av_textblock_section.av-mcekf1qe-74ff4349764290ea7dacf748786c5550 .avia_textblock{\nfont-size:15px;\ncolor:#0a0a0a;\n}\n<\/style>\n<section  class='av_textblock_section av-mcekf1qe-74ff4349764290ea7dacf748786c5550 '   itemscope=\"itemscope\" itemtype=\"https:\/\/schema.org\/CreativeWork\" ><div class='avia_textblock av_inherit_color'  itemprop=\"text\" ><h3 style=\"text-align: center;\">Prova Tahsis Formu<\/h3>\n<p style=\"text-align: center;\"><p>\u0130BB K\u00fclt\u00fcr - Prova Tahsis Formu ba\u015fvuruya kapat\u0131lm\u0131\u015ft\u0131r.<\/p><\/p>\n<\/div><\/section><\/div>\n","protected":false},"excerpt":{"rendered":"","protected":false},"author":17,"featured_media":{"id":51147,"url":"https:\/\/forms.ibb.gov.tr\/kultur\/wp-content\/uploads\/sites\/11\/2025\/06\/ibb-kultur-logo.png","sizes":{"thumbnail":"https:\/\/forms.ibb.gov.tr\/kultur\/wp-content\/uploads\/sites\/11\/2025\/06\/ibb-kultur-logo.png","medium":"https:\/\/forms.ibb.gov.tr\/kultur\/wp-content\/uploads\/sites\/11\/2025\/06\/ibb-kultur-logo.png","medium_large":"https:\/\/forms.ibb.gov.tr\/kultur\/wp-content\/uploads\/sites\/11\/2025\/06\/ibb-kultur-logo.png","large":"https:\/\/forms.ibb.gov.tr\/kultur\/wp-content\/uploads\/sites\/11\/2025\/06\/ibb-kultur-logo.png","1536x1536":"https:\/\/forms.ibb.gov.tr\/kultur\/wp-content\/uploads\/sites\/11\/2025\/06\/ibb-kultur-logo.png","2048x2048":"https:\/\/forms.ibb.gov.tr\/kultur\/wp-content\/uploads\/sites\/11\/2025\/06\/ibb-kultur-logo.png","widget":"https:\/\/forms.ibb.gov.tr\/kultur\/wp-content\/uploads\/sites\/11\/2025\/06\/ibb-kultur-logo.png","square":"https:\/\/forms.ibb.gov.tr\/kultur\/wp-content\/uploads\/sites\/11\/2025\/06\/ibb-kultur-logo.png","featured":"https:\/\/forms.ibb.gov.tr\/kultur\/wp-content\/uploads\/sites\/11\/2025\/06\/ibb-kultur-logo.png","featured_large":"https:\/\/forms.ibb.gov.tr\/kultur\/wp-content\/uploads\/sites\/11\/2025\/06\/ibb-kultur-logo.png","extra_large":"https:\/\/forms.ibb.gov.tr\/kultur\/wp-content\/uploads\/sites\/11\/2025\/06\/ibb-kultur-logo.png","portfolio":"https:\/\/forms.ibb.gov.tr\/kultur\/wp-content\/uploads\/sites\/11\/2025\/06\/ibb-kultur-logo.png","portfolio_small":"https:\/\/forms.ibb.gov.tr\/kultur\/wp-content\/uploads\/sites\/11\/2025\/06\/ibb-kultur-logo.png","gallery":"https:\/\/forms.ibb.gov.tr\/kultur\/wp-content\/uploads\/sites\/11\/2025\/06\/ibb-kultur-logo.png","magazine":"https:\/\/forms.ibb.gov.tr\/kultur\/wp-content\/uploads\/sites\/11\/2025\/06\/ibb-kultur-logo.png","masonry":"https:\/\/forms.ibb.gov.tr\/kultur\/wp-content\/uploads\/sites\/11\/2025\/06\/ibb-kultur-logo.png","entry_with_sidebar":"https:\/\/forms.ibb.gov.tr\/kultur\/wp-content\/uploads\/sites\/11\/2025\/06\/ibb-kultur-logo.png","entry_without_sidebar":"https:\/\/forms.ibb.gov.tr\/kultur\/wp-content\/uploads\/sites\/11\/2025\/06\/ibb-kultur-logo.png"}},"parent":0,"menu_order":0,"comment_status":"closed","ping_status":"closed","template":"template-blank.php","meta":{"footnotes":""},"categories":[],"tags":[],"class_list":["post-35986","page","type-page","status-publish","format-standard","has-post-thumbnail","hentry"],"_links":{"self":[{"href":"https:\/\/forms.ibb.gov.tr\/kultur\/wp-json\/wp\/v2\/pages\/35986","targetHints":{"allow":["GET"]}}],"collection":[{"href":"https:\/\/forms.ibb.gov.tr\/kultur\/wp-json\/wp\/v2\/pages"}],"about":[{"href":"https:\/\/forms.ibb.gov.tr\/kultur\/wp-json\/wp\/v2\/types\/page"}],"author":[{"embeddable":true,"href":"https:\/\/forms.ibb.gov.tr\/kultur\/wp-json\/wp\/v2\/users\/17"}],"replies":[{"embeddable":true,"href":"https:\/\/forms.ibb.gov.tr\/kultur\/wp-json\/wp\/v2\/comments?post=35986"}],"version-history":[{"count":68,"href":"https:\/\/forms.ibb.gov.tr\/kultur\/wp-json\/wp\/v2\/pages\/35986\/revisions"}],"predecessor-version":[{"id":52774,"href":"https:\/\/forms.ibb.gov.tr\/kultur\/wp-json\/wp\/v2\/pages\/35986\/revisions\/52774"}],"wp:featuredmedia":[{"embeddable":true,"href":"https:\/\/forms.ibb.gov.tr\/kultur\/wp-json\/wp\/v2\/media\/51147"}],"wp:attachment":[{"href":"https:\/\/forms.ibb.gov.tr\/kultur\/wp-json\/wp\/v2\/media?parent=35986"}],"wp:term":[{"taxonomy":"category","embeddable":true,"href":"https:\/\/forms.ibb.gov.tr\/kultur\/wp-json\/wp\/v2\/categories?post=35986"},{"taxonomy":"post_tag","embeddable":true,"href":"https:\/\/forms.ibb.gov.tr\/kultur\/wp-json\/wp\/v2\/tags?post=35986"}],"curies":[{"name":"wp","href":"https:\/\/api.w.org\/{rel}","templated":true}]}}