{"id":8555,"date":"2021-04-07T18:57:13","date_gmt":"2021-04-07T15:57:13","guid":{"rendered":"https:\/\/forms.ibb.gov.tr\/kultur\/?page_id=8555"},"modified":"2021-11-23T15:06:10","modified_gmt":"2021-11-23T12:06:10","slug":"yeni-basvuru","status":"publish","type":"page","link":"https:\/\/forms.ibb.gov.tr\/kultur\/yeni-basvuru\/","title":{"rendered":"Yeni Ba\u015fvuru"},"content":{"rendered":"\n<style type=\"text\/css\" data-created_by=\"avia_inline_auto\" id=\"style-css-av-jorfzf-379c1c83c4afdaf535d2f91db64dd8e6\">\n.avia-section.av-jorfzf-379c1c83c4afdaf535d2f91db64dd8e6{\nbackground-color:#92b3dd;\nbackground:linear-gradient( to bottom right, #92b3dd, #f8f8f8 );\n}\n.avia-section.av-jorfzf-379c1c83c4afdaf535d2f91db64dd8e6 .av-extra-border-element .av-extra-border-inner{\nbackground-color:#f8f8f8;\n}\n<\/style>\n<div id='av_section_1'  class='avia-section av-jorfzf-379c1c83c4afdaf535d2f91db64dd8e6 main_color avia-section-large avia-no-border-styling  avia-builder-el-0  el_before_av_one_full  avia-builder-el-first  avia-bg-style-scroll av-arrow-down-section container_wrap fullsize'  ><div class='container av-section-cont-open' ><main  role=\"main\" itemprop=\"mainContentOfPage\"  class='template-page content  av-content-full alpha units'><div class='post-entry post-entry-type-page post-entry-8555'><div class='entry-content-wrapper clearfix'>\n<div class='flex_column_table av-gpghmj-b2eee87992679ed4e32bf3adef7c6995 sc-av_three_fifth av-equal-height-column-flextable'>\n<style type=\"text\/css\" data-created_by=\"avia_inline_auto\" id=\"style-css-av-gpghmj-b2eee87992679ed4e32bf3adef7c6995\">\n.flex_column.av-gpghmj-b2eee87992679ed4e32bf3adef7c6995{\nborder-radius:0px 0px 0px 0px;\npadding:0px 0px 0px 0px;\n}\n<\/style>\n<div  class='flex_column av-gpghmj-b2eee87992679ed4e32bf3adef7c6995 av_three_fifth  avia-builder-el-1  el_before_av_two_fifth  avia-builder-el-first  first no_margin flex_column_table_cell av-equal-height-column av-align-middle av-zero-column-padding  '     ><style type=\"text\/css\" data-created_by=\"avia_inline_auto\" id=\"style-css-av-g1kd4b-3fb9e13a932a0cb0b9efafa4d604cdfb\">\n#top .av-special-heading.av-g1kd4b-3fb9e13a932a0cb0b9efafa4d604cdfb{\npadding-bottom:10px;\n}\nbody .av-special-heading.av-g1kd4b-3fb9e13a932a0cb0b9efafa4d604cdfb .av-special-heading-tag .heading-char{\nfont-size:25px;\n}\n.av-special-heading.av-g1kd4b-3fb9e13a932a0cb0b9efafa4d604cdfb .av-subheading{\nfont-size:15px;\n}\n<\/style>\n<div  class='av-special-heading av-g1kd4b-3fb9e13a932a0cb0b9efafa4d604cdfb av-special-heading-h1 blockquote modern-quote  avia-builder-el-2  avia-builder-el-no-sibling '><h1 class='av-special-heading-tag '  itemprop=\"headline\"  >Ba\u015fvuru Formu<\/h1><div class=\"special-heading-border\"><div class=\"special-heading-inner-border\"><\/div><\/div><\/div><\/div>\n<style type=\"text\/css\" data-created_by=\"avia_inline_auto\" id=\"style-css-av-dumpqj-9afb1d28eb1b1b1aeba975684b905e26\">\n.flex_column.av-dumpqj-9afb1d28eb1b1b1aeba975684b905e26{\nborder-radius:0px 0px 0px 0px;\npadding:0px 0px 0px 0px;\n}\n<\/style>\n<div  class='flex_column av-dumpqj-9afb1d28eb1b1b1aeba975684b905e26 av_two_fifth  avia-builder-el-3  el_after_av_three_fifth  avia-builder-el-last  no_margin flex_column_table_cell av-equal-height-column av-align-middle av-zero-column-padding  '     ><style type=\"text\/css\" data-created_by=\"avia_inline_auto\" id=\"style-css-av-cscr97-48cda16592887aab9093f61dad3e217e\">\n#top .av-special-heading.av-cscr97-48cda16592887aab9093f61dad3e217e{\npadding-bottom:10px;\n}\nbody .av-special-heading.av-cscr97-48cda16592887aab9093f61dad3e217e .av-special-heading-tag .heading-char{\nfont-size:25px;\n}\n.av-special-heading.av-cscr97-48cda16592887aab9093f61dad3e217e .av-subheading{\nfont-size:15px;\n}\n<\/style>\n<div  class='av-special-heading av-cscr97-48cda16592887aab9093f61dad3e217e av-special-heading-h3 blockquote modern-quote modern-right  avia-builder-el-4  avia-builder-el-no-sibling  av-thin-font'><h3 class='av-special-heading-tag '  itemprop=\"headline\"  ><strong>\u0130stanbul B\u00fcy\u00fck\u015fehir Belediyesi<\/strong><\/h3><div class='av-subheading av-subheading_below'><p>K\u00fclt\u00fcr Daire Ba\u015fkanl\u0131\u011f\u0131<\/p>\n<\/div><div class=\"special-heading-border\"><div class=\"special-heading-inner-border\"><\/div><\/div><\/div><\/div><\/div><!--close column table wrapper. Autoclose: 1 -->\n<\/div><\/div><\/main><!-- close content main element --><\/div><div class='av-extra-border-element border-extra-arrow-down'><div class='av-extra-border-outer'><div class='av-extra-border-inner'><\/div><\/div><\/div><\/div><div id='after_section_1'  class='main_color av_default_container_wrap container_wrap fullsize'  ><div class='container av-section-cont-open' ><div class='template-page content  av-content-full alpha units'><div class='post-entry post-entry-type-page post-entry-8555'><div class='entry-content-wrapper clearfix'>\n<div class='flex_column_table av-ajlqh7-a5adcb5a2578c84237274b04691ef66a sc-av_one_full av-equal-height-column-flextable'>\n<style type=\"text\/css\" data-created_by=\"avia_inline_auto\" id=\"style-css-av-ajlqh7-a5adcb5a2578c84237274b04691ef66a\">\n.flex_column.av-ajlqh7-a5adcb5a2578c84237274b04691ef66a{\nborder-radius:0px 0px 0px 0px;\npadding:0px 0px 0px 0px;\n}\n<\/style>\n<div  class='flex_column av-ajlqh7-a5adcb5a2578c84237274b04691ef66a av_one_full  avia-builder-el-5  el_after_av_section  el_before_av_three_fifth  avia-builder-el-first  first no_margin flex_column_table_cell av-equal-height-column av-align-middle av-zero-column-padding  '     ><section  class='av_textblock_section av-8j3s57-2d673047aab478bb919324f85b2cc617 '   itemscope=\"itemscope\" itemtype=\"https:\/\/schema.org\/CreativeWork\" ><div class='avia_textblock'  itemprop=\"text\" ><h3 style=\"text-align: center\">T\u0130YATRO BA\u015eVURU FORMU<\/h3>\n<p><strong><u>\u00d6nemli : Ba\u015fvuru yapan sanat\u00e7\u0131lar\u0131n ve ekiplerindeki \u00fcyelerin, \u0130stanbul B\u00fcy\u00fck\u015fehir Belediyesi personeli olmamas\u0131 \u015fart\u0131 aranacakt\u0131r.\u00a0<\/u><\/strong><\/p>\n<p>A\u015fa\u011f\u0131daki online formu doldurarak ba\u015fvurunuzu yapabilirsiniz. Formun g\u00f6nderilmesinin ard\u0131ndan taraf\u0131n\u0131za &#8220;ba\u015fvurunuzun ula\u015ft\u0131\u011f\u0131na dair teyit e-postas\u0131&#8221; g\u00f6nderilecektir. E-posta adresinize bu teyit mesaj\u0131n\u0131n ula\u015fmamas\u0131 durumunda \u00f6ncelikle \u201c\u00f6nemsiz e-postalar\u201d kutusunu kontrol etmenizi, mesaj\u0131 burada da bulamazsan\u0131z <a href=\"https:\/\/mail.ibb.gov.tr\/owa\/redir.aspx?C=roClWaIdN7QYip00vcY3SJajW_Qr-0WzbaxxvSyCQyC9QMR5uxbYCA..&amp;URL=mailto%2525252525253akultursanat%25252525252540ibb.gov.tr\">kultursanat@ibb.gov.tr<\/a>\u00a0adresinden bize ula\u015fman\u0131z\u0131 rica ederiz.<\/p>\n<\/div><\/section><\/div><\/div><!--close column table wrapper. Autoclose: 1 -->\n\n<style type=\"text\/css\" data-created_by=\"avia_inline_auto\" id=\"style-css-av-7tgfej-c9fcf6270106bd7ff6274fbfb0b6b72b\">\n.flex_column.av-7tgfej-c9fcf6270106bd7ff6274fbfb0b6b72b{\nborder-radius:0px 0px 0px 0px;\npadding:0px 0px 0px 0px;\n}\n<\/style>\n<div  class='flex_column av-7tgfej-c9fcf6270106bd7ff6274fbfb0b6b72b av_three_fifth  avia-builder-el-7  el_after_av_one_full  el_before_av_two_fifth  first flex_column_div av-zero-column-padding  column-top-margin'     ><\/div>\n<style type=\"text\/css\" data-created_by=\"avia_inline_auto\" id=\"style-css-av-kiztn-c34d43a5f53c3beb1fe42871ddc87f05\">\n.flex_column.av-kiztn-c34d43a5f53c3beb1fe42871ddc87f05{\nborder-radius:0px 0px 0px 0px;\npadding:0px 0px 0px 0px;\n}\n<\/style>\n<div  class='flex_column av-kiztn-c34d43a5f53c3beb1fe42871ddc87f05 av_two_fifth  avia-builder-el-9  el_after_av_three_fifth  el_before_av_section  avia-builder-el-last  flex_column_div av-zero-column-padding  column-top-margin'     ><section  class='av_textblock_section av-4djozf-bdacfd2dd4cb3de7734496811f130ab0 '   itemscope=\"itemscope\" itemtype=\"https:\/\/schema.org\/CreativeWork\" ><div class='avia_textblock'  itemprop=\"text\" ><p><strong>Ba\u015fvurularda a\u015fa\u011f\u0131daki hususlara dikkat edilmesi gerekmektedir:<\/strong><\/p>\n<ul>\n<li style=\"text-align: left\"><strong>Formda istenen bilgi ve belgelerin tam ve eksiksiz olarak doldurulmas\u0131 gereklidir. Eksik ve hatal\u0131 bilgilerle yap\u0131lan ba\u015fvurular ge\u00e7ersiz say\u0131lacakt\u0131r.<\/strong><\/li>\n<li style=\"text-align: left\">Ba\u015fvuru yap\u0131lan proje \u00fczerinden, 5846 say\u0131l\u0131 Fikir ve Sanat Eserleri Kanunu ve ba\u011fl\u0131 mevzuattan do\u011fan haklarda, hakk\u0131n kullan\u0131m\u0131na ili\u015fkin hususlar\u0131n (hangi mecrada, ka\u00e7 defa yay\u0131nlanacak vb.) hak sahibi veya vekili\/varisince izin verildi\u011fini g\u00f6sterir yaz\u0131l\u0131 taahh\u00fct belgesini ibraz etmek<em>\u00a0<\/em><\/li>\n<\/ul>\n<p><strong>Kimler Ba\u015fvuru Yapabilir<\/strong><\/p>\n<p>Yap\u0131lan ba\u015fvurular, belirlenen kriterler \u00e7er\u00e7evesinde de\u011ferlendirilerek tiyatro severlerle bulu\u015fturulacakt\u0131r. Tiyatro oyunlar\u0131 Daire Ba\u015fkanl\u0131\u011f\u0131 b\u00fcnyesinde g\u00f6rev yapan ekip taraf\u0131ndan incelenecektir. \u0130nceleme; dramaturg, oyuncu, y\u00f6netmen, \u0130BB \u015eehir Tiyatrolar\u0131 temsilcisi ile etkinlik alanlar\u0131ndan sorumlu birim amirinden olu\u015fan kurul taraf\u0131ndan yap\u0131lacakt\u0131r. Dramaturji, dekor-ses-\u0131\u015f\u0131k gibi teknik ve estetik unsurlar\u0131n yan\u0131 s\u0131ra oyunun konusu\/verilen mesaj, sosyal i\u00e7erik, \u00e7ocuk oyunlar\u0131n\u0131n pedagojik formasyona uygunlu\u011fu, daha \u00f6nce sahnelenip sahnelenmedi\u011fi, telif haklar\u0131, tarihi, d\u00f6nemsel \u00f6zelli\u011fi ve T.C. yasalar\u0131 a\u00e7\u0131s\u0131ndan herhangi bir olumsuzlu\u011fu i\u00e7erip i\u00e7ermedi\u011fi gibi konular incelenecektir.<\/p>\n<p><strong>Dijitalde Yay\u0131nlanacak Oyun \u0130\u00e7in Aranan Kriterler<\/strong><\/p>\n<ul>\n<li>Oyun \u00e7ekimleri tercihen en az 2 kamera ile yap\u0131lmal\u0131d\u0131r.<\/li>\n<li>EBU (Avrupa Yay\u0131n Birli\u011fi) yay\u0131n standartlar\u0131na uygun olmal\u0131d\u0131r.<\/li>\n<li>\u00c7ekimler 1920\u00d71080 ( Full HD) yap\u0131lmal\u0131d\u0131r.<\/li>\n<li>\u00c7ekimlerin yay\u0131n \u00e7\u0131k\u0131\u015flar\u0131 MP4, MPEG2 formatlar\u0131nda verilmelidir.<\/li>\n<li>\u00c7ekimlerde kameralara uygun \u0131\u015f\u0131k kullan\u0131lmal\u0131d\u0131r.<\/li>\n<li>\u00c7ekimlerin yaka mikrofonu veya \u00e7ok y\u00f6nl\u00fc mikrofon kullan\u0131larak g\u00f6r\u00fcnt\u00fcyle senkron, temiz, anla\u015f\u0131labilir ses kayd\u0131na sahip olmas\u0131 gerekmektedir.<\/li>\n<li>Kay\u0131tlar\u0131n ba\u015f\u0131nda tiyatro ve oyun ile ilgili bilgilerin yer ald\u0131\u011f\u0131, sonunda ise oyuncular\u0131n g\u00f6rselleri ile birlikte olmak \u00fczere (oyuncunun foto\u011fraf\u0131na ya da oyundan sabit veya hareketli bir g\u00f6r\u00fcnt\u00fcs\u00fcne ad\u0131 ve soyad\u0131n\u0131n yaz\u0131lmas\u0131) oyunda g\u00f6rev alan ki\u015filere ili\u015fkin bir jenerik bulunacakt\u0131r.<\/li>\n<li>Haz\u0131rlanacak kayd\u0131n proje kapsam\u0131nda Belediyemizce dijital ortamda yay\u0131nlanmas\u0131na ili\u015fkin tiyatro (t\u00fczel ki\u015filik), yazar, oyuncu, varsa kullan\u0131lan m\u00fczikler i\u00e7in eser sahibi vb. t\u00fcm ilgililerin TC kimlik numaralar\u0131 yer alarak haz\u0131rlanan \u0131slak imzal\u0131 izin yaz\u0131lar\u0131n\u0131n sunulmas\u0131 gerekmektedir.<\/li>\n<\/ul>\n<p><strong>Tiyatro ba\u015fvurusunun kabul edilmesi halinde;<\/strong><\/p>\n<ul>\n<li>Tiyatro gruplar\u0131 y\u00fcksek \u00e7\u00f6z\u00fcn\u00fcrl\u00fckl\u00fc afi\u015f g\u00f6ndermekle y\u00fck\u00fcml\u00fcd\u00fcr.<\/li>\n<li>Afi\u015f \u00e7\u00f6z\u00fcn\u00fcrl\u00fc\u011f\u00fc en az (200 DP\u0130) olmal\u0131d\u0131r.<\/li>\n<li>Tiyatro oyun afi\u015fleri profesyonel ortamda haz\u0131rlanm\u0131\u015f olup, (50\u00d770 \u00f6l\u00e7\u00fclerinde 200 DP\u0130) olmal\u0131d\u0131r. ( Herhangi bir sat\u0131\u015f kanal\u0131n\u0131n logosu olmamal\u0131d\u0131r.)<\/li>\n<li>Forma, tiyatro oyunlar\u0131na ait en az 1 tane, ilgili etkinlik t\u00fcrlerinin tan\u0131t\u0131m \u00e7al\u0131\u015fmalar\u0131nda kullan\u0131lmak \u00fczere, FULL HD g\u00f6r\u00fcnt\u00fc kalitesi ve temiz ses kayd\u0131 ile video i\u00e7erikleri eklenmelidir.<\/li>\n<li>Hik\u00e2ye format\u0131nda yap\u0131lacak i\u00e7eriklerin 1080 X 1920 format\u0131nda dikey olarak \u00e7ekilmesi gerekmektedir.<\/li>\n<li>Tiyatro gruplar\u0131 etkinliklerine, tiyatro severleri \u00e7e\u015fitli kanallardan davet edebilirler.<\/li>\n<\/ul>\n<h3><strong>Yukar\u0131da belirtilen hususlara uygun \u015fekilde i\u00e7erik sa\u011flamayan tiyatro gruplar\u0131n\u0131n ba\u015fvurular\u0131 de\u011ferlendirmeye al\u0131nmayacakt\u0131r.<\/strong><\/h3>\n<h3><strong>Ki\u015fisel Verilerin Korunmas\u0131 ve \u0130\u015flenmesi kanununa istinaden vermi\u015f oldu\u011funuz ki\u015fisel bilgiler sakl\u0131 tutulacakt\u0131r.<\/strong><\/h3>\n<\/div><\/section><\/div><\/p>\n<\/div><\/div><\/div><!-- close content main div --><\/div><\/div>\n<style type=\"text\/css\" data-created_by=\"avia_inline_auto\" id=\"style-css-av-31o0ij-6f553dcf28d9d8fa4af47abae78262cc\">\n.avia-section.av-31o0ij-6f553dcf28d9d8fa4af47abae78262cc{\nbackground-color:#92b3dd;\nbackground:linear-gradient( to bottom right, #92b3dd, #f8f8f8 );\n}\n.avia-section.av-31o0ij-6f553dcf28d9d8fa4af47abae78262cc .av-extra-border-element .av-extra-border-inner{\nbackground-color:#f8f8f8;\n}\n<\/style>\n<div id='av_section_2'  class='avia-section av-31o0ij-6f553dcf28d9d8fa4af47abae78262cc main_color avia-section-no-padding avia-no-border-styling  avia-builder-el-11  el_after_av_two_fifth  avia-builder-el-last  avia-bg-style-scroll av-arrow-down-section container_wrap fullsize'  ><div class='container av-section-cont-open' ><div class='template-page content  av-content-full alpha units'><div class='post-entry post-entry-type-page post-entry-8555'><div class='entry-content-wrapper clearfix'>\n","protected":false},"excerpt":{"rendered":"","protected":false},"author":17,"featured_media":0,"parent":0,"menu_order":0,"comment_status":"closed","ping_status":"closed","template":"","meta":{"footnotes":""},"categories":[],"tags":[],"class_list":["post-8555","page","type-page","status-publish","format-standard","hentry"],"_links":{"self":[{"href":"https:\/\/forms.ibb.gov.tr\/kultur\/wp-json\/wp\/v2\/pages\/8555","targetHints":{"allow":["GET"]}}],"collection":[{"href":"https:\/\/forms.ibb.gov.tr\/kultur\/wp-json\/wp\/v2\/pages"}],"about":[{"href":"https:\/\/forms.ibb.gov.tr\/kultur\/wp-json\/wp\/v2\/types\/page"}],"author":[{"embeddable":true,"href":"https:\/\/forms.ibb.gov.tr\/kultur\/wp-json\/wp\/v2\/users\/17"}],"replies":[{"embeddable":true,"href":"https:\/\/forms.ibb.gov.tr\/kultur\/wp-json\/wp\/v2\/comments?post=8555"}],"version-history":[{"count":80,"href":"https:\/\/forms.ibb.gov.tr\/kultur\/wp-json\/wp\/v2\/pages\/8555\/revisions"}],"predecessor-version":[{"id":33082,"href":"https:\/\/forms.ibb.gov.tr\/kultur\/wp-json\/wp\/v2\/pages\/8555\/revisions\/33082"}],"wp:attachment":[{"href":"https:\/\/forms.ibb.gov.tr\/kultur\/wp-json\/wp\/v2\/media?parent=8555"}],"wp:term":[{"taxonomy":"category","embeddable":true,"href":"https:\/\/forms.ibb.gov.tr\/kultur\/wp-json\/wp\/v2\/categories?post=8555"},{"taxonomy":"post_tag","embeddable":true,"href":"https:\/\/forms.ibb.gov.tr\/kultur\/wp-json\/wp\/v2\/tags?post=8555"}],"curies":[{"name":"wp","href":"https:\/\/api.w.org\/{rel}","templated":true}]}}