{"id":1105,"date":"2022-05-11T12:04:58","date_gmt":"2022-05-11T09:04:58","guid":{"rendered":"https:\/\/forms.ibb.gov.tr\/sehirtiyatrolari\/?page_id=1105"},"modified":"2025-06-12T13:58:21","modified_gmt":"2025-06-12T10:58:21","slug":"ibb-sehir-tiyatrolari-mudurlugu-seyirci-memnuniyeti-anketi","status":"publish","type":"page","link":"https:\/\/forms.ibb.gov.tr\/sehirtiyatrolari\/ibb-sehir-tiyatrolari-mudurlugu-seyirci-memnuniyeti-anketi\/","title":{"rendered":"\u0130BB \u015eehir Tiyatrolar\u0131 \u015eube M\u00fcd\u00fcrl\u00fc\u011f\u00fc Seyirci Memnuniyeti Anketi"},"content":{"rendered":"<div id='av-layout-grid-1'  class='av-layout-grid-container av-k4l77l-999a8c420214b94d9e3af71f674e9e57 entry-content-wrapper main_color av-flex-cells  avia-builder-el-0  avia-builder-el-no-sibling   container_wrap fullsize'  >\n\n<style type=\"text\/css\" data-created_by=\"avia_inline_auto\" id=\"style-css-av-iniemp-104fb55b46c0730153a7da7368be178f\">\n.flex_cell.av-iniemp-104fb55b46c0730153a7da7368be178f{\nvertical-align:top;\nbackground-color:#e8f1ff;\nbackground:linear-gradient( to top right, #e8f1ff, #eff9ff, #ffffff );\n}\n.responsive #top #wrap_all .flex_cell.av-iniemp-104fb55b46c0730153a7da7368be178f{\npadding:10px 10px 10px 10px !important;\n}\n<\/style>\n<div class='flex_cell av-iniemp-104fb55b46c0730153a7da7368be178f av-gridrow-cell av_one_fifth no_margin  avia-builder-el-1  el_before_av_cell_three_fifth  avia-builder-el-first  content-align-top'  ><div class='flex_cell_inner'><p>\n<style type=\"text\/css\" data-created_by=\"avia_inline_auto\" id=\"style-css-av-hqos1t-a850d9721b76b81e48bf4f7596ae523b\">\n.avia-image-container.av-hqos1t-a850d9721b76b81e48bf4f7596ae523b img.avia_image{\nbox-shadow:none;\n}\n.avia-image-container.av-hqos1t-a850d9721b76b81e48bf4f7596ae523b .av-image-caption-overlay-center{\ncolor:#ffffff;\n}\n<\/style>\n<div  class='avia-image-container av-hqos1t-a850d9721b76b81e48bf4f7596ae523b av-styling- av-img-linked avia_animated_image av-animated-when-visible-95 top-to-bottom avia-align-center  avia-builder-el-2  el_before_av_hr  avia-builder-el-first '   itemprop=\"image\" itemscope=\"itemscope\" itemtype=\"https:\/\/schema.org\/ImageObject\" ><div class=\"avia-image-container-inner\"><div class=\"avia-image-overlay-wrap\"><a href=\"https:\/\/sehirtiyatrolari.ibb.istanbul\" class='avia_image '  target=\"_blank\"  rel=\"noopener noreferrer\" aria-label='sehirtyatrolari-logo'><img decoding=\"async\" fetchpriority=\"high\" class='wp-image-21 avia-img-lazy-loading-not-21 avia_image ' src=\"https:\/\/forms.ibb.gov.tr\/sehirtiyatrolari\/wp-content\/uploads\/sites\/28\/2021\/10\/sehirtyatrolari-logo-1030x278.png\" alt='' title='sehirtyatrolari-logo'  height=\"278\" width=\"1030\"  itemprop=\"thumbnailUrl\" srcset=\"https:\/\/forms.ibb.gov.tr\/sehirtiyatrolari\/wp-content\/uploads\/sites\/28\/2021\/10\/sehirtyatrolari-logo-1030x278.png 1030w, https:\/\/forms.ibb.gov.tr\/sehirtiyatrolari\/wp-content\/uploads\/sites\/28\/2021\/10\/sehirtyatrolari-logo-300x81.png 300w, https:\/\/forms.ibb.gov.tr\/sehirtiyatrolari\/wp-content\/uploads\/sites\/28\/2021\/10\/sehirtyatrolari-logo-768x207.png 768w, https:\/\/forms.ibb.gov.tr\/sehirtiyatrolari\/wp-content\/uploads\/sites\/28\/2021\/10\/sehirtyatrolari-logo-1536x414.png 1536w, https:\/\/forms.ibb.gov.tr\/sehirtiyatrolari\/wp-content\/uploads\/sites\/28\/2021\/10\/sehirtyatrolari-logo-1500x404.png 1500w, https:\/\/forms.ibb.gov.tr\/sehirtiyatrolari\/wp-content\/uploads\/sites\/28\/2021\/10\/sehirtyatrolari-logo-705x190.png 705w, https:\/\/forms.ibb.gov.tr\/sehirtiyatrolari\/wp-content\/uploads\/sites\/28\/2021\/10\/sehirtyatrolari-logo.png 1892w\" sizes=\"(max-width: 1030px) 100vw, 1030px\" \/><\/a><\/div><\/div><\/div><br \/>\n\n<style type=\"text\/css\" data-created_by=\"avia_inline_auto\" id=\"style-css-av-gapunl-80257c1da0ec2797b888faac28059009\">\n#top .hr.hr-invisible.av-gapunl-80257c1da0ec2797b888faac28059009{\nheight:30px;\n}\n<\/style>\n<div  class='hr av-gapunl-80257c1da0ec2797b888faac28059009 hr-invisible  avia-builder-el-3  el_after_av_image  el_before_av_textblock '><span class='hr-inner '><span class=\"hr-inner-style\"><\/span><\/span><\/div><br \/>\n<section  class='av_textblock_section av-l3k3g53a-2facf97c97c109203c456882938d9878 '   itemscope=\"itemscope\" itemtype=\"https:\/\/schema.org\/CreativeWork\" ><div class='avia_textblock'  itemprop=\"text\" ><p style=\"line-height: 150%\">De\u011ferli Seyircilerimiz,<br \/>\n\u0130stanbul B\u00fcy\u00fck\u015fehir Belediyesi \u015eehir Tiyatrolar\u0131 olarak, siz k\u0131ymetli seyircilerimizin memnuniyet d\u00fczeyini \u00f6l\u00e7mek ve hizmet kalitemizi s\u00fcrekli olarak geli\u015ftirmek amac\u0131yla haz\u0131rlam\u0131\u015f oldu\u011fumuz anketimize g\u00f6stermi\u015f oldu\u011funuz ilgi ve katk\u0131 i\u00e7in te\u015fekk\u00fcr ederiz.<br \/>\nG\u00f6r\u00fc\u015f ve de\u011ferlendirmeleriniz, tiyatromuzun gelece\u011fi ad\u0131na b\u00fcy\u00fck \u00f6nem ta\u015f\u0131maktad\u0131r.<\/p>\n<\/div><\/section><\/p>\n<\/div><\/div>\n<style type=\"text\/css\" data-created_by=\"avia_inline_auto\" id=\"style-css-av-d1fvwx-660ca97d1d5c1e4b60b1dd5ebb56fc4d\">\n.flex_cell.av-d1fvwx-660ca97d1d5c1e4b60b1dd5ebb56fc4d{\nvertical-align:top;\nbackground-color:#e8f1ff;\nbackground:linear-gradient( to top right, #e8f1ff, #eff9ff, #ffffff );\n}\n.responsive #top #wrap_all .flex_cell.av-d1fvwx-660ca97d1d5c1e4b60b1dd5ebb56fc4d{\npadding:10px 10px 10px 10px !important;\n}\n<\/style>\n<div class='flex_cell av-d1fvwx-660ca97d1d5c1e4b60b1dd5ebb56fc4d av-gridrow-cell av_three_fifth no_margin  avia-builder-el-5  el_after_av_cell_one_fifth  el_before_av_cell_one_fifth  content-align-top'  ><div class='flex_cell_inner'><div  class='flex_column av-arln3l-049865394f2babe46d50a9b10bc58388 av_one_full  avia-builder-el-6  avia-builder-el-no-sibling  first flex_column_div  '     ><section  class='av_textblock_section av-l3k3gcxa-2f63e8aaea1439f2c0bb8fbb12b6b47d '   itemscope=\"itemscope\" itemtype=\"https:\/\/schema.org\/CreativeWork\" ><div class='avia_textblock'  itemprop=\"text\" ><p>Anketimize kat\u0131l\u0131m sa\u011flad\u0131\u011f\u0131n\u0131z i\u00e7in te\u015fekk\u00fcr ederiz.<\/p>\n<\/div><\/section><\/div>\n<\/div><\/div>\n<style type=\"text\/css\" data-created_by=\"avia_inline_auto\" id=\"style-css-av-8p7yht-6062c7292d4cef2da473de6c1ce046bc\">\n.flex_cell.av-8p7yht-6062c7292d4cef2da473de6c1ce046bc{\nvertical-align:top;\nbackground-color:#e8f1ff;\nbackground:linear-gradient( to top right, #e8f1ff, #eff9ff, #ffffff );\n}\n.responsive #top #wrap_all .flex_cell.av-8p7yht-6062c7292d4cef2da473de6c1ce046bc{\npadding:10px 10px 10px 10px !important;\n}\n<\/style>\n<div class='flex_cell av-8p7yht-6062c7292d4cef2da473de6c1ce046bc av-gridrow-cell av_one_fifth no_margin  avia-builder-el-8  el_after_av_cell_three_fifth  avia-builder-el-last  content-align-top'  ><div class='flex_cell_inner'><p>\n<style type=\"text\/css\" data-created_by=\"avia_inline_auto\" id=\"style-css-av-6xg069-87944084d109af3155ae2bbfd7c6632c\">\n.avia-image-container.av-6xg069-87944084d109af3155ae2bbfd7c6632c img.avia_image{\nbox-shadow:none;\n}\n.avia-image-container.av-6xg069-87944084d109af3155ae2bbfd7c6632c .av-image-caption-overlay-center{\ncolor:#ffffff;\n}\n<\/style>\n<div  class='avia-image-container av-6xg069-87944084d109af3155ae2bbfd7c6632c av-styling- av-img-linked avia_animated_image av-animated-when-visible-95 top-to-bottom avia-align-center  avia-builder-el-9  el_before_av_hr  avia-builder-el-first '   itemprop=\"image\" itemscope=\"itemscope\" itemtype=\"https:\/\/schema.org\/ImageObject\" ><div class=\"avia-image-container-inner\"><div class=\"avia-image-overlay-wrap\"><a href=\"https:\/\/sehirtiyatrolari.ibb.istanbul\" class='avia_image '  target=\"_blank\"  rel=\"noopener noreferrer\" aria-label='sehirtyatrolari-logo'><img decoding=\"async\" fetchpriority=\"high\" class='wp-image-21 avia-img-lazy-loading-not-21 avia_image ' src=\"https:\/\/forms.ibb.gov.tr\/sehirtiyatrolari\/wp-content\/uploads\/sites\/28\/2021\/10\/sehirtyatrolari-logo-1030x278.png\" alt='' title='sehirtyatrolari-logo'  height=\"278\" width=\"1030\"  itemprop=\"thumbnailUrl\" srcset=\"https:\/\/forms.ibb.gov.tr\/sehirtiyatrolari\/wp-content\/uploads\/sites\/28\/2021\/10\/sehirtyatrolari-logo-1030x278.png 1030w, https:\/\/forms.ibb.gov.tr\/sehirtiyatrolari\/wp-content\/uploads\/sites\/28\/2021\/10\/sehirtyatrolari-logo-300x81.png 300w, https:\/\/forms.ibb.gov.tr\/sehirtiyatrolari\/wp-content\/uploads\/sites\/28\/2021\/10\/sehirtyatrolari-logo-768x207.png 768w, https:\/\/forms.ibb.gov.tr\/sehirtiyatrolari\/wp-content\/uploads\/sites\/28\/2021\/10\/sehirtyatrolari-logo-1536x414.png 1536w, https:\/\/forms.ibb.gov.tr\/sehirtiyatrolari\/wp-content\/uploads\/sites\/28\/2021\/10\/sehirtyatrolari-logo-1500x404.png 1500w, https:\/\/forms.ibb.gov.tr\/sehirtiyatrolari\/wp-content\/uploads\/sites\/28\/2021\/10\/sehirtyatrolari-logo-705x190.png 705w, https:\/\/forms.ibb.gov.tr\/sehirtiyatrolari\/wp-content\/uploads\/sites\/28\/2021\/10\/sehirtyatrolari-logo.png 1892w\" sizes=\"(max-width: 1030px) 100vw, 1030px\" \/><\/a><\/div><\/div><\/div><br \/>\n\n<style type=\"text\/css\" data-created_by=\"avia_inline_auto\" id=\"style-css-av-65dmpt-897ca17781e486e76a0d5d20831168e4\">\n#top .hr.hr-invisible.av-65dmpt-897ca17781e486e76a0d5d20831168e4{\nheight:30px;\n}\n<\/style>\n<div  class='hr av-65dmpt-897ca17781e486e76a0d5d20831168e4 hr-invisible  avia-builder-el-10  el_after_av_image  el_before_av_textblock '><span class='hr-inner '><span class=\"hr-inner-style\"><\/span><\/span><\/div><br \/>\n<section  class='av_textblock_section av-21few1-78186d93fcdc69289154c2d9765bee94 '   itemscope=\"itemscope\" itemtype=\"https:\/\/schema.org\/CreativeWork\" ><div class='avia_textblock'  itemprop=\"text\" ><\/div><\/section><\/p>\n<\/div><\/div><\/div>\n","protected":false},"excerpt":{"rendered":"","protected":false},"author":22303,"featured_media":0,"parent":0,"menu_order":0,"comment_status":"closed","ping_status":"closed","template":"","meta":{"footnotes":""},"categories":[19],"tags":[],"class_list":["post-1105","page","type-page","status-publish","format-standard","hentry","category-anket"],"_links":{"self":[{"href":"https:\/\/forms.ibb.gov.tr\/sehirtiyatrolari\/wp-json\/wp\/v2\/pages\/1105","targetHints":{"allow":["GET"]}}],"collection":[{"href":"https:\/\/forms.ibb.gov.tr\/sehirtiyatrolari\/wp-json\/wp\/v2\/pages"}],"about":[{"href":"https:\/\/forms.ibb.gov.tr\/sehirtiyatrolari\/wp-json\/wp\/v2\/types\/page"}],"author":[{"embeddable":true,"href":"https:\/\/forms.ibb.gov.tr\/sehirtiyatrolari\/wp-json\/wp\/v2\/users\/22303"}],"replies":[{"embeddable":true,"href":"https:\/\/forms.ibb.gov.tr\/sehirtiyatrolari\/wp-json\/wp\/v2\/comments?post=1105"}],"version-history":[{"count":27,"href":"https:\/\/forms.ibb.gov.tr\/sehirtiyatrolari\/wp-json\/wp\/v2\/pages\/1105\/revisions"}],"predecessor-version":[{"id":2768,"href":"https:\/\/forms.ibb.gov.tr\/sehirtiyatrolari\/wp-json\/wp\/v2\/pages\/1105\/revisions\/2768"}],"wp:attachment":[{"href":"https:\/\/forms.ibb.gov.tr\/sehirtiyatrolari\/wp-json\/wp\/v2\/media?parent=1105"}],"wp:term":[{"taxonomy":"category","embeddable":true,"href":"https:\/\/forms.ibb.gov.tr\/sehirtiyatrolari\/wp-json\/wp\/v2\/categories?post=1105"},{"taxonomy":"post_tag","embeddable":true,"href":"https:\/\/forms.ibb.gov.tr\/sehirtiyatrolari\/wp-json\/wp\/v2\/tags?post=1105"}],"curies":[{"name":"wp","href":"https:\/\/api.w.org\/{rel}","templated":true}]}}