{"id":1487,"date":"2022-11-07T00:07:44","date_gmt":"2022-11-06T21:07:44","guid":{"rendered":"https:\/\/forms.ibb.gov.tr\/sehirtiyatrolari\/?page_id=1487"},"modified":"2022-11-07T11:24:52","modified_gmt":"2022-11-07T08:24:52","slug":"gop-cumartesi","status":"publish","type":"page","link":"https:\/\/forms.ibb.gov.tr\/sehirtiyatrolari\/2022-cocuk-atolye-basvuru\/gop-cumartesi\/","title":{"rendered":"19 Kas\u0131m 2022 Cumartesi &#8211; GAZ\u0130OSMAPA\u015eA &#8220;FER\u0130H EGEMEN \u00c7O\u00c7UK T\u0130YATROSU SAHNES\u0130&#8221;"},"content":{"rendered":"<div id='av-layout-grid-1'  class='av-layout-grid-container av-2n7et-a0a1c4ab1a44293381535485fbb377e2 entry-content-wrapper main_color av-flex-cells  avia-builder-el-0  avia-builder-el-no-sibling   container_wrap fullsize'  >\n\n<style type=\"text\/css\" data-created_by=\"avia_inline_auto\" id=\"style-css-av-29ue5-a1c91e0924211972e860ce1be608b366\">\n.flex_cell.av-29ue5-a1c91e0924211972e860ce1be608b366{\nvertical-align:top;\nbackground-color:#ededed;\nbackground:linear-gradient( to bottom right, #ededed, #f4f4f4 );\n}\n.responsive #top #wrap_all .flex_cell.av-29ue5-a1c91e0924211972e860ce1be608b366{\npadding:20px 20px 20px 20px !important;\n}\n<\/style>\n<div class='flex_cell av-29ue5-a1c91e0924211972e860ce1be608b366 av-gridrow-cell av_one_third no_margin  avia-builder-el-1  el_before_av_cell_two_third  avia-builder-el-first  content-align-top'  ><div class='flex_cell_inner'><p>\n<style type=\"text\/css\" data-created_by=\"avia_inline_auto\" id=\"style-css-av-kvhq8aun-c51a3852726e1bf75d3e38a63c9e1178\">\n.avia-image-container.av-kvhq8aun-c51a3852726e1bf75d3e38a63c9e1178 img.avia_image{\nbox-shadow:none;\n}\n.avia-image-container.av-kvhq8aun-c51a3852726e1bf75d3e38a63c9e1178 .av-image-caption-overlay-center{\ncolor:#ffffff;\n}\n<\/style>\n<div  class='avia-image-container av-kvhq8aun-c51a3852726e1bf75d3e38a63c9e1178 av-styling- av-img-linked avia_animated_image av-animated-when-visible-95 left-to-right avia-align-center  avia-builder-el-2  el_before_av_hr  avia-builder-el-first '   itemprop=\"image\" itemscope=\"itemscope\" itemtype=\"https:\/\/schema.org\/ImageObject\" ><div class=\"avia-image-container-inner\"><div class=\"avia-image-overlay-wrap\"><a href=\"javascript:window.history.back();\" class='avia_image '  aria-label='sehirtyatrolari-logo'><img decoding=\"async\" fetchpriority=\"high\" class='wp-image-21 avia-img-lazy-loading-not-21 avia_image ' src=\"https:\/\/forms.ibb.gov.tr\/sehirtiyatrolari\/wp-content\/uploads\/sites\/28\/2021\/10\/sehirtyatrolari-logo-1030x278.png\" alt='' title='sehirtyatrolari-logo'  height=\"278\" width=\"1030\"  itemprop=\"thumbnailUrl\" srcset=\"https:\/\/forms.ibb.gov.tr\/sehirtiyatrolari\/wp-content\/uploads\/sites\/28\/2021\/10\/sehirtyatrolari-logo-1030x278.png 1030w, https:\/\/forms.ibb.gov.tr\/sehirtiyatrolari\/wp-content\/uploads\/sites\/28\/2021\/10\/sehirtyatrolari-logo-300x81.png 300w, https:\/\/forms.ibb.gov.tr\/sehirtiyatrolari\/wp-content\/uploads\/sites\/28\/2021\/10\/sehirtyatrolari-logo-768x207.png 768w, https:\/\/forms.ibb.gov.tr\/sehirtiyatrolari\/wp-content\/uploads\/sites\/28\/2021\/10\/sehirtyatrolari-logo-1536x414.png 1536w, https:\/\/forms.ibb.gov.tr\/sehirtiyatrolari\/wp-content\/uploads\/sites\/28\/2021\/10\/sehirtyatrolari-logo-1500x404.png 1500w, https:\/\/forms.ibb.gov.tr\/sehirtiyatrolari\/wp-content\/uploads\/sites\/28\/2021\/10\/sehirtyatrolari-logo-705x190.png 705w, https:\/\/forms.ibb.gov.tr\/sehirtiyatrolari\/wp-content\/uploads\/sites\/28\/2021\/10\/sehirtyatrolari-logo.png 1892w\" sizes=\"(max-width: 1030px) 100vw, 1030px\" \/><\/a><\/div><\/div><\/div><br \/>\n\n<style type=\"text\/css\" data-created_by=\"avia_inline_auto\" id=\"style-css-av-kvhqcly7-b2075e051cb0adc9e1a1f0cba31d7056\">\n#top .hr.hr-invisible.av-kvhqcly7-b2075e051cb0adc9e1a1f0cba31d7056{\nheight:30px;\n}\n<\/style>\n<div  class='hr av-kvhqcly7-b2075e051cb0adc9e1a1f0cba31d7056 hr-invisible  avia-builder-el-3  el_after_av_image  el_before_av_textblock '><span class='hr-inner '><span class=\"hr-inner-style\"><\/span><\/span><\/div><br \/>\n<section  class='av_textblock_section av-kvhqgf9k-10cdc30037caa8703fbe6068478eba7a '   itemscope=\"itemscope\" itemtype=\"https:\/\/schema.org\/CreativeWork\" ><div class='avia_textblock av_inherit_color'  itemprop=\"text\" ><h3><span style=\"color: #333399;\"><strong>\u015eEH\u0130R T\u0130YATROLARI 2022 KASIM \u00c7OCUK HAKLARI FEST\u0130VAL\u0130 <\/strong><strong>KATILIMCI KAYIT FORMU<\/strong><\/span><\/h3>\n<ul>\n<li>Etkinlikler ayn\u0131 zaman dilimine denk gelmedi\u011fi m\u00fcddet\u00e7e istenilen etkinliklere ba\u015fvurulabilir<\/li>\n<li>Kesin kay\u0131tlar ba\u015fvuru s\u0131ras\u0131na g\u00f6re ger\u00e7ekle\u015ftirilecektir.<\/li>\n<li>Her etkinlik i\u00e7in belli bir kapasite oldu\u011funu dikkate alarak l\u00fctfen ilgili sayfadaki bilgileri kontrol ediniz.<\/li>\n<li>Buna g\u00f6re asil s\u0131rada olanlar\u0131n gelmemesi halinde, yedek kontenjandaki kat\u0131l\u0131mc\u0131larla irtibata ge\u00e7ilecektir. Yedek kontenjandaki kat\u0131l\u0131mc\u0131 adaylar\u0131m\u0131z\u0131n ma\u011fduriyet ya\u015famamas\u0131 i\u00e7in,\u00a0 gelmeyecek olman\u0131z durumunda, <strong>18 Kas\u0131m 2022<\/strong> tarihine kadar bildirmeniz rica olunur.<\/li>\n<li>\u0130rtibat no : 0212 455 39 00 Dahili: 3916, 3920<\/li>\n<\/ul>\n<p><span style=\"color: #ff0000;\"><strong><span style=\"vertical-align: inherit;\">Not: Bilgilerinizin do\u011frulu\u011fundan emin olun. Ba\u015fvuru s\u0131ras\u0131nda istenen belgelerde beyan etti\u011finiz bilgiler esas al\u0131nacakt\u0131r.<\/span><\/strong><\/span><\/p>\n<\/div><\/section><br \/>\n\n<style type=\"text\/css\" data-created_by=\"avia_inline_auto\" id=\"style-css-av-kvhqir01-e5bbea0ac805dd244aad07e84ae0fb58\">\n#top .hr.av-kvhqir01-e5bbea0ac805dd244aad07e84ae0fb58{\nmargin-top:50px;\nmargin-bottom:50px;\n}\n.hr.av-kvhqir01-e5bbea0ac805dd244aad07e84ae0fb58 .hr-inner{\nwidth:120px;\nborder-color:#1d428a;\nmax-width:45%;\n}\n.hr.av-kvhqir01-e5bbea0ac805dd244aad07e84ae0fb58 .av-seperator-icon{\ncolor:#1d428a;\n}\n.hr.av-kvhqir01-e5bbea0ac805dd244aad07e84ae0fb58 .av-seperator-icon.avia-svg-icon svg:first-child{\nfill:#1d428a;\nstroke:#1d428a;\n}\n<\/style>\n<div  class='hr av-kvhqir01-e5bbea0ac805dd244aad07e84ae0fb58 hr-custom  avia-builder-el-5  el_after_av_textblock  el_before_av_textblock  hr-center hr-icon-yes'><span class='hr-inner inner-border-av-border-fat'><span class=\"hr-inner-style\"><\/span><\/span><span class='av-seperator-icon avia-iconfont avia-font-entypo-fontello' data-av_icon='\ue808' data-av_iconfont='entypo-fontello' ><\/span><span class='hr-inner inner-border-av-border-fat'><span class=\"hr-inner-style\"><\/span><\/span><\/div><br \/>\n<section  class='av_textblock_section av-kvhqj9bk-e4a0ba3a62a37f7705e5c308408bb069 '   itemscope=\"itemscope\" itemtype=\"https:\/\/schema.org\/CreativeWork\" ><div class='avia_textblock'  itemprop=\"text\" ><h3><span style=\"vertical-align: inherit; color: #333399;\">KVKK Bilgilendirmesi<\/span><\/h3>\n<p>\u00c7ocuklar\u0131n seslerinin duyurulmas\u0131na \u00f6nayak olmak, gelecek \u00e7al\u0131\u015fmalar\u0131m\u0131z i\u00e7in \u00e7ocuklar\u0131n bak\u0131\u015f a\u00e7\u0131lar\u0131n\u0131, arzu, talep ve beklentilerini hayata ge\u00e7irmek \u00fczere yeni ad\u0131mlar atmak amac\u0131yla, \u00e7al\u0131\u015fmalar\u0131m\u0131zda \u00e7ocuklar\u0131n ki\u015fisel verilerini gizli tutmak kayd\u0131yla s\u00f6zl\u00fc beyanlar\u0131, yaz\u0131 veya \u00e7izimle anlatt\u0131klar\u0131 \u00e7al\u0131\u015fmalar\u0131n kay\u0131t alt\u0131na al\u0131nmas\u0131, \u00e7ocuk haklar\u0131 odakl\u0131 akademik ve sanatsal faaliyetler i\u00e7in bir arkaplan olu\u015fturmak \u00fczere kullan\u0131m\u0131 hedeflenmektedir.<\/p>\n<p>Bu etkinlikler s\u0131ras\u0131nda al\u0131nacak ses, g\u00f6r\u00fcnt\u00fc ve bilgilerin \u00e7ocu\u011fun \u00fcst\u00fcn yarar\u0131n\u0131 destekleyecek \u00e7al\u0131\u015fmalarda ve festivalin devaml\u0131l\u0131\u011f\u0131n\u0131n sa\u011flanmas\u0131nda kullan\u0131lmas\u0131n\u0131 \u00f6nemsiyoruz. Bununla ilgili onay\u0131n\u0131z olup olmad\u0131\u011f\u0131n\u0131 \u00f6\u011frenmemiz i\u00e7in, l\u00fctfen bilgilendirme metinlerini okuyup anlayarak ilgili kutucuklar\u0131 i\u015faretleyiniz.<\/p>\n<h3><span style=\"vertical-align: inherit; color: #333399;\">KVKK Belgeleri\u00a0<\/span><\/h3>\n<ul>\n<li><a href=\"https:\/\/forms.ibb.gov.tr\/sehirtiyatrolari\/aydinlatma-metni\/\" target=\"_blank\" rel=\"noopener\"><strong>\u00c7ocuk Ayd\u0131nlatma Metni <\/strong>i\u00e7in t\u0131klay\u0131n\u0131z.<\/a><\/li>\n<li><a href=\"https:\/\/forms.ibb.gov.tr\/sehirtiyatrolari\/kanuni-temsilci-veli-vasi-aydinlatma-metni\/\" target=\"_blank\" rel=\"noopener\"><strong>Kanuni Temsilci Vasi Ayd\u0131nlatma Metni <\/strong>i\u00e7in t\u0131klay\u0131n\u0131z.<\/a><\/li>\n<li><a href=\"https:\/\/forms.ibb.gov.tr\/sehirtiyatrolari\/wp-content\/uploads\/sites\/28\/2021\/11\/Ilgili-Kisi-Basvuru-Formu.docx\"><strong>\u0130lgili Ki\u015fi Ba\u015fvuru Formu<\/strong> i\u00e7in t\u0131klay\u0131n\u0131z.<\/a><\/li>\n<\/ul>\n<\/div><\/section><\/p>\n<\/div><\/div>\n<style type=\"text\/css\" data-created_by=\"avia_inline_auto\" id=\"style-css-av-vdc9-b06d69ffd7c789229e1163e2a72335ea\">\n.flex_cell.av-vdc9-b06d69ffd7c789229e1163e2a72335ea{\nvertical-align:top;\n}\n.responsive #top #wrap_all .flex_cell.av-vdc9-b06d69ffd7c789229e1163e2a72335ea{\npadding:30px 30px 30px 30px !important;\n}\n<\/style>\n<div class='flex_cell av-vdc9-b06d69ffd7c789229e1163e2a72335ea av-gridrow-cell av_two_third no_margin  avia-builder-el-7  el_after_av_cell_one_third  avia-builder-el-last  content-align-top'  ><div class='flex_cell_inner'><p>\n<style type=\"text\/css\" data-created_by=\"avia_inline_auto\" id=\"style-css-av-la5us9se-418e12beef901238290dc43ac5d90773\">\n.flex_column.av-la5us9se-418e12beef901238290dc43ac5d90773{\npadding:0 0 1px 0;\nbackground-color:#f7f7f7;\n}\n<\/style>\n<div  class='flex_column av-la5us9se-418e12beef901238290dc43ac5d90773 av_one_full  avia-builder-el-8  el_before_av_one_full  avia-builder-el-first  first flex_column_div  '     ><section  class='av_textblock_section av-la5upyv9-f9b54fa401c3b7eb2b9548f02952e5ff '   itemscope=\"itemscope\" itemtype=\"https:\/\/schema.org\/CreativeWork\" ><div class='avia_textblock'  itemprop=\"text\" ><h3 style=\"text-align: center;\"><\/h3>\n<h3 style=\"text-align: center;\">GAZ\u0130OSMAPA\u015eA &#8220;FER\u0130H EGEMEN \u00c7O\u00c7UK T\u0130YATROSU SAHNES\u0130&#8221; &#8211; 19 Kas\u0131m 2022 Cumartesi<\/h3>\n<h3 style=\"text-align: center;\"><\/h3>\n<\/div><\/section><br \/>\n<section  class='av_textblock_section av-kvjl5abr-8e33ac960b03aee91813ecf2ab70beb5 '   itemscope=\"itemscope\" itemtype=\"https:\/\/schema.org\/CreativeWork\" ><div class='avia_textblock'  itemprop=\"text\" ><p style=\"text-align: center;\"><strong>L\u00fctfen kat\u0131lmak istedi\u011finiz at\u00f6lyeyi se\u00e7iniz ve ba\u015fvuru formunu doldurunuz.<\/strong><\/p>\n<p style=\"text-align: center;\"><a href=\"https:\/\/forms.ibb.gov.tr\/sehirtiyatrolari\/2022-cocuk-haklari-festivali-basvurusu\/\">Ba\u015fvuru Anasayfa<\/a><\/p>\n<\/div><\/section><\/p><\/div><div  class='flex_column av-35xr6n-aa4e3890af592692a33c5b8f27f2adfc av_one_full  avia-builder-el-11  el_after_av_one_full  avia-builder-el-last  first flex_column_div  column-top-margin'     ><style type=\"text\/css\" data-created_by=\"avia_inline_auto\" id=\"style-css-av-la5votuu-d9d667decfda1fcfe0e92bd75b1d86bf\">\n#top .av-masonry.av-la5votuu-d9d667decfda1fcfe0e92bd75b1d86bf{\nbackground-color:#ffef8c;\n}\n<\/style>\n<div id='av-masonry-1' class='av-masonry av-la5votuu-d9d667decfda1fcfe0e92bd75b1d86bf noHover av-fixed-size av-large-gap av-hover-overlay-active av-masonry-animation-active av-masonry-col-3 av-caption-always av-caption-style- av-masonry-entries ' data-post_id=\"1487\"><div class=\"av-masonry-container isotope av-js-disabled\"><div class='av-masonry-entry isotope-item av-masonry-item-no-image all_sort gaziosmapasa-ferih-egemen-sahnesi_sort  gaziosmapasa-ferih-egemen-sahnesi-19-kasim-2022-cumartesi_sort '><\/div><a href=\"https:\/\/forms.ibb.gov.tr\/sehirtiyatrolari\/ben-de-varim-cocuk-yogasi-gulsah-bicer-4-6-yas-2\/\"  id='av-masonry-1-item-1191' data-av-masonry-item='1191' class='av-masonry-entry isotope-item post-1191 post type-post status-publish format-standard hentry category-gaziosmapasa-ferih-egemen-sahnesi category-gaziosmapasa-ferih-egemen-sahnesi-19-kasim-2022-cumartesi all_sort gaziosmapasa-ferih-egemen-sahnesi_sort  gaziosmapasa-ferih-egemen-sahnesi-19-kasim-2022-cumartesi_sort  av-masonry-item-no-image' title=\"&#8220;Ben de Var\u0131m&#8221; \u00c7ocuk Yogas\u0131 &#8211; G\u00fcl\u015fah Bi\u00e7er  (4-6 ya\u015f) \/ 19 Kas\u0131m Cumartesi \/  11:00 &#8211; 11:30  \/   Kontenjan: 15 &#8211; GAZ\u0130OSMAPA\u015eA \u201cFER\u0130H EGEMEN \u00c7OCUK T\u0130YATROSU SAHNES\u0130\u201d\"   itemscope=\"itemscope\" itemtype=\"https:\/\/schema.org\/CreativeWork\" ><div class='av-inner-masonry-sizer'><\/div><figure class='av-inner-masonry main_color'><figcaption class='av-inner-masonry-content site-background'><div class='av-inner-masonry-content-pos'><div class='av-inner-masonry-content-pos-content'><div class='avia-arrow'><\/div><h3 class='av-masonry-entry-title entry-title '  itemprop=\"headline\" >&#8220;Ben de Var\u0131m&#8221; \u00c7ocuk Yogas\u0131 &#8211; G\u00fcl\u015fah Bi\u00e7er  (4-6 ya\u015f) \/ 19 Kas\u0131m Cumartesi \/  11:00 &#8211; 11:30  \/   Kontenjan: 15 &#8211; GAZ\u0130OSMAPA\u015eA \u201cFER\u0130H EGEMEN \u00c7OCUK T\u0130YATROSU SAHNES\u0130\u201d<\/h3><span class='av-masonry-date meta-color updated'>27 Ekim 2022<\/span><span class=\"av-masonry-text-sep text-sep-author\">\/<\/span><span class='av-masonry-author meta-color author'><span class='fn'>taraf\u0131ndan cmsadmin<\/span><\/span><\/div><\/div><\/figcaption><\/figure><\/a><!--end av-masonry entry--><a href=\"https:\/\/forms.ibb.gov.tr\/sehirtiyatrolari\/yaratici-muzik-atolyesi-murat-akar-5-6-7-yas\/\"  id='av-masonry-1-item-1193' data-av-masonry-item='1193' class='av-masonry-entry isotope-item post-1193 post type-post status-publish format-standard hentry category-gaziosmapasa-ferih-egemen-sahnesi category-gaziosmapasa-ferih-egemen-sahnesi-19-kasim-2022-cumartesi all_sort gaziosmapasa-ferih-egemen-sahnesi_sort  gaziosmapasa-ferih-egemen-sahnesi-19-kasim-2022-cumartesi_sort  av-masonry-item-no-image' title=\"Yarat\u0131c\u0131 M\u00fczik At\u00f6lyesi &#8211; Murat Akar  (5-6-7 ya\u015f)  \/ 19 Kas\u0131m Cumartesi \/  12:00 &#8211; 12:45 \/ Kontanjan: 60 &#8211; GAZ\u0130OSMAPA\u015eA \u201cFER\u0130H EGEMEN \u00c7OCUK T\u0130YATROSU SAHNES\u0130\u201d\"   itemscope=\"itemscope\" itemtype=\"https:\/\/schema.org\/CreativeWork\" ><div class='av-inner-masonry-sizer'><\/div><figure class='av-inner-masonry main_color'><figcaption class='av-inner-masonry-content site-background'><div class='av-inner-masonry-content-pos'><div class='av-inner-masonry-content-pos-content'><div class='avia-arrow'><\/div><h3 class='av-masonry-entry-title entry-title '  itemprop=\"headline\" >Yarat\u0131c\u0131 M\u00fczik At\u00f6lyesi &#8211; Murat Akar  (5-6-7 ya\u015f)  \/ 19 Kas\u0131m Cumartesi \/  12:00 &#8211; 12:45 \/ Kontanjan: 60 &#8211; GAZ\u0130OSMAPA\u015eA \u201cFER\u0130H EGEMEN \u00c7OCUK T\u0130YATROSU SAHNES\u0130\u201d<\/h3><span class='av-masonry-date meta-color updated'>27 Ekim 2022<\/span><span class=\"av-masonry-text-sep text-sep-author\">\/<\/span><span class='av-masonry-author meta-color author'><span class='fn'>taraf\u0131ndan cmsadmin<\/span><\/span><\/div><\/div><\/figcaption><\/figure><\/a><!--end av-masonry entry--><a href=\"https:\/\/forms.ibb.gov.tr\/sehirtiyatrolari\/cocuk-katilimi-katilim-hakki-nedir-negahan-erbasi-7-11-yas\/\"  id='av-masonry-1-item-1195' data-av-masonry-item='1195' class='av-masonry-entry isotope-item post-1195 post type-post status-publish format-standard hentry category-gaziosmapasa-ferih-egemen-sahnesi category-gaziosmapasa-ferih-egemen-sahnesi-19-kasim-2022-cumartesi all_sort gaziosmapasa-ferih-egemen-sahnesi_sort  gaziosmapasa-ferih-egemen-sahnesi-19-kasim-2022-cumartesi_sort  av-masonry-item-no-image' title=\"\u00c7ocuk Kat\u0131l\u0131m\u0131-Kat\u0131l\u0131m Hakk\u0131 Nedir? &#8211; Nagehan Erba\u015f\u0131 \u00d6\u011fd\u00fcm (7-11 ya\u015f) \/ 19 Kas\u0131m Cumartesi \/ 13:30-15:00 \/ Kontenjan: 15 &#8211; GAZ\u0130OSMAPA\u015eA \u201cFER\u0130H EGEMEN \u00c7OCUK T\u0130YATROSU SAHNES\u0130\u201d\"   itemscope=\"itemscope\" itemtype=\"https:\/\/schema.org\/CreativeWork\" ><div class='av-inner-masonry-sizer'><\/div><figure class='av-inner-masonry main_color'><figcaption class='av-inner-masonry-content site-background'><div class='av-inner-masonry-content-pos'><div class='av-inner-masonry-content-pos-content'><div class='avia-arrow'><\/div><h3 class='av-masonry-entry-title entry-title '  itemprop=\"headline\" >\u00c7ocuk Kat\u0131l\u0131m\u0131-Kat\u0131l\u0131m Hakk\u0131 Nedir? &#8211; Nagehan Erba\u015f\u0131 \u00d6\u011fd\u00fcm (7-11 ya\u015f) \/ 19 Kas\u0131m Cumartesi \/ 13:30-15:00 \/ Kontenjan: 15 &#8211; GAZ\u0130OSMAPA\u015eA \u201cFER\u0130H EGEMEN \u00c7OCUK T\u0130YATROSU SAHNES\u0130\u201d<\/h3><span class='av-masonry-date meta-color updated'>27 Ekim 2022<\/span><span class=\"av-masonry-text-sep text-sep-author\">\/<\/span><span class='av-masonry-author meta-color author'><span class='fn'>taraf\u0131ndan cmsadmin<\/span><\/span><\/div><\/div><\/figcaption><\/figure><\/a><!--end av-masonry entry--><\/div><\/div><\/div><\/p>\n<\/div><\/div><\/div>\n","protected":false},"excerpt":{"rendered":"","protected":false},"author":1,"featured_media":{"id":26,"url":"https:\/\/forms.ibb.gov.tr\/sehirtiyatrolari\/wp-content\/uploads\/sites\/28\/2021\/11\/ibb-st-logo.jpg","sizes":{"thumbnail":"https:\/\/forms.ibb.gov.tr\/sehirtiyatrolari\/wp-content\/uploads\/sites\/28\/2021\/11\/ibb-st-logo-80x80.jpg","medium":"https:\/\/forms.ibb.gov.tr\/sehirtiyatrolari\/wp-content\/uploads\/sites\/28\/2021\/11\/ibb-st-logo-300x88.jpg","medium_large":"https:\/\/forms.ibb.gov.tr\/sehirtiyatrolari\/wp-content\/uploads\/sites\/28\/2021\/11\/ibb-st-logo.jpg","large":"https:\/\/forms.ibb.gov.tr\/sehirtiyatrolari\/wp-content\/uploads\/sites\/28\/2021\/11\/ibb-st-logo.jpg","1536x1536":"https:\/\/forms.ibb.gov.tr\/sehirtiyatrolari\/wp-content\/uploads\/sites\/28\/2021\/11\/ibb-st-logo.jpg","2048x2048":"https:\/\/forms.ibb.gov.tr\/sehirtiyatrolari\/wp-content\/uploads\/sites\/28\/2021\/11\/ibb-st-logo.jpg","widget":"https:\/\/forms.ibb.gov.tr\/sehirtiyatrolari\/wp-content\/uploads\/sites\/28\/2021\/11\/ibb-st-logo-36x36.jpg","square":"https:\/\/forms.ibb.gov.tr\/sehirtiyatrolari\/wp-content\/uploads\/sites\/28\/2021\/11\/ibb-st-logo-180x92.jpg","featured":"https:\/\/forms.ibb.gov.tr\/sehirtiyatrolari\/wp-content\/uploads\/sites\/28\/2021\/11\/ibb-st-logo.jpg","featured_large":"https:\/\/forms.ibb.gov.tr\/sehirtiyatrolari\/wp-content\/uploads\/sites\/28\/2021\/11\/ibb-st-logo.jpg","extra_large":"https:\/\/forms.ibb.gov.tr\/sehirtiyatrolari\/wp-content\/uploads\/sites\/28\/2021\/11\/ibb-st-logo.jpg","portfolio":"https:\/\/forms.ibb.gov.tr\/sehirtiyatrolari\/wp-content\/uploads\/sites\/28\/2021\/11\/ibb-st-logo.jpg","portfolio_small":"https:\/\/forms.ibb.gov.tr\/sehirtiyatrolari\/wp-content\/uploads\/sites\/28\/2021\/11\/ibb-st-logo-260x92.jpg","gallery":"https:\/\/forms.ibb.gov.tr\/sehirtiyatrolari\/wp-content\/uploads\/sites\/28\/2021\/11\/ibb-st-logo.jpg","magazine":"https:\/\/forms.ibb.gov.tr\/sehirtiyatrolari\/wp-content\/uploads\/sites\/28\/2021\/11\/ibb-st-logo.jpg","masonry":"https:\/\/forms.ibb.gov.tr\/sehirtiyatrolari\/wp-content\/uploads\/sites\/28\/2021\/11\/ibb-st-logo.jpg","entry_with_sidebar":"https:\/\/forms.ibb.gov.tr\/sehirtiyatrolari\/wp-content\/uploads\/sites\/28\/2021\/11\/ibb-st-logo.jpg","entry_without_sidebar":"https:\/\/forms.ibb.gov.tr\/sehirtiyatrolari\/wp-content\/uploads\/sites\/28\/2021\/11\/ibb-st-logo.jpg"}},"parent":1263,"menu_order":0,"comment_status":"closed","ping_status":"closed","template":"","meta":{"footnotes":""},"categories":[],"tags":[],"class_list":["post-1487","page","type-page","status-publish","format-standard","has-post-thumbnail","hentry"],"_links":{"self":[{"href":"https:\/\/forms.ibb.gov.tr\/sehirtiyatrolari\/wp-json\/wp\/v2\/pages\/1487","targetHints":{"allow":["GET"]}}],"collection":[{"href":"https:\/\/forms.ibb.gov.tr\/sehirtiyatrolari\/wp-json\/wp\/v2\/pages"}],"about":[{"href":"https:\/\/forms.ibb.gov.tr\/sehirtiyatrolari\/wp-json\/wp\/v2\/types\/page"}],"author":[{"embeddable":true,"href":"https:\/\/forms.ibb.gov.tr\/sehirtiyatrolari\/wp-json\/wp\/v2\/users\/1"}],"replies":[{"embeddable":true,"href":"https:\/\/forms.ibb.gov.tr\/sehirtiyatrolari\/wp-json\/wp\/v2\/comments?post=1487"}],"version-history":[{"count":26,"href":"https:\/\/forms.ibb.gov.tr\/sehirtiyatrolari\/wp-json\/wp\/v2\/pages\/1487\/revisions"}],"predecessor-version":[{"id":1489,"href":"https:\/\/forms.ibb.gov.tr\/sehirtiyatrolari\/wp-json\/wp\/v2\/pages\/1487\/revisions\/1489"}],"up":[{"embeddable":true,"href":"https:\/\/forms.ibb.gov.tr\/sehirtiyatrolari\/wp-json\/wp\/v2\/pages\/1263"}],"wp:featuredmedia":[{"embeddable":true,"href":"https:\/\/forms.ibb.gov.tr\/sehirtiyatrolari\/wp-json\/wp\/v2\/media\/26"}],"wp:attachment":[{"href":"https:\/\/forms.ibb.gov.tr\/sehirtiyatrolari\/wp-json\/wp\/v2\/media?parent=1487"}],"wp:term":[{"taxonomy":"category","embeddable":true,"href":"https:\/\/forms.ibb.gov.tr\/sehirtiyatrolari\/wp-json\/wp\/v2\/categories?post=1487"},{"taxonomy":"post_tag","embeddable":true,"href":"https:\/\/forms.ibb.gov.tr\/sehirtiyatrolari\/wp-json\/wp\/v2\/tags?post=1487"}],"curies":[{"name":"wp","href":"https:\/\/api.w.org\/{rel}","templated":true}]}}