{"id":2377,"date":"2025-04-14T09:08:16","date_gmt":"2025-04-14T06:08:16","guid":{"rendered":"https:\/\/forms.ibb.gov.tr\/sehirtiyatrolari\/part-sablonlar\/hamiterenturk\/"},"modified":"2025-04-14T16:01:41","modified_gmt":"2025-04-14T13:01:41","slug":"hamiterenturk","status":"publish","type":"page","link":"https:\/\/forms.ibb.gov.tr\/sehirtiyatrolari\/part-sablonlar\/hamiterenturk\/","title":{"rendered":"Beden Perk\u00fcsyon &amp; Hareket Dramaturjisi: Hamit Erent\u00fcrk"},"content":{"rendered":"<div id='av-layout-grid-1'  class='av-layout-grid-container av-1ru2sg-b4680c137ae4cef6923691c7b736e0b8 entry-content-wrapper main_color av-flex-cells  avia-builder-el-0  avia-builder-el-no-sibling   container_wrap fullsize'  >\n\n<style type=\"text\/css\" data-created_by=\"avia_inline_auto\" id=\"style-css-av-1le2xs-f8c132ee1d508dde1c1bda23a4fa2592\">\n.flex_cell.av-1le2xs-f8c132ee1d508dde1c1bda23a4fa2592{\nvertical-align:top;\nbackground-color:#fff3dd;\nbackground:linear-gradient( to top right, #fff3dd, #fff9ef );\n}\n.responsive #top #wrap_all .flex_cell.av-1le2xs-f8c132ee1d508dde1c1bda23a4fa2592{\npadding:15px 15px 15px 15px !important;\n}\n<\/style>\n<div class='flex_cell av-1le2xs-f8c132ee1d508dde1c1bda23a4fa2592 av-gridrow-cell av_one_third no_margin  avia-builder-el-1  el_before_av_cell_two_third  avia-builder-el-first  content-align-top'  ><div class='flex_cell_inner'><p>\n<style type=\"text\/css\" data-created_by=\"avia_inline_auto\" id=\"style-css-av-11pelc-739e6f116c81422ab996a3fa70ae60b1\">\n.avia-image-container.av-11pelc-739e6f116c81422ab996a3fa70ae60b1 img.avia_image{\nbox-shadow:none;\n}\n.avia-image-container.av-11pelc-739e6f116c81422ab996a3fa70ae60b1 .av-image-caption-overlay-center{\ncolor:#ffffff;\n}\n<\/style>\n<div  class='avia-image-container av-11pelc-739e6f116c81422ab996a3fa70ae60b1 av-styling- avia_animated_image av-animated-when-visible-95 top-to-bottom avia-align-center  avia-builder-el-2  el_before_av_hr  avia-builder-el-first '   itemprop=\"image\" itemscope=\"itemscope\" itemtype=\"https:\/\/schema.org\/ImageObject\" ><div class=\"avia-image-container-inner\"><div class=\"avia-image-overlay-wrap\"><img decoding=\"async\" fetchpriority=\"high\" class='wp-image-21 avia-img-lazy-loading-not-21 avia_image ' src=\"https:\/\/forms.ibb.gov.tr\/sehirtiyatrolari\/wp-content\/uploads\/sites\/28\/2021\/10\/sehirtyatrolari-logo-1030x278.png\" alt='' title='sehirtyatrolari-logo'  height=\"278\" width=\"1030\"  itemprop=\"thumbnailUrl\" srcset=\"https:\/\/forms.ibb.gov.tr\/sehirtiyatrolari\/wp-content\/uploads\/sites\/28\/2021\/10\/sehirtyatrolari-logo-1030x278.png 1030w, https:\/\/forms.ibb.gov.tr\/sehirtiyatrolari\/wp-content\/uploads\/sites\/28\/2021\/10\/sehirtyatrolari-logo-300x81.png 300w, https:\/\/forms.ibb.gov.tr\/sehirtiyatrolari\/wp-content\/uploads\/sites\/28\/2021\/10\/sehirtyatrolari-logo-768x207.png 768w, https:\/\/forms.ibb.gov.tr\/sehirtiyatrolari\/wp-content\/uploads\/sites\/28\/2021\/10\/sehirtyatrolari-logo-1536x414.png 1536w, https:\/\/forms.ibb.gov.tr\/sehirtiyatrolari\/wp-content\/uploads\/sites\/28\/2021\/10\/sehirtyatrolari-logo-1500x404.png 1500w, https:\/\/forms.ibb.gov.tr\/sehirtiyatrolari\/wp-content\/uploads\/sites\/28\/2021\/10\/sehirtyatrolari-logo-705x190.png 705w, https:\/\/forms.ibb.gov.tr\/sehirtiyatrolari\/wp-content\/uploads\/sites\/28\/2021\/10\/sehirtyatrolari-logo.png 1892w\" sizes=\"(max-width: 1030px) 100vw, 1030px\" \/><\/div><\/div><\/div><br \/>\n\n<style type=\"text\/css\" data-created_by=\"avia_inline_auto\" id=\"style-css-av-vwccw-60c613680d24221fd392db4085d3eefa\">\n#top .hr.hr-invisible.av-vwccw-60c613680d24221fd392db4085d3eefa{\nheight:30px;\n}\n<\/style>\n<div  class='hr av-vwccw-60c613680d24221fd392db4085d3eefa hr-invisible  avia-builder-el-3  el_after_av_image  el_before_av_textblock '><span class='hr-inner '><span class=\"hr-inner-style\"><\/span><\/span><\/div><br \/>\n<section  class='av_textblock_section av-rych4-81b3651144321526c4983768fe492173 '   itemscope=\"itemscope\" itemtype=\"https:\/\/schema.org\/CreativeWork\" ><div class='avia_textblock av_inherit_color'  itemprop=\"text\" ><h3><span style=\"color: #333399\"><strong>\u015eEH\u0130R T\u0130YATROLARI 2025 N\u0130SAN \u00c7OCUK \u015eENL\u0130\u011e\u0130 <\/strong><strong>KATILIMCI KAYIT FORMU<\/strong><\/span><\/h3>\n<ul>\n<li>Daha fazla kat\u0131l\u0131mc\u0131ya ula\u015fabilmek ad\u0131na her bir kat\u0131l\u0131mc\u0131 yaln\u0131zca bir etkinli\u011fe ba\u015fvurabilmektedir.<\/li>\n<li>Kesin kay\u0131tlar ba\u015fvuru s\u0131ras\u0131na g\u00f6re ger\u00e7ekle\u015ftirilecektir.<\/li>\n<li>Her etkinlik i\u00e7in belli bir kapasite oldu\u011funu dikkate alarak l\u00fctfen ilgili sayfadaki bilgileri kontrol ediniz.<\/li>\n<li>\u0130rtibat no : 0212 455 39 00 Dahili: 3916, 3920<\/li>\n<li style=\"text-align: left\">Ya\u015f Grubu: +9 (Veli kat\u0131l\u0131m\u0131 m\u00fcmk\u00fcnd\u00fcr)<\/li>\n<li>Kat\u0131l\u0131mc\u0131 say\u0131s\u0131: En az 12, En Fazla 30 \u00e7ocuk<\/li>\n<\/ul>\n<p><span style=\"color: #ff0000\"><strong><span style=\"vertical-align: inherit\">Not: Bilgilerinizin do\u011frulu\u011fundan emin olun. Ba\u015fvuru s\u0131ras\u0131nda istenen belgelerde beyan etti\u011finiz bilgiler esas al\u0131nacakt\u0131r.<\/span><\/strong><\/span><\/p>\n<\/div><\/section><br \/>\n\n<style type=\"text\/css\" data-created_by=\"avia_inline_auto\" id=\"style-css-av-jvslk-4f4924a5b974a86e6e86a958b200314a\">\n#top .hr.av-jvslk-4f4924a5b974a86e6e86a958b200314a{\nmargin-top:50px;\nmargin-bottom:50px;\n}\n.hr.av-jvslk-4f4924a5b974a86e6e86a958b200314a .hr-inner{\nwidth:120px;\nborder-color:#1d428a;\nmax-width:45%;\n}\n.hr.av-jvslk-4f4924a5b974a86e6e86a958b200314a .av-seperator-icon{\ncolor:#1d428a;\n}\n.hr.av-jvslk-4f4924a5b974a86e6e86a958b200314a .av-seperator-icon.avia-svg-icon svg:first-child{\nfill:#1d428a;\nstroke:#1d428a;\n}\n<\/style>\n<div  class='hr av-jvslk-4f4924a5b974a86e6e86a958b200314a hr-custom  avia-builder-el-5  el_after_av_textblock  el_before_av_textblock  hr-center hr-icon-yes'><span class='hr-inner inner-border-av-border-fat'><span class=\"hr-inner-style\"><\/span><\/span><span class='av-seperator-icon avia-iconfont avia-font-entypo-fontello' data-av_icon='\ue808' data-av_iconfont='entypo-fontello' ><\/span><span class='hr-inner inner-border-av-border-fat'><span class=\"hr-inner-style\"><\/span><\/span><\/div><br \/>\n<section  class='av_textblock_section av-gucs8-39b3ad3593ebd59adb4cdf516e1af650 '   itemscope=\"itemscope\" itemtype=\"https:\/\/schema.org\/CreativeWork\" ><div class='avia_textblock'  itemprop=\"text\" ><h3><span style=\"vertical-align: inherit;color: #333399\">KVKK Bilgilendirmesi<\/span><\/h3>\n<p>Festival s\u00fcresinde \u00e7ocuklar\u0131n ses ve g\u00f6r\u00fcnt\u00fcleri \u015eehir Tiyatrolar\u0131n\u0131n foto\u011fraf ve video kay\u0131tlar\u0131 arac\u0131l\u0131\u011f\u0131yla elde edilecektir. Bu kay\u0131tlar\u0131n kullan\u0131m\u0131 ise, etkinli\u011fin yayg\u0131nla\u015ft\u0131r\u0131lmas\u0131 ve bu sayede farkl\u0131 sosyoekonomik d\u00fczeyden minik izleyicilerimize ula\u015farak gelece\u011fin seyircilerini olu\u015fturmak ama\u00e7lanmaktad\u0131r. K\u00f6kl\u00fc ge\u00e7mi\u015fiyle, tiyatro sanat\u0131 ve farkl\u0131 disiplinlerdeki sanat alanlar\u0131yla \u015fehri kucaklamak hedefimizdir.<\/p>\n<p>Bu etkinlikler s\u0131ras\u0131nda al\u0131nacak ses, g\u00f6r\u00fcnt\u00fc ve bilgilerin 23 Nisan Ulusal Egemenlik ve \u00c7ocuk Bayram\u0131n\u0131n co\u015fkusunu gelecek nesillere aktarmak ve festivalin devaml\u0131l\u0131\u011f\u0131n\u0131n sa\u011flanmas\u0131nda kullan\u0131lmas\u0131n\u0131 \u00f6nemsiyoruz. Bununla ilgili onay\u0131n\u0131z olup olmad\u0131\u011f\u0131n\u0131 \u00f6\u011frenmemiz i\u00e7in, l\u00fctfen bilgilendirme metinlerini okuyup anlayarak ilgili kutucuklar\u0131 i\u015faretleyiniz.<\/p>\n<h3><span style=\"vertical-align: inherit;color: #333399\">KVKK Belgeleri\u00a0<\/span><\/h3>\n<ul>\n<li style=\"list-style-type: none\">\n<ul>\n<li><a href=\"https:\/\/forms.ibb.gov.tr\/sehirtiyatrolari\/aydinlatma-metni-2\/\" target=\"_blank\" rel=\"noopener\"><strong>\u00c7ocuk Ayd\u0131nlatma Metni <\/strong>i\u00e7in t\u0131klay\u0131n\u0131z.<\/a><\/li>\n<li><a href=\"https:\/\/forms.ibb.gov.tr\/sehirtiyatrolari\/kanuni-temsilci-veli-vasi-aydinlatma-metni2\/\" target=\"_blank\" rel=\"noopener\"><strong>Kanuni Temsilci Vasi Ayd\u0131nlatma Metni <\/strong>i\u00e7in t\u0131klay\u0131n\u0131z.<\/a><\/li>\n<li><a href=\"https:\/\/stcdn.ibb.istanbul\/Uploads\/2025\/4\/katilimci-onam-formu.docx\"><strong>\u0130lgili Ki\u015fi Ba\u015fvuru Formu<\/strong> i\u00e7in t\u0131klay\u0131n\u0131z.<\/a><\/li>\n<\/ul>\n<\/li>\n<\/ul>\n<\/div><\/section><\/p>\n<\/div><\/div>\n<style type=\"text\/css\" data-created_by=\"avia_inline_auto\" id=\"style-css-av-83y40-a95e66c018e0aa6f1462d8faab5d5eb9\">\n.flex_cell.av-83y40-a95e66c018e0aa6f1462d8faab5d5eb9{\nvertical-align:top;\n}\n.responsive #top #wrap_all .flex_cell.av-83y40-a95e66c018e0aa6f1462d8faab5d5eb9{\npadding:30px 30px 30px 30px !important;\n}\n<\/style>\n<div class='flex_cell av-83y40-a95e66c018e0aa6f1462d8faab5d5eb9 av-gridrow-cell av_two_third no_margin  avia-builder-el-7  el_after_av_cell_one_third  avia-builder-el-last  content-align-top'  ><div class='flex_cell_inner'><p><div  class='flex_column av-9yms9-4973d4c02016c975a9002e90df984cdc av_one_full  avia-builder-el-8  el_before_av_textblock  avia-builder-el-first  first flex_column_div  '     ><section  class='av_textblock_section av-m9go925v-19feef0cac4c8a6eb017f0e1641ebc65 '   itemscope=\"itemscope\" itemtype=\"https:\/\/schema.org\/CreativeWork\" ><div class='avia_textblock'  itemprop=\"text\" ><p>Bu at\u00f6lye sonras\u0131nda kat\u0131l\u0131mc\u0131, \u00f6nceden belirlenmi\u015f m\u00fczik e\u015fli\u011finde bedeninden \u00e7\u0131kard\u0131\u011f\u0131 seslerle belirli bir disipline girer. \u00c7o\u011funlukla birlikte senkron duygusunu geli\u015ftirirken farkl\u0131 duygular\u0131 g\u00f6sterecek oyunculuk ifadeleri ile (jest &amp; mimik) dans ederken duygu de\u011fi\u015fimlerini deneyimleme \u015fans\u0131 bulur ve as\u0131l ama\u00e7 olan; etraf\u0131yla uyum i\u00e7ine girmi\u015f bedenindeki \u201ckendini\u201d fark eder. Ve t\u00fcm bunlar\u0131n hepsi e\u011flenerek deneyimlenir.<\/p>\n<\/div><\/section><\/div><section  class='av_textblock_section av-kvjn00z1-0096e90d27e157eabea1fde65caa5398 '   itemscope=\"itemscope\" itemtype=\"https:\/\/schema.org\/CreativeWork\" ><div class='avia_textblock'  itemprop=\"text\" ><h2>Beden Perk\u00fcsyon &amp; Hareket Dramaturjisi: Hamit Erent\u00fcrk<\/h2>\n<div class=\"frm_info\"><\/div>\n<\/div><\/section><br \/>\n<section  class='av_textblock_section av-9f1bs-8f67150bdc748c676644aea42f751d9b '   itemscope=\"itemscope\" itemtype=\"https:\/\/schema.org\/CreativeWork\" ><div class='avia_textblock'  itemprop=\"text\" ><div id=\"kontenjan\" class=\"kontenjan form-kapali\">\r\n<strong>Etkinlik ba\u015fvurular\u0131 sona ermi\u015ftir.<\/strong><br>\r\n\u0130lginiz i\u00e7in te\u015fekk\u00fcr ederiz.\r\n<\/div>\n<\/div><\/section><\/p>\n<\/div><\/div><\/div>\n","protected":false},"excerpt":{"rendered":"","protected":false},"author":22303,"featured_media":0,"parent":1045,"menu_order":0,"comment_status":"closed","ping_status":"closed","template":"","meta":{"footnotes":""},"categories":[],"tags":[],"class_list":["post-2377","page","type-page","status-publish","format-standard","hentry"],"_links":{"self":[{"href":"https:\/\/forms.ibb.gov.tr\/sehirtiyatrolari\/wp-json\/wp\/v2\/pages\/2377","targetHints":{"allow":["GET"]}}],"collection":[{"href":"https:\/\/forms.ibb.gov.tr\/sehirtiyatrolari\/wp-json\/wp\/v2\/pages"}],"about":[{"href":"https:\/\/forms.ibb.gov.tr\/sehirtiyatrolari\/wp-json\/wp\/v2\/types\/page"}],"author":[{"embeddable":true,"href":"https:\/\/forms.ibb.gov.tr\/sehirtiyatrolari\/wp-json\/wp\/v2\/users\/22303"}],"replies":[{"embeddable":true,"href":"https:\/\/forms.ibb.gov.tr\/sehirtiyatrolari\/wp-json\/wp\/v2\/comments?post=2377"}],"version-history":[{"count":5,"href":"https:\/\/forms.ibb.gov.tr\/sehirtiyatrolari\/wp-json\/wp\/v2\/pages\/2377\/revisions"}],"predecessor-version":[{"id":2384,"href":"https:\/\/forms.ibb.gov.tr\/sehirtiyatrolari\/wp-json\/wp\/v2\/pages\/2377\/revisions\/2384"}],"up":[{"embeddable":true,"href":"https:\/\/forms.ibb.gov.tr\/sehirtiyatrolari\/wp-json\/wp\/v2\/pages\/1045"}],"wp:attachment":[{"href":"https:\/\/forms.ibb.gov.tr\/sehirtiyatrolari\/wp-json\/wp\/v2\/media?parent=2377"}],"wp:term":[{"taxonomy":"category","embeddable":true,"href":"https:\/\/forms.ibb.gov.tr\/sehirtiyatrolari\/wp-json\/wp\/v2\/categories?post=2377"},{"taxonomy":"post_tag","embeddable":true,"href":"https:\/\/forms.ibb.gov.tr\/sehirtiyatrolari\/wp-json\/wp\/v2\/tags?post=2377"}],"curies":[{"name":"wp","href":"https:\/\/api.w.org\/{rel}","templated":true}]}}