{"id":2694,"date":"2025-05-16T12:11:53","date_gmt":"2025-05-16T09:11:53","guid":{"rendered":"https:\/\/forms.ibb.gov.tr\/sehirtiyatrolari\/?page_id=2694"},"modified":"2025-05-21T09:59:58","modified_gmt":"2025-05-21T06:59:58","slug":"yonetmelik-calismasi-2025-b2","status":"publish","type":"page","link":"https:\/\/forms.ibb.gov.tr\/sehirtiyatrolari\/yonetmelik-calismasi-2025-b2\/","title":{"rendered":"Y\u00f6netmelik \u00c7al\u0131\u015fmas\u0131 2025 (B Kadrosu)"},"content":{"rendered":"<div  class='flex_column av-2grknq-063f3774c44e889c3b31d0653e2491a0 av_one_full  avia-builder-el-0  avia-builder-el-no-sibling  first flex_column_div  '     ><p>\n<style type=\"text\/css\" data-created_by=\"avia_inline_auto\" id=\"style-css-av-maqkw6z3-5a07a0070194831c21ed5327c4340c3b\">\n.avia-image-container.av-maqkw6z3-5a07a0070194831c21ed5327c4340c3b img.avia_image{\nbox-shadow:none;\n}\n.avia-image-container.av-maqkw6z3-5a07a0070194831c21ed5327c4340c3b .av-image-caption-overlay-center{\ncolor:#ffffff;\n}\n<\/style>\n<div  class='avia-image-container av-maqkw6z3-5a07a0070194831c21ed5327c4340c3b av-styling- avia-align-center  avia-builder-el-1  el_before_av_textblock  avia-builder-el-first '   itemprop=\"image\" itemscope=\"itemscope\" itemtype=\"https:\/\/schema.org\/ImageObject\" ><div class=\"avia-image-container-inner\"><div class=\"avia-image-overlay-wrap\"><img decoding=\"async\" fetchpriority=\"high\" class='wp-image-2639 avia-img-lazy-loading-not-2639 avia_image ' src=\"https:\/\/forms.ibb.gov.tr\/sehirtiyatrolari\/wp-content\/uploads\/sites\/28\/2025\/05\/tiyatro.jpg\" alt='' title='tiyatro'  height=\"407\" width=\"2000\"  itemprop=\"thumbnailUrl\"  \/><\/div><\/div><\/div><br \/>\n<section  class='av_textblock_section av-maqkwupi-2bccdb06107b72ae002d82ae96ff34b8 '   itemscope=\"itemscope\" itemtype=\"https:\/\/schema.org\/CreativeWork\" ><div class='avia_textblock'  itemprop=\"text\" ><p>Anketimize kat\u0131ld\u0131\u011f\u0131n\u0131z i\u00e7in te\u015fekk\u00fcr ederiz.<\/p>\n<\/div><\/section><\/p><\/div>\n","protected":false},"excerpt":{"rendered":"","protected":false},"author":22303,"featured_media":0,"parent":0,"menu_order":0,"comment_status":"closed","ping_status":"closed","template":"","meta":{"footnotes":""},"categories":[],"tags":[],"class_list":["post-2694","page","type-page","status-publish","format-standard","hentry"],"_links":{"self":[{"href":"https:\/\/forms.ibb.gov.tr\/sehirtiyatrolari\/wp-json\/wp\/v2\/pages\/2694","targetHints":{"allow":["GET"]}}],"collection":[{"href":"https:\/\/forms.ibb.gov.tr\/sehirtiyatrolari\/wp-json\/wp\/v2\/pages"}],"about":[{"href":"https:\/\/forms.ibb.gov.tr\/sehirtiyatrolari\/wp-json\/wp\/v2\/types\/page"}],"author":[{"embeddable":true,"href":"https:\/\/forms.ibb.gov.tr\/sehirtiyatrolari\/wp-json\/wp\/v2\/users\/22303"}],"replies":[{"embeddable":true,"href":"https:\/\/forms.ibb.gov.tr\/sehirtiyatrolari\/wp-json\/wp\/v2\/comments?post=2694"}],"version-history":[{"count":3,"href":"https:\/\/forms.ibb.gov.tr\/sehirtiyatrolari\/wp-json\/wp\/v2\/pages\/2694\/revisions"}],"predecessor-version":[{"id":2741,"href":"https:\/\/forms.ibb.gov.tr\/sehirtiyatrolari\/wp-json\/wp\/v2\/pages\/2694\/revisions\/2741"}],"wp:attachment":[{"href":"https:\/\/forms.ibb.gov.tr\/sehirtiyatrolari\/wp-json\/wp\/v2\/media?parent=2694"}],"wp:term":[{"taxonomy":"category","embeddable":true,"href":"https:\/\/forms.ibb.gov.tr\/sehirtiyatrolari\/wp-json\/wp\/v2\/categories?post=2694"},{"taxonomy":"post_tag","embeddable":true,"href":"https:\/\/forms.ibb.gov.tr\/sehirtiyatrolari\/wp-json\/wp\/v2\/tags?post=2694"}],"curies":[{"name":"wp","href":"https:\/\/api.w.org\/{rel}","templated":true}]}}