{"id":2760,"date":"2025-05-28T14:34:29","date_gmt":"2025-05-28T11:34:29","guid":{"rendered":"https:\/\/forms.ibb.gov.tr\/sehirtiyatrolari\/?page_id=2760"},"modified":"2025-05-28T14:34:29","modified_gmt":"2025-05-28T11:34:29","slug":"personel-yakinlari","status":"publish","type":"page","link":"https:\/\/forms.ibb.gov.tr\/sehirtiyatrolari\/personel-yakinlari\/","title":{"rendered":"Personel Yak\u0131nlar\u0131"},"content":{"rendered":"<div  class='flex_column av-av_one_full-59f4f3ca8c728b582fe843b765b06adc av_one_full  avia-builder-el-0  el_before_av_one_full  avia-builder-el-first  first flex_column_div  '     ><style type=\"text\/css\" data-created_by=\"avia_inline_auto\" id=\"style-css-av-mb7va2ed-960eb3c56642fbc2c90ac1331629d26a\">\n.avia-image-container.av-mb7va2ed-960eb3c56642fbc2c90ac1331629d26a img.avia_image{\nbox-shadow:none;\n}\n.avia-image-container.av-mb7va2ed-960eb3c56642fbc2c90ac1331629d26a .av-image-caption-overlay-center{\ncolor:#ffffff;\n}\n<\/style>\n<div  class='avia-image-container av-mb7va2ed-960eb3c56642fbc2c90ac1331629d26a av-styling- avia-align-center  avia-builder-el-1  avia-builder-el-no-sibling '   itemprop=\"image\" itemscope=\"itemscope\" itemtype=\"https:\/\/schema.org\/ImageObject\" ><div class=\"avia-image-container-inner\"><div class=\"avia-image-overlay-wrap\"><img decoding=\"async\" fetchpriority=\"high\" class='wp-image-2639 avia-img-lazy-loading-not-2639 avia_image ' src=\"https:\/\/forms.ibb.gov.tr\/sehirtiyatrolari\/wp-content\/uploads\/sites\/28\/2025\/05\/tiyatro.jpg\" alt='' title='tiyatro'  height=\"407\" width=\"2000\"  itemprop=\"thumbnailUrl\"  \/><\/div><\/div><\/div><\/div><div  class='flex_column av-av_one_full-59f4f3ca8c728b582fe843b765b06adc av_one_full  avia-builder-el-2  el_after_av_one_full  avia-builder-el-last  first flex_column_div  column-top-margin'     ><section  class='av_textblock_section av-mb7vb2mx-9e41cf0362867147d22b4caa55574481 '   itemscope=\"itemscope\" itemtype=\"https:\/\/schema.org\/CreativeWork\" ><div class='avia_textblock'  itemprop=\"text\" ><div class=\"frm_forms  with_frm_style frm_style_formidable-style\" id=\"frm_form_141_container\" data-token=\"a167db805a66a7e7113fa23c988c4c3b\">\n<form enctype=\"multipart\/form-data\" method=\"post\" class=\"frm-show-form  frm_pro_form \" id=\"form_personel-yakinlari\" data-token=\"a167db805a66a7e7113fa23c988c4c3b\">\n<div class=\"frm_form_fields \">\n<fieldset>\n<legend class=\"frm_screen_reader\">Personel Yak\u0131nlar\u0131<\/legend>\r\n\r\n<div class=\"frm_fields_container\">\n<input type=\"hidden\" name=\"frm_action\" value=\"create\" \/>\n<input type=\"hidden\" name=\"form_id\" value=\"141\" \/>\n<input type=\"hidden\" name=\"frm_hide_fields_141\" id=\"frm_hide_fields_141\" value=\"\" \/>\n<input type=\"hidden\" name=\"form_key\" value=\"personel-yakinlari\" \/>\n<input type=\"hidden\" name=\"item_meta[0]\" value=\"\" \/>\n<input type=\"hidden\" id=\"frm_submit_entry_141\" name=\"frm_submit_entry_141\" value=\"d94aa53632\" \/><input type=\"hidden\" name=\"_wp_http_referer\" value=\"\/sehirtiyatrolari\/wp-json\/wp\/v2\/pages\/2760\" \/><div id=\"frm_field_2688_container\" class=\"frm_form_field  frm_html_container form-field\">\u0130BB \u015eEH\u0130R T\u0130YATROLARI PERSONEL YAKINLARI REHBER\u0130<\/div>\n<div id=\"frm_field_2670_container\" class=\"frm_form_field form-field  frm_required_field form-group frm_top_container frm12 frm_first\">\r\n    <label for=\"field_qh4icy24\" class=\"frm_primary_label col-form-label form-label\">Ad Soyad\r\n        <span class=\"frm_required\">*<\/span>\r\n    <\/label>\r\n    <input  type=\"text\" id=\"field_qh4icy24\" name=\"item_meta[2670]\" value=\"\"  data-reqmsg=\"Ad Soyad cannot be blank.\" aria-required=\"true\" data-invmsg=\"Ad Soyad is invalid\" class=\"form-control\" aria-invalid=\"false\"   \/>\r\n    \r\n    \r\n<\/div>\n<div id=\"frm_field_2695_container\" class=\"frm_form_field form-field  frm_required_field form-group frm_top_container frm3 frm_first\">\r\n\t<label for=\"field_nxzhd\" id=\"field_nxzhd_label\" class=\"frm_primary_label col-form-label form-label\">Yak\u0131n\u0131n\u0131n Ad\u0131 Soyad\u0131\r\n\t\t<span class=\"frm_required\" aria-hidden=\"true\">*<\/span>\r\n\t<\/label>\r\n\t<input  type=\"text\" id=\"field_nxzhd\" name=\"item_meta[2695]\" value=\"\"  data-reqmsg=\"Bu alan bo\u015f b\u0131rak\u0131lamaz.\" aria-required=\"true\" data-invmsg=\"Yak\u0131n\u0131n\u0131n Ad\u0131 Soyad\u0131 is invalid\" class=\"form-control\" aria-invalid=\"false\"   \/>\r\n\t\r\n\t\r\n<\/div>\n<div id=\"frm_field_2701_container\" class=\"frm_form_field form-field  frm_required_field form-group frm_top_container frm3\">\n\t<label for=\"field_ake3w\" id=\"field_ake3w_label\" class=\"frm_primary_label col-form-label form-label\">Yak\u0131nl\u0131k Derecesi\n\t\t<span class=\"frm_required\" aria-hidden=\"true\">*<\/span>\n\t<\/label>\n\t\t\t<select name=\"item_meta[2701]\" id=\"field_ake3w\"  data-reqmsg=\"Bu alan bo\u015f b\u0131rak\u0131lamaz.\" aria-required=\"true\" data-invmsg=\"Yak\u0131nl\u0131k Derecesi is invalid\" class=\"form-control\" aria-invalid=\"false\"  >\n\t\t<option  value=\"\" selected='selected'> <\/option><option  value=\"Annesi\">Annesi<\/option><option  value=\"Babas\u0131\">Babas\u0131<\/option><option  value=\"Karde\u015fi\">Karde\u015fi<\/option><option  value=\"E\u015fi\">E\u015fi<\/option><option  value=\"K\u0131z\u0131\">K\u0131z\u0131<\/option><option  value=\"O\u011flu\">O\u011flu<\/option><option  value=\"Halas\u0131\">Halas\u0131<\/option><option  value=\"Kay\u0131npederi\">Kay\u0131npederi<\/option><option  value=\"Kay\u0131nvalidesi\">Kay\u0131nvalidesi<\/option><option  value=\"Teyzesi\">Teyzesi<\/option>\t<\/select>\n\t\n\t\n\t\n<\/div>\n<div id=\"frm_field_2694_container\" class=\"frm_form_field form-field  frm_required_field form-group frm_top_container frm3\">\r\n\t<label for=\"field_jd250\" id=\"field_jd250_label\" class=\"frm_primary_label col-form-label form-label\">Yak\u0131n\u0131n\u0131n Telefon numaras\u0131\r\n\t\t<span class=\"frm_required\" aria-hidden=\"true\">*<\/span>\r\n\t<\/label>\r\n\t<input type=\"tel\" id=\"field_jd250\" name=\"item_meta[2694]\" value=\"\"  data-reqmsg=\"Bu alan bo\u015f b\u0131rak\u0131lamaz.\" aria-required=\"true\" data-invmsg=\"Yak\u0131n\u0131n\u0131n Telefon numaras\u0131 is invalid\" class=\"form-control\" aria-invalid=\"false\" pattern=\"((\\+\\d{1,3}(-|.| )?\\(?\\d\\)?(-| |.)?\\d{1,5})|(\\(?\\d{2,6}\\)?))(-|.| )?(\\d{3,4})(-|.| )?(\\d{4})(( x| ext)\\d{1,5}){0,1}$\"  \/>\r\n\t\r\n\t\r\n<\/div>\n<div id=\"frm_field_2690_container\" class=\"frm_form_field form-field  frm_required_field form-group frm_top_container frm3\">\r\n\t<label for=\"field_me5o\" id=\"field_me5o_label\" class=\"frm_primary_label col-form-label form-label\">Yak\u0131n\u0131n\u0131n oturdu\u011fu il\u00e7e\r\n\t\t<span class=\"frm_required\" aria-hidden=\"true\">*<\/span>\r\n\t<\/label>\r\n\t<input  type=\"text\" id=\"field_me5o\" name=\"item_meta[2690]\" value=\"\"  data-reqmsg=\"Bu alan bo\u015f b\u0131rak\u0131lamaz.\" aria-required=\"true\" data-invmsg=\"Yak\u0131n\u0131n\u0131n oturdu\u011fu il\u00e7e is invalid\" class=\"form-control\" aria-invalid=\"false\"   \/>\r\n\t\r\n\t\r\n<\/div>\n<div id=\"frm_field_2685_container\" class=\"frm_form_field form-field  form-group\">\r\n\t<div class=\"form-group frm_submit\">\r\n\r\n<button class=\"frm_button_submit btn btn-secondary frm_final_submit\" type=\"submit\" >G\u00f6nder<\/button>\r\n\r\n<\/div>\r\n<\/div>\n\t<input type=\"hidden\" name=\"item_key\" value=\"\" \/>\n\t\t\t<div id=\"frm_field_3226_container\">\n\t\t\t<label for=\"field_nm6ja\" >\n\t\t\t\tIf you are human, leave this field blank.\t\t\t<\/label>\n\t\t\t<input  id=\"field_nm6ja\" type=\"text\" class=\"frm_form_field form-field frm_verify\" name=\"item_meta[3226]\" value=\"\"  \/>\n\t\t<\/div>\n\t\t<input name=\"frm_state\" type=\"hidden\" value=\"PQMos4BYdAyEzzRxmoGJY5Ojh97WLm2X1\/Z66OWqPnrI8QpqINHnvZetNP2akNqr\" \/><\/div>\n<\/fieldset>\n<\/div>\n\n<\/form>\n<\/div>\n\n<\/div><\/section><\/div><\/p>\n","protected":false},"excerpt":{"rendered":"","protected":false},"author":22303,"featured_media":0,"parent":0,"menu_order":0,"comment_status":"closed","ping_status":"closed","template":"","meta":{"footnotes":""},"categories":[],"tags":[],"class_list":["post-2760","page","type-page","status-publish","format-standard","hentry"],"_links":{"self":[{"href":"https:\/\/forms.ibb.gov.tr\/sehirtiyatrolari\/wp-json\/wp\/v2\/pages\/2760","targetHints":{"allow":["GET"]}}],"collection":[{"href":"https:\/\/forms.ibb.gov.tr\/sehirtiyatrolari\/wp-json\/wp\/v2\/pages"}],"about":[{"href":"https:\/\/forms.ibb.gov.tr\/sehirtiyatrolari\/wp-json\/wp\/v2\/types\/page"}],"author":[{"embeddable":true,"href":"https:\/\/forms.ibb.gov.tr\/sehirtiyatrolari\/wp-json\/wp\/v2\/users\/22303"}],"replies":[{"embeddable":true,"href":"https:\/\/forms.ibb.gov.tr\/sehirtiyatrolari\/wp-json\/wp\/v2\/comments?post=2760"}],"version-history":[{"count":2,"href":"https:\/\/forms.ibb.gov.tr\/sehirtiyatrolari\/wp-json\/wp\/v2\/pages\/2760\/revisions"}],"predecessor-version":[{"id":2765,"href":"https:\/\/forms.ibb.gov.tr\/sehirtiyatrolari\/wp-json\/wp\/v2\/pages\/2760\/revisions\/2765"}],"wp:attachment":[{"href":"https:\/\/forms.ibb.gov.tr\/sehirtiyatrolari\/wp-json\/wp\/v2\/media?parent=2760"}],"wp:term":[{"taxonomy":"category","embeddable":true,"href":"https:\/\/forms.ibb.gov.tr\/sehirtiyatrolari\/wp-json\/wp\/v2\/categories?post=2760"},{"taxonomy":"post_tag","embeddable":true,"href":"https:\/\/forms.ibb.gov.tr\/sehirtiyatrolari\/wp-json\/wp\/v2\/tags?post=2760"}],"curies":[{"name":"wp","href":"https:\/\/api.w.org\/{rel}","templated":true}]}}