{"id":2799,"date":"2022-05-05T21:21:42","date_gmt":"2022-05-05T21:21:42","guid":{"rendered":"https:\/\/forms.ibb.gov.tr\/sehirtiyatrolari\/product-purchase\/"},"modified":"2022-05-05T21:21:42","modified_gmt":"2022-05-05T21:21:42","slug":"product-purchase","status":"publish","type":"page","link":"https:\/\/forms.ibb.gov.tr\/sehirtiyatrolari\/product-purchase\/","title":{"rendered":"Product Purchase"},"content":{"rendered":"<div class=\"frm_forms  with_frm_style frm_style_formidable-style\" id=\"frm_form_150_container\" data-token=\"a167db805a66a7e7113fa23c988c4c3b\">\n<form enctype=\"multipart\/form-data\" method=\"post\" class=\"frm-show-form  frm_stripe_link_form  frm_ajax_submit  frm_pro_form \" id=\"form_productpurchase\" data-token=\"a167db805a66a7e7113fa23c988c4c3b\">\n<div class=\"frm_form_fields \">\n<fieldset>\n<legend class=\"frm_screen_reader\">Product Purchase<\/legend>\r\n\r\n<div class=\"frm_fields_container\">\n<input type=\"hidden\" name=\"frm_action\" value=\"create\" \/>\n<input type=\"hidden\" name=\"form_id\" value=\"150\" \/>\n<input type=\"hidden\" name=\"frm_hide_fields_150\" id=\"frm_hide_fields_150\" value=\"\" \/>\n<input type=\"hidden\" name=\"form_key\" value=\"productpurchase\" \/>\n<input type=\"hidden\" name=\"item_meta[0]\" value=\"\" \/>\n<input type=\"hidden\" id=\"frm_submit_entry_150\" name=\"frm_submit_entry_150\" value=\"d94aa53632\" \/><input type=\"hidden\" name=\"_wp_http_referer\" value=\"\/sehirtiyatrolari\/wp-json\/wp\/v2\/pages\/2799\" \/>\t\t<input  type=\"hidden\" name=\"item_meta[2748]\" id=\"field_suhx2\" value=\"\"  class=\"form-control\"   \/>\n\t\t<div id=\"frm_field_2751_container\" class=\"frm_form_field form-field  form-group frm_top_container frm6 frm_first frm_total frm_dynamic_data_container\">\n\t<label for=\"field_fjbhd\" id=\"field_fjbhd_label\" class=\"frm_primary_label col-form-label form-label\">Product\n\t\t<span class=\"frm_required\" aria-hidden=\"true\"><\/span>\n\t<\/label>\n\t<div class=\"frm_opt_container\" aria-labelledby=\"field_fjbhd_label\" role=\"group\"><p><\/p>\n<input type=\"hidden\" value=\"\" name=\"item_meta[2751]\" id=\"field_fjbhd\" \/>\n<\/div>\n\t\n\t\n<\/div>\n<div id=\"frm_field_2754_container\" class=\"frm_form_field form-field  form-group frm_top_container frm6 frm_total frm_dynamic_data_container\">\n\t<label for=\"field_wknft\" id=\"field_wknft_label\" class=\"frm_primary_label col-form-label form-label\">Price\n\t\t<span class=\"frm_required\" aria-hidden=\"true\"><\/span>\n\t<\/label>\n\t<div class=\"frm_opt_container\" aria-labelledby=\"field_wknft_label\" role=\"group\"><p><\/p>\n<input type=\"hidden\" value=\"\" name=\"item_meta[2754]\" id=\"field_wknft\" \/>\n<\/div>\n\t\n\t\n<\/div>\n<div id=\"frm_field_2757_container\" class=\"frm_form_field frm_section_heading form-field  frm6 frm_first frm_hide_section\">\n<h3 class=\"frm_pos_none frm_section_spacing\">Personal Info<\/h3>\n\n\n<div id=\"frm_field_2760_container\" class=\"frm_form_field form-field  frm_required_field form-group frm_top_container frm12 frm_first\">\n\t<div  id=\"field_15r5q_label\" class=\"frm_primary_label col-form-label form-label\">Name\n\t\t<span class=\"frm_required\" aria-hidden=\"true\">*<\/span>\n\t<\/div>\n\t<fieldset aria-labelledby=\"field_15r5q_label\">\n\t<legend class=\"frm_screen_reader frm_hidden\">\n\t\tName\t<\/legend>\n\n\t<div  class=\"frm_combo_inputs_container\" id=\"frm_combo_inputs_container_2760\" data-name-layout=\"first_last\">\n\t\t\t\t\t<div\n\t\t\t\tid=\"frm_field_2760-first_container\"\n\t\t\t\tclass=\"frm_form_field form-field frm_form_subfield-first  frm6\"\n\t\t\t\tdata-sub-field-name=\"first\"\n\t\t\t>\n\t\t\t\t<label for=\"field_15r5q_first\" class=\"frm_screen_reader frm_hidden\">\n\t\t\t\t\tFirst Name\t\t\t\t<\/label>\n\n\t\t\t\t<input  type=\"text\" id=\"field_15r5q_first\" value=\"\" name=\"item_meta[2760][first]\" autocomplete=\"given-name\" data-sectionid=\"2757\"  data-reqmsg=\"Bu alan bo\u015f b\u0131rak\u0131lamaz.\" aria-required=\"true\" data-invmsg=\"Name is invalid\" class=\"form-control\" aria-invalid=\"false\"  \/><div class=\"frm_description\" id=\"frm_field_2760_first_desc\">First Name<\/div>\t\t\t<\/div>\n\t\t\t\t\t\t<div\n\t\t\t\tid=\"frm_field_2760-last_container\"\n\t\t\t\tclass=\"frm_form_field form-field frm_form_subfield-last  frm6\"\n\t\t\t\tdata-sub-field-name=\"last\"\n\t\t\t>\n\t\t\t\t<label for=\"field_15r5q_last\" class=\"frm_screen_reader frm_hidden\">\n\t\t\t\t\tLast Name\t\t\t\t<\/label>\n\n\t\t\t\t<input  type=\"text\" id=\"field_15r5q_last\" value=\"\" name=\"item_meta[2760][last]\" autocomplete=\"family-name\" data-sectionid=\"2757\"  data-reqmsg=\"Bu alan bo\u015f b\u0131rak\u0131lamaz.\" aria-required=\"true\" data-invmsg=\"Name is invalid\" class=\"form-control\" aria-invalid=\"false\"  \/><div class=\"frm_description\" id=\"frm_field_2760_last_desc\">Last Name<\/div>\t\t\t<\/div>\n\t\t\t\t<\/div>\n<\/fieldset>\n\n\t\n\t\n<\/div>\n<div id=\"frm_field_2763_container\" class=\"frm_form_field form-field  frm_required_field form-group frm_top_container frm12 frm_first\">\n\t<label for=\"field_9f8q8\" id=\"field_9f8q8_label\" class=\"frm_primary_label col-form-label form-label\">Email\n\t\t<span class=\"frm_required\" aria-hidden=\"true\">*<\/span>\n\t<\/label>\n\t<input type=\"email\" id=\"field_9f8q8\" name=\"item_meta[2763]\" value=\"\"  data-sectionid=\"2757\"  data-reqmsg=\"Bu alan bo\u015f b\u0131rak\u0131lamaz.\" aria-required=\"true\" data-invmsg=\"Email is invalid\" class=\"form-control\" aria-invalid=\"false\"  \/>\n\t\n\t\n<\/div>\n<\/div>\n<div id=\"frm_field_2769_container\" class=\"frm_form_field form-field  form-group frm_top_container frm6\">\n\t<div  id=\"field_didq4_label\" class=\"frm_primary_label col-form-label form-label\">Address\n\t\t<span class=\"frm_required\" aria-hidden=\"true\"><\/span>\n\t<\/div>\n\t<fieldset aria-labelledby=\"field_didq4_label\">\n<legend class=\"frm_screen_reader frm_hidden\">\n\tAddress<\/legend>\n<div class=\"frm_combo_inputs_container\">\n<div id=\"frm_field_2769-line1_container\" class=\"frm_form_field form-field \">\n\t<label for=\"field_didq4_line1\" class=\"frm_screen_reader frm_hidden\">\n\t\tAddress\t<\/label>\n\t\t<input type=\"text\" id=\"field_didq4_line1\" value=\"\" name=\"item_meta[2769][line1]\"  data-invmsg=\"Address is invalid\" class=\"form-control\" aria-invalid=\"false\"   autocomplete=\"address-line1\" \/>\n\t<\/div>\n<div id=\"frm_field_2769-line2_container\" class=\"frm_form_field form-field \">\n\t<label for=\"field_didq4_line2\" class=\"frm_screen_reader frm_hidden\">\n\t\tAddress\t<\/label>\n\t\t<input type=\"text\" id=\"field_didq4_line2\" value=\"\" name=\"item_meta[2769][line2]\"  data-invmsg=\"Address is invalid\" class=\"form-control frm_optional\" aria-invalid=\"false\"   autocomplete=\"address-line2\" \/>\n\t<\/div>\n<div id=\"frm_field_2769-city_container\" class=\"frm_form_field form-field frm_third frm_first\">\n\t<label for=\"field_didq4_city\" class=\"frm_screen_reader frm_hidden\">\n\t\tCity\t<\/label>\n\t\t<input type=\"text\" id=\"field_didq4_city\" value=\"\" name=\"item_meta[2769][city]\"  data-invmsg=\"Address is invalid\" class=\"form-control\" aria-invalid=\"false\"   autocomplete=\"address-level2\" \/>\n\t<div class=\"frm_description\">City<\/div><\/div>\n<div id=\"frm_field_2769-state_container\" class=\"frm_form_field form-field frm_third\">\n\t<label for=\"field_didq4_state\" class=\"frm_screen_reader frm_hidden\">\n\t\tState\/Province\t<\/label>\n\t\t<input type=\"text\" id=\"field_didq4_state\" value=\"\" name=\"item_meta[2769][state]\"  data-invmsg=\"Address is invalid\" class=\"form-control\" aria-invalid=\"false\"   autocomplete=\"address-level1\" \/>\n\t<div class=\"frm_description\">State\/Province<\/div><\/div>\n<div id=\"frm_field_2769-zip_container\" class=\"frm_form_field form-field frm_third\">\n\t<label for=\"field_didq4_zip\" class=\"frm_screen_reader frm_hidden\">\n\t\tZip\/Postal\t<\/label>\n\t\t<input type=\"text\" id=\"field_didq4_zip\" value=\"\" name=\"item_meta[2769][zip]\"  data-invmsg=\"Address is invalid\" class=\"form-control\" aria-invalid=\"false\"   autocomplete=\"postal-code\" \/>\n\t<div class=\"frm_description\">Zip\/Postal<\/div><\/div>\n<\/div>\n<\/fieldset>\n\n\t\n\t\n<\/div>\n<div id=\"frm_field_2772_container\" class=\"frm_form_field form-field  form-group frm_top_container frm12 frm_first\">\n\t<div  id=\"field_gbt5d_label\" class=\"frm_primary_label col-form-label form-label\">Credit Card\n\t\t<span class=\"frm_required\" aria-hidden=\"true\"><\/span>\n\t<\/div>\n\t<div class=\"frm-card-element\" id=\"field_gbt5d\"><\/div>\n<div class=\"frm-card-errors frm_error\" id=\"frm_error_field_gbt5d\" role=\"alert\"><\/div>\n\n\t\n\t\n<\/div>\n\t\t<input  type=\"hidden\" name=\"item_meta[2775]\" id=\"field_vlqyq\" value=\"\"  class=\"form-control\"   \/>\n\t\t\t\t<input  type=\"hidden\" name=\"item_meta[2778]\" id=\"field_chnpf\" value=\"Processing\"  data-frmval=\"Processing\" class=\"form-control\"   \/>\n\t\t<div id=\"frm_field_2783_container\" class=\"frm_form_field form-field  form-group\">\n\t<div class=\"form-group frm_submit\">\r\n\r\n<button class=\"frm_button_submit btn btn-secondary frm_final_submit\" type=\"submit\"   formnovalidate=\"formnovalidate\">G\u00f6nder<\/button>\r\n\r\n<\/div>\n<\/div>\n\t<input type=\"hidden\" name=\"item_key\" value=\"\" \/>\n\t\t\t<div id=\"frm_field_3226_container\">\n\t\t\t<label for=\"field_gg9cm\" >\n\t\t\t\tIf you are human, leave this field blank.\t\t\t<\/label>\n\t\t\t<input  id=\"field_gg9cm\" type=\"text\" class=\"frm_form_field form-field frm_verify\" name=\"item_meta[3226]\" value=\"\"  \/>\n\t\t<\/div>\n\t\t<input name=\"frm_state\" type=\"hidden\" value=\"PQMos4BYdAyEzzRxmoGJY69qI1HVVyzJ5VnuP1JVdd3EYWjj\/m97Qv8sVtrDCuCZkGAGcPgeYPoegSQ1SAJMUA==\" \/><\/div>\n<\/fieldset>\n<\/div>\n\n<\/form>\n<\/div>\n\n","protected":false},"excerpt":{"rendered":"","protected":false},"author":0,"featured_media":0,"parent":0,"menu_order":0,"comment_status":"closed","ping_status":"closed","template":"","meta":{"footnotes":""},"categories":[],"tags":[],"class_list":["post-2799","page","type-page","status-publish","format-standard","hentry"],"_links":{"self":[{"href":"https:\/\/forms.ibb.gov.tr\/sehirtiyatrolari\/wp-json\/wp\/v2\/pages\/2799","targetHints":{"allow":["GET"]}}],"collection":[{"href":"https:\/\/forms.ibb.gov.tr\/sehirtiyatrolari\/wp-json\/wp\/v2\/pages"}],"about":[{"href":"https:\/\/forms.ibb.gov.tr\/sehirtiyatrolari\/wp-json\/wp\/v2\/types\/page"}],"replies":[{"embeddable":true,"href":"https:\/\/forms.ibb.gov.tr\/sehirtiyatrolari\/wp-json\/wp\/v2\/comments?post=2799"}],"version-history":[{"count":0,"href":"https:\/\/forms.ibb.gov.tr\/sehirtiyatrolari\/wp-json\/wp\/v2\/pages\/2799\/revisions"}],"wp:attachment":[{"href":"https:\/\/forms.ibb.gov.tr\/sehirtiyatrolari\/wp-json\/wp\/v2\/media?parent=2799"}],"wp:term":[{"taxonomy":"category","embeddable":true,"href":"https:\/\/forms.ibb.gov.tr\/sehirtiyatrolari\/wp-json\/wp\/v2\/categories?post=2799"},{"taxonomy":"post_tag","embeddable":true,"href":"https:\/\/forms.ibb.gov.tr\/sehirtiyatrolari\/wp-json\/wp\/v2\/tags?post=2799"}],"curies":[{"name":"wp","href":"https:\/\/api.w.org\/{rel}","templated":true}]}}