{"id":2842,"date":"2025-09-16T15:02:28","date_gmt":"2025-09-16T12:02:28","guid":{"rendered":"https:\/\/forms.ibb.gov.tr\/sehirtiyatrolari\/?page_id=2842"},"modified":"2025-09-16T15:06:51","modified_gmt":"2025-09-16T12:06:51","slug":"kantinanketi","status":"publish","type":"page","link":"https:\/\/forms.ibb.gov.tr\/sehirtiyatrolari\/kantinanketi\/","title":{"rendered":"Kantin anketi"},"content":{"rendered":"<div  class='flex_column av-8vf3u-b1952045ee1db5c9dd0a558f0ee983b2 av_one_full  avia-builder-el-0  avia-builder-el-no-sibling  first flex_column_div  '     ><section  class='av_textblock_section av-mfmi6lvp-55657418cd980cd1b4944d066ff45ca2 '   itemscope=\"itemscope\" itemtype=\"https:\/\/schema.org\/CreativeWork\" ><div class='avia_textblock'  itemprop=\"text\" ><div class=\"frm_forms  with_frm_style frm_style_formidable-style\" id=\"frm_form_153_container\" data-token=\"a167db805a66a7e7113fa23c988c4c3b\">\n<form enctype=\"multipart\/form-data\" method=\"post\" class=\"frm-show-form  frm_pro_form \" id=\"form_kantin-anketi\" data-token=\"a167db805a66a7e7113fa23c988c4c3b\">\n<div class=\"frm_form_fields \">\n<fieldset>\n<legend class=\"frm_screen_reader\">Kantin Anketi<\/legend>\r\n<h3 class=\"frm_form_title\">Kantin Anketi<\/h3>\r\n<div class=\"frm_fields_container\">\n<input type=\"hidden\" name=\"frm_action\" value=\"create\" \/>\n<input type=\"hidden\" name=\"form_id\" value=\"153\" \/>\n<input type=\"hidden\" name=\"frm_hide_fields_153\" id=\"frm_hide_fields_153\" value=\"\" \/>\n<input type=\"hidden\" name=\"form_key\" value=\"kantin-anketi\" \/>\n<input type=\"hidden\" name=\"item_meta[0]\" value=\"\" \/>\n<input type=\"hidden\" id=\"frm_submit_entry_153\" name=\"frm_submit_entry_153\" value=\"d94aa53632\" \/><input type=\"hidden\" name=\"_wp_http_referer\" value=\"\/sehirtiyatrolari\/wp-json\/wp\/v2\/pages\/2842\" \/><div id=\"frm_field_2801_container\" class=\"frm_form_field form-field  frm_required_field form-group frm_top_container frm12 frm_first vertical_radio\">\r\n\t<div id=\"field_cj19j_label\" class=\"frm_primary_label col-form-label form-label\">Yemekhanenin bulundu\u011fu alanda kantin hizmeti verilmesi planlanmaktad\u0131r. \u00c7ay, kahve ve yiyecek hizmeti sunulmas\u0131 d\u00fc\u015f\u00fcn\u00fclmekte, bu durum ile ilgili d\u00fc\u015f\u00fcnceniz nedir?\r\n\t\t<span class=\"frm_required\" aria-hidden=\"true\">*<\/span>\r\n\t<\/div>\r\n\t<div class=\"frm_opt_container\" role=\"radiogroup\" aria-required=\"true\">\t\t<div class=\"frm_radio radio\" id=\"frm_radio_2801-0\">\t\t\t<label  for=\"field_cj19j-0\">\n\t\t\t\t\t<input type=\"radio\" name=\"item_meta[2801]\" id=\"field_cj19j-0\" value=\"Evet\"\n\t\t data-reqmsg=\"Bu alan bo\u015f b\u0131rak\u0131lamaz.\" data-invmsg=\"Yemekhanenin bulundu\u011fu alanda kantin hizmeti verilmesi planlanmaktad\u0131r. \u00c7ay, kahve ve yiyecek hizmeti sunulmas\u0131 d\u00fc\u015f\u00fcn\u00fclmekte, bu durum ile ilgili d\u00fc\u015f\u00fcnceniz nedir? is invalid\"   \/> Evet<\/label><\/div>\n\t\t<div class=\"frm_radio radio\" id=\"frm_radio_2801-1\">\t\t\t<label  for=\"field_cj19j-1\">\n\t\t\t\t\t<input type=\"radio\" name=\"item_meta[2801]\" id=\"field_cj19j-1\" value=\"Hay\u0131r\"\n\t\t data-reqmsg=\"Bu alan bo\u015f b\u0131rak\u0131lamaz.\" data-invmsg=\"Yemekhanenin bulundu\u011fu alanda kantin hizmeti verilmesi planlanmaktad\u0131r. \u00c7ay, kahve ve yiyecek hizmeti sunulmas\u0131 d\u00fc\u015f\u00fcn\u00fclmekte, bu durum ile ilgili d\u00fc\u015f\u00fcnceniz nedir? is invalid\"   \/> Hay\u0131r<\/label><\/div>\n<\/div>\r\n\t\r\n\t\r\n<\/div>\n<div id=\"frm_field_2807_container\" class=\"frm_form_field frm_section_heading form-field \">\n<h3 class=\"frm_pos_top frm_section_spacing\"><\/h3>\n\n\n<div id=\"frm_field_2812_container\" class=\"frm_form_field form-field  form-group frm_top_container\">\n\t<label for=\"field_o7n6f\" id=\"field_o7n6f_label\" class=\"frm_primary_label col-form-label form-label\">Odalardaki \u00e7ay, kahve makinalar\u0131 kald\u0131r\u0131lacakt\u0131r.\n\t\t<span class=\"frm_required\" aria-hidden=\"true\"><\/span>\n\t<\/label>\n\t<input  type=\"text\" id=\"field_o7n6f\" name=\"item_meta[2812]\" value=\"\"  readonly=\"readonly\"  data-sectionid=\"2807\"  data-invmsg=\"Odalardaki \u00e7ay, kahve makinalar\u0131 kald\u0131r\u0131lacakt\u0131r. is invalid\" class=\"form-control\" aria-invalid=\"false\"   \/>\n\t\n\t\n<\/div>\n<\/div>\n<div id=\"frm_field_2799_container\" class=\"frm_form_field form-field  form-group\">\r\n\t<div class=\"form-group frm_submit\">\r\n\r\n<button class=\"frm_button_submit btn btn-secondary frm_final_submit\" type=\"submit\" >G\u00f6nder<\/button>\r\n\r\n<\/div>\r\n<\/div>\n\t<input type=\"hidden\" name=\"item_key\" value=\"\" \/>\n\t\t\t<div id=\"frm_field_3226_container\">\n\t\t\t<label for=\"field_j51cc\" >\n\t\t\t\tIf you are human, leave this field blank.\t\t\t<\/label>\n\t\t\t<input  id=\"field_j51cc\" type=\"text\" class=\"frm_form_field form-field frm_verify\" name=\"item_meta[3226]\" value=\"\"  \/>\n\t\t<\/div>\n\t\t<input name=\"frm_state\" type=\"hidden\" value=\"Rs8JZSaz+mUObao4URd\/rbGkz\/Gp+SMuMeOXIPvNn3iWngKaLc5g9aK54ilInouZ\" \/><\/div>\n<\/fieldset>\n<\/div>\n\n<\/form>\n<\/div>\n\n<\/div><\/section><\/div>\n","protected":false},"excerpt":{"rendered":"","protected":false},"author":22303,"featured_media":0,"parent":0,"menu_order":0,"comment_status":"closed","ping_status":"closed","template":"","meta":{"footnotes":""},"categories":[],"tags":[],"class_list":["post-2842","page","type-page","status-publish","format-standard","hentry"],"_links":{"self":[{"href":"https:\/\/forms.ibb.gov.tr\/sehirtiyatrolari\/wp-json\/wp\/v2\/pages\/2842","targetHints":{"allow":["GET"]}}],"collection":[{"href":"https:\/\/forms.ibb.gov.tr\/sehirtiyatrolari\/wp-json\/wp\/v2\/pages"}],"about":[{"href":"https:\/\/forms.ibb.gov.tr\/sehirtiyatrolari\/wp-json\/wp\/v2\/types\/page"}],"author":[{"embeddable":true,"href":"https:\/\/forms.ibb.gov.tr\/sehirtiyatrolari\/wp-json\/wp\/v2\/users\/22303"}],"replies":[{"embeddable":true,"href":"https:\/\/forms.ibb.gov.tr\/sehirtiyatrolari\/wp-json\/wp\/v2\/comments?post=2842"}],"version-history":[{"count":5,"href":"https:\/\/forms.ibb.gov.tr\/sehirtiyatrolari\/wp-json\/wp\/v2\/pages\/2842\/revisions"}],"predecessor-version":[{"id":2858,"href":"https:\/\/forms.ibb.gov.tr\/sehirtiyatrolari\/wp-json\/wp\/v2\/pages\/2842\/revisions\/2858"}],"wp:attachment":[{"href":"https:\/\/forms.ibb.gov.tr\/sehirtiyatrolari\/wp-json\/wp\/v2\/media?parent=2842"}],"wp:term":[{"taxonomy":"category","embeddable":true,"href":"https:\/\/forms.ibb.gov.tr\/sehirtiyatrolari\/wp-json\/wp\/v2\/categories?post=2842"},{"taxonomy":"post_tag","embeddable":true,"href":"https:\/\/forms.ibb.gov.tr\/sehirtiyatrolari\/wp-json\/wp\/v2\/tags?post=2842"}],"curies":[{"name":"wp","href":"https:\/\/api.w.org\/{rel}","templated":true}]}}