{"id":2920,"date":"2025-10-07T12:03:49","date_gmt":"2025-10-07T09:03:49","guid":{"rendered":"https:\/\/forms.ibb.gov.tr\/sehirtiyatrolari\/?page_id=2920"},"modified":"2025-10-07T12:08:45","modified_gmt":"2025-10-07T09:08:45","slug":"idare-amirligi-raporlama-formu","status":"publish","type":"page","link":"https:\/\/forms.ibb.gov.tr\/sehirtiyatrolari\/idare-amirligi-raporlama-formu\/","title":{"rendered":"\u0130dare Amirli\u011fi Raporlama Formu"},"content":{"rendered":"\n<style type=\"text\/css\" data-created_by=\"avia_inline_auto\" id=\"style-css-av-loo2wqnq-5ac531436c5e6fe87384a15e1c1337f5\">\n.avia-image-container.av-loo2wqnq-5ac531436c5e6fe87384a15e1c1337f5 img.avia_image{\nbox-shadow:none;\n}\n.avia-image-container.av-loo2wqnq-5ac531436c5e6fe87384a15e1c1337f5 .av-image-caption-overlay-center{\ncolor:#ffffff;\n}\n<\/style>\n<div  class='avia-image-container av-loo2wqnq-5ac531436c5e6fe87384a15e1c1337f5 av-styling- avia-align-center  avia-builder-el-0  el_before_av_heading  avia-builder-el-first '   itemprop=\"image\" itemscope=\"itemscope\" itemtype=\"https:\/\/schema.org\/ImageObject\" ><div class=\"avia-image-container-inner\"><div class=\"avia-image-overlay-wrap\"><img decoding=\"async\" fetchpriority=\"high\" class='wp-image-26 avia-img-lazy-loading-not-26 avia_image ' src=\"https:\/\/forms.ibb.gov.tr\/sehirtiyatrolari\/wp-content\/uploads\/sites\/28\/2021\/11\/ibb-st-logo-300x88.jpg\" alt='' title='ibb-st-logo'  height=\"88\" width=\"300\"  itemprop=\"thumbnailUrl\" srcset=\"https:\/\/forms.ibb.gov.tr\/sehirtiyatrolari\/wp-content\/uploads\/sites\/28\/2021\/11\/ibb-st-logo-300x88.jpg 300w, https:\/\/forms.ibb.gov.tr\/sehirtiyatrolari\/wp-content\/uploads\/sites\/28\/2021\/11\/ibb-st-logo.jpg 314w\" sizes=\"(max-width: 300px) 100vw, 300px\" \/><\/div><\/div><\/div>\n\n<style type=\"text\/css\" data-created_by=\"avia_inline_auto\" id=\"style-css-av-loo2xi0z-cbc0ccb3081df0a3f2ec5ecd8b7b0997\">\n#top .av-special-heading.av-loo2xi0z-cbc0ccb3081df0a3f2ec5ecd8b7b0997{\nmargin:0 0 0 0;\npadding-bottom:0;\n}\nbody .av-special-heading.av-loo2xi0z-cbc0ccb3081df0a3f2ec5ecd8b7b0997 .av-special-heading-tag .heading-char{\nfont-size:25px;\n}\n#top #wrap_all .av-special-heading.av-loo2xi0z-cbc0ccb3081df0a3f2ec5ecd8b7b0997 .av-special-heading-tag{\npadding:0 0 0 0;\n}\n.av-special-heading.av-loo2xi0z-cbc0ccb3081df0a3f2ec5ecd8b7b0997 .av-subheading{\nfont-size:15px;\n}\n<\/style>\n<div  class='av-special-heading av-loo2xi0z-cbc0ccb3081df0a3f2ec5ecd8b7b0997 av-special-heading-h3 blockquote modern-quote modern-centered  avia-builder-el-1  el_after_av_image  el_before_av_hr '><h3 class='av-special-heading-tag '  itemprop=\"headline\"  >\u0130DARE AM\u0130RL\u0130\u011e\u0130 RAPORLAMA FORMU<\/h3><div class=\"special-heading-border\"><div class=\"special-heading-inner-border\"><\/div><\/div><\/div>\n<div  class='hr av-286p32-07163317590ea87cb281bcbb1f75b587 hr-default  avia-builder-el-2  el_after_av_heading  el_before_av_textblock '><span class='hr-inner '><span class=\"hr-inner-style\"><\/span><\/span><\/div>\n<section  class='av_textblock_section av-2pawq6-32967fb535ae52908fa49fa77269b34d '   itemscope=\"itemscope\" itemtype=\"https:\/\/schema.org\/CreativeWork\" ><div class='avia_textblock'  itemprop=\"text\" ><div class=\"frm_forms  with_frm_style frm_style_cocukformu\" id=\"frm_form_161_container\" data-token=\"a167db805a66a7e7113fa23c988c4c3b\">\n<form enctype=\"multipart\/form-data\" method=\"post\" class=\"frm-show-form  frm_js_validate  frm_pro_form \" id=\"form_idareamrlgi1\" data-token=\"a167db805a66a7e7113fa23c988c4c3b\">\n<div class=\"frm_form_fields \">\n<fieldset>\n<legend class=\"frm_screen_reader\">\u0130dare Amirli\u011fi<\/legend>\r\n\r\n<div class=\"frm_fields_container\">\n<input type=\"hidden\" name=\"frm_action\" value=\"create\" \/>\n<input type=\"hidden\" name=\"form_id\" value=\"161\" \/>\n<input type=\"hidden\" name=\"frm_hide_fields_161\" id=\"frm_hide_fields_161\" value=\"\" \/>\n<input type=\"hidden\" name=\"form_key\" value=\"idareamrlgi1\" \/>\n<input type=\"hidden\" name=\"item_meta[0]\" value=\"\" \/>\n<input type=\"hidden\" id=\"frm_submit_entry_161\" name=\"frm_submit_entry_161\" value=\"d94aa53632\" \/><input type=\"hidden\" name=\"_wp_http_referer\" value=\"\/sehirtiyatrolari\/wp-json\/wp\/v2\/pages\/2920\" \/><div id=\"frm_field_2969_container\" class=\"frm_form_field frm_section_heading form-field  frm12 frm_first\">\r\n<h3 class=\"frm_pos_top frm_section_spacing\">MEKAN B\u0130LG\u0130LER\u0130<\/h3>\r\n\r\n\r\n<div id=\"frm_field_2975_container\" class=\"frm_form_field form-field  frm_required_field form-group frm_top_container frm6 frm_first frm_other_container\">\r\n    <label for=\"field_i0tio2\" id=\"field_i0tio2_label\" class=\"frm_primary_label col-form-label form-label\">Tiyatro - Sahne Ad\u0131\r\n        <span class=\"frm_required\" aria-hidden=\"true\">*<\/span>\r\n    <\/label>\r\n    \t\t<select name=\"item_meta[2975]\" id=\"field_i0tio2\"  data-sectionid=\"2969\"  data-reqmsg=\"Bu alan bo\u015f b\u0131rak\u0131lamaz.\" aria-required=\"true\" data-invmsg=\"Tiyatro - Sahne Ad\u0131 is invalid\" class=\"form-control\" aria-invalid=\"false\"  >\n\t\t<option  value=\"\" selected='selected'> <\/option><option  value=\"Rasim \u00d6ztekin Sahnesi\">Rasim \u00d6ztekin Sahnesi<\/option><option  value=\"Fatih Re\u015fat Nuri Sahnesi\">Fatih Re\u015fat Nuri Sahnesi<\/option><option  value=\"Harbiye Muhsin Ertu\u011frul Sahnesi\">Harbiye Muhsin Ertu\u011frul Sahnesi<\/option><option  value=\"Ka\u011f\u0131thane Sadabad Sahnesi\">Ka\u011f\u0131thane Sadabad Sahnesi<\/option><option  value=\"M\u00fcze Gazhane Meydan Sahne\">M\u00fcze Gazhane Meydan Sahne<\/option><option  value=\"M\u00fcze Gazhane Prof. Dr. Sevda \u015eener Sahnesi\">M\u00fcze Gazhane Prof. Dr. Sevda \u015eener Sahnesi<\/option><option  value=\"\u00dcmraniye Sahnesi\">\u00dcmraniye Sahnesi<\/option><option  value=\"\u00dcsk\u00fcdar Kerem Y\u0131lmazer Sahnesi\">\u00dcsk\u00fcdar Kerem Y\u0131lmazer Sahnesi<\/option><option  value=\"\u00dcsk\u00fcdar Musahipzade Cel\u00e3l Sahnesi\">\u00dcsk\u00fcdar Musahipzade Cel\u00e3l Sahnesi<\/option><option  value=\"Di\u011fer\" class=\"frm_other_trigger\">Di\u011fer<\/option>\t<\/select>\n\t<label for=\"field_i0tio2-otext\" class=\"frm_screen_reader frm_hidden\">Tiyatro - Sahne Ad\u0131<\/label><input type=\"text\" id=\"field_i0tio2-otext\" class=\"frm_other_input frm_pos_none\"  name=\"item_meta[other][2975]\" value=\"\" \/>\r\n    \r\n    \r\n<\/div>\n<div id=\"frm_field_2978_container\" class=\"frm_form_field form-field  frm_required_field form-group frm_top_container frm6 frm_other_container\">\r\n    <label for=\"field_d844t2\" id=\"field_d844t2_label\" class=\"frm_primary_label col-form-label form-label\">Rapor T\u00fcr\u00fc\r\n        <span class=\"frm_required\" aria-hidden=\"true\">*<\/span>\r\n    <\/label>\r\n    \t\t<select name=\"item_meta[2978]\" id=\"field_d844t2\"  data-sectionid=\"2969\"  data-reqmsg=\"Bu alan bo\u015f b\u0131rak\u0131lamaz.\" aria-required=\"true\" data-invmsg=\"Rapor T\u00fcr\u00fc is invalid\" class=\"form-control\" aria-invalid=\"false\"  >\n\t\t<option  value=\"Oyun\">Oyun<\/option><option  value=\"Prova\">Prova<\/option><option  value=\"Konser\">Konser<\/option><option  value=\"S\u00f6yle\u015fi\">S\u00f6yle\u015fi<\/option><option  value=\"Di\u011fer\" class=\"frm_other_trigger\">Di\u011fer<\/option>\t<\/select>\n\t<label for=\"field_d844t2-otext\" class=\"frm_screen_reader frm_hidden\">Rapor T\u00fcr\u00fc<\/label><input type=\"text\" id=\"field_d844t2-otext\" class=\"frm_other_input frm_pos_none\"  name=\"item_meta[other][2978]\" value=\"\" \/>\r\n    \r\n    \r\n<\/div>\n<\/div>\n<div id=\"frm_field_2984_container\" class=\"frm_form_field frm_section_heading form-field \">\r\n<h3 class=\"frm_pos_top frm_section_spacing\">OYUN B\u0130LG\u0130LER\u0130<\/h3>\r\n\r\n\r\n<div id=\"frm_field_2987_container\" class=\"frm_form_field form-field  frm_required_field form-group frm_top_container frm3 frm_first\">\r\n    <label for=\"field_y03nf2\" id=\"field_y03nf2_label\" class=\"frm_primary_label col-form-label form-label\">Oyun Ad\u0131\r\n        <span class=\"frm_required\" aria-hidden=\"true\">*<\/span>\r\n    <\/label>\r\n    <input  type=\"text\" id=\"field_y03nf2\" name=\"item_meta[2987]\" value=\"\"  data-sectionid=\"2984\"  data-reqmsg=\"Bu alan bo\u015f b\u0131rak\u0131lamaz.\" aria-required=\"true\" data-invmsg=\"Text is invalid\" class=\"form-control\" aria-invalid=\"false\"   \/>\r\n    \r\n    \r\n<\/div>\n<div id=\"frm_field_2990_container\" class=\"frm_form_field form-field  frm_required_field form-group frm_top_container frm3\">\r\n    <label for=\"field_yi9pk2\" id=\"field_yi9pk2_label\" class=\"frm_primary_label col-form-label form-label\">Tarih\r\n        <span class=\"frm_required\" aria-hidden=\"true\">*<\/span>\r\n    <\/label>\r\n    <input type=\"text\" id=\"field_yi9pk2\" name=\"item_meta[2990]\" value=\"04.04.2026\"  data-sectionid=\"2984\"  maxlength=\"10\" data-frmval=\"04.04.2026\" data-reqmsg=\"Bu alan bo\u015f b\u0131rak\u0131lamaz.\" aria-required=\"true\" data-invmsg=\"Ge\u00e7ersiz Tarih !\" class=\"frm_date form-control\" aria-invalid=\"false\"  \/>\r\n    \r\n    \r\n<\/div>\n<div id=\"frm_field_2993_container\" class=\"frm_form_field form-field  frm_required_field form-group frm_top_container frm_sixth\">\r\n\t<label for=\"field_ehydp2\" id=\"field_ehydp2_label\" class=\"frm_primary_label col-form-label form-label\">Ba\u015flama saati\r\n\t\t<span class=\"frm_required\" aria-hidden=\"true\">*<\/span>\r\n\t<\/label>\r\n\t<input  type=\"text\" id=\"field_ehydp2\" name=\"item_meta[2993]\" value=\"\"  data-sectionid=\"2984\"  data-reqmsg=\"Bu alan bo\u015f b\u0131rak\u0131lamaz.\" aria-required=\"true\" data-invmsg=\"Ba\u015flama saati is invalid\" class=\"form-control\" aria-invalid=\"false\"   \/>\r\n\t\r\n\t\r\n<\/div>\n<div id=\"frm_field_2996_container\" class=\"frm_form_field form-field  frm_required_field form-group frm_top_container frm_sixth\">\r\n\t<label for=\"field_wzejd2\" id=\"field_wzejd2_label\" class=\"frm_primary_label col-form-label form-label\">Biti\u015f saati\r\n\t\t<span class=\"frm_required\" aria-hidden=\"true\">*<\/span>\r\n\t<\/label>\r\n\t<input  type=\"text\" id=\"field_wzejd2\" name=\"item_meta[2996]\" value=\"\"  data-sectionid=\"2984\"  data-reqmsg=\"Bu alan bo\u015f b\u0131rak\u0131lamaz.\" aria-required=\"true\" data-invmsg=\"Biti\u015f saati is invalid\" class=\"form-control\" aria-invalid=\"false\"   \/>\r\n\t\r\n\t\r\n<\/div>\n<\/div>\n<div id=\"frm_field_3089_container\" class=\"frm_form_field frm_section_heading form-field \">\r\n<h3 class=\"frm_pos_top frm_section_spacing\">\u0130DAR\u0130<\/h3>\r\n\r\n\r\n<div id=\"frm_field_3094_container\" class=\"frm_form_field form-field  form-group frm_top_container\">\r\n\t<label for=\"field_mlkrs\" id=\"field_mlkrs_label\" class=\"frm_primary_label col-form-label form-label\">\u0130DAR\u0130\r\n\t\t<span class=\"frm_required\" aria-hidden=\"true\"><\/span>\r\n\t<\/label>\r\n\t<textarea name=\"item_meta[3094]\" id=\"field_mlkrs\" rows=\"5\"  data-sectionid=\"3089\"  data-invmsg=\"\u0130DAR\u0130 is invalid\" class=\"form-control\" aria-invalid=\"false\"  ><\/textarea>\r\n\t\r\n\t\r\n<\/div>\n<div id=\"frm_field_3011_container\" class=\"frm_form_field form-field  form-group frm_none_container vertical_radio\">\r\n    <div id=\"field_cg6v02_label\" class=\"frm_primary_label col-form-label form-label\">Sorun Bildirimi\r\n        <span class=\"frm_required\" aria-hidden=\"true\"><\/span>\r\n    <\/div>\r\n    <div class=\"frm_opt_container\" role=\"group\">\t\t<div class=\"frm_checkbox checkbox\" id=\"frm_checkbox_3011-3089-0\">\t\t\t<label  for=\"field_cg6v02-0\">\n\t\t\t<input type=\"checkbox\" name=\"item_meta[3011][]\" id=\"field_cg6v02-0\" value=\"Etkinlik sorunsuz bir \u015fekilde tamamlanm\u0131\u015ft\u0131r.\"  data-sectionid=\"3089\"  data-frmval=\"1\" data-invmsg=\"Sorun Bildirimi is invalid\"   \/> Etkinlik sorunsuz bir \u015fekilde tamamlanm\u0131\u015ft\u0131r.<\/label><\/div>\n<\/div>\r\n    \r\n    \r\n<\/div>\n<\/div>\n<div id=\"frm_field_3002_container\" class=\"frm_form_field frm_section_heading form-field \">\r\n<h3 class=\"frm_pos_top frm_section_spacing\">TEKN\u0130K BiLGiLER<\/h3>\r\n\r\n\r\n<div id=\"frm_field_3005_container\" class=\"frm_form_field form-field  form-group frm_top_container\">\r\n    <label for=\"field_mysiv2\" id=\"field_mysiv2_label\" class=\"frm_primary_label col-form-label form-label\">Teknik\r\n        <span class=\"frm_required\" aria-hidden=\"true\"><\/span>\r\n    <\/label>\r\n    <textarea name=\"item_meta[3005]\" id=\"field_mysiv2\" rows=\"5\"  data-sectionid=\"3002\"  data-invmsg=\"Paragraph is invalid\" class=\"form-control\" aria-invalid=\"false\"  ><\/textarea>\r\n    \r\n    \r\n<\/div>\n<div id=\"frm_field_3095_container\" class=\"frm_form_field form-field  form-group frm_none_container vertical_radio\">\r\n    <div id=\"field_2ysg7_label\" class=\"frm_primary_label col-form-label form-label\">Sorun Bildirimi\r\n        <span class=\"frm_required\" aria-hidden=\"true\"><\/span>\r\n    <\/div>\r\n    <div class=\"frm_opt_container\" role=\"group\">\t\t<div class=\"frm_checkbox checkbox\" id=\"frm_checkbox_3095-3002-0\">\t\t\t<label  for=\"field_2ysg7-0\">\n\t\t\t<input type=\"checkbox\" name=\"item_meta[3095][]\" id=\"field_2ysg7-0\" value=\"Etkinlik sorunsuz bir \u015fekilde tamamlanm\u0131\u015ft\u0131r.\"  data-sectionid=\"3002\"  data-frmval=\"1\" data-invmsg=\"Sorun Bildirimi is invalid\"   \/> Etkinlik sorunsuz bir \u015fekilde tamamlanm\u0131\u015ft\u0131r.<\/label><\/div>\n<\/div>\r\n    \r\n    \r\n<\/div>\n<\/div>\n<div id=\"frm_field_3020_container\" class=\"frm_form_field frm_section_heading form-field \">\r\n<h3 class=\"frm_pos_top frm_section_spacing\">G\u00dcVENL\u0130K<\/h3>\r\n\r\n\r\n<div id=\"frm_field_3023_container\" class=\"frm_form_field form-field  form-group frm_top_container frm12 frm_first\">\r\n    <label for=\"field_7gsbx2\" id=\"field_7gsbx2_label\" class=\"frm_primary_label col-form-label form-label\">G\u00fcvenlik\r\n        <span class=\"frm_required\" aria-hidden=\"true\"><\/span>\r\n    <\/label>\r\n    <textarea name=\"item_meta[3023]\" id=\"field_7gsbx2\" rows=\"5\"  data-sectionid=\"3020\"  data-invmsg=\"Paragraph is invalid\" class=\"form-control\" aria-invalid=\"false\"  ><\/textarea>\r\n    \r\n    \r\n<\/div>\n<div id=\"frm_field_3074_container\" class=\"frm_form_field form-field  form-group frm_none_container vertical_radio\">\r\n    <div id=\"field_qy00a_label\" class=\"frm_primary_label col-form-label form-label\">Sorun Bildirimi\r\n        <span class=\"frm_required\" aria-hidden=\"true\"><\/span>\r\n    <\/div>\r\n    <div class=\"frm_opt_container\" role=\"group\">\t\t<div class=\"frm_checkbox checkbox\" id=\"frm_checkbox_3074-3020-0\">\t\t\t<label  for=\"field_qy00a-0\">\n\t\t\t<input type=\"checkbox\" name=\"item_meta[3074][]\" id=\"field_qy00a-0\" value=\"Etkinlik sorunsuz bir \u015fekilde tamamlanm\u0131\u015ft\u0131r.\"  data-sectionid=\"3020\"  data-frmval=\"1\" data-invmsg=\"Sorun Bildirimi is invalid\"   \/> Etkinlik sorunsuz bir \u015fekilde tamamlanm\u0131\u015ft\u0131r.<\/label><\/div>\n<\/div>\r\n    \r\n    \r\n<\/div>\n<\/div>\n<div id=\"frm_field_3044_container\" class=\"frm_form_field frm_section_heading form-field  frm12 frm_first\">\r\n<h3 class=\"frm_pos_top frm_section_spacing\">TEM\u0130ZL\u0130K<\/h3>\r\n\r\n\r\n<div id=\"frm_field_3076_container\" class=\"frm_form_field form-field  form-group frm_top_container\">\r\n\t<label for=\"field_ybmx8\" id=\"field_ybmx8_label\" class=\"frm_primary_label col-form-label form-label\">Temizlik\r\n\t\t<span class=\"frm_required\" aria-hidden=\"true\"><\/span>\r\n\t<\/label>\r\n\t<textarea name=\"item_meta[3076]\" id=\"field_ybmx8\" rows=\"5\"  data-sectionid=\"3044\"  data-invmsg=\"Temizlik is invalid\" class=\"form-control\" aria-invalid=\"false\"  ><\/textarea>\r\n\t\r\n\t\r\n<\/div>\n<div id=\"frm_field_3077_container\" class=\"frm_form_field form-field  form-group frm_none_container vertical_radio\">\r\n    <div id=\"field_hvmv5_label\" class=\"frm_primary_label col-form-label form-label\">Sorun Bildirimi\r\n        <span class=\"frm_required\" aria-hidden=\"true\"><\/span>\r\n    <\/div>\r\n    <div class=\"frm_opt_container\" role=\"group\">\t\t<div class=\"frm_checkbox checkbox\" id=\"frm_checkbox_3077-3044-0\">\t\t\t<label  for=\"field_hvmv5-0\">\n\t\t\t<input type=\"checkbox\" name=\"item_meta[3077][]\" id=\"field_hvmv5-0\" value=\"Etkinlik sorunsuz bir \u015fekilde tamamlanm\u0131\u015ft\u0131r.\"  data-sectionid=\"3044\"  data-frmval=\"1\" data-invmsg=\"Sorun Bildirimi is invalid\"   \/> Etkinlik sorunsuz bir \u015fekilde tamamlanm\u0131\u015ft\u0131r.<\/label><\/div>\n<\/div>\r\n    \r\n    \r\n<\/div>\n<\/div>\n<div id=\"frm_field_3080_container\" class=\"frm_form_field form-field  frm_required_field form-group frm_top_container\">\r\n\t<label for=\"field_n5cx5\" id=\"field_n5cx5_label\" class=\"frm_primary_label col-form-label form-label\">Email\r\n\t\t<span class=\"frm_required\" aria-hidden=\"true\">*<\/span>\r\n\t<\/label>\r\n\t<input type=\"email\" id=\"field_n5cx5\" name=\"item_meta[3080]\" value=\"\"  autocomplete=\"email\"  data-reqmsg=\"Bu alan bo\u015f b\u0131rak\u0131lamaz.\" aria-required=\"true\" data-invmsg=\"Email is invalid\" class=\"form-control\" aria-invalid=\"false\"  \/>\r\n\t\r\n\t\r\n<\/div>\n<div id=\"frm_field_3071_container\" class=\"frm_form_field form-field  form-group\">\r\n\t<div class=\"form-group frm_submit\">\r\n\r\n<button class=\"frm_button_submit btn btn-secondary frm_final_submit\" type=\"submit\"  formnovalidate=\"formnovalidate\">G\u00f6nder<\/button>\r\n\r\n\r\n<\/div>\r\n<\/div>\n\t<input type=\"hidden\" name=\"item_key\" value=\"\" \/>\n\t\t\t<div id=\"frm_field_3226_container\">\n\t\t\t<label for=\"field_e9vd6\" >\n\t\t\t\tIf you are human, leave this field blank.\t\t\t<\/label>\n\t\t\t<input  id=\"field_e9vd6\" type=\"text\" class=\"frm_form_field form-field frm_verify\" name=\"item_meta[3226]\" value=\"\"  \/>\n\t\t<\/div>\n\t\t<input name=\"frm_state\" type=\"hidden\" value=\"PQMos4BYdAyEzzRxmoGJYz8Hq1Pg\/pC6Gdog9org\/ujI8QpqINHnvZetNP2akNqr\" \/><\/div>\n<\/fieldset>\n<\/div>\n\n<\/form>\n<\/div>\n\n<\/div><\/section>\n","protected":false},"excerpt":{"rendered":"","protected":false},"author":22303,"featured_media":0,"parent":0,"menu_order":0,"comment_status":"closed","ping_status":"closed","template":"","meta":{"footnotes":""},"categories":[],"tags":[],"class_list":["post-2920","page","type-page","status-publish","format-standard","hentry"],"_links":{"self":[{"href":"https:\/\/forms.ibb.gov.tr\/sehirtiyatrolari\/wp-json\/wp\/v2\/pages\/2920","targetHints":{"allow":["GET"]}}],"collection":[{"href":"https:\/\/forms.ibb.gov.tr\/sehirtiyatrolari\/wp-json\/wp\/v2\/pages"}],"about":[{"href":"https:\/\/forms.ibb.gov.tr\/sehirtiyatrolari\/wp-json\/wp\/v2\/types\/page"}],"author":[{"embeddable":true,"href":"https:\/\/forms.ibb.gov.tr\/sehirtiyatrolari\/wp-json\/wp\/v2\/users\/22303"}],"replies":[{"embeddable":true,"href":"https:\/\/forms.ibb.gov.tr\/sehirtiyatrolari\/wp-json\/wp\/v2\/comments?post=2920"}],"version-history":[{"count":3,"href":"https:\/\/forms.ibb.gov.tr\/sehirtiyatrolari\/wp-json\/wp\/v2\/pages\/2920\/revisions"}],"predecessor-version":[{"id":2939,"href":"https:\/\/forms.ibb.gov.tr\/sehirtiyatrolari\/wp-json\/wp\/v2\/pages\/2920\/revisions\/2939"}],"wp:attachment":[{"href":"https:\/\/forms.ibb.gov.tr\/sehirtiyatrolari\/wp-json\/wp\/v2\/media?parent=2920"}],"wp:term":[{"taxonomy":"category","embeddable":true,"href":"https:\/\/forms.ibb.gov.tr\/sehirtiyatrolari\/wp-json\/wp\/v2\/categories?post=2920"},{"taxonomy":"post_tag","embeddable":true,"href":"https:\/\/forms.ibb.gov.tr\/sehirtiyatrolari\/wp-json\/wp\/v2\/tags?post=2920"}],"curies":[{"name":"wp","href":"https:\/\/api.w.org\/{rel}","templated":true}]}}