{"id":2987,"date":"2025-11-18T15:30:47","date_gmt":"2025-11-18T12:30:47","guid":{"rendered":"https:\/\/forms.ibb.gov.tr\/sehirtiyatrolari\/?page_id=2987"},"modified":"2025-11-18T15:37:25","modified_gmt":"2025-11-18T12:37:25","slug":"bilgilendirme-toplantisi-katilamama-sebebi","status":"publish","type":"page","link":"https:\/\/forms.ibb.gov.tr\/sehirtiyatrolari\/bilgilendirme-toplantisi-katilamama-sebebi\/","title":{"rendered":"Bilgilendirme Toplant\u0131s\u0131 Kat\u0131lamama Sebebi"},"content":{"rendered":"<div  class='flex_column av-7thlej-243b551448c1dcac3959af3d3dee1363 av_one_fourth  avia-builder-el-0  el_before_av_one_half  avia-builder-el-first  first flex_column_div  '     ><style type=\"text\/css\" data-created_by=\"avia_inline_auto\" id=\"style-css-av-mi4k2pd2-9947cf7c52bd91762ec8ecb9d87ca6ed\">\n.avia-image-container.av-mi4k2pd2-9947cf7c52bd91762ec8ecb9d87ca6ed img.avia_image{\nbox-shadow:none;\n}\n.avia-image-container.av-mi4k2pd2-9947cf7c52bd91762ec8ecb9d87ca6ed .av-image-caption-overlay-center{\ncolor:#ffffff;\n}\n<\/style>\n<div  class='avia-image-container av-mi4k2pd2-9947cf7c52bd91762ec8ecb9d87ca6ed av-styling- avia-align-center  avia-builder-el-1  avia-builder-el-no-sibling '   itemprop=\"image\" itemscope=\"itemscope\" itemtype=\"https:\/\/schema.org\/ImageObject\" ><div class=\"avia-image-container-inner\"><div class=\"avia-image-overlay-wrap\"><img decoding=\"async\" fetchpriority=\"high\" class='wp-image-2639 avia-img-lazy-loading-not-2639 avia_image ' src=\"https:\/\/forms.ibb.gov.tr\/sehirtiyatrolari\/wp-content\/uploads\/sites\/28\/2025\/05\/tiyatro.jpg\" alt='' title='tiyatro'  height=\"407\" width=\"2000\"  itemprop=\"thumbnailUrl\"  \/><\/div><\/div><\/div><\/div>\n<div  class='flex_column av-56x3ob-9314c5fba70e4620eda5d83a68c751d9 av_one_half  avia-builder-el-2  el_after_av_one_fourth  el_before_av_one_fourth  flex_column_div  '     ><section  class='av_textblock_section av-mi4k3og1-53059a11a36aad4b33acc33f6b7642d2 '   itemscope=\"itemscope\" itemtype=\"https:\/\/schema.org\/CreativeWork\" ><div class='avia_textblock'  itemprop=\"text\" ><p style=\"text-align: center\">Cinsel \u015eiddet ve Mobbing Konulu Bilgilendirme Toplant\u0131s\u0131 Kat\u0131lamama Sebebi<\/p>\n<\/div><\/section><br \/>\n<section  class='av_textblock_section av-3vmfdn-f038299855e508a2e4cd309d1948a48a '   itemscope=\"itemscope\" itemtype=\"https:\/\/schema.org\/CreativeWork\" ><div class='avia_textblock'  itemprop=\"text\" ><div class=\"frm_forms  with_frm_style frm_style_formidable-style\" id=\"frm_form_163_container\" data-token=\"a167db805a66a7e7113fa23c988c4c3b\">\n<form enctype=\"multipart\/form-data\" method=\"post\" class=\"frm-show-form  frm_pro_form \" id=\"form_bilgilendirme-toplants\" data-token=\"a167db805a66a7e7113fa23c988c4c3b\">\n<div class=\"frm_form_fields \">\n<fieldset>\n<legend class=\"frm_screen_reader\">Bilgilendirme Toplant\u0131s\u0131 Kat\u0131lamama Sebebi<\/legend>\r\n\r\n<div class=\"frm_fields_container\">\n<input type=\"hidden\" name=\"frm_action\" value=\"create\" \/>\n<input type=\"hidden\" name=\"form_id\" value=\"163\" \/>\n<input type=\"hidden\" name=\"frm_hide_fields_163\" id=\"frm_hide_fields_163\" value=\"\" \/>\n<input type=\"hidden\" name=\"form_key\" value=\"bilgilendirme-toplants\" \/>\n<input type=\"hidden\" name=\"item_meta[0]\" value=\"\" \/>\n<input type=\"hidden\" id=\"frm_submit_entry_163\" name=\"frm_submit_entry_163\" value=\"d94aa53632\" \/><input type=\"hidden\" name=\"_wp_http_referer\" value=\"\/sehirtiyatrolari\/wp-json\/wp\/v2\/pages\/2987\" \/><div id=\"frm_field_3097_container\" class=\"frm_form_field form-field  frm_required_field form-group frm_top_container frm12 frm_first\">\r\n    <label for=\"field_qh4icy22\" class=\"frm_primary_label col-form-label form-label\">Ad, Soyad\r\n        <span class=\"frm_required\">*<\/span>\r\n    <\/label>\r\n    <input  type=\"text\" id=\"field_qh4icy22\" name=\"item_meta[3097]\" value=\"\"  data-reqmsg=\"Ad, Soyad cannot be blank.\" aria-required=\"true\" data-invmsg=\"Ad, Soyad is invalid\" class=\"form-control\" aria-invalid=\"false\"   \/>\r\n    \r\n    \r\n<\/div>\n<div id=\"frm_field_3127_container\" class=\"frm_form_field form-field  frm_required_field form-group frm_top_container vertical_radio frm_other_container\">\n\t<div id=\"field_rx1kt_label\" class=\"frm_primary_label col-form-label form-label\">Kat\u0131lamama sebebi (Cevab\u0131n\u0131z kat\u0131lmad\u0131m ise nedenini yaz\u0131n\u0131z.)\n\t\t<span class=\"frm_required\" aria-hidden=\"true\">*<\/span>\n\t<\/div>\n\t<div class=\"frm_opt_container\" role=\"radiogroup\" aria-required=\"true\">\t\t<div class=\"frm_radio radio\" id=\"frm_radio_3127-0\">\t\t\t<label  for=\"field_rx1kt-0\">\n\t\t\t\t\t<input type=\"radio\" name=\"item_meta[3127]\" id=\"field_rx1kt-0\" value=\"Kat\u0131ld\u0131m\"\n\t\t data-reqmsg=\"Bu alan bo\u015f b\u0131rak\u0131lamaz.\" data-invmsg=\"Kat\u0131lamama sebebi (Cevab\u0131n\u0131z kat\u0131lmad\u0131m ise nedenini yaz\u0131n\u0131z.) is invalid\"   \/> Kat\u0131ld\u0131m<\/label><\/div>\n\t\t<div class=\"frm_radio radio\" id=\"frm_radio_3127-other_1\">\t\t\t<label  for=\"field_rx1kt-other_1\">\n\t\t\t\t\t<input type=\"radio\" name=\"item_meta[3127]\" id=\"field_rx1kt-other_1\" value=\"Kat\u0131lmad\u0131m\"\n\t\t data-reqmsg=\"Bu alan bo\u015f b\u0131rak\u0131lamaz.\" data-invmsg=\"Kat\u0131lamama sebebi (Cevab\u0131n\u0131z kat\u0131lmad\u0131m ise nedenini yaz\u0131n\u0131z.) is invalid\"   \/> Kat\u0131lmad\u0131m<\/label><label for=\"field_rx1kt-other_1-otext\" class=\"frm_screen_reader frm_hidden\">Kat\u0131lmad\u0131m<\/label><input type=\"text\" id=\"field_rx1kt-other_1-otext\" class=\"frm_other_input frm_pos_none\"  name=\"item_meta[other][3127]\" value=\"\" \/><\/div>\n<\/div>\n\t\n\t\n<\/div>\n<div id=\"frm_field_3112_container\" class=\"frm_form_field form-field  form-group\">\r\n\t<div class=\"form-group frm_submit\">\r\n\r\n<button class=\"frm_button_submit btn btn-secondary frm_final_submit\" type=\"submit\" >G\u00f6nder<\/button>\r\n\r\n<\/div>\r\n<\/div>\n\t<input type=\"hidden\" name=\"item_key\" value=\"\" \/>\n\t\t\t<div id=\"frm_field_3226_container\">\n\t\t\t<label for=\"field_bbmxs\" >\n\t\t\t\tIf you are human, leave this field blank.\t\t\t<\/label>\n\t\t\t<input  id=\"field_bbmxs\" type=\"text\" class=\"frm_form_field form-field frm_verify\" name=\"item_meta[3226]\" value=\"\"  \/>\n\t\t<\/div>\n\t\t<input name=\"frm_state\" type=\"hidden\" value=\"PQMos4BYdAyEzzRxmoGJY\/EhVy2IpGnlQ5zLEJqD4CzI8QpqINHnvZetNP2akNqr\" \/><\/div>\n<\/fieldset>\n<\/div>\n\n<\/form>\n<\/div>\n\n<\/div><\/section><\/p><\/div><div  class='flex_column av-9ea8b-3d8f705fcc9b988423ad58e510930740 av_one_fourth  avia-builder-el-5  el_after_av_one_half  avia-builder-el-last  flex_column_div  '     ><style type=\"text\/css\" data-created_by=\"avia_inline_auto\" id=\"style-css-av-mi4k2yg4-ffd6bd2de58b24c46059e09710632c58\">\n.avia-image-container.av-mi4k2yg4-ffd6bd2de58b24c46059e09710632c58 img.avia_image{\nbox-shadow:none;\n}\n.avia-image-container.av-mi4k2yg4-ffd6bd2de58b24c46059e09710632c58 .av-image-caption-overlay-center{\ncolor:#ffffff;\n}\n<\/style>\n<div  class='avia-image-container av-mi4k2yg4-ffd6bd2de58b24c46059e09710632c58 av-styling- avia-align-center  avia-builder-el-6  avia-builder-el-no-sibling '   itemprop=\"image\" itemscope=\"itemscope\" itemtype=\"https:\/\/schema.org\/ImageObject\" ><div class=\"avia-image-container-inner\"><div class=\"avia-image-overlay-wrap\"><img decoding=\"async\" fetchpriority=\"high\" class='wp-image-2639 avia-img-lazy-loading-not-2639 avia_image ' src=\"https:\/\/forms.ibb.gov.tr\/sehirtiyatrolari\/wp-content\/uploads\/sites\/28\/2025\/05\/tiyatro.jpg\" alt='' title='tiyatro'  height=\"407\" width=\"2000\"  itemprop=\"thumbnailUrl\"  \/><\/div><\/div><\/div><\/div><\/p>\n","protected":false},"excerpt":{"rendered":"","protected":false},"author":22303,"featured_media":0,"parent":0,"menu_order":0,"comment_status":"closed","ping_status":"closed","template":"","meta":{"footnotes":""},"categories":[],"tags":[],"class_list":["post-2987","page","type-page","status-publish","format-standard","hentry"],"_links":{"self":[{"href":"https:\/\/forms.ibb.gov.tr\/sehirtiyatrolari\/wp-json\/wp\/v2\/pages\/2987","targetHints":{"allow":["GET"]}}],"collection":[{"href":"https:\/\/forms.ibb.gov.tr\/sehirtiyatrolari\/wp-json\/wp\/v2\/pages"}],"about":[{"href":"https:\/\/forms.ibb.gov.tr\/sehirtiyatrolari\/wp-json\/wp\/v2\/types\/page"}],"author":[{"embeddable":true,"href":"https:\/\/forms.ibb.gov.tr\/sehirtiyatrolari\/wp-json\/wp\/v2\/users\/22303"}],"replies":[{"embeddable":true,"href":"https:\/\/forms.ibb.gov.tr\/sehirtiyatrolari\/wp-json\/wp\/v2\/comments?post=2987"}],"version-history":[{"count":5,"href":"https:\/\/forms.ibb.gov.tr\/sehirtiyatrolari\/wp-json\/wp\/v2\/pages\/2987\/revisions"}],"predecessor-version":[{"id":2992,"href":"https:\/\/forms.ibb.gov.tr\/sehirtiyatrolari\/wp-json\/wp\/v2\/pages\/2987\/revisions\/2992"}],"wp:attachment":[{"href":"https:\/\/forms.ibb.gov.tr\/sehirtiyatrolari\/wp-json\/wp\/v2\/media?parent=2987"}],"wp:term":[{"taxonomy":"category","embeddable":true,"href":"https:\/\/forms.ibb.gov.tr\/sehirtiyatrolari\/wp-json\/wp\/v2\/categories?post=2987"},{"taxonomy":"post_tag","embeddable":true,"href":"https:\/\/forms.ibb.gov.tr\/sehirtiyatrolari\/wp-json\/wp\/v2\/tags?post=2987"}],"curies":[{"name":"wp","href":"https:\/\/api.w.org\/{rel}","templated":true}]}}