{"id":321,"date":"2021-11-08T12:14:07","date_gmt":"2021-11-08T09:14:07","guid":{"rendered":"https:\/\/forms.ibb.gov.tr\/sehirtiyatrolari\/?page_id=321"},"modified":"2021-11-08T12:38:24","modified_gmt":"2021-11-08T09:38:24","slug":"aydinlatma-metni","status":"publish","type":"page","link":"https:\/\/forms.ibb.gov.tr\/sehirtiyatrolari\/aydinlatma-metni\/","title":{"rendered":"Ayd\u0131nlatma Metni"},"content":{"rendered":"<p style=\"text-align: center;\"><img loading=\"lazy\" decoding=\"async\" class=\"wp-image-332 aligncenter\" src=\"https:\/\/forms.ibb.gov.tr\/sehirtiyatrolari\/wp-content\/uploads\/sites\/28\/2021\/11\/ibb-logo-300x248.png\" alt=\"\" width=\"89\" height=\"80\" \/><\/p>\n<h5 style=\"text-align: center;\"><strong>\u00c7OCUK HAKLARI FEST\u0130VAL\u0130 KAPSAMINDA K\u0130\u015e\u0130SEL VER\u0130LER\u0130N \u0130\u015eLENMES\u0130NE \u0130L\u0130\u015eK\u0130N<\/strong><br \/>\n<strong>\u00c7OCUK AYDINLATMA METN\u0130<\/strong><\/h5>\n<p style=\"text-align: center;\"><strong>MERHABA!<\/strong><br \/>\n<strong>B\u0130LG\u0130LER\u0130N\u0130 B\u0130Z\u0130MLE PAYLA\u015eMAK \u0130STER M\u0130S\u0130N?<\/strong><\/p>\n<p>&nbsp;<\/p>\n<p><strong>Biz Kimiz?<\/strong><br \/>\nBiz kat\u0131ld\u0131\u011f\u0131n \u00c7ocuk Haklar\u0131 Festivali\u2019ni d\u00fczenleyen \u0130stanbul B\u00fcy\u00fck\u015fehir Belediyesi\u2019yiz.<\/p>\n<p>Bizimle Payla\u015fman\u0131 \u0130stedi\u011fimiz Bilgilerin Hakk\u0131nda A\u00e7\u0131klamalar<\/p>\n<hr \/>\n<p><span style=\"color: #000080;\"><strong>\u0130Z\u0130N<\/strong><\/span><br \/>\n18 ya\u015f\u0131n\u0131 doldurmad\u0131\u011f\u0131n i\u00e7in, etkinler esnas\u0131nda temin edilen ses, foto\u011fraf ve video kay\u0131tlar\u0131n\u0131 kullanmak \u00fczere ailenin veya kanuni temsilcinin iznine ihtiya\u00e7 duydu\u011fumuzu belirtmek isteriz. Bu izni verebilmeleri i\u00e7in anne, baban\u0131n veya kanuni temsilcinin kendileri ile payla\u015faca\u011f\u0131m\u0131z bir izin belgesini imzalamalar\u0131 gerekir. Bu bilgileri bizimle payla\u015fmak tamamen sizin se\u00e7iminize ba\u011fl\u0131d\u0131r.<\/p>\n<p>&nbsp;<\/p>\n<p><span style=\"color: #000080;\"><strong>B\u0130LG\u0130LER<\/strong><\/span><br \/>\nPrograma kat\u0131l\u0131m\u0131n do\u011frultusunda ba\u015fvuru s\u0131ras\u0131nda ad\u0131n, soyad\u0131n, ya\u015f\u0131n ve etkinlik esnas\u0131nda temin edilen ses, foto\u011fraf ve video kay\u0131tlar\u0131n; \u0130stanbul B\u00fcy\u00fck\u015fehir Belediyesi taraf\u0131ndan festivali do\u011fru \u015fekilde y\u00fcr\u00fctmek, organizasyon ve etkinlik y\u00f6netimini sa\u011flamak, bir \u015fikayetin olursa seni memnun edebilmek i\u00e7in gereken i\u015flemlerin yap\u0131lmas\u0131, festival hakk\u0131nda seni ve aileni bilgilendirmek\u00a0 ve gereken hallerde seninle veya ailenle ileti\u015fime ge\u00e7ebilmek ama\u00e7lar\u0131 i\u00e7in kay\u0131t alt\u0131na al\u0131nacakt\u0131r.<\/p>\n<p>&nbsp;<\/p>\n<p><span style=\"color: #000080;\"><strong>YASAL GEREK\u00c7E<\/strong><\/span><br \/>\nAd\u0131n, soyad\u0131n, ya\u015f\u0131n ve foto\u011fraf, video ve ses kay\u0131tlar\u0131n gibi ki\u015fisel verilerin 6698 say\u0131l\u0131 Kanun\u2019un\u00a0 5\/2-f bendi \u201c\u0130lgili ki\u015finin temel hak ve \u00f6zg\u00fcrl\u00fcklerine zarar vermemek kayd\u0131yla, veri sorumlusunun me\u015fru menfaatleri i\u00e7in veri i\u015flenmesinin zorunlu olmas\u0131\u201d hukuki sebebi uyar\u0131nca i\u015flenecektir. \u0130zin ba\u015fl\u0131\u011f\u0131 alt\u0131nda detayl\u0131 olarak a\u00e7\u0131kland\u0131\u011f\u0131 \u00fczere g\u00f6rsel ve i\u015fitsel kay\u0131t verileri kapsam\u0131nda yer alan ses, foto\u011fraf ve video kay\u0131tlar\u0131n, a\u00e7\u0131k r\u0131za hukuki sebebi uyar\u0131nca i\u015flenecektir.<\/p>\n<p>&nbsp;<\/p>\n<p><span style=\"color: #000080;\"><strong>PAYLA\u015eIM<\/strong><\/span><br \/>\nKi\u015fisel bilgilerini, talep edilmesi halinde ve yukar\u0131daki ama\u00e7lar do\u011frultusunda devlet kurumlar\u0131yla zorunlu oldu\u011fu \u00f6l\u00e7\u00fcde payla\u015f\u0131yoruz! \u00a0\u0130zin ba\u015fl\u0131\u011f\u0131 alt\u0131nda detayl\u0131 olarak a\u00e7\u0131kland\u0131\u011f\u0131 \u00fczere g\u00f6rsel ve i\u015fitsel kay\u0131t verileri kapsam\u0131nda yer alan ses, foto\u011fraf ve video kay\u0131tlar\u0131n, a\u00e7\u0131k r\u0131za hukuki sebebi uyar\u0131nca \u0130BB faaliyetlerinin tan\u0131t\u0131lmas\u0131 ad\u0131na \u0130BB tan\u0131t\u0131m videolar\u0131\/sunumlar\u0131nda ve \u0130BB\u2019ye ait sosyal medya hesaplar\u0131nda aleni olarak payla\u015f\u0131labilecektir.<\/p>\n<hr \/>\n<p><strong>Bize Nas\u0131l Ula\u015fabilirsin?<\/strong><\/p>\n<p>Kafana bir \u015fey tak\u0131l\u0131rsa veya bir \u015fey sormak istersen ismini, soy ismini, anne ve baban\u0131n telefon numaras\u0131 ve isimlerini yazarak kvkk_bildirim@ibb.gov.tr adresine g\u00f6nderebilece\u011fin bir elektronik posta ile her zaman bize ula\u015fabilirsin.<\/p>\n<p>&nbsp;<\/p>\n<p>&nbsp;<\/p>\n<p>Kendine iyi bak,<br \/>\n\u0130stanbul B\u00fcy\u00fck\u015fehir Belediyesi<\/p>\n","protected":false},"excerpt":{"rendered":"<p>\u00c7OCUK HAKLARI FEST\u0130VAL\u0130 KAPSAMINDA K\u0130\u015e\u0130SEL VER\u0130LER\u0130N \u0130\u015eLENMES\u0130NE \u0130L\u0130\u015eK\u0130N \u00c7OCUK AYDINLATMA METN\u0130 MERHABA! B\u0130LG\u0130LER\u0130N\u0130 B\u0130Z\u0130MLE PAYLA\u015eMAK \u0130STER M\u0130S\u0130N? &nbsp; Biz Kimiz? Biz kat\u0131ld\u0131\u011f\u0131n \u00c7ocuk Haklar\u0131 Festivali\u2019ni d\u00fczenleyen \u0130stanbul B\u00fcy\u00fck\u015fehir Belediyesi\u2019yiz. Bizimle Payla\u015fman\u0131 \u0130stedi\u011fimiz Bilgilerin Hakk\u0131nda A\u00e7\u0131klamalar \u0130Z\u0130N 18 ya\u015f\u0131n\u0131 doldurmad\u0131\u011f\u0131n i\u00e7in, etkinler esnas\u0131nda temin edilen ses, foto\u011fraf ve video kay\u0131tlar\u0131n\u0131 kullanmak \u00fczere ailenin veya kanuni temsilcinin [&hellip;]<\/p>\n","protected":false},"author":1,"featured_media":0,"parent":0,"menu_order":0,"comment_status":"closed","ping_status":"closed","template":"","meta":{"footnotes":""},"categories":[],"tags":[],"class_list":["post-321","page","type-page","status-publish","format-standard","hentry"],"_links":{"self":[{"href":"https:\/\/forms.ibb.gov.tr\/sehirtiyatrolari\/wp-json\/wp\/v2\/pages\/321","targetHints":{"allow":["GET"]}}],"collection":[{"href":"https:\/\/forms.ibb.gov.tr\/sehirtiyatrolari\/wp-json\/wp\/v2\/pages"}],"about":[{"href":"https:\/\/forms.ibb.gov.tr\/sehirtiyatrolari\/wp-json\/wp\/v2\/types\/page"}],"author":[{"embeddable":true,"href":"https:\/\/forms.ibb.gov.tr\/sehirtiyatrolari\/wp-json\/wp\/v2\/users\/1"}],"replies":[{"embeddable":true,"href":"https:\/\/forms.ibb.gov.tr\/sehirtiyatrolari\/wp-json\/wp\/v2\/comments?post=321"}],"version-history":[{"count":8,"href":"https:\/\/forms.ibb.gov.tr\/sehirtiyatrolari\/wp-json\/wp\/v2\/pages\/321\/revisions"}],"predecessor-version":[{"id":343,"href":"https:\/\/forms.ibb.gov.tr\/sehirtiyatrolari\/wp-json\/wp\/v2\/pages\/321\/revisions\/343"}],"wp:attachment":[{"href":"https:\/\/forms.ibb.gov.tr\/sehirtiyatrolari\/wp-json\/wp\/v2\/media?parent=321"}],"wp:term":[{"taxonomy":"category","embeddable":true,"href":"https:\/\/forms.ibb.gov.tr\/sehirtiyatrolari\/wp-json\/wp\/v2\/categories?post=321"},{"taxonomy":"post_tag","embeddable":true,"href":"https:\/\/forms.ibb.gov.tr\/sehirtiyatrolari\/wp-json\/wp\/v2\/tags?post=321"}],"curies":[{"name":"wp","href":"https:\/\/api.w.org\/{rel}","templated":true}]}}