{"id":3282,"date":"2026-04-13T16:05:52","date_gmt":"2026-04-13T13:05:52","guid":{"rendered":"https:\/\/forms.ibb.gov.tr\/sehirtiyatrolari\/?page_id=3282"},"modified":"2026-04-13T16:05:52","modified_gmt":"2026-04-13T13:05:52","slug":"personel-bilgi-sistemi","status":"publish","type":"page","link":"https:\/\/forms.ibb.gov.tr\/sehirtiyatrolari\/personel-bilgi-sistemi\/","title":{"rendered":"PERSONEL B\u0130LG\u0130 S\u0130STEM\u0130"},"content":{"rendered":"<p><img loading=\"lazy\" decoding=\"async\" class=\"alignnone wp-image-21\" src=\"https:\/\/forms.ibb.gov.tr\/sehirtiyatrolari\/wp-content\/uploads\/sites\/28\/2021\/10\/sehirtyatrolari-logo-300x81.png\" alt=\"\" width=\"1374\" height=\"371\" srcset=\"https:\/\/forms.ibb.gov.tr\/sehirtiyatrolari\/wp-content\/uploads\/sites\/28\/2021\/10\/sehirtyatrolari-logo-300x81.png 300w, https:\/\/forms.ibb.gov.tr\/sehirtiyatrolari\/wp-content\/uploads\/sites\/28\/2021\/10\/sehirtyatrolari-logo-1030x278.png 1030w, https:\/\/forms.ibb.gov.tr\/sehirtiyatrolari\/wp-content\/uploads\/sites\/28\/2021\/10\/sehirtyatrolari-logo-768x207.png 768w, https:\/\/forms.ibb.gov.tr\/sehirtiyatrolari\/wp-content\/uploads\/sites\/28\/2021\/10\/sehirtyatrolari-logo-1536x414.png 1536w, https:\/\/forms.ibb.gov.tr\/sehirtiyatrolari\/wp-content\/uploads\/sites\/28\/2021\/10\/sehirtyatrolari-logo-1500x404.png 1500w, https:\/\/forms.ibb.gov.tr\/sehirtiyatrolari\/wp-content\/uploads\/sites\/28\/2021\/10\/sehirtyatrolari-logo-705x190.png 705w, https:\/\/forms.ibb.gov.tr\/sehirtiyatrolari\/wp-content\/uploads\/sites\/28\/2021\/10\/sehirtyatrolari-logo.png 1892w\" sizes=\"auto, (max-width: 1374px) 100vw, 1374px\" \/><\/p>\n<div class=\"frm_forms  with_frm_style frm_style_formidable-style\" id=\"frm_form_172_container\" data-token=\"7a7f2cf24d5c9e46e163e0c16019c298\">\n<form enctype=\"multipart\/form-data\" method=\"post\" class=\"frm-show-form  frm_pro_form \" id=\"form_personelbilgisistemi\" data-token=\"7a7f2cf24d5c9e46e163e0c16019c298\">\n<div class=\"frm_form_fields \">\n<fieldset>\n<legend class=\"frm_screen_reader\">PERSONEL B\u0130LG\u0130 S\u0130STEM\u0130<\/legend>\r\n\r\n<div class=\"frm_fields_container\">\n<input type=\"hidden\" name=\"frm_action\" value=\"create\" \/>\n<input type=\"hidden\" name=\"form_id\" value=\"172\" \/>\n<input type=\"hidden\" name=\"frm_hide_fields_172\" id=\"frm_hide_fields_172\" value=\"\" \/>\n<input type=\"hidden\" name=\"form_key\" value=\"personelbilgisistemi\" \/>\n<input type=\"hidden\" name=\"item_meta[0]\" value=\"\" \/>\n<input type=\"hidden\" id=\"frm_submit_entry_172\" name=\"frm_submit_entry_172\" value=\"2a750501e7\" \/><input type=\"hidden\" name=\"_wp_http_referer\" value=\"\/sehirtiyatrolari\/wp-json\/wp\/v2\/pages\/3282\" \/><div id=\"frm_field_3245_container\" class=\"frm_form_field form-field  frm_required_field form-group frm_top_container frm6  frm4 frm_first\">\r\n\t<label for=\"field_w9gen\" id=\"field_w9gen_label\" class=\"frm_primary_label col-form-label form-label\">S\u0130C\u0130L NO\r\n\t\t<span class=\"frm_required\" aria-hidden=\"true\">*<\/span>\r\n\t<\/label>\r\n\t<input  type=\"text\" id=\"field_w9gen\" name=\"item_meta[3245]\" value=\"\"  data-reqmsg=\"Bu alan bo\u015f b\u0131rak\u0131lamaz.\" aria-required=\"true\" data-invmsg=\"S\u0130C\u0130L NO is invalid\" class=\"form-control\" aria-invalid=\"false\"   \/>\r\n\t\r\n\t\r\n<\/div>\n<div id=\"frm_field_3282_container\" class=\"frm_form_field form-field  frm_required_field form-group frm_top_container frm4\">\r\n\t<label for=\"field_docnt\" id=\"field_docnt_label\" class=\"frm_primary_label col-form-label form-label\">C\u0130NS\u0130YET\r\n\t\t<span class=\"frm_required\" aria-hidden=\"true\">*<\/span>\r\n\t<\/label>\r\n\t\t\t<select name=\"item_meta[3282]\" id=\"field_docnt\"  data-frmval=\"Se\u00e7iniz\" data-reqmsg=\"Bu alan bo\u015f b\u0131rak\u0131lamaz.\" aria-required=\"true\" data-invmsg=\"C\u0130NS\u0130YET is invalid\" class=\"form-control\" aria-invalid=\"false\"  >\n\t\t<option  value=\"Se\u00e7iniz\" selected='selected'>Se\u00e7iniz<\/option><option  value=\"KADIN\">KADIN<\/option><option  value=\"ERKEK\">ERKEK<\/option>\t<\/select>\n\t\r\n\t\r\n\t\r\n<\/div>\n<div id=\"frm_field_3242_container\" class=\"frm_form_field form-field  frm_required_field form-group frm_top_container frm4\">\r\n\t<div id=\"field_lrbku_label\" class=\"frm_primary_label col-form-label form-label\">AD SOYAD\r\n\t\t<span class=\"frm_required\" aria-hidden=\"true\">*<\/span>\r\n\t<\/div>\r\n\t<fieldset aria-labelledby=\"field_lrbku_label\">\n\t<legend class=\"frm_screen_reader frm_hidden\">\n\t\tAD SOYAD\t<\/legend>\n\n\t<div  class=\"frm_combo_inputs_container\" id=\"frm_combo_inputs_container_3242\" data-name-layout=\"first_last\">\n\t\t\t\t\t<div\n\t\t\t\tid=\"frm_field_3242-first_container\"\n\t\t\t\tclass=\"frm_form_field form-field frm_form_subfield-first  frm6\"\n\t\t\t\tdata-sub-field-name=\"first\"\n\t\t\t>\n\t\t\t\t<label for=\"field_lrbku_first\" class=\"frm_screen_reader frm_hidden\">\n\t\t\t\t\tAd\t\t\t\t<\/label>\n\n\t\t\t\t<input  type=\"text\" id=\"field_lrbku_first\" value=\"\" name=\"item_meta[3242][first]\" autocomplete=\"given-name\" data-reqmsg=\"Bu alan bo\u015f b\u0131rak\u0131lamaz.\" aria-required=\"true\" data-invmsg=\"AD SOYAD is invalid\" class=\"form-control\" aria-invalid=\"false\"  \/><div class=\"frm_description\" id=\"frm_field_3242_first_desc\">Ad<\/div>\t\t\t<\/div>\n\t\t\t\t\t\t<div\n\t\t\t\tid=\"frm_field_3242-last_container\"\n\t\t\t\tclass=\"frm_form_field form-field frm_form_subfield-last  frm6\"\n\t\t\t\tdata-sub-field-name=\"last\"\n\t\t\t>\n\t\t\t\t<label for=\"field_lrbku_last\" class=\"frm_screen_reader frm_hidden\">\n\t\t\t\t\tSoyad\t\t\t\t<\/label>\n\n\t\t\t\t<input  type=\"text\" id=\"field_lrbku_last\" value=\"\" name=\"item_meta[3242][last]\" autocomplete=\"family-name\" data-reqmsg=\"Bu alan bo\u015f b\u0131rak\u0131lamaz.\" aria-required=\"true\" data-invmsg=\"AD SOYAD is invalid\" class=\"form-control\" aria-invalid=\"false\"  \/><div class=\"frm_description\" id=\"frm_field_3242_last_desc\">Soyad<\/div>\t\t\t<\/div>\n\t\t\t\t<\/div>\n<\/fieldset>\n\r\n\t\r\n\t\r\n<\/div>\n<div id=\"frm_field_3285_container\" class=\"frm_form_field form-field  frm_required_field form-group frm_top_container frm3 frm_first\">\r\n\t<label for=\"field_jzeol\" id=\"field_jzeol_label\" class=\"frm_primary_label col-form-label form-label\">TC K\u0130ML\u0130K NO\r\n\t\t<span class=\"frm_required\" aria-hidden=\"true\">*<\/span>\r\n\t<\/label>\r\n\t<div class=\"frm_with_box\"><input  type=\"text\" id=\"field_jzeol\" name=\"item_meta[3285]\" value=\"\"  data-reqmsg=\"Bu alan bo\u015f b\u0131rak\u0131lamaz.\" aria-required=\"true\" data-invmsg=\"TC K\u0130ML\u0130K NO is invalid\" class=\"form-control frm-has-number-format\" aria-invalid=\"false\"   \/><\/div>\r\n\t\r\n\t\r\n<\/div>\n<div id=\"frm_field_3251_container\" class=\"frm_form_field form-field  frm_required_field form-group frm_top_container frm3\">\r\n\t<label for=\"field_iblur\" id=\"field_iblur_label\" class=\"frm_primary_label col-form-label form-label\">TELEFON\r\n\t\t<span class=\"frm_required\" aria-hidden=\"true\">*<\/span>\r\n\t<\/label>\r\n\t<input type=\"tel\" id=\"field_iblur\" name=\"item_meta[3251]\" value=\"\"  data-frmmask=\"0(000)0000000\" data-reqmsg=\"Bu alan bo\u015f b\u0131rak\u0131lamaz.\" aria-required=\"true\" data-invmsg=\"TELEFON is invalid\" class=\"form-control\" aria-invalid=\"false\" pattern=\"\\d\\(\\d\\d\\d\\)\\d\\d\\d\\d\\d\\d\\d$\"  \/>\r\n\t\r\n\t\r\n<\/div>\n<div id=\"frm_field_3256_container\" class=\"frm_form_field form-field  frm_required_field form-group frm_top_container frm3\">\r\n\t<label for=\"field_g6sm7\" id=\"field_g6sm7_label\" class=\"frm_primary_label col-form-label form-label\">YAKINININ TELEFON NUMARASI\r\n\t\t<span class=\"frm_required\" aria-hidden=\"true\">*<\/span>\r\n\t<\/label>\r\n\t<input type=\"tel\" id=\"field_g6sm7\" name=\"item_meta[3256]\" value=\"\"  data-frmmask=\"0(000)0000000\" data-reqmsg=\"Bu alan bo\u015f b\u0131rak\u0131lamaz.\" aria-required=\"true\" data-invmsg=\"YAKINININ TELEFON NUMARASI is invalid\" class=\"form-control\" aria-invalid=\"false\" pattern=\"\\d\\(\\d\\d\\d\\)\\d\\d\\d\\d\\d\\d\\d$\"  \/>\r\n\t\r\n\t\r\n<\/div>\n<div id=\"frm_field_3247_container\" class=\"frm_form_field form-field  frm_required_field form-group frm_top_container frm3\">\r\n\t<label for=\"field_ly75n\" id=\"field_ly75n_label\" class=\"frm_primary_label col-form-label form-label\">YAKINLIK DERECES\u0130\r\n\t\t<span class=\"frm_required\" aria-hidden=\"true\">*<\/span>\r\n\t<\/label>\r\n\t<input  type=\"text\" id=\"field_ly75n\" name=\"item_meta[3247]\" value=\"\"  data-reqmsg=\"Bu alan bo\u015f b\u0131rak\u0131lamaz.\" aria-required=\"true\" data-invmsg=\"YAKINLIK DERECES\u0130 is invalid\" class=\"form-control\" aria-invalid=\"false\"   \/>\r\n\t\r\n\t\r\n<\/div>\n<div id=\"frm_field_3258_container\" class=\"frm_form_field form-field  frm_required_field form-group frm_top_container frm6 frm_first\">\r\n\t<label for=\"field_kjipx\" id=\"field_kjipx_label\" class=\"frm_primary_label col-form-label form-label\">DO\u011eUM TAR\u0130H\u0130\r\n\t\t<span class=\"frm_required\" aria-hidden=\"true\">*<\/span>\r\n\t<\/label>\r\n\t<input type=\"text\" id=\"field_kjipx\" name=\"item_meta[3258]\" value=\"\"  maxlength=\"10\" data-reqmsg=\"Bu alan bo\u015f b\u0131rak\u0131lamaz.\" aria-required=\"true\" data-invmsg=\"DO\u011eUM TAR\u0130H\u0130 is invalid\" class=\"frm_date form-control\" aria-invalid=\"false\"  \/>\r\n\t\r\n\t\r\n<\/div>\n<div id=\"frm_field_3259_container\" class=\"frm_form_field form-field  frm_required_field form-group frm_top_container frm6\">\r\n\t<label for=\"field_knd4e\" id=\"field_knd4e_label\" class=\"frm_primary_label col-form-label form-label\">\u0130\u015eE \u0130LK G\u0130R\u0130\u015e TAR\u0130H\u0130\r\n\t\t<span class=\"frm_required\" aria-hidden=\"true\">*<\/span>\r\n\t<\/label>\r\n\t<input type=\"text\" id=\"field_knd4e\" name=\"item_meta[3259]\" value=\"\"  maxlength=\"10\" data-reqmsg=\"Bu alan bo\u015f b\u0131rak\u0131lamaz.\" aria-required=\"true\" data-invmsg=\"\u0130\u015eE \u0130LK G\u0130R\u0130\u015e TAR\u0130H\u0130 is invalid\" class=\"frm_date form-control\" aria-invalid=\"false\"  \/>\r\n\t\r\n\t\r\n<\/div>\n<div id=\"frm_field_3262_container\" class=\"frm_form_field form-field  frm_required_field form-group frm_top_container frm12 frm_first\">\r\n\t<label for=\"field_wz6jz\" id=\"field_wz6jz_label\" class=\"frm_primary_label col-form-label form-label\">\u00d6\u011eREN\u0130M DURUMU\r\n\t\t<span class=\"frm_required\" aria-hidden=\"true\">*<\/span>\r\n\t<\/label>\r\n\t\t\t<select name=\"item_meta[3262]\" id=\"field_wz6jz\"  data-frmval=\"Se\u00e7iniz\" data-reqmsg=\"Bu alan bo\u015f b\u0131rak\u0131lamaz.\" aria-required=\"true\" data-invmsg=\"\u00d6\u011eREN\u0130M DURUMU is invalid\" class=\"form-control\" aria-invalid=\"false\"  >\n\t\t<option  value=\"Se\u00e7iniz\" selected='selected'>Se\u00e7iniz<\/option><option  value=\"Okuryazar\">Okuryazar<\/option><option  value=\"\u0130lk\u00f6\u011fretim\">\u0130lk\u00f6\u011fretim<\/option><option  value=\"Lise\">Lise<\/option><option  value=\"\u00d6n Lisans\">\u00d6n Lisans<\/option><option  value=\"Lisans\">Lisans<\/option><option  value=\"Y\u00fcksek lisans\">Y\u00fcksek lisans<\/option><option  value=\"Doktora\">Doktora<\/option>\t<\/select>\n\t\r\n\t\r\n\t\r\n<\/div>\n<div id=\"frm_field_3265_container\" class=\"frm_form_field form-field  frm_required_field form-group frm_top_container frm3 frm_first\">\r\n\t<label for=\"field_gzgzs\" id=\"field_gzgzs_label\" class=\"frm_primary_label col-form-label form-label\">OKUL ADI\r\n\t\t<span class=\"frm_required\" aria-hidden=\"true\">*<\/span>\r\n\t<\/label>\r\n\t<input  type=\"text\" id=\"field_gzgzs\" name=\"item_meta[3265]\" value=\"\"  data-reqmsg=\"Bu alan bo\u015f b\u0131rak\u0131lamaz.\" aria-required=\"true\" data-invmsg=\"OKUL ADI is invalid\" class=\"form-control\" aria-invalid=\"false\"   \/>\r\n\t\r\n\t\r\n<\/div>\n<div id=\"frm_field_3266_container\" class=\"frm_form_field form-field  form-group frm_top_container frm3\">\r\n\t<label for=\"field_ef9wl\" id=\"field_ef9wl_label\" class=\"frm_primary_label col-form-label form-label\">FAK\u00dcLTE ADI\r\n\t\t<span class=\"frm_required\" aria-hidden=\"true\"><\/span>\r\n\t<\/label>\r\n\t<input  type=\"text\" id=\"field_ef9wl\" name=\"item_meta[3266]\" value=\"\"  data-invmsg=\"FAK\u00dcLTE ADI is invalid\" class=\"form-control\" aria-invalid=\"false\"   \/>\r\n\t\r\n\t\r\n<\/div>\n<div id=\"frm_field_3268_container\" class=\"frm_form_field form-field  form-group frm_top_container frm3\">\r\n\t<label for=\"field_zr258\" id=\"field_zr258_label\" class=\"frm_primary_label col-form-label form-label\">B\u00d6L\u00dcM ADI\r\n\t\t<span class=\"frm_required\" aria-hidden=\"true\"><\/span>\r\n\t<\/label>\r\n\t<input  type=\"text\" id=\"field_zr258\" name=\"item_meta[3268]\" value=\"\"  data-invmsg=\"B\u00d6L\u00dcM ADI is invalid\" class=\"form-control\" aria-invalid=\"false\"   \/>\r\n\t\r\n\t\r\n<\/div>\n<div id=\"frm_field_3270_container\" class=\"frm_form_field form-field  form-group frm_top_container frm3\">\r\n\t<label for=\"field_qqsfa\" id=\"field_qqsfa_label\" class=\"frm_primary_label col-form-label form-label\">MEZUN\u0130YET TAR\u0130H\u0130\r\n\t\t<span class=\"frm_required\" aria-hidden=\"true\"><\/span>\r\n\t<\/label>\r\n\t<input type=\"text\" id=\"field_qqsfa\" name=\"item_meta[3270]\" value=\"\"  maxlength=\"10\" data-invmsg=\"MEZUN\u0130YET TAR\u0130H\u0130 is invalid\" class=\"frm_date form-control\" aria-invalid=\"false\"  \/>\r\n\t\r\n\t\r\n<\/div>\n<div id=\"frm_field_3272_container\" class=\"frm_form_field form-field  frm_required_field form-group frm_top_container frm3 frm_first\">\r\n\t<label for=\"field_f6myg\" id=\"field_f6myg_label\" class=\"frm_primary_label col-form-label form-label\">\u0130KAMET ADRES\u0130\r\n\t\t<span class=\"frm_required\" aria-hidden=\"true\">*<\/span>\r\n\t<\/label>\r\n\t<input  type=\"text\" id=\"field_f6myg\" name=\"item_meta[3272]\" value=\"\"  data-reqmsg=\"Bu alan bo\u015f b\u0131rak\u0131lamaz.\" aria-required=\"true\" data-invmsg=\"\u0130KAMET ADRES\u0130 is invalid\" class=\"form-control\" aria-invalid=\"false\"   \/>\r\n\t\r\n\t\r\n<\/div>\n<div id=\"frm_field_3273_container\" class=\"frm_form_field form-field  frm_required_field form-group frm_top_container frm3\">\r\n\t<label for=\"field_lyu9y\" id=\"field_lyu9y_label\" class=\"frm_primary_label col-form-label form-label\">\u0130L\u00c7E\r\n\t\t<span class=\"frm_required\" aria-hidden=\"true\">*<\/span>\r\n\t<\/label>\r\n\t<input  type=\"text\" id=\"field_lyu9y\" name=\"item_meta[3273]\" value=\"\"  data-reqmsg=\"Bu alan bo\u015f b\u0131rak\u0131lamaz.\" aria-required=\"true\" data-invmsg=\"\u0130L\u00c7E is invalid\" class=\"form-control\" aria-invalid=\"false\"   \/>\r\n\t\r\n\t\r\n<\/div>\n<div id=\"frm_field_3277_container\" class=\"frm_form_field form-field  frm_required_field form-group frm_top_container frm3\">\r\n\t<label for=\"field_dw2m6\" id=\"field_dw2m6_label\" class=\"frm_primary_label col-form-label form-label\">E-POSTA\r\n\t\t<span class=\"frm_required\" aria-hidden=\"true\">*<\/span>\r\n\t<\/label>\r\n\t<input type=\"email\" id=\"field_dw2m6\" name=\"item_meta[3277]\" value=\"\"  autocomplete=\"email\"  data-reqmsg=\"Bu alan bo\u015f b\u0131rak\u0131lamaz.\" aria-required=\"true\" data-invmsg=\"E-POSTA is invalid\" class=\"form-control\" aria-invalid=\"false\"  \/>\r\n\t\r\n\t\r\n<\/div>\n<div id=\"frm_field_3276_container\" class=\"frm_form_field form-field  frm_required_field form-group frm_top_container frm3\">\r\n\t<label for=\"field_2nglj\" id=\"field_2nglj_label\" class=\"frm_primary_label col-form-label form-label\">KAN GRUBU\r\n\t\t<span class=\"frm_required\" aria-hidden=\"true\">*<\/span>\r\n\t<\/label>\r\n\t<input  type=\"text\" id=\"field_2nglj\" name=\"item_meta[3276]\" value=\"\"  data-reqmsg=\"Bu alan bo\u015f b\u0131rak\u0131lamaz.\" aria-required=\"true\" data-invmsg=\"KAN GRUBU is invalid\" class=\"form-control\" aria-invalid=\"false\"   \/>\r\n\t\r\n\t\r\n<\/div>\n<div id=\"frm_field_3280_container\" class=\"frm_form_field form-field  form-group frm_top_container\">\r\n\t<label for=\"field_29z1e\" id=\"field_29z1e_label\" class=\"frm_primary_label col-form-label form-label\">ARA\u00c7 PLAKA (varsa)\r\n\t\t<span class=\"frm_required\" aria-hidden=\"true\"><\/span>\r\n\t<\/label>\r\n\t<input  type=\"text\" id=\"field_29z1e\" name=\"item_meta[3280]\" value=\"\"  data-invmsg=\"ARA\u00c7 PLAKA (varsa) is invalid\" class=\"form-control\" aria-invalid=\"false\"   \/>\r\n\t\r\n\t\r\n<\/div>\n<div id=\"frm_field_3241_container\" class=\"frm_form_field form-field  form-group\">\r\n\t<div class=\"form-group frm_submit\">\r\n\r\n<button class=\"frm_button_submit btn btn-secondary frm_final_submit\" type=\"submit\"  formnovalidate=\"formnovalidate\">G\u00d6NDER<\/button>\r\n\r\n<\/div>\r\n<\/div>\n\t<input type=\"hidden\" name=\"item_key\" value=\"\" \/>\n\t\t\t<div id=\"frm_field_3286_container\">\n\t\t\t<label for=\"field_s5v2d\" >\n\t\t\t\tIf you are human, leave this field blank.\t\t\t<\/label>\n\t\t\t<input  id=\"field_s5v2d\" type=\"text\" class=\"frm_form_field form-field frm_verify\" name=\"item_meta[3286]\" value=\"\"  \/>\n\t\t<\/div>\n\t\t<input name=\"frm_state\" type=\"hidden\" value=\"PQMos4BYdAyEzzRxmoGJYx4gtxiKGU9wS5q5OWg4YQKE5NBix4AuXu0yRNN+gHr7\" \/><\/div>\n<\/fieldset>\n<\/div>\n\n<\/form>\n<\/div>\n\n","protected":false},"excerpt":{"rendered":"","protected":false},"author":22303,"featured_media":0,"parent":0,"menu_order":0,"comment_status":"closed","ping_status":"closed","template":"","meta":{"footnotes":""},"categories":[],"tags":[],"class_list":["post-3282","page","type-page","status-publish","format-standard","hentry"],"_links":{"self":[{"href":"https:\/\/forms.ibb.gov.tr\/sehirtiyatrolari\/wp-json\/wp\/v2\/pages\/3282","targetHints":{"allow":["GET"]}}],"collection":[{"href":"https:\/\/forms.ibb.gov.tr\/sehirtiyatrolari\/wp-json\/wp\/v2\/pages"}],"about":[{"href":"https:\/\/forms.ibb.gov.tr\/sehirtiyatrolari\/wp-json\/wp\/v2\/types\/page"}],"author":[{"embeddable":true,"href":"https:\/\/forms.ibb.gov.tr\/sehirtiyatrolari\/wp-json\/wp\/v2\/users\/22303"}],"replies":[{"embeddable":true,"href":"https:\/\/forms.ibb.gov.tr\/sehirtiyatrolari\/wp-json\/wp\/v2\/comments?post=3282"}],"version-history":[{"count":2,"href":"https:\/\/forms.ibb.gov.tr\/sehirtiyatrolari\/wp-json\/wp\/v2\/pages\/3282\/revisions"}],"predecessor-version":[{"id":3287,"href":"https:\/\/forms.ibb.gov.tr\/sehirtiyatrolari\/wp-json\/wp\/v2\/pages\/3282\/revisions\/3287"}],"wp:attachment":[{"href":"https:\/\/forms.ibb.gov.tr\/sehirtiyatrolari\/wp-json\/wp\/v2\/media?parent=3282"}],"wp:term":[{"taxonomy":"category","embeddable":true,"href":"https:\/\/forms.ibb.gov.tr\/sehirtiyatrolari\/wp-json\/wp\/v2\/categories?post=3282"},{"taxonomy":"post_tag","embeddable":true,"href":"https:\/\/forms.ibb.gov.tr\/sehirtiyatrolari\/wp-json\/wp\/v2\/tags?post=3282"}],"curies":[{"name":"wp","href":"https:\/\/api.w.org\/{rel}","templated":true}]}}