{"id":346,"date":"2021-11-08T12:44:29","date_gmt":"2021-11-08T09:44:29","guid":{"rendered":"https:\/\/forms.ibb.gov.tr\/sehirtiyatrolari\/?page_id=346"},"modified":"2021-11-08T12:47:29","modified_gmt":"2021-11-08T09:47:29","slug":"kanuni-temsilci-veli-vasi-aydinlatma-metni","status":"publish","type":"page","link":"https:\/\/forms.ibb.gov.tr\/sehirtiyatrolari\/kanuni-temsilci-veli-vasi-aydinlatma-metni\/","title":{"rendered":"KANUN\u0130 TEMS\u0130LC\u0130\/VEL\u0130\/VAS\u0130 AYDINLATMA METN\u0130"},"content":{"rendered":"<p><img loading=\"lazy\" decoding=\"async\" class=\"wp-image-332 aligncenter\" src=\"https:\/\/forms.ibb.gov.tr\/sehirtiyatrolari\/wp-content\/uploads\/sites\/28\/2021\/11\/ibb-logo-300x248.png\" alt=\"\" width=\"126\" height=\"116\" \/><\/p>\n<p style=\"text-align: center;\"><strong>\u0130STANBUL B\u00dcY\u00dcK\u015eEH\u0130R BELED\u0130YES\u0130<\/strong><\/p>\n<p style=\"text-align: center;\"><strong>\u00c7OCUK HAKLARI FEST\u0130VAL\u0130 KAPSAMINDA K\u0130\u015e\u0130SEL VER\u0130LER\u0130N \u0130\u015eLENMES\u0130NE \u0130L\u0130\u015eK\u0130N<br \/>\nKANUN\u0130 TEMS\u0130LC\u0130\/VEL\u0130\/VAS\u0130 AYDINLATMA METN\u0130<\/strong><\/p>\n<p>&nbsp;<\/p>\n<p><strong>Veri Sorumlusu \u00a0\u00a0\u00a0\u00a0 : \u0130stanbul B\u00fcy\u00fck\u015fehir Belediyesi<\/strong><br \/>\n<em>\u0130stanbul B\u00fcy\u00fck\u015fehir Belediye Ba\u015fkanl\u0131\u011f\u0131 Kemalpa\u015fa Mh. 15 Temmuz \u015eehitleri Cd. No:5 34134 Fatih \/ \u0130stanbul<\/em><\/p>\n<p>\u0130stanbul B\u00fcy\u00fck\u015fehir Belediyesi (\u201c<strong>\u0130BB<\/strong>\u201d) olarak, 6698 say\u0131l\u0131 Ki\u015fisel Verilerin Korunmas\u0131 Kanunu (\u201c<strong>KVKK<\/strong>\u201d) ve ilgili mevzuat ve yasal d\u00fczenlemeler do\u011frultusunda; \u015eehir Tiyatrolar\u0131 \u015eube M\u00fcd\u00fcrl\u00fc\u011f\u00fc taraf\u0131ndan d\u00fczenlenen \u00c7ocuk Haklar\u0131 Festivali kapsam\u0131nda sundu\u011fumuz e\u011fitim\/at\u00f6lye hizmetlerinden kanuni temsilcisi\/velisi\/vasisi oldu\u011funuz \u00e7ocu\u011fu faydaland\u0131rmak ad\u0131na \u00e7ocu\u011fa ve sizlere ait ki\u015fisel verilerin i\u015flenmesi, saklanmas\u0131 ve aktar\u0131lmas\u0131na ili\u015fkin olarak i\u015fbu ayd\u0131nlatma metni haz\u0131rlanm\u0131\u015ft\u0131r.<\/p>\n<p>&nbsp;<\/p>\n<p><span style=\"color: #000000;\"><strong>Hangi Ki\u015fisel Verileriniz \u0130\u015flenmekte ve Ki\u015fisel Verilerinizin \u0130\u015flenme Ama\u00e7lar\u0131, Hukuki Sebepleri ve Toplama Y\u00f6ntemleri Nelerdir?<\/strong><\/span><\/p>\n<p>Faaliyetlerimiz ve y\u00fcr\u00fctt\u00fc\u011f\u00fcm\u00fcz festival kapsam\u0131nda kanuni temsilcisi\/velisi\/vasisi oldu\u011funuz \u00e7ocu\u011fa ait kimlik bilgileri <em>(ad, soyad, ya\u015f), <\/em>g\u00f6rsel ve i\u015fitsel kay\u0131t<em> (etkinlik esnas\u0131nda kay\u0131t alt\u0131na al\u0131nan ses, foto\u011fraf ve video g\u00f6r\u00fcnt\u00fcleri) <\/em>ve siz kanuni temsilci\/veli\/vasilere ait kimlik <em>(ad, soyad, cinsiyet, imza),<\/em> ileti\u015fim bilgileri <em>(cep telefonu numaras\u0131, e-posta adresi, adres bilgileri) <\/em>bilgileriniz \u00e7evrimi\u00e7i elektronik formlar ve bas\u0131l\u0131 formlar arac\u0131l\u0131\u011f\u0131yla, i\u015flem g\u00fcvenli\u011fi bilgileri <em>(IP adresi bilgileri, internet sitesi giri\u015f \u00e7\u0131k\u0131\u015f bilgileri, \u015fifre bilgileri, log kayd\u0131, cihaz MAC adresi bilgileri)<\/em> elektronik cihazlar arac\u0131l\u0131\u011f\u0131yla toplanacak ve i\u015flenecektir.<\/p>\n<p>S\u00f6z konusu ki\u015fisel verileriniz e\u011fitim faaliyetlerinin y\u00fcr\u00fct\u00fclmesi, ileti\u015fim faaliyetlerinin y\u00fcr\u00fct\u00fclmesi, organizasyon ve etkinlik y\u00f6netimi, talep ve \u015fikayetlerin takibi, vatanda\u015f ili\u015fkileri y\u00f6netimi s\u00fcre\u00e7lerinin y\u00fcr\u00fct\u00fclmesi, vatanda\u015flar\u0131n memnuniyetine y\u00f6nelik aktivitelerin y\u00fcr\u00fct\u00fclmesi, faaliyetlerin mevzuata uygun y\u00fcr\u00fct\u00fclmesi, bilgi g\u00fcvenli\u011fi s\u00fcre\u00e7lerinin y\u00fcr\u00fct\u00fclmesi ama\u00e7lar\u0131yla\u00a0 i\u015flenmektedir.<\/p>\n<p>S\u00fcre\u00e7 \u00f6zelinde i\u015flenen kimlik, ileti\u015fim, g\u00f6rsel ve i\u015fitsel kay\u0131t kategorisine giren ki\u015fisel verileriniz, KVKK\u2019n\u0131n 5. maddesinin 2. f\u0131kras\u0131n\u0131n (f) bendi <em>\u2018\u2018\u0130lgili ki\u015finin temel hak ve \u00f6zg\u00fcrl\u00fcklerine zarar vermemek kayd\u0131yla, veri sorumlusunun me\u015fru menfaatleri i\u00e7in veri i\u015flenmesinin zorunlu olmas\u0131\u201d<\/em> hukuki sebebine dayan\u0131larak i\u015flenecektir.<\/p>\n<p>\u0130\u015flem g\u00fcvenli\u011fi verileriniz, KVKK\u2019n\u0131n 5. maddesinin 2. f\u0131kras\u0131n\u0131n (a) bendi <em>\u201cKanunlarda a\u00e7\u0131k\u00e7a \u00f6ng\u00f6r\u00fclmesi\u2019\u2019 <\/em>ve (f) bendi <em>\u2018\u2018\u0130lgili ki\u015finin temel hak ve \u00f6zg\u00fcrl\u00fcklerine zarar vermemek kayd\u0131yla, veri sorumlusunun me\u015fru menfaatleri i\u00e7in veri i\u015flenmesinin zorunlu olmas\u0131\u201d<\/em> hukuki sebeplerine dayan\u0131larak i\u015flenecektir.<\/p>\n<p>&nbsp;<\/p>\n<p><span style=\"color: #000000;\"><strong>Ki\u015fisel Verileriniz Kimlere ve Hangi Ama\u00e7larla Aktar\u0131labilecektir?<\/strong><\/span><\/p>\n<p>Ki\u015fisel verileriniz;<\/p>\n<ul>\n<li>Yasal d\u00fczenlemeler ve tabi oldu\u011fumuz mevzuat uyar\u0131nca ki\u015fisel verileriniz, bir mahkeme karar\u0131 veya yetkili k\u0131l\u0131nm\u0131\u015f idari mercilerin talebi \u00fczerine, faaliyetlerin mevzuata uygun y\u00fcr\u00fct\u00fclmesi, yetkili ki\u015fi, kurum ve kurulu\u015flara bilgi verilmesi amac\u0131yla <strong>Yetkili Kamu Kurum ve Kurulu\u015flar\u0131na <\/strong>aktar\u0131labilecektir.<\/li>\n<\/ul>\n<p>Kanuni temsilcisi\/velisi\/vasisi oldu\u011funuz \u00e7ocu\u011fa ait g\u00f6rsel ve i\u015fitsel kay\u0131t bilgileri, organizasyon ve etkinlik y\u00f6netiminin sa\u011flanmas\u0131 amac\u0131yla ve \u0130BB faaliyetlerinin tan\u0131t\u0131lmas\u0131 ad\u0131na \u0130BB tan\u0131t\u0131m videolar\u0131\/sunumlar\u0131nda ve \u0130BB\u2019ye ait sosyal medya hesaplar\u0131nda a\u00e7\u0131k r\u0131za hukuki sebebine dayan\u0131larak aleni olarak payla\u015f\u0131labilecektir.<\/p>\n<p>&nbsp;<\/p>\n<p><span style=\"color: #000000;\"><strong>\u0130lgili Ki\u015fi Olarak Haklar\u0131n\u0131z Nelerdir?<\/strong><\/span><\/p>\n<p>KVKK ve ilgili mevzuat kapsam\u0131nda ki\u015fisel verilerinize ili\u015fkin olarak;<\/p>\n<ul>\n<li>Ki\u015fisel verilerinizin i\u015flenip i\u015flenmedi\u011fini \u00f6\u011frenme,<\/li>\n<li>Ki\u015fisel verileriniz i\u015flenmi\u015fse buna ili\u015fkin bilgi talep etme,<\/li>\n<li>Ki\u015fisel verilerin i\u015flenme amac\u0131n\u0131 ve bunlar\u0131n amac\u0131na uygun kullan\u0131l\u0131p kullan\u0131lmad\u0131\u011f\u0131n\u0131 \u00f6\u011frenme,<\/li>\n<li>Yurt i\u00e7inde veya yurt d\u0131\u015f\u0131nda ki\u015fisel verilerinizin aktar\u0131ld\u0131\u011f\u0131 \u00fc\u00e7\u00fcnc\u00fc ki\u015fileri bilme,<\/li>\n<li>Ki\u015fisel verilerinizin eksik veya yanl\u0131\u015f i\u015flenmi\u015f olmas\u0131 halinde bunlar\u0131n d\u00fczeltilmesini isteme,<\/li>\n<li>KVKK mevzuat\u0131nda \u00f6ng\u00f6r\u00fclen \u015fartlar \u00e7er\u00e7evesinde ki\u015fisel verilerinizin silinmesini veya yok edilmesini isteme,<\/li>\n<li>Eksik veya yanl\u0131\u015f verilerin d\u00fczeltilmesi ile ki\u015fisel verilerinizin silinmesi veya yok edilmesini talep etti\u011finizde, bu durumun ki\u015fisel verilerinizi aktard\u0131\u011f\u0131m\u0131z \u00fc\u00e7\u00fcnc\u00fc ki\u015filere bildirilmesini isteme,<\/li>\n<li>\u0130\u015flenen verilerin m\u00fcnhas\u0131ran otomatik sistemler vas\u0131tas\u0131yla analiz edilmesi suretiyle ki\u015finin kendisi aleyhine bir sonucun ortaya \u00e7\u0131kmas\u0131na itiraz etme ve<\/li>\n<li>Ki\u015fisel verilerin kanuna ayk\u0131r\u0131 olarak i\u015flenmesi sebebiyle zarara u\u011framan\u0131z halinde bu zarar\u0131n giderilmesini talep etme haklar\u0131na sahipsiniz.<\/li>\n<\/ul>\n<p>&nbsp;<\/p>\n<p><span style=\"color: #000000;\"><strong>Haklar\u0131n\u0131z\u0131 Nas\u0131l Kullanabilirsiniz?<\/strong><\/span><\/p>\n<p>Ki\u015fisel verileriniz ile ilgili ba\u015fvuru ve taleplerinizi dilerseniz <em>\u0130lgili Ki\u015fi Ba\u015fvuru Formu <\/em>arac\u0131l\u0131\u011f\u0131yla;<\/p>\n<ul>\n<li>Daha \u00f6nce bildirilen ve belediye sistemlerinde kay\u0131tl\u0131 bulunan e-posta adresinizi kullanmak suretiyle <a href=\"mailto:kvkk_bildirim@ibb.gov.tr\">kvkk_bildirim@ibb.gov.tr<\/a> adresine elektronik posta g\u00f6ndererek,<\/li>\n<li>Islak imzal\u0131 ve kimli\u011finizi tevsik edici belgeler ile <em>\u0130stanbul B\u00fcy\u00fck\u015fehir Belediye Ba\u015fkanl\u0131\u011f\u0131 Kemalpa\u015fa Mh. 15 Temmuz \u015eehitleri Cd. No:5 34134 Fatih \/ \u0130stanbul<\/em> adresine g\u00f6ndererek,<\/li>\n<li>Ge\u00e7erli bir kimlik belgesi ile birlikte \u0130stanbul B\u00fcy\u00fck\u015fehir Belediyesi\u2019ne bizzat ba\u015fvurarak,<\/li>\n<li>Mobil imza veya g\u00fcvenli elektronik imza ile imzalay\u0131p <a href=\"mailto:kvkk_bildirim@ibb.gov.tr\">kvkk_bildirim@ibb.gov.tr<\/a> adresine e-posta g\u00f6nderilerek,<\/li>\n<li>Kay\u0131tl\u0131 elektronik posta (KEP) adresi ve g\u00fcvenli elektronik imza ya da mobil imza kullanmak suretiyle ibb@hs01.kep.tr kay\u0131tl\u0131 elektronik posta adresimize g\u00f6ndererek,<\/li>\n<\/ul>\n<p>\u0130stanbul B\u00fcy\u00fck\u015fehir Belediyesi\u2019ne iletebilirsiniz.<\/p>\n<p>Veri Sorumlusuna Ba\u015fvuru Usul ve Esaslar\u0131 Hakk\u0131nda Tebli\u011f uyar\u0131nca, \u0130lgili Ki\u015fi\u2019nin, ba\u015fvurusunda isim, soyisim, ba\u015fvuru yaz\u0131l\u0131 ise imza, T.C. kimlik numaras\u0131, (ba\u015fvuruda bulunan ki\u015finin yabanc\u0131 olmas\u0131 halinde uyru\u011fu, pasaport numaras\u0131 veya varsa kimlik numaras\u0131), tebligata esas yerle\u015fim yeri veya i\u015f yeri adresi, varsa bildirime esas elektronik posta adresi, telefon numaras\u0131 ve faks numaras\u0131 ile talep konusuna dair bilgilerin bulunmas\u0131 zorunludur.<\/p>\n<p>\u0130lgili Ki\u015fi, yukar\u0131da belirtilen haklar\u0131 kullanmak i\u00e7in yapaca\u011f\u0131 ve kullanmay\u0131 talep etti\u011fi hakka ili\u015fkin a\u00e7\u0131klamalar\u0131 i\u00e7eren ba\u015fvuruda talep edilen hususu a\u00e7\u0131k ve anla\u015f\u0131l\u0131r \u015fekilde belirtmelidir. Ba\u015fvuruya ili\u015fkin bilgi ve belgelerin ba\u015fvuruya eklenmesi gerekmektedir.<\/p>\n<p>Talep konusunun ba\u015fvuran\u0131n \u015fahs\u0131 ile ilgili olmas\u0131 gerekmekle birlikte, ba\u015fkas\u0131 ad\u0131na hareket ediliyor ise ba\u015fvuruyu yapan\u0131n bu konuda \u00f6zel olarak yetkili olmas\u0131 ve bu yetkinin belgelendirilmesi (vek\u00e2letname) gerekmektedir. Ayr\u0131ca ba\u015fvurunun kimlik ve adres bilgilerini i\u00e7ermesi ve ba\u015fvuruya kimli\u011fi do\u011frulay\u0131c\u0131 belgelerin eklenmesi gerekmektedir.<\/p>\n<p>Yetkisiz \u00fc\u00e7\u00fcnc\u00fc ki\u015filerin ba\u015fkas\u0131 ad\u0131na yapt\u0131\u011f\u0131 talepler de\u011ferlendirmeye al\u0131nmayacakt\u0131r.<\/p>\n<p>&nbsp;<\/p>\n<p><span style=\"color: #000000;\"><strong>Ki\u015fisel Verilerinizin \u0130\u015flenmesine \u0130li\u015fkin Talepleriniz Ne Kadar S\u00fcrede Cevaplan\u0131r?<\/strong><\/span><\/p>\n<p>Ki\u015fisel verilerinize ili\u015fkin hak talepleriniz de\u011ferlendirilerek, bize ula\u015ft\u0131\u011f\u0131 tarihten itibaren en ge\u00e7 30 g\u00fcn i\u00e7erisinde cevaplan\u0131r. Ba\u015fvurunuzun olumsuz de\u011ferlendirilmesi halinde gerek\u00e7eli ret sebepleri ba\u015fvuruda belirtti\u011finiz adrese elektronik posta veya posta yolu ba\u015fta olmak \u00fczere \u0130lgili Ki\u015fi Ba\u015fvuru Formu\u2019nda se\u00e7ilen usullerinden biri ile g\u00f6nderilir.<\/p>\n","protected":false},"excerpt":{"rendered":"<p>\u0130STANBUL B\u00dcY\u00dcK\u015eEH\u0130R BELED\u0130YES\u0130 \u00c7OCUK HAKLARI FEST\u0130VAL\u0130 KAPSAMINDA K\u0130\u015e\u0130SEL VER\u0130LER\u0130N \u0130\u015eLENMES\u0130NE \u0130L\u0130\u015eK\u0130N KANUN\u0130 TEMS\u0130LC\u0130\/VEL\u0130\/VAS\u0130 AYDINLATMA METN\u0130 &nbsp; Veri Sorumlusu \u00a0\u00a0\u00a0\u00a0 : \u0130stanbul B\u00fcy\u00fck\u015fehir Belediyesi \u0130stanbul B\u00fcy\u00fck\u015fehir Belediye Ba\u015fkanl\u0131\u011f\u0131 Kemalpa\u015fa Mh. 15 Temmuz \u015eehitleri Cd. No:5 34134 Fatih \/ \u0130stanbul \u0130stanbul B\u00fcy\u00fck\u015fehir Belediyesi (\u201c\u0130BB\u201d) olarak, 6698 say\u0131l\u0131 Ki\u015fisel Verilerin Korunmas\u0131 Kanunu (\u201cKVKK\u201d) ve ilgili mevzuat ve yasal [&hellip;]<\/p>\n","protected":false},"author":1,"featured_media":0,"parent":0,"menu_order":0,"comment_status":"closed","ping_status":"closed","template":"","meta":{"footnotes":""},"categories":[],"tags":[],"class_list":["post-346","page","type-page","status-publish","format-standard","hentry"],"_links":{"self":[{"href":"https:\/\/forms.ibb.gov.tr\/sehirtiyatrolari\/wp-json\/wp\/v2\/pages\/346","targetHints":{"allow":["GET"]}}],"collection":[{"href":"https:\/\/forms.ibb.gov.tr\/sehirtiyatrolari\/wp-json\/wp\/v2\/pages"}],"about":[{"href":"https:\/\/forms.ibb.gov.tr\/sehirtiyatrolari\/wp-json\/wp\/v2\/types\/page"}],"author":[{"embeddable":true,"href":"https:\/\/forms.ibb.gov.tr\/sehirtiyatrolari\/wp-json\/wp\/v2\/users\/1"}],"replies":[{"embeddable":true,"href":"https:\/\/forms.ibb.gov.tr\/sehirtiyatrolari\/wp-json\/wp\/v2\/comments?post=346"}],"version-history":[{"count":5,"href":"https:\/\/forms.ibb.gov.tr\/sehirtiyatrolari\/wp-json\/wp\/v2\/pages\/346\/revisions"}],"predecessor-version":[{"id":782,"href":"https:\/\/forms.ibb.gov.tr\/sehirtiyatrolari\/wp-json\/wp\/v2\/pages\/346\/revisions\/782"}],"wp:attachment":[{"href":"https:\/\/forms.ibb.gov.tr\/sehirtiyatrolari\/wp-json\/wp\/v2\/media?parent=346"}],"wp:term":[{"taxonomy":"category","embeddable":true,"href":"https:\/\/forms.ibb.gov.tr\/sehirtiyatrolari\/wp-json\/wp\/v2\/categories?post=346"},{"taxonomy":"post_tag","embeddable":true,"href":"https:\/\/forms.ibb.gov.tr\/sehirtiyatrolari\/wp-json\/wp\/v2\/tags?post=346"}],"curies":[{"name":"wp","href":"https:\/\/api.w.org\/{rel}","templated":true}]}}