{"id":377,"date":"2021-11-08T15:42:45","date_gmt":"2021-11-08T12:42:45","guid":{"rendered":"https:\/\/forms.ibb.gov.tr\/sehirtiyatrolari\/?page_id=377"},"modified":"2021-11-08T15:45:01","modified_gmt":"2021-11-08T12:45:01","slug":"katmanli-aydinlatma-metni","status":"publish","type":"page","link":"https:\/\/forms.ibb.gov.tr\/sehirtiyatrolari\/katmanli-aydinlatma-metni\/","title":{"rendered":"KATMANLI AYDINLATMA METN\u0130"},"content":{"rendered":"<p><img loading=\"lazy\" decoding=\"async\" class=\"wp-image-332 aligncenter\" src=\"https:\/\/forms.ibb.gov.tr\/sehirtiyatrolari\/wp-content\/uploads\/sites\/28\/2021\/11\/ibb-logo-300x248.png\" alt=\"\" width=\"119\" height=\"106\" \/><\/p>\n<p style=\"text-align: center;\"><strong>\u00c7ocuk Haklar\u0131 Festivali Kapsam\u0131nda Ki\u015fisel Verilerin \u0130\u015flenmesine \u0130li\u015fkin<br \/>\nKatmanl\u0131 Ayd\u0131nlatma Metni<\/strong><\/p>\n<p>&nbsp;<\/p>\n<p>Veri sorumlusu s\u0131fat\u0131yla \u201c\u0130stanbul B\u00fcy\u00fck\u015fehir Belediyesi\u201d olarak i\u015fbu elektronik form ile toplad\u0131\u011f\u0131m\u0131z ki\u015fisel veriler 6698 say\u0131l\u0131 Kis\u0327isel Verilerin Korunmas\u0131 Kanunu ve y\u00fcr\u00fcrl\u00fckte bulunan ilgili mevzuat \u00e7er\u00e7evesinde; e\u011fitim faaliyetlerinin y\u00fcr\u00fct\u00fclmesi, ileti\u015fim faaliyetlerinin y\u00fcr\u00fct\u00fclmesi, organizasyon ve etkinlik y\u00f6netimi, talep ve \u015fikayetlerin takibi, vatanda\u015f ili\u015fkileri y\u00f6netimi s\u00fcre\u00e7lerinin y\u00fcr\u00fct\u00fclmesi, vatanda\u015flar\u0131n memnuniyetine y\u00f6nelik aktivitelerin y\u00fcr\u00fct\u00fclmesi ama\u00e7lar\u0131yla s\u0131n\u0131rl\u0131 olarak i\u015flenecek, talep halinde yetkili kamu kurum ve kurulu\u015flar\u0131 ile ama\u00e7la s\u0131n\u0131rl\u0131 olarak payla\u015f\u0131labilecektir.<\/p>\n<p>Detayl\u0131 bilgiye <span style=\"color: #3366ff;\"><a style=\"color: #3366ff;\" href=\"https:\/\/forms.ibb.gov.tr\/sehirtiyatrolari\/kanuni-temsilci-veli-vasi-aydinlatma-metni\/\" target=\"_blank\" rel=\"noopener\"><strong>\u201c\u00c7ocuk Haklar\u0131 Festivali Kapsam\u0131nda Ki\u015fisel Verilerin \u0130\u015flenmesine \u0130li\u015fkin Kanuni Temsilci\/Veli\/Vasi Ayd\u0131nlatma Metni\u201d<\/strong><\/a><\/span>\u00a0 \u00fczerinden ula\u015fabilirsiniz.<\/p>\n<p>18 ya\u015f alt\u0131 olman\u0131z halinde detayl\u0131 bilgiye <span style=\"color: #3366ff;\"><a style=\"color: #3366ff;\" href=\"https:\/\/forms.ibb.gov.tr\/sehirtiyatrolari\/aydinlatma-metni\/\" target=\"_blank\" rel=\"noopener\">\u201c<strong>\u00c7ocuk Haklar\u0131 Festivali Kapsam\u0131nda Ki\u015fisel Verilerin \u0130\u015flenmesine \u0130li\u015fkin \u00c7ocuk Ayd\u0131nlatma Metni\u201d <\/strong><\/a><\/span>\u00a0\u00fczerinden ula\u015fabilirsiniz.<\/p>\n","protected":false},"excerpt":{"rendered":"<p>\u00c7ocuk Haklar\u0131 Festivali Kapsam\u0131nda Ki\u015fisel Verilerin \u0130\u015flenmesine \u0130li\u015fkin Katmanl\u0131 Ayd\u0131nlatma Metni &nbsp; Veri sorumlusu s\u0131fat\u0131yla \u201c\u0130stanbul B\u00fcy\u00fck\u015fehir Belediyesi\u201d olarak i\u015fbu elektronik form ile toplad\u0131\u011f\u0131m\u0131z ki\u015fisel veriler 6698 say\u0131l\u0131 Kis\u0327isel Verilerin Korunmas\u0131 Kanunu ve y\u00fcr\u00fcrl\u00fckte bulunan ilgili mevzuat \u00e7er\u00e7evesinde; e\u011fitim faaliyetlerinin y\u00fcr\u00fct\u00fclmesi, ileti\u015fim faaliyetlerinin y\u00fcr\u00fct\u00fclmesi, organizasyon ve etkinlik y\u00f6netimi, talep ve \u015fikayetlerin takibi, vatanda\u015f ili\u015fkileri y\u00f6netimi [&hellip;]<\/p>\n","protected":false},"author":1,"featured_media":0,"parent":0,"menu_order":0,"comment_status":"closed","ping_status":"closed","template":"","meta":{"footnotes":""},"categories":[],"tags":[],"class_list":["post-377","page","type-page","status-publish","format-standard","hentry"],"_links":{"self":[{"href":"https:\/\/forms.ibb.gov.tr\/sehirtiyatrolari\/wp-json\/wp\/v2\/pages\/377","targetHints":{"allow":["GET"]}}],"collection":[{"href":"https:\/\/forms.ibb.gov.tr\/sehirtiyatrolari\/wp-json\/wp\/v2\/pages"}],"about":[{"href":"https:\/\/forms.ibb.gov.tr\/sehirtiyatrolari\/wp-json\/wp\/v2\/types\/page"}],"author":[{"embeddable":true,"href":"https:\/\/forms.ibb.gov.tr\/sehirtiyatrolari\/wp-json\/wp\/v2\/users\/1"}],"replies":[{"embeddable":true,"href":"https:\/\/forms.ibb.gov.tr\/sehirtiyatrolari\/wp-json\/wp\/v2\/comments?post=377"}],"version-history":[{"count":5,"href":"https:\/\/forms.ibb.gov.tr\/sehirtiyatrolari\/wp-json\/wp\/v2\/pages\/377\/revisions"}],"predecessor-version":[{"id":2196,"href":"https:\/\/forms.ibb.gov.tr\/sehirtiyatrolari\/wp-json\/wp\/v2\/pages\/377\/revisions\/2196"}],"wp:attachment":[{"href":"https:\/\/forms.ibb.gov.tr\/sehirtiyatrolari\/wp-json\/wp\/v2\/media?parent=377"}],"wp:term":[{"taxonomy":"category","embeddable":true,"href":"https:\/\/forms.ibb.gov.tr\/sehirtiyatrolari\/wp-json\/wp\/v2\/categories?post=377"},{"taxonomy":"post_tag","embeddable":true,"href":"https:\/\/forms.ibb.gov.tr\/sehirtiyatrolari\/wp-json\/wp\/v2\/tags?post=377"}],"curies":[{"name":"wp","href":"https:\/\/api.w.org\/{rel}","templated":true}]}}