{"id":443,"date":"2021-11-10T12:57:49","date_gmt":"2021-11-10T09:57:49","guid":{"rendered":"https:\/\/forms.ibb.gov.tr\/sehirtiyatrolari\/?page_id=443"},"modified":"2021-11-10T13:40:49","modified_gmt":"2021-11-10T10:40:49","slug":"yetiskin-acik-riza-metni","status":"publish","type":"page","link":"https:\/\/forms.ibb.gov.tr\/sehirtiyatrolari\/yetiskin-acik-riza-metni\/","title":{"rendered":"Yeti\u015fkin A\u00e7\u0131k R\u0131za Metni"},"content":{"rendered":"<p><img loading=\"lazy\" decoding=\"async\" class=\"wp-image-332 aligncenter\" src=\"https:\/\/forms.ibb.gov.tr\/sehirtiyatrolari\/wp-content\/uploads\/sites\/28\/2021\/11\/ibb-logo-300x248.png\" alt=\"\" width=\"111\" height=\"75\" \/><\/p>\n<p>Veri Sorumlusu olarak \u0130stanbul B\u00fcy\u00fck\u015fehir Belediyesi (\u201c<strong>\u0130BB<\/strong>\u201d) taraf\u0131ndan, K\u00fclt\u00fcr Daire Ba\u015fkanl\u0131\u011f\u0131, \u015eehir Tiyatrolar\u0131 \u015eube M\u00fcd\u00fcrl\u00fc\u011f\u00fc arac\u0131l\u0131\u011f\u0131yla d\u00fczenlenen <strong>\u00c7ocuk Haklar\u0131 Festivali<\/strong> (\u201c<strong>Festival<\/strong>\u201d) kapsam\u0131nda r\u0131za vermem durumunda, kanuni temsilcisi\/velisi\/vasisi oldu\u011fum \u00e7ocu\u011fa ait ve \u015fahs\u0131ma ait <u>g\u00f6rsel ve i\u015fitsel kay\u0131t verilerinin<\/u> <em>(festival esnas\u0131nda kay\u0131t alt\u0131na al\u0131nan foto\u011fraf\/videolar ve ses kay\u0131tlar\u0131)<\/em> i\u015flenece\u011fi ve ve \u0130BB faaliyetlerinin tan\u0131t\u0131m\u0131 ad\u0131na \u0130BB tan\u0131t\u0131m videolar\u0131\/sunumlar\u0131nda, \u0130BB\u2019ye ait sosyal medya hesaplar\u0131nda payla\u015f\u0131laca\u011f\u0131 bildirilmi\u015ftir.<\/p>\n<p>\u0130BB taraf\u0131ndan d\u00fczenlenen Festival kapsam\u0131nda i\u015flenen ki\u015fisel veriler, ki\u015fisel verilerin i\u015fleme ama\u00e7lar\u0131, ki\u015fisel verilerin toplama y\u00f6ntemi, ki\u015fisel veri i\u015fleme faaliyetinin dayand\u0131\u011f\u0131 hukuki sebepler, ki\u015fisel verilerin aktar\u0131ld\u0131\u011f\u0131 al\u0131c\u0131 gruplar\u0131 ve Ki\u015fisel Verilerin Korunmas\u0131 Kanunu 11. maddesindeki hak ve talepler konusunda\u00a0<span style=\"color: #ff0000;\"> <a style=\"color: #ff0000;\" href=\"https:\/\/forms.ibb.gov.tr\/sehirtiyatrolari\/aydinlatma-metni\/\" target=\"_blank\" rel=\"noopener\"><strong>\u201c\u0130stanbul B\u00fcy\u00fck\u015fehir Belediyesi \u00c7ocuk Haklar\u0131 Festivali Kapsam\u0131nda Ki\u015fisel Verilerin \u0130\u015flenmesine \u0130li\u015fkin Ayd\u0131nlatma Metni\u201d<\/strong><\/a><\/span>\u00a0 ile ayr\u0131nt\u0131l\u0131 bir \u015fekilde bilgilendirildikten, bilgilendirmeye konu hususlar\u0131 anlad\u0131ktan ve s\u00f6z konusu kay\u0131tlara ili\u015fkin yasal haklar\u0131m\u0131 detayl\u0131 bir \u015fekilde \u00f6\u011frendikten, r\u0131zam\u0131 her zaman \u015eehir Tiyatrolar\u0131 \u015eube M\u00fcd\u00fcrl\u00fc\u011f\u00fc\u2019ne ba\u015fvurarak geri \u00e7ekebilece\u011fim\u00a0 ve r\u0131zama ili\u015fkin hususlarda de\u011fi\u015fiklik yapabilece\u011fim konusunda bilgilendirildikten sonra;<\/p>\n<ul>\n<li>\u015eahs\u0131ma ait g\u00f6rsel ve i\u015fitsel kay\u0131t verilerinin <em>(festival esnas\u0131nda kay\u0131t alt\u0131na al\u0131nan foto\u011fraf\/videolar ve ses kay\u0131tlar\u0131)<\/em>;<\/li>\n<li>\u015eahs\u0131ma ait foto\u011fraf, video ve ses kay\u0131tlar\u0131n\u0131n payla\u015f\u0131lmas\u0131na izin vermiyorum.<\/li>\n<li>\u015eahs\u0131ma ait foto\u011fraf, video ve ses kay\u0131tlar\u0131n\u0131n payla\u015f\u0131lmas\u0131na izin veriyorum.<\/li>\n<\/ul>\n","protected":false},"excerpt":{"rendered":"<p>Veri Sorumlusu olarak \u0130stanbul B\u00fcy\u00fck\u015fehir Belediyesi (\u201c\u0130BB\u201d) taraf\u0131ndan, K\u00fclt\u00fcr Daire Ba\u015fkanl\u0131\u011f\u0131, \u015eehir Tiyatrolar\u0131 \u015eube M\u00fcd\u00fcrl\u00fc\u011f\u00fc arac\u0131l\u0131\u011f\u0131yla d\u00fczenlenen \u00c7ocuk Haklar\u0131 Festivali (\u201cFestival\u201d) kapsam\u0131nda r\u0131za vermem durumunda, kanuni temsilcisi\/velisi\/vasisi oldu\u011fum \u00e7ocu\u011fa ait ve \u015fahs\u0131ma ait g\u00f6rsel ve i\u015fitsel kay\u0131t verilerinin (festival esnas\u0131nda kay\u0131t alt\u0131na al\u0131nan foto\u011fraf\/videolar ve ses kay\u0131tlar\u0131) i\u015flenece\u011fi ve ve \u0130BB faaliyetlerinin tan\u0131t\u0131m\u0131 ad\u0131na \u0130BB [&hellip;]<\/p>\n","protected":false},"author":1,"featured_media":0,"parent":0,"menu_order":0,"comment_status":"closed","ping_status":"closed","template":"","meta":{"footnotes":""},"categories":[],"tags":[],"class_list":["post-443","page","type-page","status-publish","format-standard","hentry"],"_links":{"self":[{"href":"https:\/\/forms.ibb.gov.tr\/sehirtiyatrolari\/wp-json\/wp\/v2\/pages\/443","targetHints":{"allow":["GET"]}}],"collection":[{"href":"https:\/\/forms.ibb.gov.tr\/sehirtiyatrolari\/wp-json\/wp\/v2\/pages"}],"about":[{"href":"https:\/\/forms.ibb.gov.tr\/sehirtiyatrolari\/wp-json\/wp\/v2\/types\/page"}],"author":[{"embeddable":true,"href":"https:\/\/forms.ibb.gov.tr\/sehirtiyatrolari\/wp-json\/wp\/v2\/users\/1"}],"replies":[{"embeddable":true,"href":"https:\/\/forms.ibb.gov.tr\/sehirtiyatrolari\/wp-json\/wp\/v2\/comments?post=443"}],"version-history":[{"count":6,"href":"https:\/\/forms.ibb.gov.tr\/sehirtiyatrolari\/wp-json\/wp\/v2\/pages\/443\/revisions"}],"predecessor-version":[{"id":831,"href":"https:\/\/forms.ibb.gov.tr\/sehirtiyatrolari\/wp-json\/wp\/v2\/pages\/443\/revisions\/831"}],"wp:attachment":[{"href":"https:\/\/forms.ibb.gov.tr\/sehirtiyatrolari\/wp-json\/wp\/v2\/media?parent=443"}],"wp:term":[{"taxonomy":"category","embeddable":true,"href":"https:\/\/forms.ibb.gov.tr\/sehirtiyatrolari\/wp-json\/wp\/v2\/categories?post=443"},{"taxonomy":"post_tag","embeddable":true,"href":"https:\/\/forms.ibb.gov.tr\/sehirtiyatrolari\/wp-json\/wp\/v2\/tags?post=443"}],"curies":[{"name":"wp","href":"https:\/\/api.w.org\/{rel}","templated":true}]}}