{"id":326,"date":"2025-09-22T09:31:17","date_gmt":"2025-09-22T06:31:17","guid":{"rendered":"https:\/\/forms.ibb.gov.tr\/turizmmd\/?page_id=326"},"modified":"2025-10-27T14:03:59","modified_gmt":"2025-10-27T11:03:59","slug":"welcome-week","status":"publish","type":"page","link":"https:\/\/forms.ibb.gov.tr\/turizmmd\/welcome-week\/","title":{"rendered":"Welcome Week Register Form"},"content":{"rendered":"\n<style type=\"text\/css\" data-created_by=\"avia_inline_auto\" id=\"style-css-av-95xke-da8c527603bb4660476c65af894fbe9e\">\n.avia-section.av-95xke-da8c527603bb4660476c65af894fbe9e{\nbackground-color:#ffffff;\nbackground-image:unset;\nmargin-top:10px;\nmargin-bottom:10px;\n}\n<\/style>\n<div id='av_section_1'  class='avia-section av-95xke-da8c527603bb4660476c65af894fbe9e main_color avia-section-small avia-no-border-styling  avia-builder-el-0  el_before_av_image  avia-builder-el-first  avia-bg-style-scroll container_wrap fullsize'  ><div class='container av-section-cont-open' ><main  role=\"main\" itemprop=\"mainContentOfPage\"  class='template-page content  av-content-full alpha units'><div class='post-entry post-entry-type-page post-entry-326'><div class='entry-content-wrapper clearfix'>\n\n<style type=\"text\/css\" data-created_by=\"avia_inline_auto\" id=\"style-css-av-2xym-ce0c9c9443f16da114bc45ca00e7d3f6\">\n.flex_column.av-2xym-ce0c9c9443f16da114bc45ca00e7d3f6{\nborder-width:1px;\nborder-color:#dbdbdb;\nborder-style:solid;\npadding:0 0 0 0;\n}\n<\/style>\n<div  class='flex_column av-2xym-ce0c9c9443f16da114bc45ca00e7d3f6 av_one_fifth  avia-builder-el-1  el_before_av_four_fifth  avia-builder-el-first  first no_margin flex_column_div av-zero-column-padding  '     ><style type=\"text\/css\" data-created_by=\"avia_inline_auto\" id=\"style-css-av-mfuswpqz-af4957b13df0e85434022b286a1e106f\">\n.avia-image-container.av-mfuswpqz-af4957b13df0e85434022b286a1e106f img.avia_image{\nbox-shadow:none;\n}\n.avia-image-container.av-mfuswpqz-af4957b13df0e85434022b286a1e106f .av-image-caption-overlay-center{\ncolor:#ffffff;\n}\n<\/style>\n<div  class='avia-image-container av-mfuswpqz-af4957b13df0e85434022b286a1e106f av-styling- avia-align-center  avia-builder-el-2  avia-builder-el-no-sibling '   itemprop=\"image\" itemscope=\"itemscope\" itemtype=\"https:\/\/schema.org\/ImageObject\" ><div class=\"avia-image-container-inner\"><div class=\"avia-image-overlay-wrap\"><img decoding=\"async\" fetchpriority=\"high\" class='wp-image-340 avia-img-lazy-loading-not-340 avia_image ' src=\"https:\/\/forms.ibb.gov.tr\/turizmmd\/wp-content\/uploads\/sites\/22\/2025\/09\/ibb-logo-e1758526211481.png\" alt='' title='ibb-logo'  height=\"133\" width=\"200\"  itemprop=\"thumbnailUrl\"  \/><\/div><\/div><\/div><\/div>\n<style type=\"text\/css\" data-created_by=\"avia_inline_auto\" id=\"style-css-av-9ukwu-349bd8c5ac5c1e44f6fed1c9ccdad11f\">\n.flex_column.av-9ukwu-349bd8c5ac5c1e44f6fed1c9ccdad11f{\nborder-width:1px;\nborder-color:#bcbcbc;\nborder-style:solid;\n}\n<\/style>\n<div  class='flex_column av-9ukwu-349bd8c5ac5c1e44f6fed1c9ccdad11f av_four_fifth  avia-builder-el-3  el_after_av_one_fifth  avia-builder-el-last  no_margin flex_column_div  '     ><style type=\"text\/css\" data-created_by=\"avia_inline_auto\" id=\"style-css-av-mfuqnppy-98cfce3a637803507774d614562e50a8\">\n.av_textblock_section.av-mfuqnppy-98cfce3a637803507774d614562e50a8{\nbackground-color:#0f4a93;\n}\n#top .av_textblock_section.av-mfuqnppy-98cfce3a637803507774d614562e50a8 .avia_textblock{\npadding:20px 15px 5px 15px;\ncolor:#ffffff;\n}\n<\/style>\n<section  class='av_textblock_section av-mfuqnppy-98cfce3a637803507774d614562e50a8 '   itemscope=\"itemscope\" itemtype=\"https:\/\/schema.org\/CreativeWork\" ><div class='avia_textblock av_inherit_color'  itemprop=\"text\" ><h3 style=\"text-align: center;\"><strong>\u0130stanbul B\u00fcy\u00fck\u015fehir Belediyesi | Metropolitan Municipality<\/strong><\/h3>\n<p style=\"text-align: center;\"><strong>Turizm \u015eube\u00a0 M\u00fcd\u00fcrl\u00fc\u011f\u00fc |\u00a0 Tourism Branch Directorate<\/strong><\/p>\n<p style=\"text-align: center;\"><strong>Gen\u00e7lik Hizmetleri \u015eube M\u00fcd\u00fcrl\u00fc\u011f\u00fc \/ Youth Services Branch Directorate<\/strong><\/p>\n<\/div><\/section><\/div>\n<\/div><\/div><\/main><!-- close content main element --><\/div><\/div><div id='after_section_1'  class='main_color av_default_container_wrap container_wrap fullsize'  ><div class='container av-section-cont-open' ><div class='template-page content  av-content-full alpha units'><div class='post-entry post-entry-type-page post-entry-326'><div class='entry-content-wrapper clearfix'>\n\n<style type=\"text\/css\" data-created_by=\"avia_inline_auto\" id=\"style-css-av-mfv014uh-00659cf1cc80fd6e3991bbfe389d97b7\">\n@keyframes av_boxShadowEffect_av-mfv014uh-00659cf1cc80fd6e3991bbfe389d97b7 {\n0%   { box-shadow:  0 0 0 0 ; opacity: 1; }\n100% { box-shadow:  0 0 1px 0 ; opacity: 1; }\n}\n.avia-image-container.av-mfv014uh-00659cf1cc80fd6e3991bbfe389d97b7 img.avia_image{\nbox-shadow: 0 0 1px 0 ;\n}\n.avia-image-container.av-mfv014uh-00659cf1cc80fd6e3991bbfe389d97b7 .av-image-caption-overlay-center{\ncolor:#ffffff;\n}\n<\/style>\n<div  class='avia-image-container av-mfv014uh-00659cf1cc80fd6e3991bbfe389d97b7 av-styling- avia-align-center  avia-builder-el-5  el_after_av_section  el_before_av_textblock  avia-builder-el-first  av-img-box-shadow av-box-shadow-not-animated'   itemprop=\"image\" itemscope=\"itemscope\" itemtype=\"https:\/\/schema.org\/ImageObject\" ><div class=\"avia-image-container-inner\"><div class=\"avia-image-overlay-wrap\"><img decoding=\"async\" fetchpriority=\"high\" class='wp-image-458 avia-img-lazy-loading-not-458 avia_image shadow-not-animated' src=\"https:\/\/forms.ibb.gov.tr\/turizmmd\/wp-content\/uploads\/sites\/22\/2025\/10\/ww-new-banner-9.10.2025.jpg\" alt='' title=''  height=\"480\" width=\"1920\"  itemprop=\"thumbnailUrl\"  \/><\/div><\/div><\/div>\n<section  class='av_textblock_section av-mh90onf2-2722b5e4e0fd5b6b755752a354a5a6ab '   itemscope=\"itemscope\" itemtype=\"https:\/\/schema.org\/CreativeWork\" ><div class='avia_textblock'  itemprop=\"text\" ><hr \/>\n<h3 style=\"text-align: center;\"><strong>Etkinli\u011fimiz ger\u00e7ekle\u015fmi\u015f olup, form kat\u0131l\u0131ma kapanm\u0131\u015ft\u0131r. \u0130lginiz i\u00e7in te\u015fekk\u00fcr ederiz.<\/strong><\/h3>\n<h3 style=\"text-align: center;\"><strong>Our event has ended and the form is closed to participation. Thank you for your interest.<\/strong><\/h3>\n<hr \/>\n<\/div><\/section>\n<\/div><\/div><\/div><!-- close content main div --><\/div><\/div>\n<style type=\"text\/css\" data-created_by=\"avia_inline_auto\" id=\"style-css-av-7efau-da52b6ffda95450257bb3a7cdc820cb7\">\n.avia-section.av-7efau-da52b6ffda95450257bb3a7cdc820cb7{\nbackground-color:#ffffff;\nbackground-image:unset;\nmargin-top:0px;\nmargin-bottom:10px;\n}\n<\/style>\n<div id='av_section_2'  class='avia-section av-7efau-da52b6ffda95450257bb3a7cdc820cb7 main_color avia-section-no-padding avia-no-border-styling  avia-builder-el-7  el_after_av_textblock  el_before_av_section  avia-bg-style-scroll container_wrap fullsize'  ><div class='container av-section-cont-open' ><div class='template-page content  av-content-full alpha units'><div class='post-entry post-entry-type-page post-entry-326'><div class='entry-content-wrapper clearfix'>\n\n<style type=\"text\/css\" data-created_by=\"avia_inline_auto\" id=\"style-css-av-mfusryt6-ff748ee38157a35a3717ef323e3d47de\">\n.flex_column.av-mfusryt6-ff748ee38157a35a3717ef323e3d47de{\nwidth:49.25%;\nborder-width:1px;\nborder-color:#e0e0e0;\nborder-style:solid;\npadding:20px 20px 20px 20px;\n}\n<\/style>\n<div  class='flex_column av-mfusryt6-ff748ee38157a35a3717ef323e3d47de av_one_half  avia-builder-el-8  el_before_av_one_half  avia-builder-el-first  first flex_column_div  '     ><style type=\"text\/css\" data-created_by=\"avia_inline_auto\" id=\"style-css-av-mgjc2myv-e8777b915fdf2b5212a2c23a0c773849\">\n#top .av_textblock_section.av-mgjc2myv-e8777b915fdf2b5212a2c23a0c773849 .avia_textblock{\npadding:0 0 30px 0;\n}\n<\/style>\n<section  class='av_textblock_section av-mgjc2myv-e8777b915fdf2b5212a2c23a0c773849 '   itemscope=\"itemscope\" itemtype=\"https:\/\/schema.org\/CreativeWork\" ><div class='avia_textblock'  itemprop=\"text\" ><p style=\"line-height: 150%;\"><strong>\u0130stanbul\u2019a Ho\u015f geldiniz Festivali<\/strong>\u00a0 | <em>25-26 Ekim 2025 | Kad\u0131k\u00f6y M\u00fcze Gazhane<\/em><\/p>\n<div>\n<p>De\u011ferli \u00fcniversiteliler,<\/p>\n<\/div>\n<div><\/div>\n<div>\n<p>\u0130stanbul B\u00fcy\u00fck\u015fehir Belediyesi\u2019nin gen\u00e7 dostu yakla\u015f\u0131m\u0131n\u0131 ve uluslararas\u0131 vizyonunu yans\u0131tan, k\u00fclt\u00fcr ve sanatla dopdolu bir festivalle kar\u015f\u0131n\u0131zday\u0131z! \u015eehrimizin renklerini yak\u0131ndan tan\u0131yaca\u011f\u0131n\u0131z, s\u00fcrprizlerle dolu bu \u00f6zel festivale sizleri davet ediyoruz!<\/p>\n<\/div>\n<div><\/div>\n<div>\n<p>\u0130stanbul\u2019a Ho\u015f geldiniz Festivali\u2019nde; interaktif oyunlar, heyecan dolu yar\u0131\u015fmalar, \u00f6d\u00fcll\u00fc etkinlikler ve birbirinden yarat\u0131c\u0131 at\u00f6lyeler, alternatif sahnelerde m\u00fczisyenler, ana sahne sanat\u00e7\u0131lar\u0131 ve DJ performanslar\u0131yla unutulmaz an\u0131lar sizleri bekliyor!<\/p>\n<p>T\u00fcm bu deneyimlere kat\u0131lmak i\u00e7in l\u00fctfen a\u015fa\u011f\u0131daki kay\u0131t formunu doldurmay\u0131 unutmay\u0131n.<\/p>\n<\/div>\n<\/div><\/section><\/div>\n<style type=\"text\/css\" data-created_by=\"avia_inline_auto\" id=\"style-css-av-prjge-ad01eb6b1a8143c7003c76c9f13184fb\">\n.flex_column.av-prjge-ad01eb6b1a8143c7003c76c9f13184fb{\nwidth:49.25%;\nmargin-left:1.5%;\nborder-width:1px;\nborder-color:#e0e0e0;\nborder-style:solid;\npadding:20px 20px 20px 20px;\n}\n<\/style>\n<div  class='flex_column av-prjge-ad01eb6b1a8143c7003c76c9f13184fb av_one_half  avia-builder-el-10  el_after_av_one_half  avia-builder-el-last  flex_column_div  '     ><section  class='av_textblock_section av-mgjc2xkg-d176c8a93e37f4bc5ed1a5cc922aed27 '   itemscope=\"itemscope\" itemtype=\"https:\/\/schema.org\/CreativeWork\" ><div class='avia_textblock'  itemprop=\"text\" ><p><strong>Welcome to Istanbul Festival<\/strong> | <em>October 25-26, 2025 | Kad\u0131k\u00f6y M\u00fcze Gazhane<\/em><\/p>\n<div>\n<p>Dear University Students,<\/p>\n<p>We are here with a festival full of culture and art that reflects Istanbul Metropolitan Municipality\u2019s youth-friendly approach and international vision! We invite you to this special festival, filled with surprises, where you will have the opportunity to closely experience the diverse colors of our city!<\/p>\n<p>At the Welcome to Istanbul Festival, interactive games, exciting competitions, award-winning events, and creative workshops await you, along with musicians on alternative stages, main stage artists, and DJ performances for unforgettable memories!<\/p>\n<p>To participate in all these experiences, please remember to fill out the registration form below.<\/p>\n<\/div>\n<\/div><\/section><\/div>\n\n<\/div><\/div><\/div><!-- close content main div --><\/div><\/div>\n<style type=\"text\/css\" data-created_by=\"avia_inline_auto\" id=\"style-css-av-iqgce-8315055da7c4db14b157332be6ad26ec\">\n.avia-section.av-iqgce-8315055da7c4db14b157332be6ad26ec{\nbackground-color:#ffffff;\nbackground-image:unset;\nmargin-top:0px;\nmargin-bottom:0px;\n}\n<\/style>\n<div id='av_section_3'  class='avia-section av-iqgce-8315055da7c4db14b157332be6ad26ec main_color avia-section-no-padding avia-no-border-styling  avia-builder-el-12  el_after_av_section  avia-builder-el-last  avia-bg-style-scroll container_wrap fullsize'  ><div class='container av-section-cont-open' ><div class='template-page content  av-content-full alpha units'><div class='post-entry post-entry-type-page post-entry-326'><div class='entry-content-wrapper clearfix'>\n\n<style type=\"text\/css\" data-created_by=\"avia_inline_auto\" id=\"style-css-av-eopfi-e19c699e32af8c957cb348021740cafe\">\n.flex_column.av-eopfi-e19c699e32af8c957cb348021740cafe{\nborder-width:1px;\nborder-color:#e0e0e0;\nborder-style:solid;\npadding:20px 20px 20px 20px;\n}\n<\/style>\n<div  class='flex_column av-eopfi-e19c699e32af8c957cb348021740cafe av_one_full  avia-builder-el-13  avia-builder-el-no-sibling  first flex_column_div  '     ><section  class='av_textblock_section av-8d27q-79ff019f293ba829b726b6c71f28262e '   itemscope=\"itemscope\" itemtype=\"https:\/\/schema.org\/CreativeWork\" ><div class='avia_textblock'  itemprop=\"text\" ><p style=\"text-align: center;\"><strong>Event Registration Form \/ Etkinlik Kay\u0131t Formu<\/strong><\/p>\n<hr \/>\n<p align=\"center\"><strong>Etkinli\u011fimiz ger\u00e7ekle\u015fmi\u015f olup, form kat\u0131l\u0131ma kapanm\u0131\u015ft\u0131r. \u0130lginiz i\u00e7in te\u015fekk\u00fcr ederiz.<\/strong><\/p>\n<\/div><\/section><\/div>\n\n","protected":false},"excerpt":{"rendered":"","protected":false},"author":1,"featured_media":{"id":340,"url":"https:\/\/forms.ibb.gov.tr\/turizmmd\/wp-content\/uploads\/sites\/22\/2025\/09\/ibb-logo-e1758526211481.png","sizes":{"thumbnail":"https:\/\/forms.ibb.gov.tr\/turizmmd\/wp-content\/uploads\/sites\/22\/2025\/09\/ibb-logo-e1758526211481-80x80.png","medium":"https:\/\/forms.ibb.gov.tr\/turizmmd\/wp-content\/uploads\/sites\/22\/2025\/09\/ibb-logo-e1758526211481.png","medium_large":"https:\/\/forms.ibb.gov.tr\/turizmmd\/wp-content\/uploads\/sites\/22\/2025\/09\/ibb-logo-e1758526211481.png","large":"https:\/\/forms.ibb.gov.tr\/turizmmd\/wp-content\/uploads\/sites\/22\/2025\/09\/ibb-logo-e1758526211481.png","1536x1536":"https:\/\/forms.ibb.gov.tr\/turizmmd\/wp-content\/uploads\/sites\/22\/2025\/09\/ibb-logo-e1758526211481.png","2048x2048":"https:\/\/forms.ibb.gov.tr\/turizmmd\/wp-content\/uploads\/sites\/22\/2025\/09\/ibb-logo-e1758526211481.png","widget":"https:\/\/forms.ibb.gov.tr\/turizmmd\/wp-content\/uploads\/sites\/22\/2025\/09\/ibb-logo-e1758526211481-36x36.png","square":"https:\/\/forms.ibb.gov.tr\/turizmmd\/wp-content\/uploads\/sites\/22\/2025\/09\/ibb-logo-e1758526211481-180x133.png","featured":"https:\/\/forms.ibb.gov.tr\/turizmmd\/wp-content\/uploads\/sites\/22\/2025\/09\/ibb-logo-e1758526211481.png","featured_large":"https:\/\/forms.ibb.gov.tr\/turizmmd\/wp-content\/uploads\/sites\/22\/2025\/09\/ibb-logo-e1758526211481.png","extra_large":"https:\/\/forms.ibb.gov.tr\/turizmmd\/wp-content\/uploads\/sites\/22\/2025\/09\/ibb-logo-e1758526211481.png","portfolio":"https:\/\/forms.ibb.gov.tr\/turizmmd\/wp-content\/uploads\/sites\/22\/2025\/09\/ibb-logo-e1758526211481.png","portfolio_small":"https:\/\/forms.ibb.gov.tr\/turizmmd\/wp-content\/uploads\/sites\/22\/2025\/09\/ibb-logo-e1758526211481.png","gallery":"https:\/\/forms.ibb.gov.tr\/turizmmd\/wp-content\/uploads\/sites\/22\/2025\/09\/ibb-logo-e1758526211481.png","magazine":"https:\/\/forms.ibb.gov.tr\/turizmmd\/wp-content\/uploads\/sites\/22\/2025\/09\/ibb-logo-e1758526211481.png","masonry":"https:\/\/forms.ibb.gov.tr\/turizmmd\/wp-content\/uploads\/sites\/22\/2025\/09\/ibb-logo-e1758526211481.png","entry_with_sidebar":"https:\/\/forms.ibb.gov.tr\/turizmmd\/wp-content\/uploads\/sites\/22\/2025\/09\/ibb-logo-e1758526211481.png","entry_without_sidebar":"https:\/\/forms.ibb.gov.tr\/turizmmd\/wp-content\/uploads\/sites\/22\/2025\/09\/ibb-logo-e1758526211481.png"}},"parent":0,"menu_order":0,"comment_status":"closed","ping_status":"closed","template":"template-blank.php","meta":{"footnotes":""},"categories":[],"tags":[],"class_list":["post-326","page","type-page","status-publish","format-standard","has-post-thumbnail","hentry"],"_links":{"self":[{"href":"https:\/\/forms.ibb.gov.tr\/turizmmd\/wp-json\/wp\/v2\/pages\/326","targetHints":{"allow":["GET"]}}],"collection":[{"href":"https:\/\/forms.ibb.gov.tr\/turizmmd\/wp-json\/wp\/v2\/pages"}],"about":[{"href":"https:\/\/forms.ibb.gov.tr\/turizmmd\/wp-json\/wp\/v2\/types\/page"}],"author":[{"embeddable":true,"href":"https:\/\/forms.ibb.gov.tr\/turizmmd\/wp-json\/wp\/v2\/users\/1"}],"replies":[{"embeddable":true,"href":"https:\/\/forms.ibb.gov.tr\/turizmmd\/wp-json\/wp\/v2\/comments?post=326"}],"version-history":[{"count":58,"href":"https:\/\/forms.ibb.gov.tr\/turizmmd\/wp-json\/wp\/v2\/pages\/326\/revisions"}],"predecessor-version":[{"id":508,"href":"https:\/\/forms.ibb.gov.tr\/turizmmd\/wp-json\/wp\/v2\/pages\/326\/revisions\/508"}],"wp:featuredmedia":[{"embeddable":true,"href":"https:\/\/forms.ibb.gov.tr\/turizmmd\/wp-json\/wp\/v2\/media\/340"}],"wp:attachment":[{"href":"https:\/\/forms.ibb.gov.tr\/turizmmd\/wp-json\/wp\/v2\/media?parent=326"}],"wp:term":[{"taxonomy":"category","embeddable":true,"href":"https:\/\/forms.ibb.gov.tr\/turizmmd\/wp-json\/wp\/v2\/categories?post=326"},{"taxonomy":"post_tag","embeddable":true,"href":"https:\/\/forms.ibb.gov.tr\/turizmmd\/wp-json\/wp\/v2\/tags?post=326"}],"curies":[{"name":"wp","href":"https:\/\/api.w.org\/{rel}","templated":true}]}}