{"id":488,"date":"2025-10-10T00:41:28","date_gmt":"2025-10-09T21:41:28","guid":{"rendered":"https:\/\/forms.ibb.gov.tr\/turizmmd\/?page_id=488"},"modified":"2025-10-10T00:41:28","modified_gmt":"2025-10-09T21:41:28","slug":"giris","status":"publish","type":"page","link":"https:\/\/forms.ibb.gov.tr\/turizmmd\/","title":{"rendered":"Giri\u015f"},"content":{"rendered":"<h3><img loading=\"lazy\" decoding=\"async\" class=\"size-full wp-image-340 aligncenter\" src=\"https:\/\/forms.ibb.gov.tr\/turizmmd\/wp-content\/uploads\/sites\/22\/2025\/09\/ibb-logo-e1758526211481.png\" alt=\"\" width=\"200\" height=\"133\" \/><\/h3>\n<h3 style=\"text-align: center;\">Turizm \u015eube M\u00fcd\u00fcrl\u00fc\u011f\u00fc<\/h3>\n<p style=\"text-align: center;\"><strong>Form Sistemi<\/strong><\/p>\n","protected":false},"excerpt":{"rendered":"<p>Turizm \u015eube M\u00fcd\u00fcrl\u00fc\u011f\u00fc Form Sistemi<\/p>\n","protected":false},"author":1,"featured_media":0,"parent":0,"menu_order":0,"comment_status":"closed","ping_status":"closed","template":"template-blank.php","meta":{"footnotes":""},"categories":[],"tags":[],"class_list":["post-488","page","type-page","status-publish","format-standard","hentry"],"_links":{"self":[{"href":"https:\/\/forms.ibb.gov.tr\/turizmmd\/wp-json\/wp\/v2\/pages\/488","targetHints":{"allow":["GET"]}}],"collection":[{"href":"https:\/\/forms.ibb.gov.tr\/turizmmd\/wp-json\/wp\/v2\/pages"}],"about":[{"href":"https:\/\/forms.ibb.gov.tr\/turizmmd\/wp-json\/wp\/v2\/types\/page"}],"author":[{"embeddable":true,"href":"https:\/\/forms.ibb.gov.tr\/turizmmd\/wp-json\/wp\/v2\/users\/1"}],"replies":[{"embeddable":true,"href":"https:\/\/forms.ibb.gov.tr\/turizmmd\/wp-json\/wp\/v2\/comments?post=488"}],"version-history":[{"count":2,"href":"https:\/\/forms.ibb.gov.tr\/turizmmd\/wp-json\/wp\/v2\/pages\/488\/revisions"}],"predecessor-version":[{"id":493,"href":"https:\/\/forms.ibb.gov.tr\/turizmmd\/wp-json\/wp\/v2\/pages\/488\/revisions\/493"}],"wp:attachment":[{"href":"https:\/\/forms.ibb.gov.tr\/turizmmd\/wp-json\/wp\/v2\/media?parent=488"}],"wp:term":[{"taxonomy":"category","embeddable":true,"href":"https:\/\/forms.ibb.gov.tr\/turizmmd\/wp-json\/wp\/v2\/categories?post=488"},{"taxonomy":"post_tag","embeddable":true,"href":"https:\/\/forms.ibb.gov.tr\/turizmmd\/wp-json\/wp\/v2\/tags?post=488"}],"curies":[{"name":"wp","href":"https:\/\/api.w.org\/{rel}","templated":true}]}}