{"id":794,"date":"2025-02-26T12:54:55","date_gmt":"2025-02-26T09:54:55","guid":{"rendered":"https:\/\/forms.ibb.gov.tr\/yesilistanbul\/?page_id=794"},"modified":"2025-02-26T12:54:55","modified_gmt":"2025-02-26T09:54:55","slug":"projelere-dahil-ol","status":"publish","type":"page","link":"https:\/\/forms.ibb.gov.tr\/yesilistanbul\/projelere-dahil-ol\/","title":{"rendered":"Projelere Dahil Ol"},"content":{"rendered":"<div id='av_section_1'  class='avia-section av-3zixu-dab604d99acde334316421696cbbdcd3 main_color avia-section-small avia-no-border-styling  avia-builder-el-0  avia-builder-el-no-sibling  avia-bg-style-scroll container_wrap sidebar_right'  ><div class='container av-section-cont-open' ><main  role=\"main\" itemprop=\"mainContentOfPage\"  class='template-page content  av-content-small alpha units'><div class='post-entry post-entry-type-page post-entry-794'><div class='entry-content-wrapper clearfix'>\n\n<style type=\"text\/css\" data-created_by=\"avia_inline_auto\" id=\"style-css-av-m0p6fkg9-ffba866212f5e34c8dd648fee078ca78\">\n#top .flex_column.av-m0p6fkg9-ffba866212f5e34c8dd648fee078ca78{\nmargin-top:0px;\nmargin-bottom:0px;\n}\n.flex_column.av-m0p6fkg9-ffba866212f5e34c8dd648fee078ca78{\nborder-width:1px;\nborder-color:#e8e8e8;\nborder-style:solid;\npadding:25px 25px 5px 25px;\n}\n.responsive #top #wrap_all .flex_column.av-m0p6fkg9-ffba866212f5e34c8dd648fee078ca78{\nmargin-top:0px;\nmargin-bottom:0px;\n}\n<\/style>\n<div  class='flex_column av-m0p6fkg9-ffba866212f5e34c8dd648fee078ca78 av_one_full  avia-builder-el-1  avia-builder-el-no-sibling  first flex_column_div  '     ><section  class='av_textblock_section av-m0p5szpi-e25e39f9f5ebb5d8c87f8fc8f4e76d94 '   itemscope=\"itemscope\" itemtype=\"https:\/\/schema.org\/CreativeWork\" ><div class='avia_textblock'  itemprop=\"text\" ><div class=\"frm_forms  with_frm_style frm_style_formidable-style\" id=\"frm_form_23_container\" >\n<form enctype=\"multipart\/form-data\" method=\"post\" class=\"frm-show-form  frm_pro_form \" id=\"form_proje-katilim-formu\" >\n<div class=\"frm_form_fields \">\n<fieldset>\n<legend class=\"frm_screen_reader\">Proje Kat\u0131l\u0131m Formu<\/legend>\r\n\r\n<div class=\"frm_fields_container\">\n<input type=\"hidden\" name=\"frm_action\" value=\"create\" \/>\n<input type=\"hidden\" name=\"form_id\" value=\"23\" \/>\n<input type=\"hidden\" name=\"frm_hide_fields_23\" id=\"frm_hide_fields_23\" value=\"\" \/>\n<input type=\"hidden\" name=\"form_key\" value=\"proje-katilim-formu\" \/>\n<input type=\"hidden\" name=\"item_meta[0]\" value=\"\" \/>\n<input type=\"hidden\" id=\"frm_submit_entry_23\" name=\"frm_submit_entry_23\" value=\"857b23817c\" \/><input type=\"hidden\" name=\"_wp_http_referer\" value=\"\/yesilistanbul\/wp-json\/wp\/v2\/pages\/794\" \/><div id=\"frm_field_602_container\" class=\"frm_form_field  frm_html_container form-field\">\n<p class=\"x_MsoNormal\"><span style=\"color: #000000;\">\u00c7a\u011fda\u015f ve etkin bir ye\u015fil alan y\u00f6netimi anlay\u0131\u015f\u0131yla, ekosistem de\u011ferlerini koruyarak olas\u0131 iklim de\u011fi\u015fikliklerine diren\u00e7li; ba\u011flant\u0131l\u0131 ve b\u00fct\u00fcnc\u00fcl bir a\u011f kurgusuna sahip, toplumsal kat\u0131l\u0131m\u0131 ve sosyal adaleti g\u00fc\u00e7lendiren, estetik, ekolojik ve i\u015flevsel bir ye\u015fil alan sistemini hayata ge\u00e7irmek\u201d vizyonuyla ortaya konan Ye\u015fil Alan Y\u00f6netim Sistemi Strateji Belgesi; toplumsal kat\u0131l\u0131m, \u00e7evre bilincinin art\u0131r\u0131lmas\u0131, kentliler aras\u0131nda sosyal uyumun g\u00fc\u00e7lendirilmesi ve sosyal adaletin sa\u011flanmas\u0131n\u0131 ama\u00e7layan \u00f6nemli bir \u00e7al\u0131\u015fmad\u0131r.<\/span><\/p>\n<p class=\"x_MsoNormal\"><span style=\"color: #000000;\">Daire Ba\u015fkanl\u0131\u011f\u0131m\u0131z taraf\u0131ndan bu do\u011frultuda y\u00fcr\u00fct\u00fclen projeler ve yeni tasar\u0131m yakla\u015f\u0131mlar\u0131 sayesinde \u0130stanbul\u2019daki ye\u015fil alan ve parklar\u0131n; her ya\u015f ve kesimden \u0130stanbullular i\u00e7in ziyaret edilecek bir alan stat\u00fcs\u00fcnden, sosyalle\u015febilecekleri, e\u011fitici, \u00f6\u011fretici, e\u011flendirici faaliyetlerin ger\u00e7ekle\u015fti\u011fi alanlar seviyesine \u00e7\u0131kar\u0131lmas\u0131 planlanmaktad\u0131r.<\/span><\/p>\n<p class=\"x_MsoNormal\"><span style=\"color: #000000;\">A\u015fa\u011f\u0131daki formu doldurarak projelerimize kat\u0131labilir veya g\u00f6n\u00fcll\u00fc olarak g\u00f6rev alabilirsiniz. Ba\u015fvurular\u0131n\u0131z de\u011ferlendirildikten sonra sizinle ileti\u015fime ge\u00e7ilecektir.<\/span><\/p>\n<\/div>\n<div id=\"frm_field_588_container\" class=\"frm_form_field form-field  frm_required_field form-group frm_inside_container\">\r\n\t<label for=\"field_plsl\" id=\"field_plsl_label\" class=\"frm_primary_label col-form-label form-label\">Ad\u0131n\u0131z ve Soyad\u0131n\u0131z\r\n\t\t<span class=\"frm_required\" aria-hidden=\"true\">*<\/span>\r\n\t<\/label>\r\n\t<input  type=\"text\" id=\"field_plsl\" name=\"item_meta[588]\" value=\"\"  data-reqmsg=\"Ad\u0131n\u0131z ve Soyad\u0131n\u0131z alan\u0131 bo\u015f b\u0131rak\u0131lamaz. L\u00fctfen doldurunuz.\" aria-required=\"true\" data-invmsg=\"Ad\u0131n\u0131z ve Soyad\u0131n\u0131z is invalid\" class=\"form-control\" aria-invalid=\"false\"   \/>\r\n\t\r\n\t\r\n<\/div>\n<div id=\"frm_field_589_container\" class=\"frm_form_field form-field  frm_required_field form-group frm_inside_container\">\r\n\t<label for=\"field_6gdhx\" id=\"field_6gdhx_label\" class=\"frm_primary_label col-form-label form-label\">Mail Adresiniz\r\n\t\t<span class=\"frm_required\" aria-hidden=\"true\">*<\/span>\r\n\t<\/label>\r\n\t<input type=\"email\" id=\"field_6gdhx\" name=\"item_meta[589]\" value=\"\"  data-reqmsg=\"Mail Adresiniz alan\u0131 bo\u015f b\u0131rak\u0131lamaz. L\u00fctfen doldurunuz.\" aria-required=\"true\" data-invmsg=\"Mail Adresiniz : Ge\u00e7ersiz format. L\u00fctfen d\u00fczenleyiniz.\" class=\"form-control\" aria-invalid=\"false\"  \/>\r\n\t\r\n\t\r\n<\/div>\n<div id=\"frm_field_594_container\" class=\"frm_form_field form-field  form-group frm_inside_container\">\r\n\t<label for=\"field_kimgr\" id=\"field_kimgr_label\" class=\"frm_primary_label col-form-label form-label\">Telefon Numaran\u0131z\r\n\t\t<span class=\"frm_required\" aria-hidden=\"true\"><\/span>\r\n\t<\/label>\r\n\t<input type=\"tel\" id=\"field_kimgr\" name=\"item_meta[594]\" value=\"\"  data-frmmask=\"000-000-00-00\" data-invmsg=\"Telefon Numaran\u0131z : Ge\u00e7ersiz format. L\u00fctfen d\u00fczenleyiniz. ( Invalid format. Please edit the field.)\" class=\"form-control\" aria-invalid=\"false\" pattern=\"\\d\\d\\d-\\d\\d\\d-\\d\\d-\\d\\d$\"  \/>\r\n\t\r\n\t\r\n<\/div>\n<div id=\"frm_field_597_container\" class=\"frm_form_field form-field  form-group frm_inside_container\">\r\n\t<label for=\"field_n1wmj\" id=\"field_n1wmj_label\" class=\"frm_primary_label col-form-label form-label\">Kurumunuz\r\n\t\t<span class=\"frm_required\" aria-hidden=\"true\"><\/span>\r\n\t<\/label>\r\n\t<input  type=\"text\" id=\"field_n1wmj\" name=\"item_meta[597]\" value=\"\"  data-invmsg=\"Kurumunuz is invalid\" class=\"form-control\" aria-invalid=\"false\"   \/>\r\n\t\r\n\t\r\n<\/div>\n<div id=\"frm_field_600_container\" class=\"frm_form_field form-field  form-group frm_inside_container\">\r\n\t<label for=\"field_ligbx\" id=\"field_ligbx_label\" class=\"frm_primary_label col-form-label form-label\">Kat\u0131lmak ya da g\u00f6rev almak istedi\u011finiz projeyi ve notlar\u0131n\u0131z\u0131 belirtiniz.\r\n\t\t<span class=\"frm_required\" aria-hidden=\"true\"><\/span>\r\n\t<\/label>\r\n\t<textarea name=\"item_meta[600]\" id=\"field_ligbx\" rows=\"5\"  data-invmsg=\"Kat\u0131lmak ya da g\u00f6rev almak istedi\u011finiz projeyi ve notlar\u0131n\u0131z\u0131 belirtiniz. : Ge\u00e7ersiz format. L\u00fctfen d\u00fczenleyiniz.\" class=\"form-control\" aria-invalid=\"false\"  ><\/textarea>\r\n\t\r\n\t\r\n<\/div>\n<div id=\"frm_field_587_container\" class=\"frm_form_field form-field  form-group\">\r\n\t<div class=\"form-group frm_submit frm_flex\">\r\n<button class=\"frm_button_submit btn btn-secondary frm_final_submit\" type=\"submit\"   formnovalidate=\"formnovalidate\">G\u00f6nder<\/button>\r\n\r\n\r\n\r\n<\/div>\r\n<\/div>\n\t<input type=\"hidden\" name=\"item_key\" value=\"\" \/>\n\t\t\t<div id=\"frm_field_905_container\">\n\t\t\t<label for=\"field_914tc\" >\n\t\t\t\tIf you are human, leave this field blank.\t\t\t<\/label>\n\t\t\t<input  id=\"field_914tc\" type=\"text\" class=\"frm_form_field form-field frm_verify\" name=\"item_meta[905]\" value=\"\"  \/>\n\t\t<\/div>\n\t\t<input name=\"frm_state\" type=\"hidden\" value=\"NNs0H4B9\/cEE19yqe9JycYufRONZIxI7jYYgwFgjeIKiAfarTdFBeOt8WUMkgZ7C\" \/><\/div>\n<\/fieldset>\n<\/div>\n\n<\/form>\n<\/div>\n\n<\/div><\/section><\/div><\/div><\/div><\/main><!-- close content main element --><\/div><\/div><div id='after_section_1'  class='main_color av_default_container_wrap container_wrap sidebar_right'  ><div class='container av-section-cont-open' ><div class='template-page content  av-content-small alpha units'><div class='post-entry post-entry-type-page post-entry-794'><div class='entry-content-wrapper clearfix'>\n","protected":false},"excerpt":{"rendered":"","protected":false},"author":1,"featured_media":55,"parent":0,"menu_order":0,"comment_status":"closed","ping_status":"closed","template":"template-blank.php","meta":{"footnotes":""},"categories":[],"tags":[],"class_list":["post-794","page","type-page","status-publish","format-standard","has-post-thumbnail","hentry"],"_links":{"self":[{"href":"https:\/\/forms.ibb.gov.tr\/yesilistanbul\/wp-json\/wp\/v2\/pages\/794","targetHints":{"allow":["GET"]}}],"collection":[{"href":"https:\/\/forms.ibb.gov.tr\/yesilistanbul\/wp-json\/wp\/v2\/pages"}],"about":[{"href":"https:\/\/forms.ibb.gov.tr\/yesilistanbul\/wp-json\/wp\/v2\/types\/page"}],"author":[{"embeddable":true,"href":"https:\/\/forms.ibb.gov.tr\/yesilistanbul\/wp-json\/wp\/v2\/users\/1"}],"replies":[{"embeddable":true,"href":"https:\/\/forms.ibb.gov.tr\/yesilistanbul\/wp-json\/wp\/v2\/comments?post=794"}],"version-history":[{"count":1,"href":"https:\/\/forms.ibb.gov.tr\/yesilistanbul\/wp-json\/wp\/v2\/pages\/794\/revisions"}],"predecessor-version":[{"id":797,"href":"https:\/\/forms.ibb.gov.tr\/yesilistanbul\/wp-json\/wp\/v2\/pages\/794\/revisions\/797"}],"wp:featuredmedia":[{"embeddable":true,"href":"https:\/\/forms.ibb.gov.tr\/yesilistanbul\/wp-json\/"}],"wp:attachment":[{"href":"https:\/\/forms.ibb.gov.tr\/yesilistanbul\/wp-json\/wp\/v2\/media?parent=794"}],"wp:term":[{"taxonomy":"category","embeddable":true,"href":"https:\/\/forms.ibb.gov.tr\/yesilistanbul\/wp-json\/wp\/v2\/categories?post=794"},{"taxonomy":"post_tag","embeddable":true,"href":"https:\/\/forms.ibb.gov.tr\/yesilistanbul\/wp-json\/wp\/v2\/tags?post=794"}],"curies":[{"name":"wp","href":"https:\/\/api.w.org\/{rel}","templated":true}]}}